{"id":4798,"date":"2023-07-30T03:47:35","date_gmt":"2023-07-30T03:47:35","guid":{"rendered":"https:\/\/prod.italiamachines.com\/product\/plonge-empero-en-inox-dimensions-700x700x850-mm\/"},"modified":"2024-09-29T21:56:27","modified_gmt":"2024-09-29T19:56:27","slug":"plonge-empero-en-inox-dimensions-700x700x850-mm","status":"publish","type":"product","link":"https:\/\/italiamachines.com\/fr_fr\/boutique\/poissonerie\/plan-de-preparation\/plonge-pour-poissonerie\/plonge-empero-en-inox-dimensions-700x700x850-mm\/","title":{"rendered":"Plonge en acier inoxydable &#8211; Dimensions: 70x70x85 cm &#8211; par Empero"},"content":{"rendered":"<p>Propri\u00e9t\u00e9s : Avec dosseret, \u00e9vier(s) central.<br \/>\nPieds carr\u00e9s en acier inoxydable de 40 x 40 mm r\u00e9glables sur une hauteur de 65 mm.<br \/>\nMat\u00e9riau : Dessus en acier inoxydable 304 et pieds en acier inoxydable 430.<br \/>\nDimensions : (H)850 x (L)700 x (P)700 mm.<br \/>\nDimensions de l&rsquo;\u00e9vier : (H)300 x (L)500 x (P)500 mm.<br \/>\nPoids : 22,8 kg.<br \/>\nComposition : Acier inoxydable.<\/p>\n","protected":false},"excerpt":{"rendered":"<p>Propri\u00e9t\u00e9s : Avec dosseret, \u00e9vier(s) central. Pieds carr\u00e9s en acier inoxydable de 40 x 40 mm r\u00e9glables sur une hauteur de 65 mm. Mat\u00e9riau : Dessus en acier inoxydable 304 et pieds en acier inoxydable 430. Dimensions : (H)850 x (L)700 x (P)700 mm. Dimensions de l&rsquo;\u00e9vier : (H)300 x (L)500 x (P)500 mm. Poids&hellip;<\/p>\n","protected":false},"featured_media":4797,"comment_status":"closed","ping_status":"closed","template":"","meta":[],"product_cat":[83,87,102,230,112,131,240,133],"product_tag":[],"class_list":{"0":"post-4798","1":"product","2":"type-product","3":"status-publish","4":"has-post-thumbnail","6":"product_cat-hygiene","7":"product_cat-laverie","8":"product_cat-plonge","9":"product_cat-plonge-pour-poissonerie","10":"product_cat-restaurant-snack-et-pizzeria","11":"product_cat-table-polyethylene","12":"product_cat-table-pour-poissonerie","13":"product_cat-table-sortie","15":"first","16":"instock","17":"shipping-taxable","18":"purchasable","19":"product-type-simple","20":"col-xs-6 col-sm-4","21":"col-md-3 col-lg-3","22":"un-4-cols"},"yoast_head":"<!-- This site is optimized with the Yoast SEO plugin v26.6 - https:\/\/yoast.com\/wordpress\/plugins\/seo\/ -->\n<title>Plonge en acier inoxydable - Dimensions: 70x70x85 cm - par Empero | Italia Machines<\/title>\n<meta name=\"robots\" content=\"index, follow, max-snippet:-1, max-image-preview:large, max-video-preview:-1\" \/>\n<link rel=\"canonical\" href=\"https:\/\/italiamachines.com\/fr_fr\/boutique\/poissonerie\/plan-de-preparation\/plonge-pour-poissonerie\/plonge-empero-en-inox-dimensions-700x700x850-mm\/\" \/>\n<meta property=\"og:locale\" content=\"fr_FR\" \/>\n<meta property=\"og:type\" content=\"article\" \/>\n<meta property=\"og:title\" content=\"Plonge en acier inoxydable - Dimensions: 70x70x85 cm - par Empero | Italia Machines\" \/>\n<meta property=\"og:description\" content=\"Propri\u00e9t\u00e9s : Avec dosseret, \u00e9vier(s) central. Pieds carr\u00e9s en acier inoxydable de 40 x 40 mm r\u00e9glables sur une hauteur de 65 mm. Mat\u00e9riau : Dessus en acier inoxydable 304 et pieds en acier inoxydable 430. Dimensions : (H)850 x (L)700 x (P)700 mm. Dimensions de l&rsquo;\u00e9vier : (H)300 x (L)500 x (P)500 mm. Poids&hellip;\" \/>\n<meta property=\"og:url\" content=\"https:\/\/italiamachines.com\/fr_fr\/boutique\/poissonerie\/plan-de-preparation\/plonge-pour-poissonerie\/plonge-empero-en-inox-dimensions-700x700x850-mm\/\" \/>\n<meta property=\"og:site_name\" content=\"Italia Machines\" \/>\n<meta property=\"article:publisher\" content=\"https:\/\/web.facebook.com\/italiamachines\/\" \/>\n<meta property=\"article:modified_time\" content=\"2024-09-29T19:56:27+00:00\" \/>\n<meta property=\"og:image\" content=\"https:\/\/italiamachines.com\/wp-content\/uploads\/2023\/07\/EMPE77085-1E.jpeg\" \/>\n\t<meta property=\"og:image:width\" content=\"552\" \/>\n\t<meta property=\"og:image:height\" content=\"552\" \/>\n\t<meta property=\"og:image:type\" content=\"image\/jpeg\" \/>\n<meta name=\"twitter:card\" content=\"summary_large_image\" \/>\n<meta name=\"twitter:label1\" content=\"Dur\u00e9e de lecture estim\u00e9e\" \/>\n\t<meta name=\"twitter:data1\" content=\"1 minute\" \/>\n<script type=\"application\/ld+json\" class=\"yoast-schema-graph\">{\"@context\":\"https:\/\/schema.org\",\"@graph\":[{\"@type\":\"WebPage\",\"@id\":\"https:\/\/italiamachines.com\/boutique\/poissonerie\/plan-de-preparation\/plonge-pour-poissonerie\/plonge-empero-en-inox-dimensions-700x700x850-mm\/\",\"url\":\"https:\/\/italiamachines.com\/boutique\/poissonerie\/plan-de-preparation\/plonge-pour-poissonerie\/plonge-empero-en-inox-dimensions-700x700x850-mm\/\",\"name\":\"Plonge en acier inoxydable - Dimensions: 70x70x85 cm - par Empero | Italia Machines\",\"isPartOf\":{\"@id\":\"https:\/\/italiamachines.com\/#website\"},\"primaryImageOfPage\":{\"@id\":\"https:\/\/italiamachines.com\/boutique\/poissonerie\/plan-de-preparation\/plonge-pour-poissonerie\/plonge-empero-en-inox-dimensions-700x700x850-mm\/#primaryimage\"},\"image\":{\"@id\":\"https:\/\/italiamachines.com\/boutique\/poissonerie\/plan-de-preparation\/plonge-pour-poissonerie\/plonge-empero-en-inox-dimensions-700x700x850-mm\/#primaryimage\"},\"thumbnailUrl\":\"https:\/\/italiamachines.com\/wp-content\/uploads\/2023\/07\/EMPE77085-1E.jpeg\",\"datePublished\":\"2023-07-30T03:47:35+00:00\",\"dateModified\":\"2024-09-29T19:56:27+00:00\",\"breadcrumb\":{\"@id\":\"https:\/\/italiamachines.com\/boutique\/poissonerie\/plan-de-preparation\/plonge-pour-poissonerie\/plonge-empero-en-inox-dimensions-700x700x850-mm\/#breadcrumb\"},\"inLanguage\":\"fr-FR\",\"potentialAction\":[{\"@type\":\"ReadAction\",\"target\":[\"https:\/\/italiamachines.com\/boutique\/poissonerie\/plan-de-preparation\/plonge-pour-poissonerie\/plonge-empero-en-inox-dimensions-700x700x850-mm\/\"]}]},{\"@type\":\"ImageObject\",\"inLanguage\":\"fr-FR\",\"@id\":\"https:\/\/italiamachines.com\/boutique\/poissonerie\/plan-de-preparation\/plonge-pour-poissonerie\/plonge-empero-en-inox-dimensions-700x700x850-mm\/#primaryimage\",\"url\":\"https:\/\/italiamachines.com\/wp-content\/uploads\/2023\/07\/EMPE77085-1E.jpeg\",\"contentUrl\":\"https:\/\/italiamachines.com\/wp-content\/uploads\/2023\/07\/EMPE77085-1E.jpeg\",\"width\":552,\"height\":552},{\"@type\":\"BreadcrumbList\",\"@id\":\"https:\/\/italiamachines.com\/boutique\/poissonerie\/plan-de-preparation\/plonge-pour-poissonerie\/plonge-empero-en-inox-dimensions-700x700x850-mm\/#breadcrumb\",\"itemListElement\":[{\"@type\":\"ListItem\",\"position\":1,\"name\":\"Accueil\",\"item\":\"https:\/\/italiamachines.com\/fr_fr\/\"},{\"@type\":\"ListItem\",\"position\":2,\"name\":\"Boutique\",\"item\":\"https:\/\/italiamachines.com\/boutique\/\"},{\"@type\":\"ListItem\",\"position\":3,\"name\":\"Plonge en acier inoxydable &#8211; Dimensions: 70x70x85 cm &#8211; par Empero\"}]},{\"@type\":\"WebSite\",\"@id\":\"https:\/\/italiamachines.com\/#website\",\"url\":\"https:\/\/italiamachines.com\/\",\"name\":\"Italia Machines\",\"description\":\"L&#039;art de l&#039;\u00e9quipement HORECA\",\"publisher\":{\"@id\":\"https:\/\/italiamachines.com\/#organization\"},\"potentialAction\":[{\"@type\":\"SearchAction\",\"target\":{\"@type\":\"EntryPoint\",\"urlTemplate\":\"https:\/\/italiamachines.com\/?s={search_term_string}\"},\"query-input\":{\"@type\":\"PropertyValueSpecification\",\"valueRequired\":true,\"valueName\":\"search_term_string\"}}],\"inLanguage\":\"fr-FR\"},{\"@type\":\"Organization\",\"@id\":\"https:\/\/italiamachines.com\/#organization\",\"name\":\"italiamachines\",\"url\":\"https:\/\/italiamachines.com\/\",\"logo\":{\"@type\":\"ImageObject\",\"inLanguage\":\"fr-FR\",\"@id\":\"https:\/\/italiamachines.com\/#\/schema\/logo\/image\/\",\"url\":\"https:\/\/italiamachines.com\/wp-content\/uploads\/2023\/08\/logo-web-1.png\",\"contentUrl\":\"https:\/\/italiamachines.com\/wp-content\/uploads\/2023\/08\/logo-web-1.png\",\"width\":977,\"height\":254,\"caption\":\"italiamachines\"},\"image\":{\"@id\":\"https:\/\/italiamachines.com\/#\/schema\/logo\/image\/\"},\"sameAs\":[\"https:\/\/web.facebook.com\/italiamachines\/\",\"https:\/\/www.instagram.com\/italia.machines\/\"]}]}<\/script>\n<!-- \/ Yoast SEO plugin. -->","yoast_head_json":{"title":"Plonge en acier inoxydable - Dimensions: 70x70x85 cm - par Empero | Italia Machines","robots":{"index":"index","follow":"follow","max-snippet":"max-snippet:-1","max-image-preview":"max-image-preview:large","max-video-preview":"max-video-preview:-1"},"canonical":"https:\/\/italiamachines.com\/fr_fr\/boutique\/poissonerie\/plan-de-preparation\/plonge-pour-poissonerie\/plonge-empero-en-inox-dimensions-700x700x850-mm\/","og_locale":"fr_FR","og_type":"article","og_title":"Plonge en acier inoxydable - Dimensions: 70x70x85 cm - par Empero | Italia Machines","og_description":"Propri\u00e9t\u00e9s : Avec dosseret, \u00e9vier(s) central. Pieds carr\u00e9s en acier inoxydable de 40 x 40 mm r\u00e9glables sur une hauteur de 65 mm. Mat\u00e9riau : Dessus en acier inoxydable 304 et pieds en acier inoxydable 430. Dimensions : (H)850 x (L)700 x (P)700 mm. Dimensions de l&rsquo;\u00e9vier : (H)300 x (L)500 x (P)500 mm. Poids&hellip;","og_url":"https:\/\/italiamachines.com\/fr_fr\/boutique\/poissonerie\/plan-de-preparation\/plonge-pour-poissonerie\/plonge-empero-en-inox-dimensions-700x700x850-mm\/","og_site_name":"Italia Machines","article_publisher":"https:\/\/web.facebook.com\/italiamachines\/","article_modified_time":"2024-09-29T19:56:27+00:00","og_image":[{"width":552,"height":552,"url":"https:\/\/italiamachines.com\/wp-content\/uploads\/2023\/07\/EMPE77085-1E.jpeg","type":"image\/jpeg"}],"twitter_card":"summary_large_image","twitter_misc":{"Dur\u00e9e de lecture estim\u00e9e":"1 minute"},"schema":{"@context":"https:\/\/schema.org","@graph":[{"@type":"WebPage","@id":"https:\/\/italiamachines.com\/boutique\/poissonerie\/plan-de-preparation\/plonge-pour-poissonerie\/plonge-empero-en-inox-dimensions-700x700x850-mm\/","url":"https:\/\/italiamachines.com\/boutique\/poissonerie\/plan-de-preparation\/plonge-pour-poissonerie\/plonge-empero-en-inox-dimensions-700x700x850-mm\/","name":"Plonge en acier inoxydable - Dimensions: 70x70x85 cm - par Empero | Italia Machines","isPartOf":{"@id":"https:\/\/italiamachines.com\/#website"},"primaryImageOfPage":{"@id":"https:\/\/italiamachines.com\/boutique\/poissonerie\/plan-de-preparation\/plonge-pour-poissonerie\/plonge-empero-en-inox-dimensions-700x700x850-mm\/#primaryimage"},"image":{"@id":"https:\/\/italiamachines.com\/boutique\/poissonerie\/plan-de-preparation\/plonge-pour-poissonerie\/plonge-empero-en-inox-dimensions-700x700x850-mm\/#primaryimage"},"thumbnailUrl":"https:\/\/italiamachines.com\/wp-content\/uploads\/2023\/07\/EMPE77085-1E.jpeg","datePublished":"2023-07-30T03:47:35+00:00","dateModified":"2024-09-29T19:56:27+00:00","breadcrumb":{"@id":"https:\/\/italiamachines.com\/boutique\/poissonerie\/plan-de-preparation\/plonge-pour-poissonerie\/plonge-empero-en-inox-dimensions-700x700x850-mm\/#breadcrumb"},"inLanguage":"fr-FR","potentialAction":[{"@type":"ReadAction","target":["https:\/\/italiamachines.com\/boutique\/poissonerie\/plan-de-preparation\/plonge-pour-poissonerie\/plonge-empero-en-inox-dimensions-700x700x850-mm\/"]}]},{"@type":"ImageObject","inLanguage":"fr-FR","@id":"https:\/\/italiamachines.com\/boutique\/poissonerie\/plan-de-preparation\/plonge-pour-poissonerie\/plonge-empero-en-inox-dimensions-700x700x850-mm\/#primaryimage","url":"https:\/\/italiamachines.com\/wp-content\/uploads\/2023\/07\/EMPE77085-1E.jpeg","contentUrl":"https:\/\/italiamachines.com\/wp-content\/uploads\/2023\/07\/EMPE77085-1E.jpeg","width":552,"height":552},{"@type":"BreadcrumbList","@id":"https:\/\/italiamachines.com\/boutique\/poissonerie\/plan-de-preparation\/plonge-pour-poissonerie\/plonge-empero-en-inox-dimensions-700x700x850-mm\/#breadcrumb","itemListElement":[{"@type":"ListItem","position":1,"name":"Accueil","item":"https:\/\/italiamachines.com\/fr_fr\/"},{"@type":"ListItem","position":2,"name":"Boutique","item":"https:\/\/italiamachines.com\/boutique\/"},{"@type":"ListItem","position":3,"name":"Plonge en acier inoxydable &#8211; Dimensions: 70x70x85 cm &#8211; par Empero"}]},{"@type":"WebSite","@id":"https:\/\/italiamachines.com\/#website","url":"https:\/\/italiamachines.com\/","name":"Italia Machines","description":"L&#039;art de l&#039;\u00e9quipement HORECA","publisher":{"@id":"https:\/\/italiamachines.com\/#organization"},"potentialAction":[{"@type":"SearchAction","target":{"@type":"EntryPoint","urlTemplate":"https:\/\/italiamachines.com\/?s={search_term_string}"},"query-input":{"@type":"PropertyValueSpecification","valueRequired":true,"valueName":"search_term_string"}}],"inLanguage":"fr-FR"},{"@type":"Organization","@id":"https:\/\/italiamachines.com\/#organization","name":"italiamachines","url":"https:\/\/italiamachines.com\/","logo":{"@type":"ImageObject","inLanguage":"fr-FR","@id":"https:\/\/italiamachines.com\/#\/schema\/logo\/image\/","url":"https:\/\/italiamachines.com\/wp-content\/uploads\/2023\/08\/logo-web-1.png","contentUrl":"https:\/\/italiamachines.com\/wp-content\/uploads\/2023\/08\/logo-web-1.png","width":977,"height":254,"caption":"italiamachines"},"image":{"@id":"https:\/\/italiamachines.com\/#\/schema\/logo\/image\/"},"sameAs":["https:\/\/web.facebook.com\/italiamachines\/","https:\/\/www.instagram.com\/italia.machines\/"]}]}},"_links":{"self":[{"href":"https:\/\/italiamachines.com\/fr_fr\/wp-json\/wp\/v2\/product\/4798","targetHints":{"allow":["GET"]}}],"collection":[{"href":"https:\/\/italiamachines.com\/fr_fr\/wp-json\/wp\/v2\/product"}],"about":[{"href":"https:\/\/italiamachines.com\/fr_fr\/wp-json\/wp\/v2\/types\/product"}],"replies":[{"embeddable":true,"href":"https:\/\/italiamachines.com\/fr_fr\/wp-json\/wp\/v2\/comments?post=4798"}],"wp:featuredmedia":[{"embeddable":true,"href":"https:\/\/italiamachines.com\/fr_fr\/wp-json\/wp\/v2\/media\/4797"}],"wp:attachment":[{"href":"https:\/\/italiamachines.com\/fr_fr\/wp-json\/wp\/v2\/media?parent=4798"}],"wp:term":[{"taxonomy":"product_cat","embeddable":true,"href":"https:\/\/italiamachines.com\/fr_fr\/wp-json\/wp\/v2\/product_cat?post=4798"},{"taxonomy":"product_tag","embeddable":true,"href":"https:\/\/italiamachines.com\/fr_fr\/wp-json\/wp\/v2\/product_tag?post=4798"}],"curies":[{"name":"wp","href":"https:\/\/api.w.org\/{rel}","templated":true}]}}