{"id":4828,"date":"2023-07-30T03:50:46","date_gmt":"2023-07-30T03:50:46","guid":{"rendered":"https:\/\/prod.italiamachines.com\/product\/eplucheuse-damande-delloro-capacite-30-kg-h-en-3-passages-dimensions-a-determiner\/"},"modified":"2024-09-28T19:49:13","modified_gmt":"2024-09-28T17:49:13","slug":"eplucheuse-damande-delloro-capacite-30-kg-h-en-3-passages-dimensions-a-determiner","status":"publish","type":"product","link":"https:\/\/italiamachines.com\/fr_fr\/boutique\/boulangerie-et-patisserie\/patisserie\/eplucheuse\/eplucheuse-damande-delloro-capacite-30-kg-h-en-3-passages-dimensions-a-determiner\/","title":{"rendered":"\u00c9plucheuse d&rsquo;amande &#8211; Capacit\u00e9 30 kg\/h en 3 passages &#8211; par Dell&rsquo;Oro"},"content":{"rendered":"<p>Plongez les amandes dans de l&rsquo;eau bouillante, puis faites-les passer \u00e0 travers les cylindres en caoutchouc.<br \/>\nCollectez les amandes parfaitement \u00e9pluch\u00e9es dans un r\u00e9cipient.<br \/>\nS\u00e9parez et collectez automatiquement les peaux dans une bo\u00eete lat\u00e9rale \u00e0 l&rsquo;aide d&rsquo;un ventilateur.<br \/>\nComposants en acier inoxydable pour l&rsquo;hygi\u00e8ne et un nettoyage facile.<br \/>\nRendement : 30 kg\/heure.<br \/>\nPourcentages d&rsquo;\u00e9pluchage : 75 % (1er passage), 92 % (2e passage), 99 % (3e passage).<\/p>\n","protected":false},"excerpt":{"rendered":"<p>Plongez les amandes dans de l&rsquo;eau bouillante, puis faites-les passer \u00e0 travers les cylindres en caoutchouc. Collectez les amandes parfaitement \u00e9pluch\u00e9es dans un r\u00e9cipient. S\u00e9parez et collectez automatiquement les peaux dans une bo\u00eete lat\u00e9rale \u00e0 l&rsquo;aide d&rsquo;un ventilateur. Composants en acier inoxydable pour l&rsquo;hygi\u00e8ne et un nettoyage facile. Rendement : 30 kg\/heure. Pourcentages d&rsquo;\u00e9pluchage :&hellip;<\/p>\n","protected":false},"featured_media":8861,"comment_status":"open","ping_status":"closed","template":"","meta":[],"product_cat":[64,177,97],"product_tag":[],"class_list":{"0":"post-4828","1":"product","2":"type-product","3":"status-publish","4":"has-post-thumbnail","6":"product_cat-boulangerie-et-patisserie","7":"product_cat-eplucheuse","8":"product_cat-patisserie","10":"first","11":"instock","12":"shipping-taxable","13":"purchasable","14":"product-type-simple","15":"col-xs-6 col-sm-4","16":"col-md-3 col-lg-3","17":"un-4-cols"},"yoast_head":"<!-- This site is optimized with the Yoast SEO plugin v26.6 - https:\/\/yoast.com\/wordpress\/plugins\/seo\/ -->\n<title>\u00c9plucheuse d&#039;amande - Capacit\u00e9 30 kg\/h en 3 passages - par Dell&#039;Oro | Italia Machines<\/title>\n<meta name=\"description\" content=\"machine efficace pour \u00e9plucher les amandes\" \/>\n<meta name=\"robots\" content=\"index, follow, max-snippet:-1, max-image-preview:large, max-video-preview:-1\" \/>\n<link rel=\"canonical\" href=\"https:\/\/italiamachines.com\/fr_fr\/boutique\/boulangerie-et-patisserie\/patisserie\/eplucheuse\/eplucheuse-damande-delloro-capacite-30-kg-h-en-3-passages-dimensions-a-determiner\/\" \/>\n<meta property=\"og:locale\" content=\"fr_FR\" \/>\n<meta property=\"og:type\" content=\"article\" \/>\n<meta property=\"og:title\" content=\"\u00c9plucheuse d&#039;amande - Capacit\u00e9 30 kg\/h en 3 passages - par Dell&#039;Oro | Italia Machines\" \/>\n<meta property=\"og:description\" content=\"machine efficace pour \u00e9plucher les amandes\" \/>\n<meta property=\"og:url\" content=\"https:\/\/italiamachines.com\/fr_fr\/boutique\/boulangerie-et-patisserie\/patisserie\/eplucheuse\/eplucheuse-damande-delloro-capacite-30-kg-h-en-3-passages-dimensions-a-determiner\/\" \/>\n<meta property=\"og:site_name\" content=\"Italia Machines\" \/>\n<meta property=\"article:publisher\" content=\"https:\/\/web.facebook.com\/italiamachines\/\" \/>\n<meta property=\"article:modified_time\" content=\"2024-09-28T17:49:13+00:00\" \/>\n<meta property=\"og:image\" content=\"https:\/\/italiamachines.com\/wp-content\/uploads\/2023\/07\/EP300.jpg\" \/>\n\t<meta property=\"og:image:width\" content=\"400\" \/>\n\t<meta property=\"og:image:height\" content=\"400\" \/>\n\t<meta property=\"og:image:type\" content=\"image\/jpeg\" \/>\n<meta name=\"twitter:card\" content=\"summary_large_image\" \/>\n<meta name=\"twitter:label1\" content=\"Dur\u00e9e de lecture estim\u00e9e\" \/>\n\t<meta name=\"twitter:data1\" content=\"2 minutes\" \/>\n<script type=\"application\/ld+json\" class=\"yoast-schema-graph\">{\"@context\":\"https:\/\/schema.org\",\"@graph\":[{\"@type\":\"WebPage\",\"@id\":\"https:\/\/italiamachines.com\/boutique\/boulangerie-et-patisserie\/patisserie\/eplucheuse\/eplucheuse-damande-delloro-capacite-30-kg-h-en-3-passages-dimensions-a-determiner\/\",\"url\":\"https:\/\/italiamachines.com\/boutique\/boulangerie-et-patisserie\/patisserie\/eplucheuse\/eplucheuse-damande-delloro-capacite-30-kg-h-en-3-passages-dimensions-a-determiner\/\",\"name\":\"\u00c9plucheuse d'amande - Capacit\u00e9 30 kg\/h en 3 passages - par Dell'Oro | Italia Machines\",\"isPartOf\":{\"@id\":\"https:\/\/italiamachines.com\/#website\"},\"primaryImageOfPage\":{\"@id\":\"https:\/\/italiamachines.com\/boutique\/boulangerie-et-patisserie\/patisserie\/eplucheuse\/eplucheuse-damande-delloro-capacite-30-kg-h-en-3-passages-dimensions-a-determiner\/#primaryimage\"},\"image\":{\"@id\":\"https:\/\/italiamachines.com\/boutique\/boulangerie-et-patisserie\/patisserie\/eplucheuse\/eplucheuse-damande-delloro-capacite-30-kg-h-en-3-passages-dimensions-a-determiner\/#primaryimage\"},\"thumbnailUrl\":\"https:\/\/italiamachines.com\/wp-content\/uploads\/2023\/07\/EP300.jpg\",\"datePublished\":\"2023-07-30T03:50:46+00:00\",\"dateModified\":\"2024-09-28T17:49:13+00:00\",\"description\":\"machine efficace pour \u00e9plucher les amandes\",\"breadcrumb\":{\"@id\":\"https:\/\/italiamachines.com\/boutique\/boulangerie-et-patisserie\/patisserie\/eplucheuse\/eplucheuse-damande-delloro-capacite-30-kg-h-en-3-passages-dimensions-a-determiner\/#breadcrumb\"},\"inLanguage\":\"fr-FR\",\"potentialAction\":[{\"@type\":\"ReadAction\",\"target\":[\"https:\/\/italiamachines.com\/boutique\/boulangerie-et-patisserie\/patisserie\/eplucheuse\/eplucheuse-damande-delloro-capacite-30-kg-h-en-3-passages-dimensions-a-determiner\/\"]}]},{\"@type\":\"ImageObject\",\"inLanguage\":\"fr-FR\",\"@id\":\"https:\/\/italiamachines.com\/boutique\/boulangerie-et-patisserie\/patisserie\/eplucheuse\/eplucheuse-damande-delloro-capacite-30-kg-h-en-3-passages-dimensions-a-determiner\/#primaryimage\",\"url\":\"https:\/\/italiamachines.com\/wp-content\/uploads\/2023\/07\/EP300.jpg\",\"contentUrl\":\"https:\/\/italiamachines.com\/wp-content\/uploads\/2023\/07\/EP300.jpg\",\"width\":400,\"height\":400},{\"@type\":\"BreadcrumbList\",\"@id\":\"https:\/\/italiamachines.com\/boutique\/boulangerie-et-patisserie\/patisserie\/eplucheuse\/eplucheuse-damande-delloro-capacite-30-kg-h-en-3-passages-dimensions-a-determiner\/#breadcrumb\",\"itemListElement\":[{\"@type\":\"ListItem\",\"position\":1,\"name\":\"Accueil\",\"item\":\"https:\/\/italiamachines.com\/fr_fr\/\"},{\"@type\":\"ListItem\",\"position\":2,\"name\":\"Boutique\",\"item\":\"https:\/\/italiamachines.com\/boutique\/\"},{\"@type\":\"ListItem\",\"position\":3,\"name\":\"\u00c9plucheuse d&#8217;amande &#8211; Capacit\u00e9 30 kg\/h en 3 passages &#8211; par Dell&#8217;Oro\"}]},{\"@type\":\"WebSite\",\"@id\":\"https:\/\/italiamachines.com\/#website\",\"url\":\"https:\/\/italiamachines.com\/\",\"name\":\"Italia Machines\",\"description\":\"L&#039;art de l&#039;\u00e9quipement HORECA\",\"publisher\":{\"@id\":\"https:\/\/italiamachines.com\/#organization\"},\"potentialAction\":[{\"@type\":\"SearchAction\",\"target\":{\"@type\":\"EntryPoint\",\"urlTemplate\":\"https:\/\/italiamachines.com\/?s={search_term_string}\"},\"query-input\":{\"@type\":\"PropertyValueSpecification\",\"valueRequired\":true,\"valueName\":\"search_term_string\"}}],\"inLanguage\":\"fr-FR\"},{\"@type\":\"Organization\",\"@id\":\"https:\/\/italiamachines.com\/#organization\",\"name\":\"italiamachines\",\"url\":\"https:\/\/italiamachines.com\/\",\"logo\":{\"@type\":\"ImageObject\",\"inLanguage\":\"fr-FR\",\"@id\":\"https:\/\/italiamachines.com\/#\/schema\/logo\/image\/\",\"url\":\"https:\/\/italiamachines.com\/wp-content\/uploads\/2023\/08\/logo-web-1.png\",\"contentUrl\":\"https:\/\/italiamachines.com\/wp-content\/uploads\/2023\/08\/logo-web-1.png\",\"width\":977,\"height\":254,\"caption\":\"italiamachines\"},\"image\":{\"@id\":\"https:\/\/italiamachines.com\/#\/schema\/logo\/image\/\"},\"sameAs\":[\"https:\/\/web.facebook.com\/italiamachines\/\",\"https:\/\/www.instagram.com\/italia.machines\/\"]}]}<\/script>\n<!-- \/ Yoast SEO plugin. -->","yoast_head_json":{"title":"\u00c9plucheuse d'amande - Capacit\u00e9 30 kg\/h en 3 passages - par Dell'Oro | Italia Machines","description":"machine efficace pour \u00e9plucher les amandes","robots":{"index":"index","follow":"follow","max-snippet":"max-snippet:-1","max-image-preview":"max-image-preview:large","max-video-preview":"max-video-preview:-1"},"canonical":"https:\/\/italiamachines.com\/fr_fr\/boutique\/boulangerie-et-patisserie\/patisserie\/eplucheuse\/eplucheuse-damande-delloro-capacite-30-kg-h-en-3-passages-dimensions-a-determiner\/","og_locale":"fr_FR","og_type":"article","og_title":"\u00c9plucheuse d'amande - Capacit\u00e9 30 kg\/h en 3 passages - par Dell'Oro | Italia Machines","og_description":"machine efficace pour \u00e9plucher les amandes","og_url":"https:\/\/italiamachines.com\/fr_fr\/boutique\/boulangerie-et-patisserie\/patisserie\/eplucheuse\/eplucheuse-damande-delloro-capacite-30-kg-h-en-3-passages-dimensions-a-determiner\/","og_site_name":"Italia Machines","article_publisher":"https:\/\/web.facebook.com\/italiamachines\/","article_modified_time":"2024-09-28T17:49:13+00:00","og_image":[{"width":400,"height":400,"url":"https:\/\/italiamachines.com\/wp-content\/uploads\/2023\/07\/EP300.jpg","type":"image\/jpeg"}],"twitter_card":"summary_large_image","twitter_misc":{"Dur\u00e9e de lecture estim\u00e9e":"2 minutes"},"schema":{"@context":"https:\/\/schema.org","@graph":[{"@type":"WebPage","@id":"https:\/\/italiamachines.com\/boutique\/boulangerie-et-patisserie\/patisserie\/eplucheuse\/eplucheuse-damande-delloro-capacite-30-kg-h-en-3-passages-dimensions-a-determiner\/","url":"https:\/\/italiamachines.com\/boutique\/boulangerie-et-patisserie\/patisserie\/eplucheuse\/eplucheuse-damande-delloro-capacite-30-kg-h-en-3-passages-dimensions-a-determiner\/","name":"\u00c9plucheuse d'amande - Capacit\u00e9 30 kg\/h en 3 passages - par Dell'Oro | Italia Machines","isPartOf":{"@id":"https:\/\/italiamachines.com\/#website"},"primaryImageOfPage":{"@id":"https:\/\/italiamachines.com\/boutique\/boulangerie-et-patisserie\/patisserie\/eplucheuse\/eplucheuse-damande-delloro-capacite-30-kg-h-en-3-passages-dimensions-a-determiner\/#primaryimage"},"image":{"@id":"https:\/\/italiamachines.com\/boutique\/boulangerie-et-patisserie\/patisserie\/eplucheuse\/eplucheuse-damande-delloro-capacite-30-kg-h-en-3-passages-dimensions-a-determiner\/#primaryimage"},"thumbnailUrl":"https:\/\/italiamachines.com\/wp-content\/uploads\/2023\/07\/EP300.jpg","datePublished":"2023-07-30T03:50:46+00:00","dateModified":"2024-09-28T17:49:13+00:00","description":"machine efficace pour \u00e9plucher les amandes","breadcrumb":{"@id":"https:\/\/italiamachines.com\/boutique\/boulangerie-et-patisserie\/patisserie\/eplucheuse\/eplucheuse-damande-delloro-capacite-30-kg-h-en-3-passages-dimensions-a-determiner\/#breadcrumb"},"inLanguage":"fr-FR","potentialAction":[{"@type":"ReadAction","target":["https:\/\/italiamachines.com\/boutique\/boulangerie-et-patisserie\/patisserie\/eplucheuse\/eplucheuse-damande-delloro-capacite-30-kg-h-en-3-passages-dimensions-a-determiner\/"]}]},{"@type":"ImageObject","inLanguage":"fr-FR","@id":"https:\/\/italiamachines.com\/boutique\/boulangerie-et-patisserie\/patisserie\/eplucheuse\/eplucheuse-damande-delloro-capacite-30-kg-h-en-3-passages-dimensions-a-determiner\/#primaryimage","url":"https:\/\/italiamachines.com\/wp-content\/uploads\/2023\/07\/EP300.jpg","contentUrl":"https:\/\/italiamachines.com\/wp-content\/uploads\/2023\/07\/EP300.jpg","width":400,"height":400},{"@type":"BreadcrumbList","@id":"https:\/\/italiamachines.com\/boutique\/boulangerie-et-patisserie\/patisserie\/eplucheuse\/eplucheuse-damande-delloro-capacite-30-kg-h-en-3-passages-dimensions-a-determiner\/#breadcrumb","itemListElement":[{"@type":"ListItem","position":1,"name":"Accueil","item":"https:\/\/italiamachines.com\/fr_fr\/"},{"@type":"ListItem","position":2,"name":"Boutique","item":"https:\/\/italiamachines.com\/boutique\/"},{"@type":"ListItem","position":3,"name":"\u00c9plucheuse d&#8217;amande &#8211; Capacit\u00e9 30 kg\/h en 3 passages &#8211; par Dell&#8217;Oro"}]},{"@type":"WebSite","@id":"https:\/\/italiamachines.com\/#website","url":"https:\/\/italiamachines.com\/","name":"Italia Machines","description":"L&#039;art de l&#039;\u00e9quipement HORECA","publisher":{"@id":"https:\/\/italiamachines.com\/#organization"},"potentialAction":[{"@type":"SearchAction","target":{"@type":"EntryPoint","urlTemplate":"https:\/\/italiamachines.com\/?s={search_term_string}"},"query-input":{"@type":"PropertyValueSpecification","valueRequired":true,"valueName":"search_term_string"}}],"inLanguage":"fr-FR"},{"@type":"Organization","@id":"https:\/\/italiamachines.com\/#organization","name":"italiamachines","url":"https:\/\/italiamachines.com\/","logo":{"@type":"ImageObject","inLanguage":"fr-FR","@id":"https:\/\/italiamachines.com\/#\/schema\/logo\/image\/","url":"https:\/\/italiamachines.com\/wp-content\/uploads\/2023\/08\/logo-web-1.png","contentUrl":"https:\/\/italiamachines.com\/wp-content\/uploads\/2023\/08\/logo-web-1.png","width":977,"height":254,"caption":"italiamachines"},"image":{"@id":"https:\/\/italiamachines.com\/#\/schema\/logo\/image\/"},"sameAs":["https:\/\/web.facebook.com\/italiamachines\/","https:\/\/www.instagram.com\/italia.machines\/"]}]}},"_links":{"self":[{"href":"https:\/\/italiamachines.com\/fr_fr\/wp-json\/wp\/v2\/product\/4828","targetHints":{"allow":["GET"]}}],"collection":[{"href":"https:\/\/italiamachines.com\/fr_fr\/wp-json\/wp\/v2\/product"}],"about":[{"href":"https:\/\/italiamachines.com\/fr_fr\/wp-json\/wp\/v2\/types\/product"}],"replies":[{"embeddable":true,"href":"https:\/\/italiamachines.com\/fr_fr\/wp-json\/wp\/v2\/comments?post=4828"}],"wp:featuredmedia":[{"embeddable":true,"href":"https:\/\/italiamachines.com\/fr_fr\/wp-json\/wp\/v2\/media\/8861"}],"wp:attachment":[{"href":"https:\/\/italiamachines.com\/fr_fr\/wp-json\/wp\/v2\/media?parent=4828"}],"wp:term":[{"taxonomy":"product_cat","embeddable":true,"href":"https:\/\/italiamachines.com\/fr_fr\/wp-json\/wp\/v2\/product_cat?post=4828"},{"taxonomy":"product_tag","embeddable":true,"href":"https:\/\/italiamachines.com\/fr_fr\/wp-json\/wp\/v2\/product_tag?post=4828"}],"curies":[{"name":"wp","href":"https:\/\/api.w.org\/{rel}","templated":true}]}}