{"id":4835,"date":"2023-07-30T03:51:22","date_gmt":"2023-07-30T03:51:22","guid":{"rendered":"https:\/\/prod.italiamachines.com\/product\/vitrine-refrigeree-evo-120vc-par-mastercool-temperature-0-2c-dimensions-1200-x-785-x-1400\/"},"modified":"2024-10-01T22:24:43","modified_gmt":"2024-10-01T20:24:43","slug":"vitrine-refrigeree-evo-120vc-par-mastercool-temperature-0-2c-dimensions-1200-x-785-x-1400","status":"publish","type":"product","link":"https:\/\/italiamachines.com\/fr_fr\/boutique\/boulangerie-et-patisserie\/patisserie\/vitrines\/vitrine-refrigeree-horizontale\/vitrine-refrigeree-evo-120vc-par-mastercool-temperature-0-2c-dimensions-1200-x-785-x-1400\/","title":{"rendered":"Vitrine r\u00e9frig\u00e9r\u00e9e Evo &#8211; Disponible en plusieurs dimensions &#8211; par Mastercool"},"content":{"rendered":"<p>3 \u00e9tag\u00e8res en verre r\u00e9glables en hauteur<br \/>\nSurface de pr\u00e9sentation avec \u00e9clairage LED<br \/>\nLumi\u00e8re blanche froide<br \/>\nThermostat num\u00e9rique<br \/>\nDesign \u00e9l\u00e9gant, moderne et classique, parfait pour les h\u00f4tels et les restaurants<br \/>\nstructure peinte en noir, sauf l&rsquo;int\u00e9rieur et le dos en acier inoxydable<br \/>\nDouble vitrage<br \/>\nD\u00e9givrage automatique<\/p>\n<p>Dimensions ext\u00e9rieures L x P x H : 1200 x 785 x 1400 mm<br \/>\nCapacit\u00e9 : 530 litres<br \/>\nR\u00e9frig\u00e9rant : R134a, sans CFC<br \/>\nPlage de temp\u00e9rature : de +2 \u00b0C \u00e0 +8 \u00b0C<br \/>\nPuissance : 880 watts<br \/>\nAlimentation : 230 volts \/ 1 litre \/ 50 Hz<\/p>\n","protected":false},"excerpt":{"rendered":"<p>3 \u00e9tag\u00e8res en verre r\u00e9glables en hauteur Surface de pr\u00e9sentation avec \u00e9clairage LED Lumi\u00e8re blanche froide Thermostat num\u00e9rique Design \u00e9l\u00e9gant, moderne et classique, parfait pour les h\u00f4tels et les restaurants structure peinte en noir, sauf l&rsquo;int\u00e9rieur et le dos en acier inoxydable Double vitrage D\u00e9givrage automatique Dimensions ext\u00e9rieures L x P x H : 1200&hellip;<\/p>\n","protected":false},"featured_media":6520,"comment_status":"closed","ping_status":"closed","template":"","meta":[],"product_cat":[97,245,246,144],"product_tag":[],"class_list":{"0":"post-4835","1":"product","2":"type-product","3":"status-publish","4":"has-post-thumbnail","6":"product_cat-patisserie","7":"product_cat-vitrine-refrigeree-horizontale","8":"product_cat-vitrine-refrigeree-verticale","9":"product_cat-vitrines","11":"first","12":"instock","13":"shipping-taxable","14":"purchasable","15":"product-type-variable","16":"col-xs-6 col-sm-4","17":"col-md-3 col-lg-3","18":"un-4-cols"},"yoast_head":"<!-- This site is optimized with the Yoast SEO plugin v26.6 - https:\/\/yoast.com\/wordpress\/plugins\/seo\/ -->\n<title>Vitrine r\u00e9frig\u00e9r\u00e9e Evo - Disponible en plusieurs dimensions - par Mastercool | Italia Machines<\/title>\n<meta name=\"robots\" content=\"index, follow, max-snippet:-1, max-image-preview:large, max-video-preview:-1\" \/>\n<link rel=\"canonical\" href=\"https:\/\/italiamachines.com\/fr_fr\/boutique\/boulangerie-et-patisserie\/patisserie\/vitrines\/vitrine-refrigeree-horizontale\/vitrine-refrigeree-evo-120vc-par-mastercool-temperature-0-2c-dimensions-1200-x-785-x-1400\/\" \/>\n<meta property=\"og:locale\" content=\"fr_FR\" \/>\n<meta property=\"og:type\" content=\"article\" \/>\n<meta property=\"og:title\" content=\"Vitrine r\u00e9frig\u00e9r\u00e9e Evo - Disponible en plusieurs dimensions - par Mastercool | Italia Machines\" \/>\n<meta property=\"og:description\" content=\"3 \u00e9tag\u00e8res en verre r\u00e9glables en hauteur Surface de pr\u00e9sentation avec \u00e9clairage LED Lumi\u00e8re blanche froide Thermostat num\u00e9rique Design \u00e9l\u00e9gant, moderne et classique, parfait pour les h\u00f4tels et les restaurants structure peinte en noir, sauf l&rsquo;int\u00e9rieur et le dos en acier inoxydable Double vitrage D\u00e9givrage automatique Dimensions ext\u00e9rieures L x P x H : 1200&hellip;\" \/>\n<meta property=\"og:url\" content=\"https:\/\/italiamachines.com\/fr_fr\/boutique\/boulangerie-et-patisserie\/patisserie\/vitrines\/vitrine-refrigeree-horizontale\/vitrine-refrigeree-evo-120vc-par-mastercool-temperature-0-2c-dimensions-1200-x-785-x-1400\/\" \/>\n<meta property=\"og:site_name\" content=\"Italia Machines\" \/>\n<meta property=\"article:publisher\" content=\"https:\/\/web.facebook.com\/italiamachines\/\" \/>\n<meta property=\"article:modified_time\" content=\"2024-10-01T20:24:43+00:00\" \/>\n<meta property=\"og:image\" content=\"https:\/\/italiamachines.com\/wp-content\/uploads\/2023\/07\/91FB9B6A-447E-4F89-8269-FA4A29080B92_4_5005_c-PhotoRoom.png-PhotoRoom.png\" \/>\n\t<meta property=\"og:image:width\" content=\"300\" \/>\n\t<meta property=\"og:image:height\" content=\"300\" \/>\n\t<meta property=\"og:image:type\" content=\"image\/png\" \/>\n<meta name=\"twitter:card\" content=\"summary_large_image\" \/>\n<meta name=\"twitter:label1\" content=\"Dur\u00e9e de lecture estim\u00e9e\" \/>\n\t<meta name=\"twitter:data1\" content=\"1 minute\" \/>\n<script type=\"application\/ld+json\" class=\"yoast-schema-graph\">{\"@context\":\"https:\/\/schema.org\",\"@graph\":[{\"@type\":\"WebPage\",\"@id\":\"https:\/\/italiamachines.com\/boutique\/boulangerie-et-patisserie\/patisserie\/vitrines\/vitrine-refrigeree-horizontale\/vitrine-refrigeree-evo-120vc-par-mastercool-temperature-0-2c-dimensions-1200-x-785-x-1400\/\",\"url\":\"https:\/\/italiamachines.com\/boutique\/boulangerie-et-patisserie\/patisserie\/vitrines\/vitrine-refrigeree-horizontale\/vitrine-refrigeree-evo-120vc-par-mastercool-temperature-0-2c-dimensions-1200-x-785-x-1400\/\",\"name\":\"Vitrine r\u00e9frig\u00e9r\u00e9e Evo - Disponible en plusieurs dimensions - par Mastercool | Italia Machines\",\"isPartOf\":{\"@id\":\"https:\/\/italiamachines.com\/#website\"},\"primaryImageOfPage\":{\"@id\":\"https:\/\/italiamachines.com\/boutique\/boulangerie-et-patisserie\/patisserie\/vitrines\/vitrine-refrigeree-horizontale\/vitrine-refrigeree-evo-120vc-par-mastercool-temperature-0-2c-dimensions-1200-x-785-x-1400\/#primaryimage\"},\"image\":{\"@id\":\"https:\/\/italiamachines.com\/boutique\/boulangerie-et-patisserie\/patisserie\/vitrines\/vitrine-refrigeree-horizontale\/vitrine-refrigeree-evo-120vc-par-mastercool-temperature-0-2c-dimensions-1200-x-785-x-1400\/#primaryimage\"},\"thumbnailUrl\":\"https:\/\/italiamachines.com\/wp-content\/uploads\/2023\/07\/91FB9B6A-447E-4F89-8269-FA4A29080B92_4_5005_c-PhotoRoom.png-PhotoRoom.png\",\"datePublished\":\"2023-07-30T03:51:22+00:00\",\"dateModified\":\"2024-10-01T20:24:43+00:00\",\"breadcrumb\":{\"@id\":\"https:\/\/italiamachines.com\/boutique\/boulangerie-et-patisserie\/patisserie\/vitrines\/vitrine-refrigeree-horizontale\/vitrine-refrigeree-evo-120vc-par-mastercool-temperature-0-2c-dimensions-1200-x-785-x-1400\/#breadcrumb\"},\"inLanguage\":\"fr-FR\",\"potentialAction\":[{\"@type\":\"ReadAction\",\"target\":[\"https:\/\/italiamachines.com\/boutique\/boulangerie-et-patisserie\/patisserie\/vitrines\/vitrine-refrigeree-horizontale\/vitrine-refrigeree-evo-120vc-par-mastercool-temperature-0-2c-dimensions-1200-x-785-x-1400\/\"]}]},{\"@type\":\"ImageObject\",\"inLanguage\":\"fr-FR\",\"@id\":\"https:\/\/italiamachines.com\/boutique\/boulangerie-et-patisserie\/patisserie\/vitrines\/vitrine-refrigeree-horizontale\/vitrine-refrigeree-evo-120vc-par-mastercool-temperature-0-2c-dimensions-1200-x-785-x-1400\/#primaryimage\",\"url\":\"https:\/\/italiamachines.com\/wp-content\/uploads\/2023\/07\/91FB9B6A-447E-4F89-8269-FA4A29080B92_4_5005_c-PhotoRoom.png-PhotoRoom.png\",\"contentUrl\":\"https:\/\/italiamachines.com\/wp-content\/uploads\/2023\/07\/91FB9B6A-447E-4F89-8269-FA4A29080B92_4_5005_c-PhotoRoom.png-PhotoRoom.png\",\"width\":300,\"height\":300},{\"@type\":\"BreadcrumbList\",\"@id\":\"https:\/\/italiamachines.com\/boutique\/boulangerie-et-patisserie\/patisserie\/vitrines\/vitrine-refrigeree-horizontale\/vitrine-refrigeree-evo-120vc-par-mastercool-temperature-0-2c-dimensions-1200-x-785-x-1400\/#breadcrumb\",\"itemListElement\":[{\"@type\":\"ListItem\",\"position\":1,\"name\":\"Accueil\",\"item\":\"https:\/\/italiamachines.com\/fr_fr\/\"},{\"@type\":\"ListItem\",\"position\":2,\"name\":\"Boutique\",\"item\":\"https:\/\/italiamachines.com\/boutique\/\"},{\"@type\":\"ListItem\",\"position\":3,\"name\":\"Vitrine r\u00e9frig\u00e9r\u00e9e Evo &#8211; Disponible en plusieurs dimensions &#8211; par Mastercool\"}]},{\"@type\":\"WebSite\",\"@id\":\"https:\/\/italiamachines.com\/#website\",\"url\":\"https:\/\/italiamachines.com\/\",\"name\":\"Italia Machines\",\"description\":\"L&#039;art de l&#039;\u00e9quipement HORECA\",\"publisher\":{\"@id\":\"https:\/\/italiamachines.com\/#organization\"},\"potentialAction\":[{\"@type\":\"SearchAction\",\"target\":{\"@type\":\"EntryPoint\",\"urlTemplate\":\"https:\/\/italiamachines.com\/?s={search_term_string}\"},\"query-input\":{\"@type\":\"PropertyValueSpecification\",\"valueRequired\":true,\"valueName\":\"search_term_string\"}}],\"inLanguage\":\"fr-FR\"},{\"@type\":\"Organization\",\"@id\":\"https:\/\/italiamachines.com\/#organization\",\"name\":\"italiamachines\",\"url\":\"https:\/\/italiamachines.com\/\",\"logo\":{\"@type\":\"ImageObject\",\"inLanguage\":\"fr-FR\",\"@id\":\"https:\/\/italiamachines.com\/#\/schema\/logo\/image\/\",\"url\":\"https:\/\/italiamachines.com\/wp-content\/uploads\/2023\/08\/logo-web-1.png\",\"contentUrl\":\"https:\/\/italiamachines.com\/wp-content\/uploads\/2023\/08\/logo-web-1.png\",\"width\":977,\"height\":254,\"caption\":\"italiamachines\"},\"image\":{\"@id\":\"https:\/\/italiamachines.com\/#\/schema\/logo\/image\/\"},\"sameAs\":[\"https:\/\/web.facebook.com\/italiamachines\/\",\"https:\/\/www.instagram.com\/italia.machines\/\"]}]}<\/script>\n<!-- \/ Yoast SEO plugin. -->","yoast_head_json":{"title":"Vitrine r\u00e9frig\u00e9r\u00e9e Evo - Disponible en plusieurs dimensions - par Mastercool | Italia Machines","robots":{"index":"index","follow":"follow","max-snippet":"max-snippet:-1","max-image-preview":"max-image-preview:large","max-video-preview":"max-video-preview:-1"},"canonical":"https:\/\/italiamachines.com\/fr_fr\/boutique\/boulangerie-et-patisserie\/patisserie\/vitrines\/vitrine-refrigeree-horizontale\/vitrine-refrigeree-evo-120vc-par-mastercool-temperature-0-2c-dimensions-1200-x-785-x-1400\/","og_locale":"fr_FR","og_type":"article","og_title":"Vitrine r\u00e9frig\u00e9r\u00e9e Evo - Disponible en plusieurs dimensions - par Mastercool | Italia Machines","og_description":"3 \u00e9tag\u00e8res en verre r\u00e9glables en hauteur Surface de pr\u00e9sentation avec \u00e9clairage LED Lumi\u00e8re blanche froide Thermostat num\u00e9rique Design \u00e9l\u00e9gant, moderne et classique, parfait pour les h\u00f4tels et les restaurants structure peinte en noir, sauf l&rsquo;int\u00e9rieur et le dos en acier inoxydable Double vitrage D\u00e9givrage automatique Dimensions ext\u00e9rieures L x P x H : 1200&hellip;","og_url":"https:\/\/italiamachines.com\/fr_fr\/boutique\/boulangerie-et-patisserie\/patisserie\/vitrines\/vitrine-refrigeree-horizontale\/vitrine-refrigeree-evo-120vc-par-mastercool-temperature-0-2c-dimensions-1200-x-785-x-1400\/","og_site_name":"Italia Machines","article_publisher":"https:\/\/web.facebook.com\/italiamachines\/","article_modified_time":"2024-10-01T20:24:43+00:00","og_image":[{"width":300,"height":300,"url":"https:\/\/italiamachines.com\/wp-content\/uploads\/2023\/07\/91FB9B6A-447E-4F89-8269-FA4A29080B92_4_5005_c-PhotoRoom.png-PhotoRoom.png","type":"image\/png"}],"twitter_card":"summary_large_image","twitter_misc":{"Dur\u00e9e de lecture estim\u00e9e":"1 minute"},"schema":{"@context":"https:\/\/schema.org","@graph":[{"@type":"WebPage","@id":"https:\/\/italiamachines.com\/boutique\/boulangerie-et-patisserie\/patisserie\/vitrines\/vitrine-refrigeree-horizontale\/vitrine-refrigeree-evo-120vc-par-mastercool-temperature-0-2c-dimensions-1200-x-785-x-1400\/","url":"https:\/\/italiamachines.com\/boutique\/boulangerie-et-patisserie\/patisserie\/vitrines\/vitrine-refrigeree-horizontale\/vitrine-refrigeree-evo-120vc-par-mastercool-temperature-0-2c-dimensions-1200-x-785-x-1400\/","name":"Vitrine r\u00e9frig\u00e9r\u00e9e Evo - Disponible en plusieurs dimensions - par Mastercool | Italia Machines","isPartOf":{"@id":"https:\/\/italiamachines.com\/#website"},"primaryImageOfPage":{"@id":"https:\/\/italiamachines.com\/boutique\/boulangerie-et-patisserie\/patisserie\/vitrines\/vitrine-refrigeree-horizontale\/vitrine-refrigeree-evo-120vc-par-mastercool-temperature-0-2c-dimensions-1200-x-785-x-1400\/#primaryimage"},"image":{"@id":"https:\/\/italiamachines.com\/boutique\/boulangerie-et-patisserie\/patisserie\/vitrines\/vitrine-refrigeree-horizontale\/vitrine-refrigeree-evo-120vc-par-mastercool-temperature-0-2c-dimensions-1200-x-785-x-1400\/#primaryimage"},"thumbnailUrl":"https:\/\/italiamachines.com\/wp-content\/uploads\/2023\/07\/91FB9B6A-447E-4F89-8269-FA4A29080B92_4_5005_c-PhotoRoom.png-PhotoRoom.png","datePublished":"2023-07-30T03:51:22+00:00","dateModified":"2024-10-01T20:24:43+00:00","breadcrumb":{"@id":"https:\/\/italiamachines.com\/boutique\/boulangerie-et-patisserie\/patisserie\/vitrines\/vitrine-refrigeree-horizontale\/vitrine-refrigeree-evo-120vc-par-mastercool-temperature-0-2c-dimensions-1200-x-785-x-1400\/#breadcrumb"},"inLanguage":"fr-FR","potentialAction":[{"@type":"ReadAction","target":["https:\/\/italiamachines.com\/boutique\/boulangerie-et-patisserie\/patisserie\/vitrines\/vitrine-refrigeree-horizontale\/vitrine-refrigeree-evo-120vc-par-mastercool-temperature-0-2c-dimensions-1200-x-785-x-1400\/"]}]},{"@type":"ImageObject","inLanguage":"fr-FR","@id":"https:\/\/italiamachines.com\/boutique\/boulangerie-et-patisserie\/patisserie\/vitrines\/vitrine-refrigeree-horizontale\/vitrine-refrigeree-evo-120vc-par-mastercool-temperature-0-2c-dimensions-1200-x-785-x-1400\/#primaryimage","url":"https:\/\/italiamachines.com\/wp-content\/uploads\/2023\/07\/91FB9B6A-447E-4F89-8269-FA4A29080B92_4_5005_c-PhotoRoom.png-PhotoRoom.png","contentUrl":"https:\/\/italiamachines.com\/wp-content\/uploads\/2023\/07\/91FB9B6A-447E-4F89-8269-FA4A29080B92_4_5005_c-PhotoRoom.png-PhotoRoom.png","width":300,"height":300},{"@type":"BreadcrumbList","@id":"https:\/\/italiamachines.com\/boutique\/boulangerie-et-patisserie\/patisserie\/vitrines\/vitrine-refrigeree-horizontale\/vitrine-refrigeree-evo-120vc-par-mastercool-temperature-0-2c-dimensions-1200-x-785-x-1400\/#breadcrumb","itemListElement":[{"@type":"ListItem","position":1,"name":"Accueil","item":"https:\/\/italiamachines.com\/fr_fr\/"},{"@type":"ListItem","position":2,"name":"Boutique","item":"https:\/\/italiamachines.com\/boutique\/"},{"@type":"ListItem","position":3,"name":"Vitrine r\u00e9frig\u00e9r\u00e9e Evo &#8211; Disponible en plusieurs dimensions &#8211; par Mastercool"}]},{"@type":"WebSite","@id":"https:\/\/italiamachines.com\/#website","url":"https:\/\/italiamachines.com\/","name":"Italia Machines","description":"L&#039;art de l&#039;\u00e9quipement HORECA","publisher":{"@id":"https:\/\/italiamachines.com\/#organization"},"potentialAction":[{"@type":"SearchAction","target":{"@type":"EntryPoint","urlTemplate":"https:\/\/italiamachines.com\/?s={search_term_string}"},"query-input":{"@type":"PropertyValueSpecification","valueRequired":true,"valueName":"search_term_string"}}],"inLanguage":"fr-FR"},{"@type":"Organization","@id":"https:\/\/italiamachines.com\/#organization","name":"italiamachines","url":"https:\/\/italiamachines.com\/","logo":{"@type":"ImageObject","inLanguage":"fr-FR","@id":"https:\/\/italiamachines.com\/#\/schema\/logo\/image\/","url":"https:\/\/italiamachines.com\/wp-content\/uploads\/2023\/08\/logo-web-1.png","contentUrl":"https:\/\/italiamachines.com\/wp-content\/uploads\/2023\/08\/logo-web-1.png","width":977,"height":254,"caption":"italiamachines"},"image":{"@id":"https:\/\/italiamachines.com\/#\/schema\/logo\/image\/"},"sameAs":["https:\/\/web.facebook.com\/italiamachines\/","https:\/\/www.instagram.com\/italia.machines\/"]}]}},"_links":{"self":[{"href":"https:\/\/italiamachines.com\/fr_fr\/wp-json\/wp\/v2\/product\/4835","targetHints":{"allow":["GET"]}}],"collection":[{"href":"https:\/\/italiamachines.com\/fr_fr\/wp-json\/wp\/v2\/product"}],"about":[{"href":"https:\/\/italiamachines.com\/fr_fr\/wp-json\/wp\/v2\/types\/product"}],"replies":[{"embeddable":true,"href":"https:\/\/italiamachines.com\/fr_fr\/wp-json\/wp\/v2\/comments?post=4835"}],"wp:featuredmedia":[{"embeddable":true,"href":"https:\/\/italiamachines.com\/fr_fr\/wp-json\/wp\/v2\/media\/6520"}],"wp:attachment":[{"href":"https:\/\/italiamachines.com\/fr_fr\/wp-json\/wp\/v2\/media?parent=4835"}],"wp:term":[{"taxonomy":"product_cat","embeddable":true,"href":"https:\/\/italiamachines.com\/fr_fr\/wp-json\/wp\/v2\/product_cat?post=4835"},{"taxonomy":"product_tag","embeddable":true,"href":"https:\/\/italiamachines.com\/fr_fr\/wp-json\/wp\/v2\/product_tag?post=4835"}],"curies":[{"name":"wp","href":"https:\/\/api.w.org\/{rel}","templated":true}]}}