{"id":4854,"date":"2023-07-30T03:53:45","date_gmt":"2023-07-30T03:53:45","guid":{"rendered":"https:\/\/prod.italiamachines.com\/product\/faconneuse-modele-sottoriva-500-par-golden-mix-italie\/"},"modified":"2025-04-20T18:18:37","modified_gmt":"2025-04-20T16:18:37","slug":"faconneuse-modele-sottoriva-500-par-golden-mix-italie","status":"publish","type":"product","link":"https:\/\/italiamachines.com\/fr_fr\/boutique\/boulangerie-et-patisserie\/boulangerie\/faconneuse\/faconneuse-horizontale\/faconneuse-modele-sottoriva-500-par-golden-mix-italie\/","title":{"rendered":"Fa\u00e7onneuse mod\u00e8le Sottoriva &#8211; par Aldegheri Forni | Golden Mix | MFitaly"},"content":{"rendered":"<p>Tapis d&rsquo;alimentation motoris\u00e9 pour acheminer la p\u00e2te vers les cylindres laminoirs rectifi\u00e9s<br \/>\nCylindres laminoirs avec un traitement de polissage favorisant le d\u00e9tachement optimal de la p\u00e2te<br \/>\nDeux tapis en laine pour envelopper la p\u00e2te dans les diff\u00e9rentes formes souhait\u00e9es<br \/>\nPossibilit\u00e9 de retourner le produit obtenu vers l&rsquo;op\u00e9rateur ou de le laisser sur le plateau oppos\u00e9<br \/>\nGrille de protection sur le tapis d&rsquo;introduction avec dispositif de s\u00e9curit\u00e9 pour arr\u00eater le fonctionnement<br \/>\nDispositif d&rsquo;arr\u00eat du tapis sup\u00e9rieur pour affiner et\/ou cylindrer de petites\/moyennes quantit\u00e9s de p\u00e2tes<br \/>\nConstruction robuste avec des pi\u00e8ces mobiles, supports et roulements surdimensionn\u00e9s<br \/>\n\u00c9quip\u00e9e de 2 roues fixes et de 2 roues pivotantes avec frein pour faciliter le d\u00e9placement et le blocage de la machine pendant l&rsquo;utilisation<br \/>\nPr\u00e9paration pour l&rsquo;installation d&rsquo;un tapis de sortie (FIL. en option) pour allonger la p\u00e2te<\/p>\n","protected":false},"excerpt":{"rendered":"<p>Tapis d&rsquo;alimentation motoris\u00e9 pour acheminer la p\u00e2te vers les cylindres laminoirs rectifi\u00e9s Cylindres laminoirs avec un traitement de polissage favorisant le d\u00e9tachement optimal de la p\u00e2te Deux tapis en laine pour envelopper la p\u00e2te dans les diff\u00e9rentes formes souhait\u00e9es Possibilit\u00e9 de retourner le produit obtenu vers l&rsquo;op\u00e9rateur ou de le laisser sur le plateau oppos\u00e9&hellip;<\/p>\n","protected":false},"featured_media":4853,"comment_status":"open","ping_status":"closed","template":"","meta":[],"product_cat":[154,181,182,183],"product_tag":[],"class_list":{"0":"post-4854","1":"product","2":"type-product","3":"status-publish","4":"has-post-thumbnail","6":"product_cat-boulangerie","7":"product_cat-faconneuse","8":"product_cat-faconneuse-horizontale","9":"product_cat-faconneuse-oblique","11":"first","12":"instock","13":"shipping-taxable","14":"purchasable","15":"product-type-variable","16":"col-xs-6 col-sm-4","17":"col-md-3 col-lg-3","18":"un-4-cols"},"yoast_head":"<!-- This site is optimized with the Yoast SEO plugin v26.6 - https:\/\/yoast.com\/wordpress\/plugins\/seo\/ -->\n<title>Fa\u00e7onneuse mod\u00e8le Sottoriva - par Aldegheri Forni | Golden Mix | MFitaly | Italia Machines<\/title>\n<meta name=\"robots\" content=\"index, follow, max-snippet:-1, max-image-preview:large, max-video-preview:-1\" \/>\n<link rel=\"canonical\" href=\"https:\/\/italiamachines.com\/fr_fr\/boutique\/boulangerie-et-patisserie\/boulangerie\/faconneuse\/faconneuse-horizontale\/faconneuse-modele-sottoriva-500-par-golden-mix-italie\/\" \/>\n<meta property=\"og:locale\" content=\"fr_FR\" \/>\n<meta property=\"og:type\" content=\"article\" \/>\n<meta property=\"og:title\" content=\"Fa\u00e7onneuse mod\u00e8le Sottoriva - par Aldegheri Forni | Golden Mix | MFitaly | Italia Machines\" \/>\n<meta property=\"og:description\" content=\"Tapis d&rsquo;alimentation motoris\u00e9 pour acheminer la p\u00e2te vers les cylindres laminoirs rectifi\u00e9s Cylindres laminoirs avec un traitement de polissage favorisant le d\u00e9tachement optimal de la p\u00e2te Deux tapis en laine pour envelopper la p\u00e2te dans les diff\u00e9rentes formes souhait\u00e9es Possibilit\u00e9 de retourner le produit obtenu vers l&rsquo;op\u00e9rateur ou de le laisser sur le plateau oppos\u00e9&hellip;\" \/>\n<meta property=\"og:url\" content=\"https:\/\/italiamachines.com\/fr_fr\/boutique\/boulangerie-et-patisserie\/boulangerie\/faconneuse\/faconneuse-horizontale\/faconneuse-modele-sottoriva-500-par-golden-mix-italie\/\" \/>\n<meta property=\"og:site_name\" content=\"Italia Machines\" \/>\n<meta property=\"article:publisher\" content=\"https:\/\/web.facebook.com\/italiamachines\/\" \/>\n<meta property=\"article:modified_time\" content=\"2025-04-20T16:18:37+00:00\" \/>\n<meta property=\"og:image\" content=\"https:\/\/italiamachines.com\/wp-content\/uploads\/2023\/07\/F2CE500-1.png\" \/>\n\t<meta property=\"og:image:width\" content=\"1461\" \/>\n\t<meta property=\"og:image:height\" content=\"1211\" \/>\n\t<meta property=\"og:image:type\" content=\"image\/png\" \/>\n<meta name=\"twitter:card\" content=\"summary_large_image\" \/>\n<meta name=\"twitter:label1\" content=\"Dur\u00e9e de lecture estim\u00e9e\" \/>\n\t<meta name=\"twitter:data1\" content=\"1 minute\" \/>\n<script type=\"application\/ld+json\" class=\"yoast-schema-graph\">{\"@context\":\"https:\/\/schema.org\",\"@graph\":[{\"@type\":\"WebPage\",\"@id\":\"https:\/\/italiamachines.com\/boutique\/boulangerie-et-patisserie\/boulangerie\/faconneuse\/faconneuse-horizontale\/faconneuse-modele-sottoriva-500-par-golden-mix-italie\/\",\"url\":\"https:\/\/italiamachines.com\/boutique\/boulangerie-et-patisserie\/boulangerie\/faconneuse\/faconneuse-horizontale\/faconneuse-modele-sottoriva-500-par-golden-mix-italie\/\",\"name\":\"Fa\u00e7onneuse mod\u00e8le Sottoriva - par Aldegheri Forni | Golden Mix | MFitaly | Italia Machines\",\"isPartOf\":{\"@id\":\"https:\/\/italiamachines.com\/#website\"},\"primaryImageOfPage\":{\"@id\":\"https:\/\/italiamachines.com\/boutique\/boulangerie-et-patisserie\/boulangerie\/faconneuse\/faconneuse-horizontale\/faconneuse-modele-sottoriva-500-par-golden-mix-italie\/#primaryimage\"},\"image\":{\"@id\":\"https:\/\/italiamachines.com\/boutique\/boulangerie-et-patisserie\/boulangerie\/faconneuse\/faconneuse-horizontale\/faconneuse-modele-sottoriva-500-par-golden-mix-italie\/#primaryimage\"},\"thumbnailUrl\":\"https:\/\/italiamachines.com\/wp-content\/uploads\/2023\/07\/F2CE500-1.png\",\"datePublished\":\"2023-07-30T03:53:45+00:00\",\"dateModified\":\"2025-04-20T16:18:37+00:00\",\"breadcrumb\":{\"@id\":\"https:\/\/italiamachines.com\/boutique\/boulangerie-et-patisserie\/boulangerie\/faconneuse\/faconneuse-horizontale\/faconneuse-modele-sottoriva-500-par-golden-mix-italie\/#breadcrumb\"},\"inLanguage\":\"fr-FR\",\"potentialAction\":[{\"@type\":\"ReadAction\",\"target\":[\"https:\/\/italiamachines.com\/boutique\/boulangerie-et-patisserie\/boulangerie\/faconneuse\/faconneuse-horizontale\/faconneuse-modele-sottoriva-500-par-golden-mix-italie\/\"]}]},{\"@type\":\"ImageObject\",\"inLanguage\":\"fr-FR\",\"@id\":\"https:\/\/italiamachines.com\/boutique\/boulangerie-et-patisserie\/boulangerie\/faconneuse\/faconneuse-horizontale\/faconneuse-modele-sottoriva-500-par-golden-mix-italie\/#primaryimage\",\"url\":\"https:\/\/italiamachines.com\/wp-content\/uploads\/2023\/07\/F2CE500-1.png\",\"contentUrl\":\"https:\/\/italiamachines.com\/wp-content\/uploads\/2023\/07\/F2CE500-1.png\",\"width\":1461,\"height\":1211},{\"@type\":\"BreadcrumbList\",\"@id\":\"https:\/\/italiamachines.com\/boutique\/boulangerie-et-patisserie\/boulangerie\/faconneuse\/faconneuse-horizontale\/faconneuse-modele-sottoriva-500-par-golden-mix-italie\/#breadcrumb\",\"itemListElement\":[{\"@type\":\"ListItem\",\"position\":1,\"name\":\"Accueil\",\"item\":\"https:\/\/italiamachines.com\/fr_fr\/\"},{\"@type\":\"ListItem\",\"position\":2,\"name\":\"Boutique\",\"item\":\"https:\/\/italiamachines.com\/boutique\/\"},{\"@type\":\"ListItem\",\"position\":3,\"name\":\"Fa\u00e7onneuse mod\u00e8le Sottoriva &#8211; par Aldegheri Forni | Golden Mix | MFitaly\"}]},{\"@type\":\"WebSite\",\"@id\":\"https:\/\/italiamachines.com\/#website\",\"url\":\"https:\/\/italiamachines.com\/\",\"name\":\"Italia Machines\",\"description\":\"L&#039;art de l&#039;\u00e9quipement HORECA\",\"publisher\":{\"@id\":\"https:\/\/italiamachines.com\/#organization\"},\"potentialAction\":[{\"@type\":\"SearchAction\",\"target\":{\"@type\":\"EntryPoint\",\"urlTemplate\":\"https:\/\/italiamachines.com\/?s={search_term_string}\"},\"query-input\":{\"@type\":\"PropertyValueSpecification\",\"valueRequired\":true,\"valueName\":\"search_term_string\"}}],\"inLanguage\":\"fr-FR\"},{\"@type\":\"Organization\",\"@id\":\"https:\/\/italiamachines.com\/#organization\",\"name\":\"italiamachines\",\"url\":\"https:\/\/italiamachines.com\/\",\"logo\":{\"@type\":\"ImageObject\",\"inLanguage\":\"fr-FR\",\"@id\":\"https:\/\/italiamachines.com\/#\/schema\/logo\/image\/\",\"url\":\"https:\/\/italiamachines.com\/wp-content\/uploads\/2023\/08\/logo-web-1.png\",\"contentUrl\":\"https:\/\/italiamachines.com\/wp-content\/uploads\/2023\/08\/logo-web-1.png\",\"width\":977,\"height\":254,\"caption\":\"italiamachines\"},\"image\":{\"@id\":\"https:\/\/italiamachines.com\/#\/schema\/logo\/image\/\"},\"sameAs\":[\"https:\/\/web.facebook.com\/italiamachines\/\",\"https:\/\/www.instagram.com\/italia.machines\/\"]}]}<\/script>\n<!-- \/ Yoast SEO plugin. -->","yoast_head_json":{"title":"Fa\u00e7onneuse mod\u00e8le Sottoriva - par Aldegheri Forni | Golden Mix | MFitaly | Italia Machines","robots":{"index":"index","follow":"follow","max-snippet":"max-snippet:-1","max-image-preview":"max-image-preview:large","max-video-preview":"max-video-preview:-1"},"canonical":"https:\/\/italiamachines.com\/fr_fr\/boutique\/boulangerie-et-patisserie\/boulangerie\/faconneuse\/faconneuse-horizontale\/faconneuse-modele-sottoriva-500-par-golden-mix-italie\/","og_locale":"fr_FR","og_type":"article","og_title":"Fa\u00e7onneuse mod\u00e8le Sottoriva - par Aldegheri Forni | Golden Mix | MFitaly | Italia Machines","og_description":"Tapis d&rsquo;alimentation motoris\u00e9 pour acheminer la p\u00e2te vers les cylindres laminoirs rectifi\u00e9s Cylindres laminoirs avec un traitement de polissage favorisant le d\u00e9tachement optimal de la p\u00e2te Deux tapis en laine pour envelopper la p\u00e2te dans les diff\u00e9rentes formes souhait\u00e9es Possibilit\u00e9 de retourner le produit obtenu vers l&rsquo;op\u00e9rateur ou de le laisser sur le plateau oppos\u00e9&hellip;","og_url":"https:\/\/italiamachines.com\/fr_fr\/boutique\/boulangerie-et-patisserie\/boulangerie\/faconneuse\/faconneuse-horizontale\/faconneuse-modele-sottoriva-500-par-golden-mix-italie\/","og_site_name":"Italia Machines","article_publisher":"https:\/\/web.facebook.com\/italiamachines\/","article_modified_time":"2025-04-20T16:18:37+00:00","og_image":[{"width":1461,"height":1211,"url":"https:\/\/italiamachines.com\/wp-content\/uploads\/2023\/07\/F2CE500-1.png","type":"image\/png"}],"twitter_card":"summary_large_image","twitter_misc":{"Dur\u00e9e de lecture estim\u00e9e":"1 minute"},"schema":{"@context":"https:\/\/schema.org","@graph":[{"@type":"WebPage","@id":"https:\/\/italiamachines.com\/boutique\/boulangerie-et-patisserie\/boulangerie\/faconneuse\/faconneuse-horizontale\/faconneuse-modele-sottoriva-500-par-golden-mix-italie\/","url":"https:\/\/italiamachines.com\/boutique\/boulangerie-et-patisserie\/boulangerie\/faconneuse\/faconneuse-horizontale\/faconneuse-modele-sottoriva-500-par-golden-mix-italie\/","name":"Fa\u00e7onneuse mod\u00e8le Sottoriva - par Aldegheri Forni | Golden Mix | MFitaly | Italia Machines","isPartOf":{"@id":"https:\/\/italiamachines.com\/#website"},"primaryImageOfPage":{"@id":"https:\/\/italiamachines.com\/boutique\/boulangerie-et-patisserie\/boulangerie\/faconneuse\/faconneuse-horizontale\/faconneuse-modele-sottoriva-500-par-golden-mix-italie\/#primaryimage"},"image":{"@id":"https:\/\/italiamachines.com\/boutique\/boulangerie-et-patisserie\/boulangerie\/faconneuse\/faconneuse-horizontale\/faconneuse-modele-sottoriva-500-par-golden-mix-italie\/#primaryimage"},"thumbnailUrl":"https:\/\/italiamachines.com\/wp-content\/uploads\/2023\/07\/F2CE500-1.png","datePublished":"2023-07-30T03:53:45+00:00","dateModified":"2025-04-20T16:18:37+00:00","breadcrumb":{"@id":"https:\/\/italiamachines.com\/boutique\/boulangerie-et-patisserie\/boulangerie\/faconneuse\/faconneuse-horizontale\/faconneuse-modele-sottoriva-500-par-golden-mix-italie\/#breadcrumb"},"inLanguage":"fr-FR","potentialAction":[{"@type":"ReadAction","target":["https:\/\/italiamachines.com\/boutique\/boulangerie-et-patisserie\/boulangerie\/faconneuse\/faconneuse-horizontale\/faconneuse-modele-sottoriva-500-par-golden-mix-italie\/"]}]},{"@type":"ImageObject","inLanguage":"fr-FR","@id":"https:\/\/italiamachines.com\/boutique\/boulangerie-et-patisserie\/boulangerie\/faconneuse\/faconneuse-horizontale\/faconneuse-modele-sottoriva-500-par-golden-mix-italie\/#primaryimage","url":"https:\/\/italiamachines.com\/wp-content\/uploads\/2023\/07\/F2CE500-1.png","contentUrl":"https:\/\/italiamachines.com\/wp-content\/uploads\/2023\/07\/F2CE500-1.png","width":1461,"height":1211},{"@type":"BreadcrumbList","@id":"https:\/\/italiamachines.com\/boutique\/boulangerie-et-patisserie\/boulangerie\/faconneuse\/faconneuse-horizontale\/faconneuse-modele-sottoriva-500-par-golden-mix-italie\/#breadcrumb","itemListElement":[{"@type":"ListItem","position":1,"name":"Accueil","item":"https:\/\/italiamachines.com\/fr_fr\/"},{"@type":"ListItem","position":2,"name":"Boutique","item":"https:\/\/italiamachines.com\/boutique\/"},{"@type":"ListItem","position":3,"name":"Fa\u00e7onneuse mod\u00e8le Sottoriva &#8211; par Aldegheri Forni | Golden Mix | MFitaly"}]},{"@type":"WebSite","@id":"https:\/\/italiamachines.com\/#website","url":"https:\/\/italiamachines.com\/","name":"Italia Machines","description":"L&#039;art de l&#039;\u00e9quipement HORECA","publisher":{"@id":"https:\/\/italiamachines.com\/#organization"},"potentialAction":[{"@type":"SearchAction","target":{"@type":"EntryPoint","urlTemplate":"https:\/\/italiamachines.com\/?s={search_term_string}"},"query-input":{"@type":"PropertyValueSpecification","valueRequired":true,"valueName":"search_term_string"}}],"inLanguage":"fr-FR"},{"@type":"Organization","@id":"https:\/\/italiamachines.com\/#organization","name":"italiamachines","url":"https:\/\/italiamachines.com\/","logo":{"@type":"ImageObject","inLanguage":"fr-FR","@id":"https:\/\/italiamachines.com\/#\/schema\/logo\/image\/","url":"https:\/\/italiamachines.com\/wp-content\/uploads\/2023\/08\/logo-web-1.png","contentUrl":"https:\/\/italiamachines.com\/wp-content\/uploads\/2023\/08\/logo-web-1.png","width":977,"height":254,"caption":"italiamachines"},"image":{"@id":"https:\/\/italiamachines.com\/#\/schema\/logo\/image\/"},"sameAs":["https:\/\/web.facebook.com\/italiamachines\/","https:\/\/www.instagram.com\/italia.machines\/"]}]}},"_links":{"self":[{"href":"https:\/\/italiamachines.com\/fr_fr\/wp-json\/wp\/v2\/product\/4854","targetHints":{"allow":["GET"]}}],"collection":[{"href":"https:\/\/italiamachines.com\/fr_fr\/wp-json\/wp\/v2\/product"}],"about":[{"href":"https:\/\/italiamachines.com\/fr_fr\/wp-json\/wp\/v2\/types\/product"}],"replies":[{"embeddable":true,"href":"https:\/\/italiamachines.com\/fr_fr\/wp-json\/wp\/v2\/comments?post=4854"}],"wp:featuredmedia":[{"embeddable":true,"href":"https:\/\/italiamachines.com\/fr_fr\/wp-json\/wp\/v2\/media\/4853"}],"wp:attachment":[{"href":"https:\/\/italiamachines.com\/fr_fr\/wp-json\/wp\/v2\/media?parent=4854"}],"wp:term":[{"taxonomy":"product_cat","embeddable":true,"href":"https:\/\/italiamachines.com\/fr_fr\/wp-json\/wp\/v2\/product_cat?post=4854"},{"taxonomy":"product_tag","embeddable":true,"href":"https:\/\/italiamachines.com\/fr_fr\/wp-json\/wp\/v2\/product_tag?post=4854"}],"curies":[{"name":"wp","href":"https:\/\/api.w.org\/{rel}","templated":true}]}}