{"id":4860,"date":"2023-07-30T03:54:22","date_gmt":"2023-07-30T03:54:22","guid":{"rendered":"https:\/\/prod.italiamachines.com\/product\/armoire-de-fermentation-fc900bt-en-acier-inox-par-infrico-espagne\/"},"modified":"2024-09-18T23:49:51","modified_gmt":"2024-09-18T21:49:51","slug":"armoire-de-fermentation-fc900bt-en-acier-inox-par-infrico-espagne","status":"publish","type":"product","link":"https:\/\/italiamachines.com\/fr_fr\/boutique\/boulangerie-et-patisserie\/boulangerie\/fermentation-boulangerie\/armoire-de-fermentation\/armoire-de-fermentation-fc900bt-en-acier-inox-par-infrico-espagne\/","title":{"rendered":"Armoire de fermentation FC900BT en acier inoxydable par Infrico"},"content":{"rendered":"<p>Syst\u00e8me de refroidissement monobloc.<br \/>\nNouvelle commande tactile avec<br \/>\nprogrammes automatiques \u00e0 7 phases.<br \/>\nPossibilit\u00e9 de m\u00e9moriser jusqu\u00b4\u00e0 10<br \/>\nprogrammes.<br \/>\nUSB.<br \/>\nHumidificateur.<\/p>\n<p>Temp\u00e9rature : -18\/+35\u00b0C<br \/>\nDimensions : 756 x 960 x 2130<br \/>\nMat\u00e9riau: Acier inoxydable AISI 304<br \/>\n\u00c9paisseur (mm): 75<br \/>\nCapacit\u00e9 (L): 785<br \/>\nPortes: 1<br \/>\nSyst\u00e8me de refroidissement: Oui<br \/>\nContr\u00f4le num\u00e9rique: Oui<br \/>\nPuissance (W): 2985<br \/>\nPuissance frigorifique: 1.247<br \/>\nAlimentation \u00e9lectrique (V\/PH\/HZ): 230V \/ 1 \/ 50 Hz<\/p>\n","protected":false},"excerpt":{"rendered":"<p>Syst\u00e8me de refroidissement monobloc. Nouvelle commande tactile avec programmes automatiques \u00e0 7 phases. Possibilit\u00e9 de m\u00e9moriser jusqu\u00b4\u00e0 10 programmes. USB. Humidificateur. Temp\u00e9rature : -18\/+35\u00b0C Dimensions : 756 x 960 x 2130 Mat\u00e9riau: Acier inoxydable AISI 304 \u00c9paisseur (mm): 75 Capacit\u00e9 (L): 785 Portes: 1 Syst\u00e8me de refroidissement: Oui Contr\u00f4le num\u00e9rique: Oui Puissance (W): 2985 Puissance&hellip;<\/p>\n","protected":false},"featured_media":4859,"comment_status":"open","ping_status":"closed","template":"","meta":[],"product_cat":[248,154,184,186,97],"product_tag":[],"class_list":{"0":"post-4860","1":"product","2":"type-product","3":"status-publish","4":"has-post-thumbnail","6":"product_cat-armoire-de-fermentation","7":"product_cat-boulangerie","8":"product_cat-fermentation-boulangerie","9":"product_cat-fermentation-pour-patisserie","10":"product_cat-patisserie","12":"first","13":"instock","14":"shipping-taxable","15":"purchasable","16":"product-type-simple","17":"col-xs-6 col-sm-4","18":"col-md-3 col-lg-3","19":"un-4-cols"},"yoast_head":"<!-- This site is optimized with the Yoast SEO plugin v26.6 - https:\/\/yoast.com\/wordpress\/plugins\/seo\/ -->\n<title>Armoire de fermentation FC900BT en acier inoxydable par Infrico | Italia Machines<\/title>\n<meta name=\"robots\" content=\"index, follow, max-snippet:-1, max-image-preview:large, max-video-preview:-1\" \/>\n<link rel=\"canonical\" href=\"https:\/\/italiamachines.com\/fr_fr\/boutique\/boulangerie-et-patisserie\/boulangerie\/fermentation-boulangerie\/armoire-de-fermentation\/armoire-de-fermentation-fc900bt-en-acier-inox-par-infrico-espagne\/\" \/>\n<meta property=\"og:locale\" content=\"fr_FR\" \/>\n<meta property=\"og:type\" content=\"article\" \/>\n<meta property=\"og:title\" content=\"Armoire de fermentation FC900BT en acier inoxydable par Infrico | Italia Machines\" \/>\n<meta property=\"og:description\" content=\"Syst\u00e8me de refroidissement monobloc. Nouvelle commande tactile avec programmes automatiques \u00e0 7 phases. Possibilit\u00e9 de m\u00e9moriser jusqu\u00b4\u00e0 10 programmes. USB. Humidificateur. Temp\u00e9rature : -18\/+35\u00b0C Dimensions : 756 x 960 x 2130 Mat\u00e9riau: Acier inoxydable AISI 304 \u00c9paisseur (mm): 75 Capacit\u00e9 (L): 785 Portes: 1 Syst\u00e8me de refroidissement: Oui Contr\u00f4le num\u00e9rique: Oui Puissance (W): 2985 Puissance&hellip;\" \/>\n<meta property=\"og:url\" content=\"https:\/\/italiamachines.com\/fr_fr\/boutique\/boulangerie-et-patisserie\/boulangerie\/fermentation-boulangerie\/armoire-de-fermentation\/armoire-de-fermentation-fc900bt-en-acier-inox-par-infrico-espagne\/\" \/>\n<meta property=\"og:site_name\" content=\"Italia Machines\" \/>\n<meta property=\"article:publisher\" content=\"https:\/\/web.facebook.com\/italiamachines\/\" \/>\n<meta property=\"article:modified_time\" content=\"2024-09-18T21:49:51+00:00\" \/>\n<meta property=\"og:image\" content=\"https:\/\/italiamachines.com\/wp-content\/uploads\/2023\/07\/FC900BT-1.jpeg\" \/>\n\t<meta property=\"og:image:width\" content=\"1000\" \/>\n\t<meta property=\"og:image:height\" content=\"1000\" \/>\n\t<meta property=\"og:image:type\" content=\"image\/jpeg\" \/>\n<meta name=\"twitter:card\" content=\"summary_large_image\" \/>\n<meta name=\"twitter:label1\" content=\"Dur\u00e9e de lecture estim\u00e9e\" \/>\n\t<meta name=\"twitter:data1\" content=\"1 minute\" \/>\n<script type=\"application\/ld+json\" class=\"yoast-schema-graph\">{\"@context\":\"https:\/\/schema.org\",\"@graph\":[{\"@type\":\"WebPage\",\"@id\":\"https:\/\/italiamachines.com\/boutique\/boulangerie-et-patisserie\/boulangerie\/fermentation-boulangerie\/armoire-de-fermentation\/armoire-de-fermentation-fc900bt-en-acier-inox-par-infrico-espagne\/\",\"url\":\"https:\/\/italiamachines.com\/boutique\/boulangerie-et-patisserie\/boulangerie\/fermentation-boulangerie\/armoire-de-fermentation\/armoire-de-fermentation-fc900bt-en-acier-inox-par-infrico-espagne\/\",\"name\":\"Armoire de fermentation FC900BT en acier inoxydable par Infrico | Italia Machines\",\"isPartOf\":{\"@id\":\"https:\/\/italiamachines.com\/#website\"},\"primaryImageOfPage\":{\"@id\":\"https:\/\/italiamachines.com\/boutique\/boulangerie-et-patisserie\/boulangerie\/fermentation-boulangerie\/armoire-de-fermentation\/armoire-de-fermentation-fc900bt-en-acier-inox-par-infrico-espagne\/#primaryimage\"},\"image\":{\"@id\":\"https:\/\/italiamachines.com\/boutique\/boulangerie-et-patisserie\/boulangerie\/fermentation-boulangerie\/armoire-de-fermentation\/armoire-de-fermentation-fc900bt-en-acier-inox-par-infrico-espagne\/#primaryimage\"},\"thumbnailUrl\":\"https:\/\/italiamachines.com\/wp-content\/uploads\/2023\/07\/FC900BT-1.jpeg\",\"datePublished\":\"2023-07-30T03:54:22+00:00\",\"dateModified\":\"2024-09-18T21:49:51+00:00\",\"breadcrumb\":{\"@id\":\"https:\/\/italiamachines.com\/boutique\/boulangerie-et-patisserie\/boulangerie\/fermentation-boulangerie\/armoire-de-fermentation\/armoire-de-fermentation-fc900bt-en-acier-inox-par-infrico-espagne\/#breadcrumb\"},\"inLanguage\":\"fr-FR\",\"potentialAction\":[{\"@type\":\"ReadAction\",\"target\":[\"https:\/\/italiamachines.com\/boutique\/boulangerie-et-patisserie\/boulangerie\/fermentation-boulangerie\/armoire-de-fermentation\/armoire-de-fermentation-fc900bt-en-acier-inox-par-infrico-espagne\/\"]}]},{\"@type\":\"ImageObject\",\"inLanguage\":\"fr-FR\",\"@id\":\"https:\/\/italiamachines.com\/boutique\/boulangerie-et-patisserie\/boulangerie\/fermentation-boulangerie\/armoire-de-fermentation\/armoire-de-fermentation-fc900bt-en-acier-inox-par-infrico-espagne\/#primaryimage\",\"url\":\"https:\/\/italiamachines.com\/wp-content\/uploads\/2023\/07\/FC900BT-1.jpeg\",\"contentUrl\":\"https:\/\/italiamachines.com\/wp-content\/uploads\/2023\/07\/FC900BT-1.jpeg\",\"width\":1000,\"height\":1000},{\"@type\":\"BreadcrumbList\",\"@id\":\"https:\/\/italiamachines.com\/boutique\/boulangerie-et-patisserie\/boulangerie\/fermentation-boulangerie\/armoire-de-fermentation\/armoire-de-fermentation-fc900bt-en-acier-inox-par-infrico-espagne\/#breadcrumb\",\"itemListElement\":[{\"@type\":\"ListItem\",\"position\":1,\"name\":\"Accueil\",\"item\":\"https:\/\/italiamachines.com\/fr_fr\/\"},{\"@type\":\"ListItem\",\"position\":2,\"name\":\"Boutique\",\"item\":\"https:\/\/italiamachines.com\/boutique\/\"},{\"@type\":\"ListItem\",\"position\":3,\"name\":\"Armoire de fermentation FC900BT en acier inoxydable par Infrico\"}]},{\"@type\":\"WebSite\",\"@id\":\"https:\/\/italiamachines.com\/#website\",\"url\":\"https:\/\/italiamachines.com\/\",\"name\":\"Italia Machines\",\"description\":\"L&#039;art de l&#039;\u00e9quipement HORECA\",\"publisher\":{\"@id\":\"https:\/\/italiamachines.com\/#organization\"},\"potentialAction\":[{\"@type\":\"SearchAction\",\"target\":{\"@type\":\"EntryPoint\",\"urlTemplate\":\"https:\/\/italiamachines.com\/?s={search_term_string}\"},\"query-input\":{\"@type\":\"PropertyValueSpecification\",\"valueRequired\":true,\"valueName\":\"search_term_string\"}}],\"inLanguage\":\"fr-FR\"},{\"@type\":\"Organization\",\"@id\":\"https:\/\/italiamachines.com\/#organization\",\"name\":\"italiamachines\",\"url\":\"https:\/\/italiamachines.com\/\",\"logo\":{\"@type\":\"ImageObject\",\"inLanguage\":\"fr-FR\",\"@id\":\"https:\/\/italiamachines.com\/#\/schema\/logo\/image\/\",\"url\":\"https:\/\/italiamachines.com\/wp-content\/uploads\/2023\/08\/logo-web-1.png\",\"contentUrl\":\"https:\/\/italiamachines.com\/wp-content\/uploads\/2023\/08\/logo-web-1.png\",\"width\":977,\"height\":254,\"caption\":\"italiamachines\"},\"image\":{\"@id\":\"https:\/\/italiamachines.com\/#\/schema\/logo\/image\/\"},\"sameAs\":[\"https:\/\/web.facebook.com\/italiamachines\/\",\"https:\/\/www.instagram.com\/italia.machines\/\"]}]}<\/script>\n<!-- \/ Yoast SEO plugin. -->","yoast_head_json":{"title":"Armoire de fermentation FC900BT en acier inoxydable par Infrico | Italia Machines","robots":{"index":"index","follow":"follow","max-snippet":"max-snippet:-1","max-image-preview":"max-image-preview:large","max-video-preview":"max-video-preview:-1"},"canonical":"https:\/\/italiamachines.com\/fr_fr\/boutique\/boulangerie-et-patisserie\/boulangerie\/fermentation-boulangerie\/armoire-de-fermentation\/armoire-de-fermentation-fc900bt-en-acier-inox-par-infrico-espagne\/","og_locale":"fr_FR","og_type":"article","og_title":"Armoire de fermentation FC900BT en acier inoxydable par Infrico | Italia Machines","og_description":"Syst\u00e8me de refroidissement monobloc. Nouvelle commande tactile avec programmes automatiques \u00e0 7 phases. Possibilit\u00e9 de m\u00e9moriser jusqu\u00b4\u00e0 10 programmes. USB. Humidificateur. Temp\u00e9rature : -18\/+35\u00b0C Dimensions : 756 x 960 x 2130 Mat\u00e9riau: Acier inoxydable AISI 304 \u00c9paisseur (mm): 75 Capacit\u00e9 (L): 785 Portes: 1 Syst\u00e8me de refroidissement: Oui Contr\u00f4le num\u00e9rique: Oui Puissance (W): 2985 Puissance&hellip;","og_url":"https:\/\/italiamachines.com\/fr_fr\/boutique\/boulangerie-et-patisserie\/boulangerie\/fermentation-boulangerie\/armoire-de-fermentation\/armoire-de-fermentation-fc900bt-en-acier-inox-par-infrico-espagne\/","og_site_name":"Italia Machines","article_publisher":"https:\/\/web.facebook.com\/italiamachines\/","article_modified_time":"2024-09-18T21:49:51+00:00","og_image":[{"width":1000,"height":1000,"url":"https:\/\/italiamachines.com\/wp-content\/uploads\/2023\/07\/FC900BT-1.jpeg","type":"image\/jpeg"}],"twitter_card":"summary_large_image","twitter_misc":{"Dur\u00e9e de lecture estim\u00e9e":"1 minute"},"schema":{"@context":"https:\/\/schema.org","@graph":[{"@type":"WebPage","@id":"https:\/\/italiamachines.com\/boutique\/boulangerie-et-patisserie\/boulangerie\/fermentation-boulangerie\/armoire-de-fermentation\/armoire-de-fermentation-fc900bt-en-acier-inox-par-infrico-espagne\/","url":"https:\/\/italiamachines.com\/boutique\/boulangerie-et-patisserie\/boulangerie\/fermentation-boulangerie\/armoire-de-fermentation\/armoire-de-fermentation-fc900bt-en-acier-inox-par-infrico-espagne\/","name":"Armoire de fermentation FC900BT en acier inoxydable par Infrico | Italia Machines","isPartOf":{"@id":"https:\/\/italiamachines.com\/#website"},"primaryImageOfPage":{"@id":"https:\/\/italiamachines.com\/boutique\/boulangerie-et-patisserie\/boulangerie\/fermentation-boulangerie\/armoire-de-fermentation\/armoire-de-fermentation-fc900bt-en-acier-inox-par-infrico-espagne\/#primaryimage"},"image":{"@id":"https:\/\/italiamachines.com\/boutique\/boulangerie-et-patisserie\/boulangerie\/fermentation-boulangerie\/armoire-de-fermentation\/armoire-de-fermentation-fc900bt-en-acier-inox-par-infrico-espagne\/#primaryimage"},"thumbnailUrl":"https:\/\/italiamachines.com\/wp-content\/uploads\/2023\/07\/FC900BT-1.jpeg","datePublished":"2023-07-30T03:54:22+00:00","dateModified":"2024-09-18T21:49:51+00:00","breadcrumb":{"@id":"https:\/\/italiamachines.com\/boutique\/boulangerie-et-patisserie\/boulangerie\/fermentation-boulangerie\/armoire-de-fermentation\/armoire-de-fermentation-fc900bt-en-acier-inox-par-infrico-espagne\/#breadcrumb"},"inLanguage":"fr-FR","potentialAction":[{"@type":"ReadAction","target":["https:\/\/italiamachines.com\/boutique\/boulangerie-et-patisserie\/boulangerie\/fermentation-boulangerie\/armoire-de-fermentation\/armoire-de-fermentation-fc900bt-en-acier-inox-par-infrico-espagne\/"]}]},{"@type":"ImageObject","inLanguage":"fr-FR","@id":"https:\/\/italiamachines.com\/boutique\/boulangerie-et-patisserie\/boulangerie\/fermentation-boulangerie\/armoire-de-fermentation\/armoire-de-fermentation-fc900bt-en-acier-inox-par-infrico-espagne\/#primaryimage","url":"https:\/\/italiamachines.com\/wp-content\/uploads\/2023\/07\/FC900BT-1.jpeg","contentUrl":"https:\/\/italiamachines.com\/wp-content\/uploads\/2023\/07\/FC900BT-1.jpeg","width":1000,"height":1000},{"@type":"BreadcrumbList","@id":"https:\/\/italiamachines.com\/boutique\/boulangerie-et-patisserie\/boulangerie\/fermentation-boulangerie\/armoire-de-fermentation\/armoire-de-fermentation-fc900bt-en-acier-inox-par-infrico-espagne\/#breadcrumb","itemListElement":[{"@type":"ListItem","position":1,"name":"Accueil","item":"https:\/\/italiamachines.com\/fr_fr\/"},{"@type":"ListItem","position":2,"name":"Boutique","item":"https:\/\/italiamachines.com\/boutique\/"},{"@type":"ListItem","position":3,"name":"Armoire de fermentation FC900BT en acier inoxydable par Infrico"}]},{"@type":"WebSite","@id":"https:\/\/italiamachines.com\/#website","url":"https:\/\/italiamachines.com\/","name":"Italia Machines","description":"L&#039;art de l&#039;\u00e9quipement HORECA","publisher":{"@id":"https:\/\/italiamachines.com\/#organization"},"potentialAction":[{"@type":"SearchAction","target":{"@type":"EntryPoint","urlTemplate":"https:\/\/italiamachines.com\/?s={search_term_string}"},"query-input":{"@type":"PropertyValueSpecification","valueRequired":true,"valueName":"search_term_string"}}],"inLanguage":"fr-FR"},{"@type":"Organization","@id":"https:\/\/italiamachines.com\/#organization","name":"italiamachines","url":"https:\/\/italiamachines.com\/","logo":{"@type":"ImageObject","inLanguage":"fr-FR","@id":"https:\/\/italiamachines.com\/#\/schema\/logo\/image\/","url":"https:\/\/italiamachines.com\/wp-content\/uploads\/2023\/08\/logo-web-1.png","contentUrl":"https:\/\/italiamachines.com\/wp-content\/uploads\/2023\/08\/logo-web-1.png","width":977,"height":254,"caption":"italiamachines"},"image":{"@id":"https:\/\/italiamachines.com\/#\/schema\/logo\/image\/"},"sameAs":["https:\/\/web.facebook.com\/italiamachines\/","https:\/\/www.instagram.com\/italia.machines\/"]}]}},"_links":{"self":[{"href":"https:\/\/italiamachines.com\/fr_fr\/wp-json\/wp\/v2\/product\/4860","targetHints":{"allow":["GET"]}}],"collection":[{"href":"https:\/\/italiamachines.com\/fr_fr\/wp-json\/wp\/v2\/product"}],"about":[{"href":"https:\/\/italiamachines.com\/fr_fr\/wp-json\/wp\/v2\/types\/product"}],"replies":[{"embeddable":true,"href":"https:\/\/italiamachines.com\/fr_fr\/wp-json\/wp\/v2\/comments?post=4860"}],"wp:featuredmedia":[{"embeddable":true,"href":"https:\/\/italiamachines.com\/fr_fr\/wp-json\/wp\/v2\/media\/4859"}],"wp:attachment":[{"href":"https:\/\/italiamachines.com\/fr_fr\/wp-json\/wp\/v2\/media?parent=4860"}],"wp:term":[{"taxonomy":"product_cat","embeddable":true,"href":"https:\/\/italiamachines.com\/fr_fr\/wp-json\/wp\/v2\/product_cat?post=4860"},{"taxonomy":"product_tag","embeddable":true,"href":"https:\/\/italiamachines.com\/fr_fr\/wp-json\/wp\/v2\/product_tag?post=4860"}],"curies":[{"name":"wp","href":"https:\/\/api.w.org\/{rel}","templated":true}]}}