{"id":4876,"date":"2023-07-30T03:56:05","date_gmt":"2023-07-30T03:56:05","guid":{"rendered":"https:\/\/prod.italiamachines.com\/product\/arriere-comptoir-infrico-fmpp-1500cr-forme-haute-en-acier-inox-plan-de-travail-avec-dosseret-de-10cm\/"},"modified":"2024-09-22T00:29:54","modified_gmt":"2024-09-21T22:29:54","slug":"arriere-comptoir-infrico-fmpp-1500cr-forme-haute-en-acier-inox-plan-de-travail-avec-dosseret-de-10cm","status":"publish","type":"product","link":"https:\/\/italiamachines.com\/fr_fr\/boutique\/cafe-glacier-lecheria\/cafe-lecheria\/arriere-comptoir\/arriere-comptoir-infrico-fmpp-1500cr-forme-haute-en-acier-inox-plan-de-travail-avec-dosseret-de-10cm\/","title":{"rendered":"Arri\u00e8re comptoir Infrico FMPP Forme haute en acier inoxydable &#8211; Plan de travail avec dosseret"},"content":{"rendered":"<p>Ext\u00e9rieur et int\u00e9rieur en acier inoxydable AISI 304 de haute qualit\u00e9<br \/>\npieds r\u00e9glables<br \/>\nAugmente base de 100 mm<br \/>\njoint de porte rempla\u00e7able<br \/>\nConduite enti\u00e8rement automatis\u00e9e<br \/>\nContr\u00f4le \u00e9lectronique<br \/>\naffichage num\u00e9rique de la temp\u00e9rature<br \/>\nrefroidissement par ventilateur<br \/>\n\u00e9clairage vertical<br \/>\nmod\u00e8le porte vitr\u00e9e<\/p>\n","protected":false},"excerpt":{"rendered":"<p>Ext\u00e9rieur et int\u00e9rieur en acier inoxydable AISI 304 de haute qualit\u00e9 pieds r\u00e9glables Augmente base de 100 mm joint de porte rempla\u00e7able Conduite enti\u00e8rement automatis\u00e9e Contr\u00f4le \u00e9lectronique affichage num\u00e9rique de la temp\u00e9rature refroidissement par ventilateur \u00e9clairage vertical mod\u00e8le porte vitr\u00e9e<\/p>\n","protected":false},"featured_media":4875,"comment_status":"open","ping_status":"closed","template":"","meta":[],"product_cat":[252,160,65,80],"product_tag":[],"class_list":{"0":"post-4876","1":"product","2":"type-product","3":"status-publish","4":"has-post-thumbnail","6":"product_cat-arriere-comptoir","7":"product_cat-cafe-lecheria","8":"product_cat-cafe-glacier-lecheria","9":"product_cat-glacier-lecheria","11":"first","12":"instock","13":"shipping-taxable","14":"purchasable","15":"product-type-variable","16":"col-xs-6 col-sm-4","17":"col-md-3 col-lg-3","18":"un-4-cols"},"yoast_head":"<!-- This site is optimized with the Yoast SEO plugin v26.6 - https:\/\/yoast.com\/wordpress\/plugins\/seo\/ -->\n<title>Arri\u00e8re comptoir Infrico FMPP Forme haute en acier inoxydable - Plan de travail avec dosseret | Italia Machines<\/title>\n<meta name=\"robots\" content=\"index, follow, max-snippet:-1, max-image-preview:large, max-video-preview:-1\" \/>\n<link rel=\"canonical\" href=\"https:\/\/italiamachines.com\/fr_fr\/boutique\/cafe-glacier-lecheria\/cafe-lecheria\/arriere-comptoir\/arriere-comptoir-infrico-fmpp-1500cr-forme-haute-en-acier-inox-plan-de-travail-avec-dosseret-de-10cm\/\" \/>\n<meta property=\"og:locale\" content=\"fr_FR\" \/>\n<meta property=\"og:type\" content=\"article\" \/>\n<meta property=\"og:title\" content=\"Arri\u00e8re comptoir Infrico FMPP Forme haute en acier inoxydable - Plan de travail avec dosseret | Italia Machines\" \/>\n<meta property=\"og:description\" content=\"Ext\u00e9rieur et int\u00e9rieur en acier inoxydable AISI 304 de haute qualit\u00e9 pieds r\u00e9glables Augmente base de 100 mm joint de porte rempla\u00e7able Conduite enti\u00e8rement automatis\u00e9e Contr\u00f4le \u00e9lectronique affichage num\u00e9rique de la temp\u00e9rature refroidissement par ventilateur \u00e9clairage vertical mod\u00e8le porte vitr\u00e9e\" \/>\n<meta property=\"og:url\" content=\"https:\/\/italiamachines.com\/fr_fr\/boutique\/cafe-glacier-lecheria\/cafe-lecheria\/arriere-comptoir\/arriere-comptoir-infrico-fmpp-1500cr-forme-haute-en-acier-inox-plan-de-travail-avec-dosseret-de-10cm\/\" \/>\n<meta property=\"og:site_name\" content=\"Italia Machines\" \/>\n<meta property=\"article:publisher\" content=\"https:\/\/web.facebook.com\/italiamachines\/\" \/>\n<meta property=\"article:modified_time\" content=\"2024-09-21T22:29:54+00:00\" \/>\n<meta property=\"og:image\" content=\"https:\/\/italiamachines.com\/wp-content\/uploads\/2023\/07\/FMPP1500CR.png\" \/>\n\t<meta property=\"og:image:width\" content=\"1256\" \/>\n\t<meta property=\"og:image:height\" content=\"1208\" \/>\n\t<meta property=\"og:image:type\" content=\"image\/png\" \/>\n<meta name=\"twitter:card\" content=\"summary_large_image\" \/>\n<meta name=\"twitter:label1\" content=\"Dur\u00e9e de lecture estim\u00e9e\" \/>\n\t<meta name=\"twitter:data1\" content=\"1 minute\" \/>\n<script type=\"application\/ld+json\" class=\"yoast-schema-graph\">{\"@context\":\"https:\/\/schema.org\",\"@graph\":[{\"@type\":\"WebPage\",\"@id\":\"https:\/\/italiamachines.com\/boutique\/cafe-glacier-lecheria\/cafe-lecheria\/arriere-comptoir\/arriere-comptoir-infrico-fmpp-1500cr-forme-haute-en-acier-inox-plan-de-travail-avec-dosseret-de-10cm\/\",\"url\":\"https:\/\/italiamachines.com\/boutique\/cafe-glacier-lecheria\/cafe-lecheria\/arriere-comptoir\/arriere-comptoir-infrico-fmpp-1500cr-forme-haute-en-acier-inox-plan-de-travail-avec-dosseret-de-10cm\/\",\"name\":\"Arri\u00e8re comptoir Infrico FMPP Forme haute en acier inoxydable - Plan de travail avec dosseret | Italia Machines\",\"isPartOf\":{\"@id\":\"https:\/\/italiamachines.com\/#website\"},\"primaryImageOfPage\":{\"@id\":\"https:\/\/italiamachines.com\/boutique\/cafe-glacier-lecheria\/cafe-lecheria\/arriere-comptoir\/arriere-comptoir-infrico-fmpp-1500cr-forme-haute-en-acier-inox-plan-de-travail-avec-dosseret-de-10cm\/#primaryimage\"},\"image\":{\"@id\":\"https:\/\/italiamachines.com\/boutique\/cafe-glacier-lecheria\/cafe-lecheria\/arriere-comptoir\/arriere-comptoir-infrico-fmpp-1500cr-forme-haute-en-acier-inox-plan-de-travail-avec-dosseret-de-10cm\/#primaryimage\"},\"thumbnailUrl\":\"https:\/\/italiamachines.com\/wp-content\/uploads\/2023\/07\/FMPP1500CR.png\",\"datePublished\":\"2023-07-30T03:56:05+00:00\",\"dateModified\":\"2024-09-21T22:29:54+00:00\",\"breadcrumb\":{\"@id\":\"https:\/\/italiamachines.com\/boutique\/cafe-glacier-lecheria\/cafe-lecheria\/arriere-comptoir\/arriere-comptoir-infrico-fmpp-1500cr-forme-haute-en-acier-inox-plan-de-travail-avec-dosseret-de-10cm\/#breadcrumb\"},\"inLanguage\":\"fr-FR\",\"potentialAction\":[{\"@type\":\"ReadAction\",\"target\":[\"https:\/\/italiamachines.com\/boutique\/cafe-glacier-lecheria\/cafe-lecheria\/arriere-comptoir\/arriere-comptoir-infrico-fmpp-1500cr-forme-haute-en-acier-inox-plan-de-travail-avec-dosseret-de-10cm\/\"]}]},{\"@type\":\"ImageObject\",\"inLanguage\":\"fr-FR\",\"@id\":\"https:\/\/italiamachines.com\/boutique\/cafe-glacier-lecheria\/cafe-lecheria\/arriere-comptoir\/arriere-comptoir-infrico-fmpp-1500cr-forme-haute-en-acier-inox-plan-de-travail-avec-dosseret-de-10cm\/#primaryimage\",\"url\":\"https:\/\/italiamachines.com\/wp-content\/uploads\/2023\/07\/FMPP1500CR.png\",\"contentUrl\":\"https:\/\/italiamachines.com\/wp-content\/uploads\/2023\/07\/FMPP1500CR.png\",\"width\":1256,\"height\":1208},{\"@type\":\"BreadcrumbList\",\"@id\":\"https:\/\/italiamachines.com\/boutique\/cafe-glacier-lecheria\/cafe-lecheria\/arriere-comptoir\/arriere-comptoir-infrico-fmpp-1500cr-forme-haute-en-acier-inox-plan-de-travail-avec-dosseret-de-10cm\/#breadcrumb\",\"itemListElement\":[{\"@type\":\"ListItem\",\"position\":1,\"name\":\"Accueil\",\"item\":\"https:\/\/italiamachines.com\/fr_fr\/\"},{\"@type\":\"ListItem\",\"position\":2,\"name\":\"Boutique\",\"item\":\"https:\/\/italiamachines.com\/boutique\/\"},{\"@type\":\"ListItem\",\"position\":3,\"name\":\"Arri\u00e8re comptoir Infrico FMPP Forme haute en acier inoxydable &#8211; Plan de travail avec dosseret\"}]},{\"@type\":\"WebSite\",\"@id\":\"https:\/\/italiamachines.com\/#website\",\"url\":\"https:\/\/italiamachines.com\/\",\"name\":\"Italia Machines\",\"description\":\"L&#039;art de l&#039;\u00e9quipement HORECA\",\"publisher\":{\"@id\":\"https:\/\/italiamachines.com\/#organization\"},\"potentialAction\":[{\"@type\":\"SearchAction\",\"target\":{\"@type\":\"EntryPoint\",\"urlTemplate\":\"https:\/\/italiamachines.com\/?s={search_term_string}\"},\"query-input\":{\"@type\":\"PropertyValueSpecification\",\"valueRequired\":true,\"valueName\":\"search_term_string\"}}],\"inLanguage\":\"fr-FR\"},{\"@type\":\"Organization\",\"@id\":\"https:\/\/italiamachines.com\/#organization\",\"name\":\"italiamachines\",\"url\":\"https:\/\/italiamachines.com\/\",\"logo\":{\"@type\":\"ImageObject\",\"inLanguage\":\"fr-FR\",\"@id\":\"https:\/\/italiamachines.com\/#\/schema\/logo\/image\/\",\"url\":\"https:\/\/italiamachines.com\/wp-content\/uploads\/2023\/08\/logo-web-1.png\",\"contentUrl\":\"https:\/\/italiamachines.com\/wp-content\/uploads\/2023\/08\/logo-web-1.png\",\"width\":977,\"height\":254,\"caption\":\"italiamachines\"},\"image\":{\"@id\":\"https:\/\/italiamachines.com\/#\/schema\/logo\/image\/\"},\"sameAs\":[\"https:\/\/web.facebook.com\/italiamachines\/\",\"https:\/\/www.instagram.com\/italia.machines\/\"]}]}<\/script>\n<!-- \/ Yoast SEO plugin. -->","yoast_head_json":{"title":"Arri\u00e8re comptoir Infrico FMPP Forme haute en acier inoxydable - Plan de travail avec dosseret | Italia Machines","robots":{"index":"index","follow":"follow","max-snippet":"max-snippet:-1","max-image-preview":"max-image-preview:large","max-video-preview":"max-video-preview:-1"},"canonical":"https:\/\/italiamachines.com\/fr_fr\/boutique\/cafe-glacier-lecheria\/cafe-lecheria\/arriere-comptoir\/arriere-comptoir-infrico-fmpp-1500cr-forme-haute-en-acier-inox-plan-de-travail-avec-dosseret-de-10cm\/","og_locale":"fr_FR","og_type":"article","og_title":"Arri\u00e8re comptoir Infrico FMPP Forme haute en acier inoxydable - Plan de travail avec dosseret | Italia Machines","og_description":"Ext\u00e9rieur et int\u00e9rieur en acier inoxydable AISI 304 de haute qualit\u00e9 pieds r\u00e9glables Augmente base de 100 mm joint de porte rempla\u00e7able Conduite enti\u00e8rement automatis\u00e9e Contr\u00f4le \u00e9lectronique affichage num\u00e9rique de la temp\u00e9rature refroidissement par ventilateur \u00e9clairage vertical mod\u00e8le porte vitr\u00e9e","og_url":"https:\/\/italiamachines.com\/fr_fr\/boutique\/cafe-glacier-lecheria\/cafe-lecheria\/arriere-comptoir\/arriere-comptoir-infrico-fmpp-1500cr-forme-haute-en-acier-inox-plan-de-travail-avec-dosseret-de-10cm\/","og_site_name":"Italia Machines","article_publisher":"https:\/\/web.facebook.com\/italiamachines\/","article_modified_time":"2024-09-21T22:29:54+00:00","og_image":[{"width":1256,"height":1208,"url":"https:\/\/italiamachines.com\/wp-content\/uploads\/2023\/07\/FMPP1500CR.png","type":"image\/png"}],"twitter_card":"summary_large_image","twitter_misc":{"Dur\u00e9e de lecture estim\u00e9e":"1 minute"},"schema":{"@context":"https:\/\/schema.org","@graph":[{"@type":"WebPage","@id":"https:\/\/italiamachines.com\/boutique\/cafe-glacier-lecheria\/cafe-lecheria\/arriere-comptoir\/arriere-comptoir-infrico-fmpp-1500cr-forme-haute-en-acier-inox-plan-de-travail-avec-dosseret-de-10cm\/","url":"https:\/\/italiamachines.com\/boutique\/cafe-glacier-lecheria\/cafe-lecheria\/arriere-comptoir\/arriere-comptoir-infrico-fmpp-1500cr-forme-haute-en-acier-inox-plan-de-travail-avec-dosseret-de-10cm\/","name":"Arri\u00e8re comptoir Infrico FMPP Forme haute en acier inoxydable - Plan de travail avec dosseret | Italia Machines","isPartOf":{"@id":"https:\/\/italiamachines.com\/#website"},"primaryImageOfPage":{"@id":"https:\/\/italiamachines.com\/boutique\/cafe-glacier-lecheria\/cafe-lecheria\/arriere-comptoir\/arriere-comptoir-infrico-fmpp-1500cr-forme-haute-en-acier-inox-plan-de-travail-avec-dosseret-de-10cm\/#primaryimage"},"image":{"@id":"https:\/\/italiamachines.com\/boutique\/cafe-glacier-lecheria\/cafe-lecheria\/arriere-comptoir\/arriere-comptoir-infrico-fmpp-1500cr-forme-haute-en-acier-inox-plan-de-travail-avec-dosseret-de-10cm\/#primaryimage"},"thumbnailUrl":"https:\/\/italiamachines.com\/wp-content\/uploads\/2023\/07\/FMPP1500CR.png","datePublished":"2023-07-30T03:56:05+00:00","dateModified":"2024-09-21T22:29:54+00:00","breadcrumb":{"@id":"https:\/\/italiamachines.com\/boutique\/cafe-glacier-lecheria\/cafe-lecheria\/arriere-comptoir\/arriere-comptoir-infrico-fmpp-1500cr-forme-haute-en-acier-inox-plan-de-travail-avec-dosseret-de-10cm\/#breadcrumb"},"inLanguage":"fr-FR","potentialAction":[{"@type":"ReadAction","target":["https:\/\/italiamachines.com\/boutique\/cafe-glacier-lecheria\/cafe-lecheria\/arriere-comptoir\/arriere-comptoir-infrico-fmpp-1500cr-forme-haute-en-acier-inox-plan-de-travail-avec-dosseret-de-10cm\/"]}]},{"@type":"ImageObject","inLanguage":"fr-FR","@id":"https:\/\/italiamachines.com\/boutique\/cafe-glacier-lecheria\/cafe-lecheria\/arriere-comptoir\/arriere-comptoir-infrico-fmpp-1500cr-forme-haute-en-acier-inox-plan-de-travail-avec-dosseret-de-10cm\/#primaryimage","url":"https:\/\/italiamachines.com\/wp-content\/uploads\/2023\/07\/FMPP1500CR.png","contentUrl":"https:\/\/italiamachines.com\/wp-content\/uploads\/2023\/07\/FMPP1500CR.png","width":1256,"height":1208},{"@type":"BreadcrumbList","@id":"https:\/\/italiamachines.com\/boutique\/cafe-glacier-lecheria\/cafe-lecheria\/arriere-comptoir\/arriere-comptoir-infrico-fmpp-1500cr-forme-haute-en-acier-inox-plan-de-travail-avec-dosseret-de-10cm\/#breadcrumb","itemListElement":[{"@type":"ListItem","position":1,"name":"Accueil","item":"https:\/\/italiamachines.com\/fr_fr\/"},{"@type":"ListItem","position":2,"name":"Boutique","item":"https:\/\/italiamachines.com\/boutique\/"},{"@type":"ListItem","position":3,"name":"Arri\u00e8re comptoir Infrico FMPP Forme haute en acier inoxydable &#8211; Plan de travail avec dosseret"}]},{"@type":"WebSite","@id":"https:\/\/italiamachines.com\/#website","url":"https:\/\/italiamachines.com\/","name":"Italia Machines","description":"L&#039;art de l&#039;\u00e9quipement HORECA","publisher":{"@id":"https:\/\/italiamachines.com\/#organization"},"potentialAction":[{"@type":"SearchAction","target":{"@type":"EntryPoint","urlTemplate":"https:\/\/italiamachines.com\/?s={search_term_string}"},"query-input":{"@type":"PropertyValueSpecification","valueRequired":true,"valueName":"search_term_string"}}],"inLanguage":"fr-FR"},{"@type":"Organization","@id":"https:\/\/italiamachines.com\/#organization","name":"italiamachines","url":"https:\/\/italiamachines.com\/","logo":{"@type":"ImageObject","inLanguage":"fr-FR","@id":"https:\/\/italiamachines.com\/#\/schema\/logo\/image\/","url":"https:\/\/italiamachines.com\/wp-content\/uploads\/2023\/08\/logo-web-1.png","contentUrl":"https:\/\/italiamachines.com\/wp-content\/uploads\/2023\/08\/logo-web-1.png","width":977,"height":254,"caption":"italiamachines"},"image":{"@id":"https:\/\/italiamachines.com\/#\/schema\/logo\/image\/"},"sameAs":["https:\/\/web.facebook.com\/italiamachines\/","https:\/\/www.instagram.com\/italia.machines\/"]}]}},"_links":{"self":[{"href":"https:\/\/italiamachines.com\/fr_fr\/wp-json\/wp\/v2\/product\/4876","targetHints":{"allow":["GET"]}}],"collection":[{"href":"https:\/\/italiamachines.com\/fr_fr\/wp-json\/wp\/v2\/product"}],"about":[{"href":"https:\/\/italiamachines.com\/fr_fr\/wp-json\/wp\/v2\/types\/product"}],"replies":[{"embeddable":true,"href":"https:\/\/italiamachines.com\/fr_fr\/wp-json\/wp\/v2\/comments?post=4876"}],"wp:featuredmedia":[{"embeddable":true,"href":"https:\/\/italiamachines.com\/fr_fr\/wp-json\/wp\/v2\/media\/4875"}],"wp:attachment":[{"href":"https:\/\/italiamachines.com\/fr_fr\/wp-json\/wp\/v2\/media?parent=4876"}],"wp:term":[{"taxonomy":"product_cat","embeddable":true,"href":"https:\/\/italiamachines.com\/fr_fr\/wp-json\/wp\/v2\/product_cat?post=4876"},{"taxonomy":"product_tag","embeddable":true,"href":"https:\/\/italiamachines.com\/fr_fr\/wp-json\/wp\/v2\/product_tag?post=4876"}],"curies":[{"name":"wp","href":"https:\/\/api.w.org\/{rel}","templated":true}]}}