{"id":4934,"date":"2023-07-30T04:01:31","date_gmt":"2023-07-30T04:01:31","guid":{"rendered":"https:\/\/prod.italiamachines.com\/product\/hachoir-a-viande-32-chassis-exterieur-en-alliage-daluminium-parties-internes-demontables-rassurantes-le-nettoyage-et-lentretien-moteur-ventile-a-220v-par-italmans\/"},"modified":"2024-09-28T22:07:52","modified_gmt":"2024-09-28T20:07:52","slug":"hachoir-a-viande-32-chassis-exterieur-en-alliage-daluminium-parties-internes-demontables-rassurantes-le-nettoyage-et-lentretien-moteur-ventile-a-220v-par-italmans","status":"publish","type":"product","link":"https:\/\/italiamachines.com\/fr_fr\/boutique\/boucherie\/hachoir-a-viandes\/hachoir-a-viande-32-chassis-exterieur-en-alliage-daluminium-parties-internes-demontables-rassurantes-le-nettoyage-et-lentretien-moteur-ventile-a-220v-par-italmans\/","title":{"rendered":"Hachoir \u00e0 viande 32 &#8211; moteur ventil\u00e9 220V &#8211; par Italmans"},"content":{"rendered":"<p>Alimentation: 1800W<br \/>\nTension: 220V<br \/>\nFr\u00e9quence: 50\/60 Hz<br \/>\nPuissance: 43<br \/>\nPoids: 48KG<br \/>\nAvec 2 Lames SS ronde(6mm, 8mm)\u00a0Et\u00a0les couteaux 2 SS<br \/>\nCapacit\u00e9: 350kg\/770lb par Heure<br \/>\nVitesse de lame: 172r\/min<br \/>\nDimensions: 600x420x520mm<br \/>\nTous\u00a0en Acier inoxydable\u00a0 Y compris le logement<br \/>\nParties internes d\u00e9montables rassurantes le nettoyage et l&rsquo;entretien<\/p>\n","protected":false},"excerpt":{"rendered":"<p>Alimentation: 1800W Tension: 220V Fr\u00e9quence: 50\/60 Hz Puissance: 43 Poids: 48KG Avec 2 Lames SS ronde(6mm, 8mm)\u00a0Et\u00a0les couteaux 2 SS Capacit\u00e9: 350kg\/770lb par Heure Vitesse de lame: 172r\/min Dimensions: 600x420x520mm Tous\u00a0en Acier inoxydable\u00a0 Y compris le logement Parties internes d\u00e9montables rassurantes le nettoyage et l&rsquo;entretien<\/p>\n","protected":false},"featured_media":4933,"comment_status":"closed","ping_status":"closed","template":"","meta":[],"product_cat":[63,81],"product_tag":[],"class_list":{"0":"post-4934","1":"product","2":"type-product","3":"status-publish","4":"has-post-thumbnail","6":"product_cat-boucherie","7":"product_cat-hachoir-a-viandes","9":"first","10":"instock","11":"shipping-taxable","12":"purchasable","13":"product-type-simple","14":"col-xs-6 col-sm-4","15":"col-md-3 col-lg-3","16":"un-4-cols"},"yoast_head":"<!-- This site is optimized with the Yoast SEO plugin v26.6 - https:\/\/yoast.com\/wordpress\/plugins\/seo\/ -->\n<title>Hachoir \u00e0 viande 32 - moteur ventil\u00e9 220V - par Italmans | Italia Machines<\/title>\n<meta name=\"robots\" content=\"index, follow, max-snippet:-1, max-image-preview:large, max-video-preview:-1\" \/>\n<link rel=\"canonical\" href=\"https:\/\/italiamachines.com\/fr_fr\/boutique\/boucherie\/hachoir-a-viandes\/hachoir-a-viande-32-chassis-exterieur-en-alliage-daluminium-parties-internes-demontables-rassurantes-le-nettoyage-et-lentretien-moteur-ventile-a-220v-par-italmans\/\" \/>\n<meta property=\"og:locale\" content=\"fr_FR\" \/>\n<meta property=\"og:type\" content=\"article\" \/>\n<meta property=\"og:title\" content=\"Hachoir \u00e0 viande 32 - moteur ventil\u00e9 220V - par Italmans | Italia Machines\" \/>\n<meta property=\"og:description\" content=\"Alimentation: 1800W Tension: 220V Fr\u00e9quence: 50\/60 Hz Puissance: 43 Poids: 48KG Avec 2 Lames SS ronde(6mm, 8mm)\u00a0Et\u00a0les couteaux 2 SS Capacit\u00e9: 350kg\/770lb par Heure Vitesse de lame: 172r\/min Dimensions: 600x420x520mm Tous\u00a0en Acier inoxydable\u00a0 Y compris le logement Parties internes d\u00e9montables rassurantes le nettoyage et l&rsquo;entretien\" \/>\n<meta property=\"og:url\" content=\"https:\/\/italiamachines.com\/fr_fr\/boutique\/boucherie\/hachoir-a-viandes\/hachoir-a-viande-32-chassis-exterieur-en-alliage-daluminium-parties-internes-demontables-rassurantes-le-nettoyage-et-lentretien-moteur-ventile-a-220v-par-italmans\/\" \/>\n<meta property=\"og:site_name\" content=\"Italia Machines\" \/>\n<meta property=\"article:publisher\" content=\"https:\/\/web.facebook.com\/italiamachines\/\" \/>\n<meta property=\"article:modified_time\" content=\"2024-09-28T20:07:52+00:00\" \/>\n<meta property=\"og:image\" content=\"https:\/\/italiamachines.com\/wp-content\/uploads\/2023\/07\/H32-1.jpeg\" \/>\n\t<meta property=\"og:image:width\" content=\"640\" \/>\n\t<meta property=\"og:image:height\" content=\"640\" \/>\n\t<meta property=\"og:image:type\" content=\"image\/jpeg\" \/>\n<meta name=\"twitter:card\" content=\"summary_large_image\" \/>\n<meta name=\"twitter:label1\" content=\"Dur\u00e9e de lecture estim\u00e9e\" \/>\n\t<meta name=\"twitter:data1\" content=\"1 minute\" \/>\n<script type=\"application\/ld+json\" class=\"yoast-schema-graph\">{\"@context\":\"https:\/\/schema.org\",\"@graph\":[{\"@type\":\"WebPage\",\"@id\":\"https:\/\/italiamachines.com\/boutique\/boucherie\/hachoir-a-viandes\/hachoir-a-viande-32-chassis-exterieur-en-alliage-daluminium-parties-internes-demontables-rassurantes-le-nettoyage-et-lentretien-moteur-ventile-a-220v-par-italmans\/\",\"url\":\"https:\/\/italiamachines.com\/boutique\/boucherie\/hachoir-a-viandes\/hachoir-a-viande-32-chassis-exterieur-en-alliage-daluminium-parties-internes-demontables-rassurantes-le-nettoyage-et-lentretien-moteur-ventile-a-220v-par-italmans\/\",\"name\":\"Hachoir \u00e0 viande 32 - moteur ventil\u00e9 220V - par Italmans | Italia Machines\",\"isPartOf\":{\"@id\":\"https:\/\/italiamachines.com\/#website\"},\"primaryImageOfPage\":{\"@id\":\"https:\/\/italiamachines.com\/boutique\/boucherie\/hachoir-a-viandes\/hachoir-a-viande-32-chassis-exterieur-en-alliage-daluminium-parties-internes-demontables-rassurantes-le-nettoyage-et-lentretien-moteur-ventile-a-220v-par-italmans\/#primaryimage\"},\"image\":{\"@id\":\"https:\/\/italiamachines.com\/boutique\/boucherie\/hachoir-a-viandes\/hachoir-a-viande-32-chassis-exterieur-en-alliage-daluminium-parties-internes-demontables-rassurantes-le-nettoyage-et-lentretien-moteur-ventile-a-220v-par-italmans\/#primaryimage\"},\"thumbnailUrl\":\"https:\/\/italiamachines.com\/wp-content\/uploads\/2023\/07\/H32-1.jpeg\",\"datePublished\":\"2023-07-30T04:01:31+00:00\",\"dateModified\":\"2024-09-28T20:07:52+00:00\",\"breadcrumb\":{\"@id\":\"https:\/\/italiamachines.com\/boutique\/boucherie\/hachoir-a-viandes\/hachoir-a-viande-32-chassis-exterieur-en-alliage-daluminium-parties-internes-demontables-rassurantes-le-nettoyage-et-lentretien-moteur-ventile-a-220v-par-italmans\/#breadcrumb\"},\"inLanguage\":\"fr-FR\",\"potentialAction\":[{\"@type\":\"ReadAction\",\"target\":[\"https:\/\/italiamachines.com\/boutique\/boucherie\/hachoir-a-viandes\/hachoir-a-viande-32-chassis-exterieur-en-alliage-daluminium-parties-internes-demontables-rassurantes-le-nettoyage-et-lentretien-moteur-ventile-a-220v-par-italmans\/\"]}]},{\"@type\":\"ImageObject\",\"inLanguage\":\"fr-FR\",\"@id\":\"https:\/\/italiamachines.com\/boutique\/boucherie\/hachoir-a-viandes\/hachoir-a-viande-32-chassis-exterieur-en-alliage-daluminium-parties-internes-demontables-rassurantes-le-nettoyage-et-lentretien-moteur-ventile-a-220v-par-italmans\/#primaryimage\",\"url\":\"https:\/\/italiamachines.com\/wp-content\/uploads\/2023\/07\/H32-1.jpeg\",\"contentUrl\":\"https:\/\/italiamachines.com\/wp-content\/uploads\/2023\/07\/H32-1.jpeg\",\"width\":640,\"height\":640},{\"@type\":\"BreadcrumbList\",\"@id\":\"https:\/\/italiamachines.com\/boutique\/boucherie\/hachoir-a-viandes\/hachoir-a-viande-32-chassis-exterieur-en-alliage-daluminium-parties-internes-demontables-rassurantes-le-nettoyage-et-lentretien-moteur-ventile-a-220v-par-italmans\/#breadcrumb\",\"itemListElement\":[{\"@type\":\"ListItem\",\"position\":1,\"name\":\"Accueil\",\"item\":\"https:\/\/italiamachines.com\/fr_fr\/\"},{\"@type\":\"ListItem\",\"position\":2,\"name\":\"Boutique\",\"item\":\"https:\/\/italiamachines.com\/boutique\/\"},{\"@type\":\"ListItem\",\"position\":3,\"name\":\"Hachoir \u00e0 viande 32 &#8211; moteur ventil\u00e9 220V &#8211; par Italmans\"}]},{\"@type\":\"WebSite\",\"@id\":\"https:\/\/italiamachines.com\/#website\",\"url\":\"https:\/\/italiamachines.com\/\",\"name\":\"Italia Machines\",\"description\":\"L&#039;art de l&#039;\u00e9quipement HORECA\",\"publisher\":{\"@id\":\"https:\/\/italiamachines.com\/#organization\"},\"potentialAction\":[{\"@type\":\"SearchAction\",\"target\":{\"@type\":\"EntryPoint\",\"urlTemplate\":\"https:\/\/italiamachines.com\/?s={search_term_string}\"},\"query-input\":{\"@type\":\"PropertyValueSpecification\",\"valueRequired\":true,\"valueName\":\"search_term_string\"}}],\"inLanguage\":\"fr-FR\"},{\"@type\":\"Organization\",\"@id\":\"https:\/\/italiamachines.com\/#organization\",\"name\":\"italiamachines\",\"url\":\"https:\/\/italiamachines.com\/\",\"logo\":{\"@type\":\"ImageObject\",\"inLanguage\":\"fr-FR\",\"@id\":\"https:\/\/italiamachines.com\/#\/schema\/logo\/image\/\",\"url\":\"https:\/\/italiamachines.com\/wp-content\/uploads\/2023\/08\/logo-web-1.png\",\"contentUrl\":\"https:\/\/italiamachines.com\/wp-content\/uploads\/2023\/08\/logo-web-1.png\",\"width\":977,\"height\":254,\"caption\":\"italiamachines\"},\"image\":{\"@id\":\"https:\/\/italiamachines.com\/#\/schema\/logo\/image\/\"},\"sameAs\":[\"https:\/\/web.facebook.com\/italiamachines\/\",\"https:\/\/www.instagram.com\/italia.machines\/\"]}]}<\/script>\n<!-- \/ Yoast SEO plugin. -->","yoast_head_json":{"title":"Hachoir \u00e0 viande 32 - moteur ventil\u00e9 220V - par Italmans | Italia Machines","robots":{"index":"index","follow":"follow","max-snippet":"max-snippet:-1","max-image-preview":"max-image-preview:large","max-video-preview":"max-video-preview:-1"},"canonical":"https:\/\/italiamachines.com\/fr_fr\/boutique\/boucherie\/hachoir-a-viandes\/hachoir-a-viande-32-chassis-exterieur-en-alliage-daluminium-parties-internes-demontables-rassurantes-le-nettoyage-et-lentretien-moteur-ventile-a-220v-par-italmans\/","og_locale":"fr_FR","og_type":"article","og_title":"Hachoir \u00e0 viande 32 - moteur ventil\u00e9 220V - par Italmans | Italia Machines","og_description":"Alimentation: 1800W Tension: 220V Fr\u00e9quence: 50\/60 Hz Puissance: 43 Poids: 48KG Avec 2 Lames SS ronde(6mm, 8mm)\u00a0Et\u00a0les couteaux 2 SS Capacit\u00e9: 350kg\/770lb par Heure Vitesse de lame: 172r\/min Dimensions: 600x420x520mm Tous\u00a0en Acier inoxydable\u00a0 Y compris le logement Parties internes d\u00e9montables rassurantes le nettoyage et l&rsquo;entretien","og_url":"https:\/\/italiamachines.com\/fr_fr\/boutique\/boucherie\/hachoir-a-viandes\/hachoir-a-viande-32-chassis-exterieur-en-alliage-daluminium-parties-internes-demontables-rassurantes-le-nettoyage-et-lentretien-moteur-ventile-a-220v-par-italmans\/","og_site_name":"Italia Machines","article_publisher":"https:\/\/web.facebook.com\/italiamachines\/","article_modified_time":"2024-09-28T20:07:52+00:00","og_image":[{"width":640,"height":640,"url":"https:\/\/italiamachines.com\/wp-content\/uploads\/2023\/07\/H32-1.jpeg","type":"image\/jpeg"}],"twitter_card":"summary_large_image","twitter_misc":{"Dur\u00e9e de lecture estim\u00e9e":"1 minute"},"schema":{"@context":"https:\/\/schema.org","@graph":[{"@type":"WebPage","@id":"https:\/\/italiamachines.com\/boutique\/boucherie\/hachoir-a-viandes\/hachoir-a-viande-32-chassis-exterieur-en-alliage-daluminium-parties-internes-demontables-rassurantes-le-nettoyage-et-lentretien-moteur-ventile-a-220v-par-italmans\/","url":"https:\/\/italiamachines.com\/boutique\/boucherie\/hachoir-a-viandes\/hachoir-a-viande-32-chassis-exterieur-en-alliage-daluminium-parties-internes-demontables-rassurantes-le-nettoyage-et-lentretien-moteur-ventile-a-220v-par-italmans\/","name":"Hachoir \u00e0 viande 32 - moteur ventil\u00e9 220V - par Italmans | Italia Machines","isPartOf":{"@id":"https:\/\/italiamachines.com\/#website"},"primaryImageOfPage":{"@id":"https:\/\/italiamachines.com\/boutique\/boucherie\/hachoir-a-viandes\/hachoir-a-viande-32-chassis-exterieur-en-alliage-daluminium-parties-internes-demontables-rassurantes-le-nettoyage-et-lentretien-moteur-ventile-a-220v-par-italmans\/#primaryimage"},"image":{"@id":"https:\/\/italiamachines.com\/boutique\/boucherie\/hachoir-a-viandes\/hachoir-a-viande-32-chassis-exterieur-en-alliage-daluminium-parties-internes-demontables-rassurantes-le-nettoyage-et-lentretien-moteur-ventile-a-220v-par-italmans\/#primaryimage"},"thumbnailUrl":"https:\/\/italiamachines.com\/wp-content\/uploads\/2023\/07\/H32-1.jpeg","datePublished":"2023-07-30T04:01:31+00:00","dateModified":"2024-09-28T20:07:52+00:00","breadcrumb":{"@id":"https:\/\/italiamachines.com\/boutique\/boucherie\/hachoir-a-viandes\/hachoir-a-viande-32-chassis-exterieur-en-alliage-daluminium-parties-internes-demontables-rassurantes-le-nettoyage-et-lentretien-moteur-ventile-a-220v-par-italmans\/#breadcrumb"},"inLanguage":"fr-FR","potentialAction":[{"@type":"ReadAction","target":["https:\/\/italiamachines.com\/boutique\/boucherie\/hachoir-a-viandes\/hachoir-a-viande-32-chassis-exterieur-en-alliage-daluminium-parties-internes-demontables-rassurantes-le-nettoyage-et-lentretien-moteur-ventile-a-220v-par-italmans\/"]}]},{"@type":"ImageObject","inLanguage":"fr-FR","@id":"https:\/\/italiamachines.com\/boutique\/boucherie\/hachoir-a-viandes\/hachoir-a-viande-32-chassis-exterieur-en-alliage-daluminium-parties-internes-demontables-rassurantes-le-nettoyage-et-lentretien-moteur-ventile-a-220v-par-italmans\/#primaryimage","url":"https:\/\/italiamachines.com\/wp-content\/uploads\/2023\/07\/H32-1.jpeg","contentUrl":"https:\/\/italiamachines.com\/wp-content\/uploads\/2023\/07\/H32-1.jpeg","width":640,"height":640},{"@type":"BreadcrumbList","@id":"https:\/\/italiamachines.com\/boutique\/boucherie\/hachoir-a-viandes\/hachoir-a-viande-32-chassis-exterieur-en-alliage-daluminium-parties-internes-demontables-rassurantes-le-nettoyage-et-lentretien-moteur-ventile-a-220v-par-italmans\/#breadcrumb","itemListElement":[{"@type":"ListItem","position":1,"name":"Accueil","item":"https:\/\/italiamachines.com\/fr_fr\/"},{"@type":"ListItem","position":2,"name":"Boutique","item":"https:\/\/italiamachines.com\/boutique\/"},{"@type":"ListItem","position":3,"name":"Hachoir \u00e0 viande 32 &#8211; moteur ventil\u00e9 220V &#8211; par Italmans"}]},{"@type":"WebSite","@id":"https:\/\/italiamachines.com\/#website","url":"https:\/\/italiamachines.com\/","name":"Italia Machines","description":"L&#039;art de l&#039;\u00e9quipement HORECA","publisher":{"@id":"https:\/\/italiamachines.com\/#organization"},"potentialAction":[{"@type":"SearchAction","target":{"@type":"EntryPoint","urlTemplate":"https:\/\/italiamachines.com\/?s={search_term_string}"},"query-input":{"@type":"PropertyValueSpecification","valueRequired":true,"valueName":"search_term_string"}}],"inLanguage":"fr-FR"},{"@type":"Organization","@id":"https:\/\/italiamachines.com\/#organization","name":"italiamachines","url":"https:\/\/italiamachines.com\/","logo":{"@type":"ImageObject","inLanguage":"fr-FR","@id":"https:\/\/italiamachines.com\/#\/schema\/logo\/image\/","url":"https:\/\/italiamachines.com\/wp-content\/uploads\/2023\/08\/logo-web-1.png","contentUrl":"https:\/\/italiamachines.com\/wp-content\/uploads\/2023\/08\/logo-web-1.png","width":977,"height":254,"caption":"italiamachines"},"image":{"@id":"https:\/\/italiamachines.com\/#\/schema\/logo\/image\/"},"sameAs":["https:\/\/web.facebook.com\/italiamachines\/","https:\/\/www.instagram.com\/italia.machines\/"]}]}},"_links":{"self":[{"href":"https:\/\/italiamachines.com\/fr_fr\/wp-json\/wp\/v2\/product\/4934","targetHints":{"allow":["GET"]}}],"collection":[{"href":"https:\/\/italiamachines.com\/fr_fr\/wp-json\/wp\/v2\/product"}],"about":[{"href":"https:\/\/italiamachines.com\/fr_fr\/wp-json\/wp\/v2\/types\/product"}],"replies":[{"embeddable":true,"href":"https:\/\/italiamachines.com\/fr_fr\/wp-json\/wp\/v2\/comments?post=4934"}],"wp:featuredmedia":[{"embeddable":true,"href":"https:\/\/italiamachines.com\/fr_fr\/wp-json\/wp\/v2\/media\/4933"}],"wp:attachment":[{"href":"https:\/\/italiamachines.com\/fr_fr\/wp-json\/wp\/v2\/media?parent=4934"}],"wp:term":[{"taxonomy":"product_cat","embeddable":true,"href":"https:\/\/italiamachines.com\/fr_fr\/wp-json\/wp\/v2\/product_cat?post=4934"},{"taxonomy":"product_tag","embeddable":true,"href":"https:\/\/italiamachines.com\/fr_fr\/wp-json\/wp\/v2\/product_tag?post=4934"}],"curies":[{"name":"wp","href":"https:\/\/api.w.org\/{rel}","templated":true}]}}