{"id":4943,"date":"2023-07-30T04:02:01","date_gmt":"2023-07-30T04:02:01","guid":{"rendered":"https:\/\/prod.italiamachines.com\/product\/arriere-comptoir-infricool-forme-haute-en-acier-inox-et-plan-de-travail-avec-dosseret-de-10cm\/"},"modified":"2024-09-22T00:31:16","modified_gmt":"2024-09-21T22:31:16","slug":"arriere-comptoir-infricool-forme-haute-en-acier-inox-et-plan-de-travail-avec-dosseret-de-10cm","status":"publish","type":"product","link":"https:\/\/italiamachines.com\/fr_fr\/boutique\/cafe-glacier-lecheria\/cafe-lecheria\/arriere-comptoir\/arriere-comptoir-infricool-forme-haute-en-acier-inox-et-plan-de-travail-avec-dosseret-de-10cm\/","title":{"rendered":"Arri\u00e8re comptoir Infricool IF60 forme haute en acier inoxydable et plan de travail avec dosseret"},"content":{"rendered":"<p>Plan de travail en acier inoxydable AISI 304 avec un dosseret de 100 mm de hauteur.<br \/>\nStructure compacte enti\u00e8rement inject\u00e9e.<br \/>\nPieds en acier inoxydable r\u00e9glables en hauteur.<br \/>\nContr\u00f4le de temp\u00e9rature avec une plus grande pr\u00e9cision.<br \/>\nR\u00e9glage facile de la plage de temp\u00e9rature souhait\u00e9e.<br \/>\n\u00c9vaporation automatique de l&rsquo;eau de d\u00e9givrage.<br \/>\nD\u00e9givrage automatique.<br \/>\nSyst\u00e8me de condensation ventil\u00e9.<br \/>\nSyst\u00e8me de refroidissement monobloc.<br \/>\n\u00c9vaporateur \u00e0 circulation forc\u00e9e avec rev\u00eatement anticorrosion.<\/p>\n","protected":false},"excerpt":{"rendered":"<p>Plan de travail en acier inoxydable AISI 304 avec un dosseret de 100 mm de hauteur. Structure compacte enti\u00e8rement inject\u00e9e. Pieds en acier inoxydable r\u00e9glables en hauteur. Contr\u00f4le de temp\u00e9rature avec une plus grande pr\u00e9cision. R\u00e9glage facile de la plage de temp\u00e9rature souhait\u00e9e. \u00c9vaporation automatique de l&rsquo;eau de d\u00e9givrage. D\u00e9givrage automatique. Syst\u00e8me de condensation ventil\u00e9.&hellip;<\/p>\n","protected":false},"featured_media":4942,"comment_status":"open","ping_status":"closed","template":"","meta":[],"product_cat":[252,160,65,80],"product_tag":[],"class_list":{"0":"post-4943","1":"product","2":"type-product","3":"status-publish","4":"has-post-thumbnail","6":"product_cat-arriere-comptoir","7":"product_cat-cafe-lecheria","8":"product_cat-cafe-glacier-lecheria","9":"product_cat-glacier-lecheria","11":"first","12":"instock","13":"shipping-taxable","14":"purchasable","15":"product-type-variable","16":"col-xs-6 col-sm-4","17":"col-md-3 col-lg-3","18":"un-4-cols"},"yoast_head":"<!-- This site is optimized with the Yoast SEO plugin v26.6 - https:\/\/yoast.com\/wordpress\/plugins\/seo\/ -->\n<title>Arri\u00e8re comptoir Infricool IF60 forme haute en acier inoxydable et plan de travail avec dosseret | Italia Machines<\/title>\n<meta name=\"robots\" content=\"index, follow, max-snippet:-1, max-image-preview:large, max-video-preview:-1\" \/>\n<link rel=\"canonical\" href=\"https:\/\/italiamachines.com\/fr_fr\/boutique\/cafe-glacier-lecheria\/cafe-lecheria\/arriere-comptoir\/arriere-comptoir-infricool-forme-haute-en-acier-inox-et-plan-de-travail-avec-dosseret-de-10cm\/\" \/>\n<meta property=\"og:locale\" content=\"fr_FR\" \/>\n<meta property=\"og:type\" content=\"article\" \/>\n<meta property=\"og:title\" content=\"Arri\u00e8re comptoir Infricool IF60 forme haute en acier inoxydable et plan de travail avec dosseret | Italia Machines\" \/>\n<meta property=\"og:description\" content=\"Plan de travail en acier inoxydable AISI 304 avec un dosseret de 100 mm de hauteur. Structure compacte enti\u00e8rement inject\u00e9e. Pieds en acier inoxydable r\u00e9glables en hauteur. Contr\u00f4le de temp\u00e9rature avec une plus grande pr\u00e9cision. R\u00e9glage facile de la plage de temp\u00e9rature souhait\u00e9e. \u00c9vaporation automatique de l&rsquo;eau de d\u00e9givrage. D\u00e9givrage automatique. Syst\u00e8me de condensation ventil\u00e9.&hellip;\" \/>\n<meta property=\"og:url\" content=\"https:\/\/italiamachines.com\/fr_fr\/boutique\/cafe-glacier-lecheria\/cafe-lecheria\/arriere-comptoir\/arriere-comptoir-infricool-forme-haute-en-acier-inox-et-plan-de-travail-avec-dosseret-de-10cm\/\" \/>\n<meta property=\"og:site_name\" content=\"Italia Machines\" \/>\n<meta property=\"article:publisher\" content=\"https:\/\/web.facebook.com\/italiamachines\/\" \/>\n<meta property=\"article:modified_time\" content=\"2024-09-21T22:31:16+00:00\" \/>\n<meta property=\"og:image\" content=\"https:\/\/italiamachines.com\/wp-content\/uploads\/2023\/07\/IF602PCR.jpeg\" \/>\n\t<meta property=\"og:image:width\" content=\"1200\" \/>\n\t<meta property=\"og:image:height\" content=\"1200\" \/>\n\t<meta property=\"og:image:type\" content=\"image\/jpeg\" \/>\n<meta name=\"twitter:card\" content=\"summary_large_image\" \/>\n<meta name=\"twitter:label1\" content=\"Dur\u00e9e de lecture estim\u00e9e\" \/>\n\t<meta name=\"twitter:data1\" content=\"1 minute\" \/>\n<script type=\"application\/ld+json\" class=\"yoast-schema-graph\">{\"@context\":\"https:\/\/schema.org\",\"@graph\":[{\"@type\":\"WebPage\",\"@id\":\"https:\/\/italiamachines.com\/boutique\/cafe-glacier-lecheria\/cafe-lecheria\/arriere-comptoir\/arriere-comptoir-infricool-forme-haute-en-acier-inox-et-plan-de-travail-avec-dosseret-de-10cm\/\",\"url\":\"https:\/\/italiamachines.com\/boutique\/cafe-glacier-lecheria\/cafe-lecheria\/arriere-comptoir\/arriere-comptoir-infricool-forme-haute-en-acier-inox-et-plan-de-travail-avec-dosseret-de-10cm\/\",\"name\":\"Arri\u00e8re comptoir Infricool IF60 forme haute en acier inoxydable et plan de travail avec dosseret | Italia Machines\",\"isPartOf\":{\"@id\":\"https:\/\/italiamachines.com\/#website\"},\"primaryImageOfPage\":{\"@id\":\"https:\/\/italiamachines.com\/boutique\/cafe-glacier-lecheria\/cafe-lecheria\/arriere-comptoir\/arriere-comptoir-infricool-forme-haute-en-acier-inox-et-plan-de-travail-avec-dosseret-de-10cm\/#primaryimage\"},\"image\":{\"@id\":\"https:\/\/italiamachines.com\/boutique\/cafe-glacier-lecheria\/cafe-lecheria\/arriere-comptoir\/arriere-comptoir-infricool-forme-haute-en-acier-inox-et-plan-de-travail-avec-dosseret-de-10cm\/#primaryimage\"},\"thumbnailUrl\":\"https:\/\/italiamachines.com\/wp-content\/uploads\/2023\/07\/IF602PCR.jpeg\",\"datePublished\":\"2023-07-30T04:02:01+00:00\",\"dateModified\":\"2024-09-21T22:31:16+00:00\",\"breadcrumb\":{\"@id\":\"https:\/\/italiamachines.com\/boutique\/cafe-glacier-lecheria\/cafe-lecheria\/arriere-comptoir\/arriere-comptoir-infricool-forme-haute-en-acier-inox-et-plan-de-travail-avec-dosseret-de-10cm\/#breadcrumb\"},\"inLanguage\":\"fr-FR\",\"potentialAction\":[{\"@type\":\"ReadAction\",\"target\":[\"https:\/\/italiamachines.com\/boutique\/cafe-glacier-lecheria\/cafe-lecheria\/arriere-comptoir\/arriere-comptoir-infricool-forme-haute-en-acier-inox-et-plan-de-travail-avec-dosseret-de-10cm\/\"]}]},{\"@type\":\"ImageObject\",\"inLanguage\":\"fr-FR\",\"@id\":\"https:\/\/italiamachines.com\/boutique\/cafe-glacier-lecheria\/cafe-lecheria\/arriere-comptoir\/arriere-comptoir-infricool-forme-haute-en-acier-inox-et-plan-de-travail-avec-dosseret-de-10cm\/#primaryimage\",\"url\":\"https:\/\/italiamachines.com\/wp-content\/uploads\/2023\/07\/IF602PCR.jpeg\",\"contentUrl\":\"https:\/\/italiamachines.com\/wp-content\/uploads\/2023\/07\/IF602PCR.jpeg\",\"width\":1200,\"height\":1200},{\"@type\":\"BreadcrumbList\",\"@id\":\"https:\/\/italiamachines.com\/boutique\/cafe-glacier-lecheria\/cafe-lecheria\/arriere-comptoir\/arriere-comptoir-infricool-forme-haute-en-acier-inox-et-plan-de-travail-avec-dosseret-de-10cm\/#breadcrumb\",\"itemListElement\":[{\"@type\":\"ListItem\",\"position\":1,\"name\":\"Accueil\",\"item\":\"https:\/\/italiamachines.com\/fr_fr\/\"},{\"@type\":\"ListItem\",\"position\":2,\"name\":\"Boutique\",\"item\":\"https:\/\/italiamachines.com\/boutique\/\"},{\"@type\":\"ListItem\",\"position\":3,\"name\":\"Arri\u00e8re comptoir Infricool IF60 forme haute en acier inoxydable et plan de travail avec dosseret\"}]},{\"@type\":\"WebSite\",\"@id\":\"https:\/\/italiamachines.com\/#website\",\"url\":\"https:\/\/italiamachines.com\/\",\"name\":\"Italia Machines\",\"description\":\"L&#039;art de l&#039;\u00e9quipement HORECA\",\"publisher\":{\"@id\":\"https:\/\/italiamachines.com\/#organization\"},\"potentialAction\":[{\"@type\":\"SearchAction\",\"target\":{\"@type\":\"EntryPoint\",\"urlTemplate\":\"https:\/\/italiamachines.com\/?s={search_term_string}\"},\"query-input\":{\"@type\":\"PropertyValueSpecification\",\"valueRequired\":true,\"valueName\":\"search_term_string\"}}],\"inLanguage\":\"fr-FR\"},{\"@type\":\"Organization\",\"@id\":\"https:\/\/italiamachines.com\/#organization\",\"name\":\"italiamachines\",\"url\":\"https:\/\/italiamachines.com\/\",\"logo\":{\"@type\":\"ImageObject\",\"inLanguage\":\"fr-FR\",\"@id\":\"https:\/\/italiamachines.com\/#\/schema\/logo\/image\/\",\"url\":\"https:\/\/italiamachines.com\/wp-content\/uploads\/2023\/08\/logo-web-1.png\",\"contentUrl\":\"https:\/\/italiamachines.com\/wp-content\/uploads\/2023\/08\/logo-web-1.png\",\"width\":977,\"height\":254,\"caption\":\"italiamachines\"},\"image\":{\"@id\":\"https:\/\/italiamachines.com\/#\/schema\/logo\/image\/\"},\"sameAs\":[\"https:\/\/web.facebook.com\/italiamachines\/\",\"https:\/\/www.instagram.com\/italia.machines\/\"]}]}<\/script>\n<!-- \/ Yoast SEO plugin. -->","yoast_head_json":{"title":"Arri\u00e8re comptoir Infricool IF60 forme haute en acier inoxydable et plan de travail avec dosseret | Italia Machines","robots":{"index":"index","follow":"follow","max-snippet":"max-snippet:-1","max-image-preview":"max-image-preview:large","max-video-preview":"max-video-preview:-1"},"canonical":"https:\/\/italiamachines.com\/fr_fr\/boutique\/cafe-glacier-lecheria\/cafe-lecheria\/arriere-comptoir\/arriere-comptoir-infricool-forme-haute-en-acier-inox-et-plan-de-travail-avec-dosseret-de-10cm\/","og_locale":"fr_FR","og_type":"article","og_title":"Arri\u00e8re comptoir Infricool IF60 forme haute en acier inoxydable et plan de travail avec dosseret | Italia Machines","og_description":"Plan de travail en acier inoxydable AISI 304 avec un dosseret de 100 mm de hauteur. Structure compacte enti\u00e8rement inject\u00e9e. Pieds en acier inoxydable r\u00e9glables en hauteur. Contr\u00f4le de temp\u00e9rature avec une plus grande pr\u00e9cision. R\u00e9glage facile de la plage de temp\u00e9rature souhait\u00e9e. \u00c9vaporation automatique de l&rsquo;eau de d\u00e9givrage. D\u00e9givrage automatique. Syst\u00e8me de condensation ventil\u00e9.&hellip;","og_url":"https:\/\/italiamachines.com\/fr_fr\/boutique\/cafe-glacier-lecheria\/cafe-lecheria\/arriere-comptoir\/arriere-comptoir-infricool-forme-haute-en-acier-inox-et-plan-de-travail-avec-dosseret-de-10cm\/","og_site_name":"Italia Machines","article_publisher":"https:\/\/web.facebook.com\/italiamachines\/","article_modified_time":"2024-09-21T22:31:16+00:00","og_image":[{"width":1200,"height":1200,"url":"https:\/\/italiamachines.com\/wp-content\/uploads\/2023\/07\/IF602PCR.jpeg","type":"image\/jpeg"}],"twitter_card":"summary_large_image","twitter_misc":{"Dur\u00e9e de lecture estim\u00e9e":"1 minute"},"schema":{"@context":"https:\/\/schema.org","@graph":[{"@type":"WebPage","@id":"https:\/\/italiamachines.com\/boutique\/cafe-glacier-lecheria\/cafe-lecheria\/arriere-comptoir\/arriere-comptoir-infricool-forme-haute-en-acier-inox-et-plan-de-travail-avec-dosseret-de-10cm\/","url":"https:\/\/italiamachines.com\/boutique\/cafe-glacier-lecheria\/cafe-lecheria\/arriere-comptoir\/arriere-comptoir-infricool-forme-haute-en-acier-inox-et-plan-de-travail-avec-dosseret-de-10cm\/","name":"Arri\u00e8re comptoir Infricool IF60 forme haute en acier inoxydable et plan de travail avec dosseret | Italia Machines","isPartOf":{"@id":"https:\/\/italiamachines.com\/#website"},"primaryImageOfPage":{"@id":"https:\/\/italiamachines.com\/boutique\/cafe-glacier-lecheria\/cafe-lecheria\/arriere-comptoir\/arriere-comptoir-infricool-forme-haute-en-acier-inox-et-plan-de-travail-avec-dosseret-de-10cm\/#primaryimage"},"image":{"@id":"https:\/\/italiamachines.com\/boutique\/cafe-glacier-lecheria\/cafe-lecheria\/arriere-comptoir\/arriere-comptoir-infricool-forme-haute-en-acier-inox-et-plan-de-travail-avec-dosseret-de-10cm\/#primaryimage"},"thumbnailUrl":"https:\/\/italiamachines.com\/wp-content\/uploads\/2023\/07\/IF602PCR.jpeg","datePublished":"2023-07-30T04:02:01+00:00","dateModified":"2024-09-21T22:31:16+00:00","breadcrumb":{"@id":"https:\/\/italiamachines.com\/boutique\/cafe-glacier-lecheria\/cafe-lecheria\/arriere-comptoir\/arriere-comptoir-infricool-forme-haute-en-acier-inox-et-plan-de-travail-avec-dosseret-de-10cm\/#breadcrumb"},"inLanguage":"fr-FR","potentialAction":[{"@type":"ReadAction","target":["https:\/\/italiamachines.com\/boutique\/cafe-glacier-lecheria\/cafe-lecheria\/arriere-comptoir\/arriere-comptoir-infricool-forme-haute-en-acier-inox-et-plan-de-travail-avec-dosseret-de-10cm\/"]}]},{"@type":"ImageObject","inLanguage":"fr-FR","@id":"https:\/\/italiamachines.com\/boutique\/cafe-glacier-lecheria\/cafe-lecheria\/arriere-comptoir\/arriere-comptoir-infricool-forme-haute-en-acier-inox-et-plan-de-travail-avec-dosseret-de-10cm\/#primaryimage","url":"https:\/\/italiamachines.com\/wp-content\/uploads\/2023\/07\/IF602PCR.jpeg","contentUrl":"https:\/\/italiamachines.com\/wp-content\/uploads\/2023\/07\/IF602PCR.jpeg","width":1200,"height":1200},{"@type":"BreadcrumbList","@id":"https:\/\/italiamachines.com\/boutique\/cafe-glacier-lecheria\/cafe-lecheria\/arriere-comptoir\/arriere-comptoir-infricool-forme-haute-en-acier-inox-et-plan-de-travail-avec-dosseret-de-10cm\/#breadcrumb","itemListElement":[{"@type":"ListItem","position":1,"name":"Accueil","item":"https:\/\/italiamachines.com\/fr_fr\/"},{"@type":"ListItem","position":2,"name":"Boutique","item":"https:\/\/italiamachines.com\/boutique\/"},{"@type":"ListItem","position":3,"name":"Arri\u00e8re comptoir Infricool IF60 forme haute en acier inoxydable et plan de travail avec dosseret"}]},{"@type":"WebSite","@id":"https:\/\/italiamachines.com\/#website","url":"https:\/\/italiamachines.com\/","name":"Italia Machines","description":"L&#039;art de l&#039;\u00e9quipement HORECA","publisher":{"@id":"https:\/\/italiamachines.com\/#organization"},"potentialAction":[{"@type":"SearchAction","target":{"@type":"EntryPoint","urlTemplate":"https:\/\/italiamachines.com\/?s={search_term_string}"},"query-input":{"@type":"PropertyValueSpecification","valueRequired":true,"valueName":"search_term_string"}}],"inLanguage":"fr-FR"},{"@type":"Organization","@id":"https:\/\/italiamachines.com\/#organization","name":"italiamachines","url":"https:\/\/italiamachines.com\/","logo":{"@type":"ImageObject","inLanguage":"fr-FR","@id":"https:\/\/italiamachines.com\/#\/schema\/logo\/image\/","url":"https:\/\/italiamachines.com\/wp-content\/uploads\/2023\/08\/logo-web-1.png","contentUrl":"https:\/\/italiamachines.com\/wp-content\/uploads\/2023\/08\/logo-web-1.png","width":977,"height":254,"caption":"italiamachines"},"image":{"@id":"https:\/\/italiamachines.com\/#\/schema\/logo\/image\/"},"sameAs":["https:\/\/web.facebook.com\/italiamachines\/","https:\/\/www.instagram.com\/italia.machines\/"]}]}},"_links":{"self":[{"href":"https:\/\/italiamachines.com\/fr_fr\/wp-json\/wp\/v2\/product\/4943","targetHints":{"allow":["GET"]}}],"collection":[{"href":"https:\/\/italiamachines.com\/fr_fr\/wp-json\/wp\/v2\/product"}],"about":[{"href":"https:\/\/italiamachines.com\/fr_fr\/wp-json\/wp\/v2\/types\/product"}],"replies":[{"embeddable":true,"href":"https:\/\/italiamachines.com\/fr_fr\/wp-json\/wp\/v2\/comments?post=4943"}],"wp:featuredmedia":[{"embeddable":true,"href":"https:\/\/italiamachines.com\/fr_fr\/wp-json\/wp\/v2\/media\/4942"}],"wp:attachment":[{"href":"https:\/\/italiamachines.com\/fr_fr\/wp-json\/wp\/v2\/media?parent=4943"}],"wp:term":[{"taxonomy":"product_cat","embeddable":true,"href":"https:\/\/italiamachines.com\/fr_fr\/wp-json\/wp\/v2\/product_cat?post=4943"},{"taxonomy":"product_tag","embeddable":true,"href":"https:\/\/italiamachines.com\/fr_fr\/wp-json\/wp\/v2\/product_tag?post=4943"}],"curies":[{"name":"wp","href":"https:\/\/api.w.org\/{rel}","templated":true}]}}