{"id":4983,"date":"2023-07-30T04:04:23","date_gmt":"2023-07-30T04:04:23","guid":{"rendered":"https:\/\/prod.italiamachines.com\/product\/vitrine-refrigeree-mastercool-serie-m800-aa90-dimensions-1300-x-900-x-1200-en-angle-90\/"},"modified":"2024-10-01T22:40:23","modified_gmt":"2024-10-01T20:40:23","slug":"vitrine-refrigeree-mastercool-serie-m800-aa90-dimensions-1300-x-900-x-1200-en-angle-90","status":"publish","type":"product","link":"https:\/\/italiamachines.com\/fr_fr\/boutique\/boulangerie-et-patisserie\/patisserie\/vitrines\/vitrine-refrigeree-horizontale\/vitrine-refrigeree-mastercool-serie-m800-aa90-dimensions-1300-x-900-x-1200-en-angle-90\/","title":{"rendered":"Vitrine r\u00e9frig\u00e9r\u00e9e &#8211; en angle 90\u00b0 &#8211; Dimensions : 130\u00d790\u00d7120 cm &#8211; par Mastercool"},"content":{"rendered":"<p>Faible consommation d&rsquo;\u00e9nergie et faible impact environnemental<br \/>\nVerre de qualit\u00e9 extra clair<br \/>\nSyst\u00e8me de verre anti-bu\u00e9e avec air chaud<br \/>\nPas de stockage r\u00e9frig\u00e9r\u00e9<br \/>\nR\u00e9servoir en t\u00f4le pr\u00e9peinte blanche (adapt\u00e9e au contact alimentaire) avec isolation en polyur\u00e9thane inject\u00e9 haute pression sans CFC (densit\u00e9 de 40 kg\/m\u00b3)<br \/>\nMultiplexable<br \/>\nParois lat\u00e9rales thermoform\u00e9es et isol\u00e9es en version haute (A) ou basse (B) (\u00e9paisseur de 40 mm chacune)<br \/>\nVerre lat\u00e9ral tremp\u00e9 pr\u00e9dispos\u00e9 pour une \u00e9tag\u00e8re interm\u00e9diaire<br \/>\nPanneau de contr\u00f4le \u00e9lectronique<br \/>\n\u00c9clairage LED au plafond<br \/>\nPlan de travail en acier inoxydable<br \/>\nSurface d&rsquo;exposition en acier inoxydable avec syst\u00e8me de r\u00e9cup\u00e9ration des liquides<br \/>\nPlateau d&rsquo;\u00e9vaporation automatique de l&rsquo;eau avec \u00e9l\u00e9ment flottant (CG)<br \/>\nD\u00e9givrage hors cycle<br \/>\nVerre de s\u00e9paration (uniquement pour la version r\u00e9frig\u00e9r\u00e9e)<br \/>\nTemp\u00e9rature de travail : +0\/+2\u00b0C<br \/>\nDimensions : 1300\u00d7900\u00d71200 en angle \u00e0 90 degr\u00e9s<br \/>\nSurface d&rsquo;exposition : 0,93 m\u00b2<\/p>\n","protected":false},"excerpt":{"rendered":"<p>Faible consommation d&rsquo;\u00e9nergie et faible impact environnemental Verre de qualit\u00e9 extra clair Syst\u00e8me de verre anti-bu\u00e9e avec air chaud Pas de stockage r\u00e9frig\u00e9r\u00e9 R\u00e9servoir en t\u00f4le pr\u00e9peinte blanche (adapt\u00e9e au contact alimentaire) avec isolation en polyur\u00e9thane inject\u00e9 haute pression sans CFC (densit\u00e9 de 40 kg\/m\u00b3) Multiplexable Parois lat\u00e9rales thermoform\u00e9es et isol\u00e9es en version haute (A)&hellip;<\/p>\n","protected":false},"featured_media":8525,"comment_status":"closed","ping_status":"closed","template":"","meta":[],"product_cat":[97,245,144],"product_tag":[],"class_list":{"0":"post-4983","1":"product","2":"type-product","3":"status-publish","4":"has-post-thumbnail","6":"product_cat-patisserie","7":"product_cat-vitrine-refrigeree-horizontale","8":"product_cat-vitrines","10":"first","11":"instock","12":"shipping-taxable","13":"purchasable","14":"product-type-simple","15":"col-xs-6 col-sm-4","16":"col-md-3 col-lg-3","17":"un-4-cols"},"yoast_head":"<!-- This site is optimized with the Yoast SEO plugin v26.6 - https:\/\/yoast.com\/wordpress\/plugins\/seo\/ -->\n<title>Vitrine r\u00e9frig\u00e9r\u00e9e - en angle 90\u00b0 - Dimensions : 130\u00d790\u00d7120 cm - par Mastercool | Italia Machines<\/title>\n<meta name=\"robots\" content=\"index, follow, max-snippet:-1, max-image-preview:large, max-video-preview:-1\" \/>\n<link rel=\"canonical\" href=\"https:\/\/italiamachines.com\/fr_fr\/boutique\/boulangerie-et-patisserie\/patisserie\/vitrines\/vitrine-refrigeree-horizontale\/vitrine-refrigeree-mastercool-serie-m800-aa90-dimensions-1300-x-900-x-1200-en-angle-90\/\" \/>\n<meta property=\"og:locale\" content=\"fr_FR\" \/>\n<meta property=\"og:type\" content=\"article\" \/>\n<meta property=\"og:title\" content=\"Vitrine r\u00e9frig\u00e9r\u00e9e - en angle 90\u00b0 - Dimensions : 130\u00d790\u00d7120 cm - par Mastercool | Italia Machines\" \/>\n<meta property=\"og:description\" content=\"Faible consommation d&rsquo;\u00e9nergie et faible impact environnemental Verre de qualit\u00e9 extra clair Syst\u00e8me de verre anti-bu\u00e9e avec air chaud Pas de stockage r\u00e9frig\u00e9r\u00e9 R\u00e9servoir en t\u00f4le pr\u00e9peinte blanche (adapt\u00e9e au contact alimentaire) avec isolation en polyur\u00e9thane inject\u00e9 haute pression sans CFC (densit\u00e9 de 40 kg\/m\u00b3) Multiplexable Parois lat\u00e9rales thermoform\u00e9es et isol\u00e9es en version haute (A)&hellip;\" \/>\n<meta property=\"og:url\" content=\"https:\/\/italiamachines.com\/fr_fr\/boutique\/boulangerie-et-patisserie\/patisserie\/vitrines\/vitrine-refrigeree-horizontale\/vitrine-refrigeree-mastercool-serie-m800-aa90-dimensions-1300-x-900-x-1200-en-angle-90\/\" \/>\n<meta property=\"og:site_name\" content=\"Italia Machines\" \/>\n<meta property=\"article:publisher\" content=\"https:\/\/web.facebook.com\/italiamachines\/\" \/>\n<meta property=\"article:modified_time\" content=\"2024-10-01T20:40:23+00:00\" \/>\n<meta property=\"og:image\" content=\"https:\/\/italiamachines.com\/wp-content\/uploads\/2023\/07\/M80-AA90-removebg-preview.png\" \/>\n\t<meta property=\"og:image:width\" content=\"500\" \/>\n\t<meta property=\"og:image:height\" content=\"500\" \/>\n\t<meta property=\"og:image:type\" content=\"image\/png\" \/>\n<meta name=\"twitter:card\" content=\"summary_large_image\" \/>\n<meta name=\"twitter:label1\" content=\"Dur\u00e9e de lecture estim\u00e9e\" \/>\n\t<meta name=\"twitter:data1\" content=\"1 minute\" \/>\n<script type=\"application\/ld+json\" class=\"yoast-schema-graph\">{\"@context\":\"https:\/\/schema.org\",\"@graph\":[{\"@type\":\"WebPage\",\"@id\":\"https:\/\/italiamachines.com\/boutique\/boulangerie-et-patisserie\/patisserie\/vitrines\/vitrine-refrigeree-horizontale\/vitrine-refrigeree-mastercool-serie-m800-aa90-dimensions-1300-x-900-x-1200-en-angle-90\/\",\"url\":\"https:\/\/italiamachines.com\/boutique\/boulangerie-et-patisserie\/patisserie\/vitrines\/vitrine-refrigeree-horizontale\/vitrine-refrigeree-mastercool-serie-m800-aa90-dimensions-1300-x-900-x-1200-en-angle-90\/\",\"name\":\"Vitrine r\u00e9frig\u00e9r\u00e9e - en angle 90\u00b0 - Dimensions : 130\u00d790\u00d7120 cm - par Mastercool | Italia Machines\",\"isPartOf\":{\"@id\":\"https:\/\/italiamachines.com\/#website\"},\"primaryImageOfPage\":{\"@id\":\"https:\/\/italiamachines.com\/boutique\/boulangerie-et-patisserie\/patisserie\/vitrines\/vitrine-refrigeree-horizontale\/vitrine-refrigeree-mastercool-serie-m800-aa90-dimensions-1300-x-900-x-1200-en-angle-90\/#primaryimage\"},\"image\":{\"@id\":\"https:\/\/italiamachines.com\/boutique\/boulangerie-et-patisserie\/patisserie\/vitrines\/vitrine-refrigeree-horizontale\/vitrine-refrigeree-mastercool-serie-m800-aa90-dimensions-1300-x-900-x-1200-en-angle-90\/#primaryimage\"},\"thumbnailUrl\":\"https:\/\/italiamachines.com\/wp-content\/uploads\/2023\/07\/M80-AA90-removebg-preview.png\",\"datePublished\":\"2023-07-30T04:04:23+00:00\",\"dateModified\":\"2024-10-01T20:40:23+00:00\",\"breadcrumb\":{\"@id\":\"https:\/\/italiamachines.com\/boutique\/boulangerie-et-patisserie\/patisserie\/vitrines\/vitrine-refrigeree-horizontale\/vitrine-refrigeree-mastercool-serie-m800-aa90-dimensions-1300-x-900-x-1200-en-angle-90\/#breadcrumb\"},\"inLanguage\":\"fr-FR\",\"potentialAction\":[{\"@type\":\"ReadAction\",\"target\":[\"https:\/\/italiamachines.com\/boutique\/boulangerie-et-patisserie\/patisserie\/vitrines\/vitrine-refrigeree-horizontale\/vitrine-refrigeree-mastercool-serie-m800-aa90-dimensions-1300-x-900-x-1200-en-angle-90\/\"]}]},{\"@type\":\"ImageObject\",\"inLanguage\":\"fr-FR\",\"@id\":\"https:\/\/italiamachines.com\/boutique\/boulangerie-et-patisserie\/patisserie\/vitrines\/vitrine-refrigeree-horizontale\/vitrine-refrigeree-mastercool-serie-m800-aa90-dimensions-1300-x-900-x-1200-en-angle-90\/#primaryimage\",\"url\":\"https:\/\/italiamachines.com\/wp-content\/uploads\/2023\/07\/M80-AA90-removebg-preview.png\",\"contentUrl\":\"https:\/\/italiamachines.com\/wp-content\/uploads\/2023\/07\/M80-AA90-removebg-preview.png\",\"width\":500,\"height\":500},{\"@type\":\"BreadcrumbList\",\"@id\":\"https:\/\/italiamachines.com\/boutique\/boulangerie-et-patisserie\/patisserie\/vitrines\/vitrine-refrigeree-horizontale\/vitrine-refrigeree-mastercool-serie-m800-aa90-dimensions-1300-x-900-x-1200-en-angle-90\/#breadcrumb\",\"itemListElement\":[{\"@type\":\"ListItem\",\"position\":1,\"name\":\"Accueil\",\"item\":\"https:\/\/italiamachines.com\/fr_fr\/\"},{\"@type\":\"ListItem\",\"position\":2,\"name\":\"Boutique\",\"item\":\"https:\/\/italiamachines.com\/boutique\/\"},{\"@type\":\"ListItem\",\"position\":3,\"name\":\"Vitrine r\u00e9frig\u00e9r\u00e9e &#8211; en angle 90\u00b0 &#8211; Dimensions : 130\u00d790\u00d7120 cm &#8211; par Mastercool\"}]},{\"@type\":\"WebSite\",\"@id\":\"https:\/\/italiamachines.com\/#website\",\"url\":\"https:\/\/italiamachines.com\/\",\"name\":\"Italia Machines\",\"description\":\"L&#039;art de l&#039;\u00e9quipement HORECA\",\"publisher\":{\"@id\":\"https:\/\/italiamachines.com\/#organization\"},\"potentialAction\":[{\"@type\":\"SearchAction\",\"target\":{\"@type\":\"EntryPoint\",\"urlTemplate\":\"https:\/\/italiamachines.com\/?s={search_term_string}\"},\"query-input\":{\"@type\":\"PropertyValueSpecification\",\"valueRequired\":true,\"valueName\":\"search_term_string\"}}],\"inLanguage\":\"fr-FR\"},{\"@type\":\"Organization\",\"@id\":\"https:\/\/italiamachines.com\/#organization\",\"name\":\"italiamachines\",\"url\":\"https:\/\/italiamachines.com\/\",\"logo\":{\"@type\":\"ImageObject\",\"inLanguage\":\"fr-FR\",\"@id\":\"https:\/\/italiamachines.com\/#\/schema\/logo\/image\/\",\"url\":\"https:\/\/italiamachines.com\/wp-content\/uploads\/2023\/08\/logo-web-1.png\",\"contentUrl\":\"https:\/\/italiamachines.com\/wp-content\/uploads\/2023\/08\/logo-web-1.png\",\"width\":977,\"height\":254,\"caption\":\"italiamachines\"},\"image\":{\"@id\":\"https:\/\/italiamachines.com\/#\/schema\/logo\/image\/\"},\"sameAs\":[\"https:\/\/web.facebook.com\/italiamachines\/\",\"https:\/\/www.instagram.com\/italia.machines\/\"]}]}<\/script>\n<!-- \/ Yoast SEO plugin. -->","yoast_head_json":{"title":"Vitrine r\u00e9frig\u00e9r\u00e9e - en angle 90\u00b0 - Dimensions : 130\u00d790\u00d7120 cm - par Mastercool | Italia Machines","robots":{"index":"index","follow":"follow","max-snippet":"max-snippet:-1","max-image-preview":"max-image-preview:large","max-video-preview":"max-video-preview:-1"},"canonical":"https:\/\/italiamachines.com\/fr_fr\/boutique\/boulangerie-et-patisserie\/patisserie\/vitrines\/vitrine-refrigeree-horizontale\/vitrine-refrigeree-mastercool-serie-m800-aa90-dimensions-1300-x-900-x-1200-en-angle-90\/","og_locale":"fr_FR","og_type":"article","og_title":"Vitrine r\u00e9frig\u00e9r\u00e9e - en angle 90\u00b0 - Dimensions : 130\u00d790\u00d7120 cm - par Mastercool | Italia Machines","og_description":"Faible consommation d&rsquo;\u00e9nergie et faible impact environnemental Verre de qualit\u00e9 extra clair Syst\u00e8me de verre anti-bu\u00e9e avec air chaud Pas de stockage r\u00e9frig\u00e9r\u00e9 R\u00e9servoir en t\u00f4le pr\u00e9peinte blanche (adapt\u00e9e au contact alimentaire) avec isolation en polyur\u00e9thane inject\u00e9 haute pression sans CFC (densit\u00e9 de 40 kg\/m\u00b3) Multiplexable Parois lat\u00e9rales thermoform\u00e9es et isol\u00e9es en version haute (A)&hellip;","og_url":"https:\/\/italiamachines.com\/fr_fr\/boutique\/boulangerie-et-patisserie\/patisserie\/vitrines\/vitrine-refrigeree-horizontale\/vitrine-refrigeree-mastercool-serie-m800-aa90-dimensions-1300-x-900-x-1200-en-angle-90\/","og_site_name":"Italia Machines","article_publisher":"https:\/\/web.facebook.com\/italiamachines\/","article_modified_time":"2024-10-01T20:40:23+00:00","og_image":[{"width":500,"height":500,"url":"https:\/\/italiamachines.com\/wp-content\/uploads\/2023\/07\/M80-AA90-removebg-preview.png","type":"image\/png"}],"twitter_card":"summary_large_image","twitter_misc":{"Dur\u00e9e de lecture estim\u00e9e":"1 minute"},"schema":{"@context":"https:\/\/schema.org","@graph":[{"@type":"WebPage","@id":"https:\/\/italiamachines.com\/boutique\/boulangerie-et-patisserie\/patisserie\/vitrines\/vitrine-refrigeree-horizontale\/vitrine-refrigeree-mastercool-serie-m800-aa90-dimensions-1300-x-900-x-1200-en-angle-90\/","url":"https:\/\/italiamachines.com\/boutique\/boulangerie-et-patisserie\/patisserie\/vitrines\/vitrine-refrigeree-horizontale\/vitrine-refrigeree-mastercool-serie-m800-aa90-dimensions-1300-x-900-x-1200-en-angle-90\/","name":"Vitrine r\u00e9frig\u00e9r\u00e9e - en angle 90\u00b0 - Dimensions : 130\u00d790\u00d7120 cm - par Mastercool | Italia Machines","isPartOf":{"@id":"https:\/\/italiamachines.com\/#website"},"primaryImageOfPage":{"@id":"https:\/\/italiamachines.com\/boutique\/boulangerie-et-patisserie\/patisserie\/vitrines\/vitrine-refrigeree-horizontale\/vitrine-refrigeree-mastercool-serie-m800-aa90-dimensions-1300-x-900-x-1200-en-angle-90\/#primaryimage"},"image":{"@id":"https:\/\/italiamachines.com\/boutique\/boulangerie-et-patisserie\/patisserie\/vitrines\/vitrine-refrigeree-horizontale\/vitrine-refrigeree-mastercool-serie-m800-aa90-dimensions-1300-x-900-x-1200-en-angle-90\/#primaryimage"},"thumbnailUrl":"https:\/\/italiamachines.com\/wp-content\/uploads\/2023\/07\/M80-AA90-removebg-preview.png","datePublished":"2023-07-30T04:04:23+00:00","dateModified":"2024-10-01T20:40:23+00:00","breadcrumb":{"@id":"https:\/\/italiamachines.com\/boutique\/boulangerie-et-patisserie\/patisserie\/vitrines\/vitrine-refrigeree-horizontale\/vitrine-refrigeree-mastercool-serie-m800-aa90-dimensions-1300-x-900-x-1200-en-angle-90\/#breadcrumb"},"inLanguage":"fr-FR","potentialAction":[{"@type":"ReadAction","target":["https:\/\/italiamachines.com\/boutique\/boulangerie-et-patisserie\/patisserie\/vitrines\/vitrine-refrigeree-horizontale\/vitrine-refrigeree-mastercool-serie-m800-aa90-dimensions-1300-x-900-x-1200-en-angle-90\/"]}]},{"@type":"ImageObject","inLanguage":"fr-FR","@id":"https:\/\/italiamachines.com\/boutique\/boulangerie-et-patisserie\/patisserie\/vitrines\/vitrine-refrigeree-horizontale\/vitrine-refrigeree-mastercool-serie-m800-aa90-dimensions-1300-x-900-x-1200-en-angle-90\/#primaryimage","url":"https:\/\/italiamachines.com\/wp-content\/uploads\/2023\/07\/M80-AA90-removebg-preview.png","contentUrl":"https:\/\/italiamachines.com\/wp-content\/uploads\/2023\/07\/M80-AA90-removebg-preview.png","width":500,"height":500},{"@type":"BreadcrumbList","@id":"https:\/\/italiamachines.com\/boutique\/boulangerie-et-patisserie\/patisserie\/vitrines\/vitrine-refrigeree-horizontale\/vitrine-refrigeree-mastercool-serie-m800-aa90-dimensions-1300-x-900-x-1200-en-angle-90\/#breadcrumb","itemListElement":[{"@type":"ListItem","position":1,"name":"Accueil","item":"https:\/\/italiamachines.com\/fr_fr\/"},{"@type":"ListItem","position":2,"name":"Boutique","item":"https:\/\/italiamachines.com\/boutique\/"},{"@type":"ListItem","position":3,"name":"Vitrine r\u00e9frig\u00e9r\u00e9e &#8211; en angle 90\u00b0 &#8211; Dimensions : 130\u00d790\u00d7120 cm &#8211; par Mastercool"}]},{"@type":"WebSite","@id":"https:\/\/italiamachines.com\/#website","url":"https:\/\/italiamachines.com\/","name":"Italia Machines","description":"L&#039;art de l&#039;\u00e9quipement HORECA","publisher":{"@id":"https:\/\/italiamachines.com\/#organization"},"potentialAction":[{"@type":"SearchAction","target":{"@type":"EntryPoint","urlTemplate":"https:\/\/italiamachines.com\/?s={search_term_string}"},"query-input":{"@type":"PropertyValueSpecification","valueRequired":true,"valueName":"search_term_string"}}],"inLanguage":"fr-FR"},{"@type":"Organization","@id":"https:\/\/italiamachines.com\/#organization","name":"italiamachines","url":"https:\/\/italiamachines.com\/","logo":{"@type":"ImageObject","inLanguage":"fr-FR","@id":"https:\/\/italiamachines.com\/#\/schema\/logo\/image\/","url":"https:\/\/italiamachines.com\/wp-content\/uploads\/2023\/08\/logo-web-1.png","contentUrl":"https:\/\/italiamachines.com\/wp-content\/uploads\/2023\/08\/logo-web-1.png","width":977,"height":254,"caption":"italiamachines"},"image":{"@id":"https:\/\/italiamachines.com\/#\/schema\/logo\/image\/"},"sameAs":["https:\/\/web.facebook.com\/italiamachines\/","https:\/\/www.instagram.com\/italia.machines\/"]}]}},"_links":{"self":[{"href":"https:\/\/italiamachines.com\/fr_fr\/wp-json\/wp\/v2\/product\/4983","targetHints":{"allow":["GET"]}}],"collection":[{"href":"https:\/\/italiamachines.com\/fr_fr\/wp-json\/wp\/v2\/product"}],"about":[{"href":"https:\/\/italiamachines.com\/fr_fr\/wp-json\/wp\/v2\/types\/product"}],"replies":[{"embeddable":true,"href":"https:\/\/italiamachines.com\/fr_fr\/wp-json\/wp\/v2\/comments?post=4983"}],"wp:featuredmedia":[{"embeddable":true,"href":"https:\/\/italiamachines.com\/fr_fr\/wp-json\/wp\/v2\/media\/8525"}],"wp:attachment":[{"href":"https:\/\/italiamachines.com\/fr_fr\/wp-json\/wp\/v2\/media?parent=4983"}],"wp:term":[{"taxonomy":"product_cat","embeddable":true,"href":"https:\/\/italiamachines.com\/fr_fr\/wp-json\/wp\/v2\/product_cat?post=4983"},{"taxonomy":"product_tag","embeddable":true,"href":"https:\/\/italiamachines.com\/fr_fr\/wp-json\/wp\/v2\/product_tag?post=4983"}],"curies":[{"name":"wp","href":"https:\/\/api.w.org\/{rel}","templated":true}]}}