{"id":4993,"date":"2023-07-30T04:04:59","date_gmt":"2023-07-30T04:04:59","guid":{"rendered":"https:\/\/prod.italiamachines.com\/product\/chambre-froide-panneaux-de-10cm-avec-une-porte-negative-dimensions-selon-le-groupe-frigorifique-a-bord-par-mastercool-italie\/"},"modified":"2024-09-23T23:39:51","modified_gmt":"2024-09-23T21:39:51","slug":"chambre-froide-panneaux-de-10cm-avec-une-porte-negative-dimensions-selon-le-groupe-frigorifique-a-bord-par-mastercool-italie","status":"publish","type":"product","link":"https:\/\/italiamachines.com\/fr_fr\/boutique\/boulangerie-et-patisserie\/patisserie\/froid-et-conservation-pour-patisserie\/chambres-froides-pour-patisserie\/chambre-froide-panneaux-de-10cm-avec-une-porte-negative-dimensions-selon-le-groupe-frigorifique-a-bord-par-mastercool-italie\/","title":{"rendered":"Chambre froide &#8211; Panneaux de 10cm avec une porte n\u00e9gative &#8211; par Mastercool"},"content":{"rendered":"<p>Description:<br \/>\n-Les chambres n\u00e9gatives sont pourvues de r\u00e9sistances anti-condensation<br \/>\n-Thermostat \u00e9lectronique<br \/>\n-Groupe log\u00e9 tropicalis\u00e9<br \/>\n-Froid ventil\u00e9<br \/>\n-\u00c9vaporateur trait\u00e9 anti-corrosion<br \/>\n-D\u00e9givrage \u00e9lectrique pour version BT<br \/>\n-Joint de porte magn\u00e9tique<br \/>\n-Gaz R452A<br \/>\n-Isolation 60 mm<br \/>\n-Volume net 1320 litres<br \/>\n-Porte ferrage \u00e0 droite avec dispositif de retour automatique et maintien en ouverture \u00e0 90\u00b0<\/p>\n<p>Caract\u00e9ristiques:<br \/>\n-Dimensions int\u00e9rieurs : L 880 x P 880 x H 1690 mm<br \/>\n-Dimensions ext\u00e9rieurs : L 1000 x P 1000 x H 2120 mm<br \/>\n-Dotation: 3 \u00e9tag\u00e8res laqu\u00e9es blanc<br \/>\n-Temp\u00e9rature: 0\u00b0\/+10\u00b0<br \/>\n-Tension et fr\u00e9quence: 230 V \/ 50 Hz<br \/>\n-Dimensions passage de porte: L700 X H1680 mm<\/p>\n","protected":false},"excerpt":{"rendered":"<p>Description: -Les chambres n\u00e9gatives sont pourvues de r\u00e9sistances anti-condensation -Thermostat \u00e9lectronique -Groupe log\u00e9 tropicalis\u00e9 -Froid ventil\u00e9 -\u00c9vaporateur trait\u00e9 anti-corrosion -D\u00e9givrage \u00e9lectrique pour version BT -Joint de porte magn\u00e9tique -Gaz R452A -Isolation 60 mm -Volume net 1320 litres -Porte ferrage \u00e0 droite avec dispositif de retour automatique et maintien en ouverture \u00e0 90\u00b0 Caract\u00e9ristiques: -Dimensions int\u00e9rieurs&hellip;<\/p>\n","protected":false},"featured_media":4992,"comment_status":"open","ping_status":"closed","template":"","meta":[],"product_cat":[63,163,164,254,255,256,71,72,199,200,201,97,104,112],"product_tag":[],"class_list":{"0":"post-4993","1":"product","2":"type-product","3":"status-publish","4":"has-post-thumbnail","6":"product_cat-boucherie","7":"product_cat-chambre-froide-pour-boucherie","8":"product_cat-chambre-froides","9":"product_cat-chambre-froides-pour-restauration","10":"product_cat-chambres-froides-poissonerie","11":"product_cat-chambres-froides-pour-patisserie","12":"product_cat-froid-conservation","13":"product_cat-froid-conservation-pour-boucherie","14":"product_cat-froid-conservation-pour-poissonerie","15":"product_cat-froid-conservation-pour-restauration","16":"product_cat-froid-et-conservation-pour-patisserie","17":"product_cat-patisserie","18":"product_cat-poissonerie","19":"product_cat-restaurant-snack-et-pizzeria","21":"first","22":"instock","23":"shipping-taxable","24":"purchasable","25":"product-type-simple","26":"col-xs-6 col-sm-4","27":"col-md-3 col-lg-3","28":"un-4-cols"},"yoast_head":"<!-- This site is optimized with the Yoast SEO plugin v26.6 - https:\/\/yoast.com\/wordpress\/plugins\/seo\/ -->\n<title>Chambre froide - Panneaux de 10cm avec une porte n\u00e9gative - par Mastercool | Italia Machines<\/title>\n<meta name=\"robots\" content=\"index, follow, max-snippet:-1, max-image-preview:large, max-video-preview:-1\" \/>\n<link rel=\"canonical\" href=\"https:\/\/italiamachines.com\/fr_fr\/boutique\/boulangerie-et-patisserie\/patisserie\/froid-et-conservation-pour-patisserie\/chambres-froides-pour-patisserie\/chambre-froide-panneaux-de-10cm-avec-une-porte-negative-dimensions-selon-le-groupe-frigorifique-a-bord-par-mastercool-italie\/\" \/>\n<meta property=\"og:locale\" content=\"fr_FR\" \/>\n<meta property=\"og:type\" content=\"article\" \/>\n<meta property=\"og:title\" content=\"Chambre froide - Panneaux de 10cm avec une porte n\u00e9gative - par Mastercool | Italia Machines\" \/>\n<meta property=\"og:description\" content=\"Description: -Les chambres n\u00e9gatives sont pourvues de r\u00e9sistances anti-condensation -Thermostat \u00e9lectronique -Groupe log\u00e9 tropicalis\u00e9 -Froid ventil\u00e9 -\u00c9vaporateur trait\u00e9 anti-corrosion -D\u00e9givrage \u00e9lectrique pour version BT -Joint de porte magn\u00e9tique -Gaz R452A -Isolation 60 mm -Volume net 1320 litres -Porte ferrage \u00e0 droite avec dispositif de retour automatique et maintien en ouverture \u00e0 90\u00b0 Caract\u00e9ristiques: -Dimensions int\u00e9rieurs&hellip;\" \/>\n<meta property=\"og:url\" content=\"https:\/\/italiamachines.com\/fr_fr\/boutique\/boulangerie-et-patisserie\/patisserie\/froid-et-conservation-pour-patisserie\/chambres-froides-pour-patisserie\/chambre-froide-panneaux-de-10cm-avec-une-porte-negative-dimensions-selon-le-groupe-frigorifique-a-bord-par-mastercool-italie\/\" \/>\n<meta property=\"og:site_name\" content=\"Italia Machines\" \/>\n<meta property=\"article:publisher\" content=\"https:\/\/web.facebook.com\/italiamachines\/\" \/>\n<meta property=\"article:modified_time\" content=\"2024-09-23T21:39:51+00:00\" \/>\n<meta property=\"og:image\" content=\"https:\/\/italiamachines.com\/wp-content\/uploads\/2023\/07\/MCELLA_BT2200X2200.jpeg\" \/>\n\t<meta property=\"og:image:width\" content=\"250\" \/>\n\t<meta property=\"og:image:height\" content=\"250\" \/>\n\t<meta property=\"og:image:type\" content=\"image\/jpeg\" \/>\n<meta name=\"twitter:card\" content=\"summary_large_image\" \/>\n<meta name=\"twitter:label1\" content=\"Dur\u00e9e de lecture estim\u00e9e\" \/>\n\t<meta name=\"twitter:data1\" content=\"1 minute\" \/>\n<script type=\"application\/ld+json\" class=\"yoast-schema-graph\">{\"@context\":\"https:\/\/schema.org\",\"@graph\":[{\"@type\":\"WebPage\",\"@id\":\"https:\/\/italiamachines.com\/boutique\/boulangerie-et-patisserie\/patisserie\/froid-et-conservation-pour-patisserie\/chambres-froides-pour-patisserie\/chambre-froide-panneaux-de-10cm-avec-une-porte-negative-dimensions-selon-le-groupe-frigorifique-a-bord-par-mastercool-italie\/\",\"url\":\"https:\/\/italiamachines.com\/boutique\/boulangerie-et-patisserie\/patisserie\/froid-et-conservation-pour-patisserie\/chambres-froides-pour-patisserie\/chambre-froide-panneaux-de-10cm-avec-une-porte-negative-dimensions-selon-le-groupe-frigorifique-a-bord-par-mastercool-italie\/\",\"name\":\"Chambre froide - Panneaux de 10cm avec une porte n\u00e9gative - par Mastercool | Italia Machines\",\"isPartOf\":{\"@id\":\"https:\/\/italiamachines.com\/#website\"},\"primaryImageOfPage\":{\"@id\":\"https:\/\/italiamachines.com\/boutique\/boulangerie-et-patisserie\/patisserie\/froid-et-conservation-pour-patisserie\/chambres-froides-pour-patisserie\/chambre-froide-panneaux-de-10cm-avec-une-porte-negative-dimensions-selon-le-groupe-frigorifique-a-bord-par-mastercool-italie\/#primaryimage\"},\"image\":{\"@id\":\"https:\/\/italiamachines.com\/boutique\/boulangerie-et-patisserie\/patisserie\/froid-et-conservation-pour-patisserie\/chambres-froides-pour-patisserie\/chambre-froide-panneaux-de-10cm-avec-une-porte-negative-dimensions-selon-le-groupe-frigorifique-a-bord-par-mastercool-italie\/#primaryimage\"},\"thumbnailUrl\":\"https:\/\/italiamachines.com\/wp-content\/uploads\/2023\/07\/MCELLA_BT2200X2200.jpeg\",\"datePublished\":\"2023-07-30T04:04:59+00:00\",\"dateModified\":\"2024-09-23T21:39:51+00:00\",\"breadcrumb\":{\"@id\":\"https:\/\/italiamachines.com\/boutique\/boulangerie-et-patisserie\/patisserie\/froid-et-conservation-pour-patisserie\/chambres-froides-pour-patisserie\/chambre-froide-panneaux-de-10cm-avec-une-porte-negative-dimensions-selon-le-groupe-frigorifique-a-bord-par-mastercool-italie\/#breadcrumb\"},\"inLanguage\":\"fr-FR\",\"potentialAction\":[{\"@type\":\"ReadAction\",\"target\":[\"https:\/\/italiamachines.com\/boutique\/boulangerie-et-patisserie\/patisserie\/froid-et-conservation-pour-patisserie\/chambres-froides-pour-patisserie\/chambre-froide-panneaux-de-10cm-avec-une-porte-negative-dimensions-selon-le-groupe-frigorifique-a-bord-par-mastercool-italie\/\"]}]},{\"@type\":\"ImageObject\",\"inLanguage\":\"fr-FR\",\"@id\":\"https:\/\/italiamachines.com\/boutique\/boulangerie-et-patisserie\/patisserie\/froid-et-conservation-pour-patisserie\/chambres-froides-pour-patisserie\/chambre-froide-panneaux-de-10cm-avec-une-porte-negative-dimensions-selon-le-groupe-frigorifique-a-bord-par-mastercool-italie\/#primaryimage\",\"url\":\"https:\/\/italiamachines.com\/wp-content\/uploads\/2023\/07\/MCELLA_BT2200X2200.jpeg\",\"contentUrl\":\"https:\/\/italiamachines.com\/wp-content\/uploads\/2023\/07\/MCELLA_BT2200X2200.jpeg\",\"width\":250,\"height\":250},{\"@type\":\"BreadcrumbList\",\"@id\":\"https:\/\/italiamachines.com\/boutique\/boulangerie-et-patisserie\/patisserie\/froid-et-conservation-pour-patisserie\/chambres-froides-pour-patisserie\/chambre-froide-panneaux-de-10cm-avec-une-porte-negative-dimensions-selon-le-groupe-frigorifique-a-bord-par-mastercool-italie\/#breadcrumb\",\"itemListElement\":[{\"@type\":\"ListItem\",\"position\":1,\"name\":\"Accueil\",\"item\":\"https:\/\/italiamachines.com\/fr_fr\/\"},{\"@type\":\"ListItem\",\"position\":2,\"name\":\"Boutique\",\"item\":\"https:\/\/italiamachines.com\/boutique\/\"},{\"@type\":\"ListItem\",\"position\":3,\"name\":\"Chambre froide &#8211; Panneaux de 10cm avec une porte n\u00e9gative &#8211; par Mastercool\"}]},{\"@type\":\"WebSite\",\"@id\":\"https:\/\/italiamachines.com\/#website\",\"url\":\"https:\/\/italiamachines.com\/\",\"name\":\"Italia Machines\",\"description\":\"L&#039;art de l&#039;\u00e9quipement HORECA\",\"publisher\":{\"@id\":\"https:\/\/italiamachines.com\/#organization\"},\"potentialAction\":[{\"@type\":\"SearchAction\",\"target\":{\"@type\":\"EntryPoint\",\"urlTemplate\":\"https:\/\/italiamachines.com\/?s={search_term_string}\"},\"query-input\":{\"@type\":\"PropertyValueSpecification\",\"valueRequired\":true,\"valueName\":\"search_term_string\"}}],\"inLanguage\":\"fr-FR\"},{\"@type\":\"Organization\",\"@id\":\"https:\/\/italiamachines.com\/#organization\",\"name\":\"italiamachines\",\"url\":\"https:\/\/italiamachines.com\/\",\"logo\":{\"@type\":\"ImageObject\",\"inLanguage\":\"fr-FR\",\"@id\":\"https:\/\/italiamachines.com\/#\/schema\/logo\/image\/\",\"url\":\"https:\/\/italiamachines.com\/wp-content\/uploads\/2023\/08\/logo-web-1.png\",\"contentUrl\":\"https:\/\/italiamachines.com\/wp-content\/uploads\/2023\/08\/logo-web-1.png\",\"width\":977,\"height\":254,\"caption\":\"italiamachines\"},\"image\":{\"@id\":\"https:\/\/italiamachines.com\/#\/schema\/logo\/image\/\"},\"sameAs\":[\"https:\/\/web.facebook.com\/italiamachines\/\",\"https:\/\/www.instagram.com\/italia.machines\/\"]}]}<\/script>\n<!-- \/ Yoast SEO plugin. -->","yoast_head_json":{"title":"Chambre froide - Panneaux de 10cm avec une porte n\u00e9gative - par Mastercool | Italia Machines","robots":{"index":"index","follow":"follow","max-snippet":"max-snippet:-1","max-image-preview":"max-image-preview:large","max-video-preview":"max-video-preview:-1"},"canonical":"https:\/\/italiamachines.com\/fr_fr\/boutique\/boulangerie-et-patisserie\/patisserie\/froid-et-conservation-pour-patisserie\/chambres-froides-pour-patisserie\/chambre-froide-panneaux-de-10cm-avec-une-porte-negative-dimensions-selon-le-groupe-frigorifique-a-bord-par-mastercool-italie\/","og_locale":"fr_FR","og_type":"article","og_title":"Chambre froide - Panneaux de 10cm avec une porte n\u00e9gative - par Mastercool | Italia Machines","og_description":"Description: -Les chambres n\u00e9gatives sont pourvues de r\u00e9sistances anti-condensation -Thermostat \u00e9lectronique -Groupe log\u00e9 tropicalis\u00e9 -Froid ventil\u00e9 -\u00c9vaporateur trait\u00e9 anti-corrosion -D\u00e9givrage \u00e9lectrique pour version BT -Joint de porte magn\u00e9tique -Gaz R452A -Isolation 60 mm -Volume net 1320 litres -Porte ferrage \u00e0 droite avec dispositif de retour automatique et maintien en ouverture \u00e0 90\u00b0 Caract\u00e9ristiques: -Dimensions int\u00e9rieurs&hellip;","og_url":"https:\/\/italiamachines.com\/fr_fr\/boutique\/boulangerie-et-patisserie\/patisserie\/froid-et-conservation-pour-patisserie\/chambres-froides-pour-patisserie\/chambre-froide-panneaux-de-10cm-avec-une-porte-negative-dimensions-selon-le-groupe-frigorifique-a-bord-par-mastercool-italie\/","og_site_name":"Italia Machines","article_publisher":"https:\/\/web.facebook.com\/italiamachines\/","article_modified_time":"2024-09-23T21:39:51+00:00","og_image":[{"width":250,"height":250,"url":"https:\/\/italiamachines.com\/wp-content\/uploads\/2023\/07\/MCELLA_BT2200X2200.jpeg","type":"image\/jpeg"}],"twitter_card":"summary_large_image","twitter_misc":{"Dur\u00e9e de lecture estim\u00e9e":"1 minute"},"schema":{"@context":"https:\/\/schema.org","@graph":[{"@type":"WebPage","@id":"https:\/\/italiamachines.com\/boutique\/boulangerie-et-patisserie\/patisserie\/froid-et-conservation-pour-patisserie\/chambres-froides-pour-patisserie\/chambre-froide-panneaux-de-10cm-avec-une-porte-negative-dimensions-selon-le-groupe-frigorifique-a-bord-par-mastercool-italie\/","url":"https:\/\/italiamachines.com\/boutique\/boulangerie-et-patisserie\/patisserie\/froid-et-conservation-pour-patisserie\/chambres-froides-pour-patisserie\/chambre-froide-panneaux-de-10cm-avec-une-porte-negative-dimensions-selon-le-groupe-frigorifique-a-bord-par-mastercool-italie\/","name":"Chambre froide - Panneaux de 10cm avec une porte n\u00e9gative - par Mastercool | Italia Machines","isPartOf":{"@id":"https:\/\/italiamachines.com\/#website"},"primaryImageOfPage":{"@id":"https:\/\/italiamachines.com\/boutique\/boulangerie-et-patisserie\/patisserie\/froid-et-conservation-pour-patisserie\/chambres-froides-pour-patisserie\/chambre-froide-panneaux-de-10cm-avec-une-porte-negative-dimensions-selon-le-groupe-frigorifique-a-bord-par-mastercool-italie\/#primaryimage"},"image":{"@id":"https:\/\/italiamachines.com\/boutique\/boulangerie-et-patisserie\/patisserie\/froid-et-conservation-pour-patisserie\/chambres-froides-pour-patisserie\/chambre-froide-panneaux-de-10cm-avec-une-porte-negative-dimensions-selon-le-groupe-frigorifique-a-bord-par-mastercool-italie\/#primaryimage"},"thumbnailUrl":"https:\/\/italiamachines.com\/wp-content\/uploads\/2023\/07\/MCELLA_BT2200X2200.jpeg","datePublished":"2023-07-30T04:04:59+00:00","dateModified":"2024-09-23T21:39:51+00:00","breadcrumb":{"@id":"https:\/\/italiamachines.com\/boutique\/boulangerie-et-patisserie\/patisserie\/froid-et-conservation-pour-patisserie\/chambres-froides-pour-patisserie\/chambre-froide-panneaux-de-10cm-avec-une-porte-negative-dimensions-selon-le-groupe-frigorifique-a-bord-par-mastercool-italie\/#breadcrumb"},"inLanguage":"fr-FR","potentialAction":[{"@type":"ReadAction","target":["https:\/\/italiamachines.com\/boutique\/boulangerie-et-patisserie\/patisserie\/froid-et-conservation-pour-patisserie\/chambres-froides-pour-patisserie\/chambre-froide-panneaux-de-10cm-avec-une-porte-negative-dimensions-selon-le-groupe-frigorifique-a-bord-par-mastercool-italie\/"]}]},{"@type":"ImageObject","inLanguage":"fr-FR","@id":"https:\/\/italiamachines.com\/boutique\/boulangerie-et-patisserie\/patisserie\/froid-et-conservation-pour-patisserie\/chambres-froides-pour-patisserie\/chambre-froide-panneaux-de-10cm-avec-une-porte-negative-dimensions-selon-le-groupe-frigorifique-a-bord-par-mastercool-italie\/#primaryimage","url":"https:\/\/italiamachines.com\/wp-content\/uploads\/2023\/07\/MCELLA_BT2200X2200.jpeg","contentUrl":"https:\/\/italiamachines.com\/wp-content\/uploads\/2023\/07\/MCELLA_BT2200X2200.jpeg","width":250,"height":250},{"@type":"BreadcrumbList","@id":"https:\/\/italiamachines.com\/boutique\/boulangerie-et-patisserie\/patisserie\/froid-et-conservation-pour-patisserie\/chambres-froides-pour-patisserie\/chambre-froide-panneaux-de-10cm-avec-une-porte-negative-dimensions-selon-le-groupe-frigorifique-a-bord-par-mastercool-italie\/#breadcrumb","itemListElement":[{"@type":"ListItem","position":1,"name":"Accueil","item":"https:\/\/italiamachines.com\/fr_fr\/"},{"@type":"ListItem","position":2,"name":"Boutique","item":"https:\/\/italiamachines.com\/boutique\/"},{"@type":"ListItem","position":3,"name":"Chambre froide &#8211; Panneaux de 10cm avec une porte n\u00e9gative &#8211; par Mastercool"}]},{"@type":"WebSite","@id":"https:\/\/italiamachines.com\/#website","url":"https:\/\/italiamachines.com\/","name":"Italia Machines","description":"L&#039;art de l&#039;\u00e9quipement HORECA","publisher":{"@id":"https:\/\/italiamachines.com\/#organization"},"potentialAction":[{"@type":"SearchAction","target":{"@type":"EntryPoint","urlTemplate":"https:\/\/italiamachines.com\/?s={search_term_string}"},"query-input":{"@type":"PropertyValueSpecification","valueRequired":true,"valueName":"search_term_string"}}],"inLanguage":"fr-FR"},{"@type":"Organization","@id":"https:\/\/italiamachines.com\/#organization","name":"italiamachines","url":"https:\/\/italiamachines.com\/","logo":{"@type":"ImageObject","inLanguage":"fr-FR","@id":"https:\/\/italiamachines.com\/#\/schema\/logo\/image\/","url":"https:\/\/italiamachines.com\/wp-content\/uploads\/2023\/08\/logo-web-1.png","contentUrl":"https:\/\/italiamachines.com\/wp-content\/uploads\/2023\/08\/logo-web-1.png","width":977,"height":254,"caption":"italiamachines"},"image":{"@id":"https:\/\/italiamachines.com\/#\/schema\/logo\/image\/"},"sameAs":["https:\/\/web.facebook.com\/italiamachines\/","https:\/\/www.instagram.com\/italia.machines\/"]}]}},"_links":{"self":[{"href":"https:\/\/italiamachines.com\/fr_fr\/wp-json\/wp\/v2\/product\/4993","targetHints":{"allow":["GET"]}}],"collection":[{"href":"https:\/\/italiamachines.com\/fr_fr\/wp-json\/wp\/v2\/product"}],"about":[{"href":"https:\/\/italiamachines.com\/fr_fr\/wp-json\/wp\/v2\/types\/product"}],"replies":[{"embeddable":true,"href":"https:\/\/italiamachines.com\/fr_fr\/wp-json\/wp\/v2\/comments?post=4993"}],"wp:featuredmedia":[{"embeddable":true,"href":"https:\/\/italiamachines.com\/fr_fr\/wp-json\/wp\/v2\/media\/4992"}],"wp:attachment":[{"href":"https:\/\/italiamachines.com\/fr_fr\/wp-json\/wp\/v2\/media?parent=4993"}],"wp:term":[{"taxonomy":"product_cat","embeddable":true,"href":"https:\/\/italiamachines.com\/fr_fr\/wp-json\/wp\/v2\/product_cat?post=4993"},{"taxonomy":"product_tag","embeddable":true,"href":"https:\/\/italiamachines.com\/fr_fr\/wp-json\/wp\/v2\/product_tag?post=4993"}],"curies":[{"name":"wp","href":"https:\/\/api.w.org\/{rel}","templated":true}]}}