{"id":5049,"date":"2023-07-30T04:09:01","date_gmt":"2023-07-30T04:09:01","guid":{"rendered":"https:\/\/prod.italiamachines.com\/product\/vitrine-murale-positive-avec-portes-ouvrantes-dimensions-2500-x-780-x-2000\/"},"modified":"2024-10-01T22:09:13","modified_gmt":"2024-10-01T20:09:13","slug":"vitrine-murale-positive-avec-portes-ouvrantes-dimensions-2500-x-780-x-2000","status":"publish","type":"product","link":"https:\/\/italiamachines.com\/fr_fr\/boutique\/boulangerie-et-patisserie\/patisserie\/vitrines\/vitrine-refrigeree-verticale\/vitrine-murale-positive-avec-portes-ouvrantes-dimensions-2500-x-780-x-2000\/","title":{"rendered":"Vitrine murale positive avec portes ouvrantes &#8211; Dimensions: 250x78x200 cm"},"content":{"rendered":"<p>Multiplex cong\u00e9lateur \u00e0 portes vitr\u00e9es articul\u00e9es triple<br \/>\nDisponible en longueurs de 1350 mm \u00e0 2000 mm<br \/>\nHauteur avant inf\u00e9rieure pour une meilleure exposition des produits<br \/>\nAdapt\u00e9 au r\u00e9gime de temp\u00e9rature L1 dans la classe climatique 3<br \/>\n\u00c9tag\u00e8res en fil de fer optimis\u00e9es avec porte-prix<br \/>\n\u00c9clairage LED vertical sur les portes standard<br \/>\nLarge gamme d&rsquo;options de personnalisation<br \/>\nCapacit\u00e9 de charge maximale et visibilit\u00e9<br \/>\nPortes en verre tremp\u00e9 \u00e0 faible \u00e9missivit\u00e9<br \/>\nFermeture automatique et ancrage fixe m\u00e9canique<br \/>\nConsommation d&rsquo;\u00e9nergie minimale avec uniformit\u00e9 parfaite de la temp\u00e9rature.<\/p>\n","protected":false},"excerpt":{"rendered":"<p>Multiplex cong\u00e9lateur \u00e0 portes vitr\u00e9es articul\u00e9es triple Disponible en longueurs de 1350 mm \u00e0 2000 mm Hauteur avant inf\u00e9rieure pour une meilleure exposition des produits Adapt\u00e9 au r\u00e9gime de temp\u00e9rature L1 dans la classe climatique 3 \u00c9tag\u00e8res en fil de fer optimis\u00e9es avec porte-prix \u00c9clairage LED vertical sur les portes standard Large gamme d&rsquo;options de&hellip;<\/p>\n","protected":false},"featured_media":5048,"comment_status":"open","ping_status":"closed","template":"","meta":[],"product_cat":[97,246,144],"product_tag":[],"class_list":{"0":"post-5049","1":"product","2":"type-product","3":"status-publish","4":"has-post-thumbnail","6":"product_cat-patisserie","7":"product_cat-vitrine-refrigeree-verticale","8":"product_cat-vitrines","10":"first","11":"instock","12":"shipping-taxable","13":"purchasable","14":"product-type-simple","15":"col-xs-6 col-sm-4","16":"col-md-3 col-lg-3","17":"un-4-cols"},"yoast_head":"<!-- This site is optimized with the Yoast SEO plugin v26.6 - https:\/\/yoast.com\/wordpress\/plugins\/seo\/ -->\n<title>Vitrine murale positive avec portes ouvrantes - Dimensions: 250x78x200 cm | Italia Machines<\/title>\n<meta name=\"robots\" content=\"index, follow, max-snippet:-1, max-image-preview:large, max-video-preview:-1\" \/>\n<link rel=\"canonical\" href=\"https:\/\/italiamachines.com\/fr_fr\/boutique\/boulangerie-et-patisserie\/patisserie\/vitrines\/vitrine-refrigeree-verticale\/vitrine-murale-positive-avec-portes-ouvrantes-dimensions-2500-x-780-x-2000\/\" \/>\n<meta property=\"og:locale\" content=\"fr_FR\" \/>\n<meta property=\"og:type\" content=\"article\" \/>\n<meta property=\"og:title\" content=\"Vitrine murale positive avec portes ouvrantes - Dimensions: 250x78x200 cm | Italia Machines\" \/>\n<meta property=\"og:description\" content=\"Multiplex cong\u00e9lateur \u00e0 portes vitr\u00e9es articul\u00e9es triple Disponible en longueurs de 1350 mm \u00e0 2000 mm Hauteur avant inf\u00e9rieure pour une meilleure exposition des produits Adapt\u00e9 au r\u00e9gime de temp\u00e9rature L1 dans la classe climatique 3 \u00c9tag\u00e8res en fil de fer optimis\u00e9es avec porte-prix \u00c9clairage LED vertical sur les portes standard Large gamme d&rsquo;options de&hellip;\" \/>\n<meta property=\"og:url\" content=\"https:\/\/italiamachines.com\/fr_fr\/boutique\/boulangerie-et-patisserie\/patisserie\/vitrines\/vitrine-refrigeree-verticale\/vitrine-murale-positive-avec-portes-ouvrantes-dimensions-2500-x-780-x-2000\/\" \/>\n<meta property=\"og:site_name\" content=\"Italia Machines\" \/>\n<meta property=\"article:publisher\" content=\"https:\/\/web.facebook.com\/italiamachines\/\" \/>\n<meta property=\"article:modified_time\" content=\"2024-10-01T20:09:13+00:00\" \/>\n<meta property=\"og:image\" content=\"https:\/\/italiamachines.com\/wp-content\/uploads\/2023\/07\/MN25DCM1.jpeg\" \/>\n\t<meta property=\"og:image:width\" content=\"1000\" \/>\n\t<meta property=\"og:image:height\" content=\"1000\" \/>\n\t<meta property=\"og:image:type\" content=\"image\/jpeg\" \/>\n<meta name=\"twitter:card\" content=\"summary_large_image\" \/>\n<meta name=\"twitter:label1\" content=\"Dur\u00e9e de lecture estim\u00e9e\" \/>\n\t<meta name=\"twitter:data1\" content=\"1 minute\" \/>\n<script type=\"application\/ld+json\" class=\"yoast-schema-graph\">{\"@context\":\"https:\/\/schema.org\",\"@graph\":[{\"@type\":\"WebPage\",\"@id\":\"https:\/\/italiamachines.com\/boutique\/boulangerie-et-patisserie\/patisserie\/vitrines\/vitrine-refrigeree-verticale\/vitrine-murale-positive-avec-portes-ouvrantes-dimensions-2500-x-780-x-2000\/\",\"url\":\"https:\/\/italiamachines.com\/boutique\/boulangerie-et-patisserie\/patisserie\/vitrines\/vitrine-refrigeree-verticale\/vitrine-murale-positive-avec-portes-ouvrantes-dimensions-2500-x-780-x-2000\/\",\"name\":\"Vitrine murale positive avec portes ouvrantes - Dimensions: 250x78x200 cm | Italia Machines\",\"isPartOf\":{\"@id\":\"https:\/\/italiamachines.com\/#website\"},\"primaryImageOfPage\":{\"@id\":\"https:\/\/italiamachines.com\/boutique\/boulangerie-et-patisserie\/patisserie\/vitrines\/vitrine-refrigeree-verticale\/vitrine-murale-positive-avec-portes-ouvrantes-dimensions-2500-x-780-x-2000\/#primaryimage\"},\"image\":{\"@id\":\"https:\/\/italiamachines.com\/boutique\/boulangerie-et-patisserie\/patisserie\/vitrines\/vitrine-refrigeree-verticale\/vitrine-murale-positive-avec-portes-ouvrantes-dimensions-2500-x-780-x-2000\/#primaryimage\"},\"thumbnailUrl\":\"https:\/\/italiamachines.com\/wp-content\/uploads\/2023\/07\/MN25DCM1.jpeg\",\"datePublished\":\"2023-07-30T04:09:01+00:00\",\"dateModified\":\"2024-10-01T20:09:13+00:00\",\"breadcrumb\":{\"@id\":\"https:\/\/italiamachines.com\/boutique\/boulangerie-et-patisserie\/patisserie\/vitrines\/vitrine-refrigeree-verticale\/vitrine-murale-positive-avec-portes-ouvrantes-dimensions-2500-x-780-x-2000\/#breadcrumb\"},\"inLanguage\":\"fr-FR\",\"potentialAction\":[{\"@type\":\"ReadAction\",\"target\":[\"https:\/\/italiamachines.com\/boutique\/boulangerie-et-patisserie\/patisserie\/vitrines\/vitrine-refrigeree-verticale\/vitrine-murale-positive-avec-portes-ouvrantes-dimensions-2500-x-780-x-2000\/\"]}]},{\"@type\":\"ImageObject\",\"inLanguage\":\"fr-FR\",\"@id\":\"https:\/\/italiamachines.com\/boutique\/boulangerie-et-patisserie\/patisserie\/vitrines\/vitrine-refrigeree-verticale\/vitrine-murale-positive-avec-portes-ouvrantes-dimensions-2500-x-780-x-2000\/#primaryimage\",\"url\":\"https:\/\/italiamachines.com\/wp-content\/uploads\/2023\/07\/MN25DCM1.jpeg\",\"contentUrl\":\"https:\/\/italiamachines.com\/wp-content\/uploads\/2023\/07\/MN25DCM1.jpeg\",\"width\":1000,\"height\":1000},{\"@type\":\"BreadcrumbList\",\"@id\":\"https:\/\/italiamachines.com\/boutique\/boulangerie-et-patisserie\/patisserie\/vitrines\/vitrine-refrigeree-verticale\/vitrine-murale-positive-avec-portes-ouvrantes-dimensions-2500-x-780-x-2000\/#breadcrumb\",\"itemListElement\":[{\"@type\":\"ListItem\",\"position\":1,\"name\":\"Accueil\",\"item\":\"https:\/\/italiamachines.com\/fr_fr\/\"},{\"@type\":\"ListItem\",\"position\":2,\"name\":\"Boutique\",\"item\":\"https:\/\/italiamachines.com\/boutique\/\"},{\"@type\":\"ListItem\",\"position\":3,\"name\":\"Vitrine murale positive avec portes ouvrantes &#8211; Dimensions: 250x78x200 cm\"}]},{\"@type\":\"WebSite\",\"@id\":\"https:\/\/italiamachines.com\/#website\",\"url\":\"https:\/\/italiamachines.com\/\",\"name\":\"Italia Machines\",\"description\":\"L&#039;art de l&#039;\u00e9quipement HORECA\",\"publisher\":{\"@id\":\"https:\/\/italiamachines.com\/#organization\"},\"potentialAction\":[{\"@type\":\"SearchAction\",\"target\":{\"@type\":\"EntryPoint\",\"urlTemplate\":\"https:\/\/italiamachines.com\/?s={search_term_string}\"},\"query-input\":{\"@type\":\"PropertyValueSpecification\",\"valueRequired\":true,\"valueName\":\"search_term_string\"}}],\"inLanguage\":\"fr-FR\"},{\"@type\":\"Organization\",\"@id\":\"https:\/\/italiamachines.com\/#organization\",\"name\":\"italiamachines\",\"url\":\"https:\/\/italiamachines.com\/\",\"logo\":{\"@type\":\"ImageObject\",\"inLanguage\":\"fr-FR\",\"@id\":\"https:\/\/italiamachines.com\/#\/schema\/logo\/image\/\",\"url\":\"https:\/\/italiamachines.com\/wp-content\/uploads\/2023\/08\/logo-web-1.png\",\"contentUrl\":\"https:\/\/italiamachines.com\/wp-content\/uploads\/2023\/08\/logo-web-1.png\",\"width\":977,\"height\":254,\"caption\":\"italiamachines\"},\"image\":{\"@id\":\"https:\/\/italiamachines.com\/#\/schema\/logo\/image\/\"},\"sameAs\":[\"https:\/\/web.facebook.com\/italiamachines\/\",\"https:\/\/www.instagram.com\/italia.machines\/\"]}]}<\/script>\n<!-- \/ Yoast SEO plugin. -->","yoast_head_json":{"title":"Vitrine murale positive avec portes ouvrantes - Dimensions: 250x78x200 cm | Italia Machines","robots":{"index":"index","follow":"follow","max-snippet":"max-snippet:-1","max-image-preview":"max-image-preview:large","max-video-preview":"max-video-preview:-1"},"canonical":"https:\/\/italiamachines.com\/fr_fr\/boutique\/boulangerie-et-patisserie\/patisserie\/vitrines\/vitrine-refrigeree-verticale\/vitrine-murale-positive-avec-portes-ouvrantes-dimensions-2500-x-780-x-2000\/","og_locale":"fr_FR","og_type":"article","og_title":"Vitrine murale positive avec portes ouvrantes - Dimensions: 250x78x200 cm | Italia Machines","og_description":"Multiplex cong\u00e9lateur \u00e0 portes vitr\u00e9es articul\u00e9es triple Disponible en longueurs de 1350 mm \u00e0 2000 mm Hauteur avant inf\u00e9rieure pour une meilleure exposition des produits Adapt\u00e9 au r\u00e9gime de temp\u00e9rature L1 dans la classe climatique 3 \u00c9tag\u00e8res en fil de fer optimis\u00e9es avec porte-prix \u00c9clairage LED vertical sur les portes standard Large gamme d&rsquo;options de&hellip;","og_url":"https:\/\/italiamachines.com\/fr_fr\/boutique\/boulangerie-et-patisserie\/patisserie\/vitrines\/vitrine-refrigeree-verticale\/vitrine-murale-positive-avec-portes-ouvrantes-dimensions-2500-x-780-x-2000\/","og_site_name":"Italia Machines","article_publisher":"https:\/\/web.facebook.com\/italiamachines\/","article_modified_time":"2024-10-01T20:09:13+00:00","og_image":[{"width":1000,"height":1000,"url":"https:\/\/italiamachines.com\/wp-content\/uploads\/2023\/07\/MN25DCM1.jpeg","type":"image\/jpeg"}],"twitter_card":"summary_large_image","twitter_misc":{"Dur\u00e9e de lecture estim\u00e9e":"1 minute"},"schema":{"@context":"https:\/\/schema.org","@graph":[{"@type":"WebPage","@id":"https:\/\/italiamachines.com\/boutique\/boulangerie-et-patisserie\/patisserie\/vitrines\/vitrine-refrigeree-verticale\/vitrine-murale-positive-avec-portes-ouvrantes-dimensions-2500-x-780-x-2000\/","url":"https:\/\/italiamachines.com\/boutique\/boulangerie-et-patisserie\/patisserie\/vitrines\/vitrine-refrigeree-verticale\/vitrine-murale-positive-avec-portes-ouvrantes-dimensions-2500-x-780-x-2000\/","name":"Vitrine murale positive avec portes ouvrantes - Dimensions: 250x78x200 cm | Italia Machines","isPartOf":{"@id":"https:\/\/italiamachines.com\/#website"},"primaryImageOfPage":{"@id":"https:\/\/italiamachines.com\/boutique\/boulangerie-et-patisserie\/patisserie\/vitrines\/vitrine-refrigeree-verticale\/vitrine-murale-positive-avec-portes-ouvrantes-dimensions-2500-x-780-x-2000\/#primaryimage"},"image":{"@id":"https:\/\/italiamachines.com\/boutique\/boulangerie-et-patisserie\/patisserie\/vitrines\/vitrine-refrigeree-verticale\/vitrine-murale-positive-avec-portes-ouvrantes-dimensions-2500-x-780-x-2000\/#primaryimage"},"thumbnailUrl":"https:\/\/italiamachines.com\/wp-content\/uploads\/2023\/07\/MN25DCM1.jpeg","datePublished":"2023-07-30T04:09:01+00:00","dateModified":"2024-10-01T20:09:13+00:00","breadcrumb":{"@id":"https:\/\/italiamachines.com\/boutique\/boulangerie-et-patisserie\/patisserie\/vitrines\/vitrine-refrigeree-verticale\/vitrine-murale-positive-avec-portes-ouvrantes-dimensions-2500-x-780-x-2000\/#breadcrumb"},"inLanguage":"fr-FR","potentialAction":[{"@type":"ReadAction","target":["https:\/\/italiamachines.com\/boutique\/boulangerie-et-patisserie\/patisserie\/vitrines\/vitrine-refrigeree-verticale\/vitrine-murale-positive-avec-portes-ouvrantes-dimensions-2500-x-780-x-2000\/"]}]},{"@type":"ImageObject","inLanguage":"fr-FR","@id":"https:\/\/italiamachines.com\/boutique\/boulangerie-et-patisserie\/patisserie\/vitrines\/vitrine-refrigeree-verticale\/vitrine-murale-positive-avec-portes-ouvrantes-dimensions-2500-x-780-x-2000\/#primaryimage","url":"https:\/\/italiamachines.com\/wp-content\/uploads\/2023\/07\/MN25DCM1.jpeg","contentUrl":"https:\/\/italiamachines.com\/wp-content\/uploads\/2023\/07\/MN25DCM1.jpeg","width":1000,"height":1000},{"@type":"BreadcrumbList","@id":"https:\/\/italiamachines.com\/boutique\/boulangerie-et-patisserie\/patisserie\/vitrines\/vitrine-refrigeree-verticale\/vitrine-murale-positive-avec-portes-ouvrantes-dimensions-2500-x-780-x-2000\/#breadcrumb","itemListElement":[{"@type":"ListItem","position":1,"name":"Accueil","item":"https:\/\/italiamachines.com\/fr_fr\/"},{"@type":"ListItem","position":2,"name":"Boutique","item":"https:\/\/italiamachines.com\/boutique\/"},{"@type":"ListItem","position":3,"name":"Vitrine murale positive avec portes ouvrantes &#8211; Dimensions: 250x78x200 cm"}]},{"@type":"WebSite","@id":"https:\/\/italiamachines.com\/#website","url":"https:\/\/italiamachines.com\/","name":"Italia Machines","description":"L&#039;art de l&#039;\u00e9quipement HORECA","publisher":{"@id":"https:\/\/italiamachines.com\/#organization"},"potentialAction":[{"@type":"SearchAction","target":{"@type":"EntryPoint","urlTemplate":"https:\/\/italiamachines.com\/?s={search_term_string}"},"query-input":{"@type":"PropertyValueSpecification","valueRequired":true,"valueName":"search_term_string"}}],"inLanguage":"fr-FR"},{"@type":"Organization","@id":"https:\/\/italiamachines.com\/#organization","name":"italiamachines","url":"https:\/\/italiamachines.com\/","logo":{"@type":"ImageObject","inLanguage":"fr-FR","@id":"https:\/\/italiamachines.com\/#\/schema\/logo\/image\/","url":"https:\/\/italiamachines.com\/wp-content\/uploads\/2023\/08\/logo-web-1.png","contentUrl":"https:\/\/italiamachines.com\/wp-content\/uploads\/2023\/08\/logo-web-1.png","width":977,"height":254,"caption":"italiamachines"},"image":{"@id":"https:\/\/italiamachines.com\/#\/schema\/logo\/image\/"},"sameAs":["https:\/\/web.facebook.com\/italiamachines\/","https:\/\/www.instagram.com\/italia.machines\/"]}]}},"_links":{"self":[{"href":"https:\/\/italiamachines.com\/fr_fr\/wp-json\/wp\/v2\/product\/5049","targetHints":{"allow":["GET"]}}],"collection":[{"href":"https:\/\/italiamachines.com\/fr_fr\/wp-json\/wp\/v2\/product"}],"about":[{"href":"https:\/\/italiamachines.com\/fr_fr\/wp-json\/wp\/v2\/types\/product"}],"replies":[{"embeddable":true,"href":"https:\/\/italiamachines.com\/fr_fr\/wp-json\/wp\/v2\/comments?post=5049"}],"wp:featuredmedia":[{"embeddable":true,"href":"https:\/\/italiamachines.com\/fr_fr\/wp-json\/wp\/v2\/media\/5048"}],"wp:attachment":[{"href":"https:\/\/italiamachines.com\/fr_fr\/wp-json\/wp\/v2\/media?parent=5049"}],"wp:term":[{"taxonomy":"product_cat","embeddable":true,"href":"https:\/\/italiamachines.com\/fr_fr\/wp-json\/wp\/v2\/product_cat?post=5049"},{"taxonomy":"product_tag","embeddable":true,"href":"https:\/\/italiamachines.com\/fr_fr\/wp-json\/wp\/v2\/product_tag?post=5049"}],"curies":[{"name":"wp","href":"https:\/\/api.w.org\/{rel}","templated":true}]}}