{"id":5053,"date":"2023-07-30T04:09:19","date_gmt":"2023-07-30T04:09:19","guid":{"rendered":"https:\/\/prod.italiamachines.com\/product\/vitrine-murale-negative-portes-ouvrantes-dimensions-2000-x-780-x-2000\/"},"modified":"2024-10-01T22:08:04","modified_gmt":"2024-10-01T20:08:04","slug":"vitrine-murale-negative-portes-ouvrantes-dimensions-2000-x-780-x-2000","status":"publish","type":"product","link":"https:\/\/italiamachines.com\/fr_fr\/boutique\/boulangerie-et-patisserie\/patisserie\/vitrines\/vitrine-refrigeree-verticale\/vitrine-murale-negative-portes-ouvrantes-dimensions-2000-x-780-x-2000\/","title":{"rendered":"Vitrine murale n\u00e9gative &#8211; portes ouvrantes &#8211; Dimensions: 200x78x200 cm"},"content":{"rendered":"<p>Armoire r\u00e9frig\u00e9r\u00e9e murale avec portes vitr\u00e9es articul\u00e9es.<br \/>\nDimensions: 2000 x 780 x 2000.<br \/>\nUtilise le r\u00e9frig\u00e9rant naturel et \u00e9cologique R-290.<br \/>\nHauteur basse pour une meilleure visibilit\u00e9 des produits expos\u00e9s.<br \/>\nDiff\u00e9rents mod\u00e8les pour s&rsquo;adapter aux besoins de conservation des viandes, des produits laitiers, des fruits et l\u00e9gumes, etc.<br \/>\n\u00c9tag\u00e8res ajustables avec porte-prix inclus.<br \/>\n\u00c9clairage LED pour une excellente visibilit\u00e9.<br \/>\nOptions de personnalisation disponibles pour s&rsquo;adapter \u00e0 votre identit\u00e9 d&rsquo;entreprise ou de design.<\/p>\n","protected":false},"excerpt":{"rendered":"<p>Armoire r\u00e9frig\u00e9r\u00e9e murale avec portes vitr\u00e9es articul\u00e9es. Dimensions: 2000 x 780 x 2000. Utilise le r\u00e9frig\u00e9rant naturel et \u00e9cologique R-290. Hauteur basse pour une meilleure visibilit\u00e9 des produits expos\u00e9s. Diff\u00e9rents mod\u00e8les pour s&rsquo;adapter aux besoins de conservation des viandes, des produits laitiers, des fruits et l\u00e9gumes, etc. \u00c9tag\u00e8res ajustables avec porte-prix inclus. \u00c9clairage LED pour&hellip;<\/p>\n","protected":false},"featured_media":5052,"comment_status":"open","ping_status":"closed","template":"","meta":[],"product_cat":[97,246,144],"product_tag":[],"class_list":{"0":"post-5053","1":"product","2":"type-product","3":"status-publish","4":"has-post-thumbnail","6":"product_cat-patisserie","7":"product_cat-vitrine-refrigeree-verticale","8":"product_cat-vitrines","10":"first","11":"instock","12":"shipping-taxable","13":"purchasable","14":"product-type-simple","15":"col-xs-6 col-sm-4","16":"col-md-3 col-lg-3","17":"un-4-cols"},"yoast_head":"<!-- This site is optimized with the Yoast SEO plugin v26.6 - https:\/\/yoast.com\/wordpress\/plugins\/seo\/ -->\n<title>Vitrine murale n\u00e9gative - portes ouvrantes - Dimensions: 200x78x200 cm | Italia Machines<\/title>\n<meta name=\"robots\" content=\"index, follow, max-snippet:-1, max-image-preview:large, max-video-preview:-1\" \/>\n<link rel=\"canonical\" href=\"https:\/\/italiamachines.com\/fr_fr\/boutique\/boulangerie-et-patisserie\/patisserie\/vitrines\/vitrine-refrigeree-verticale\/vitrine-murale-negative-portes-ouvrantes-dimensions-2000-x-780-x-2000\/\" \/>\n<meta property=\"og:locale\" content=\"fr_FR\" \/>\n<meta property=\"og:type\" content=\"article\" \/>\n<meta property=\"og:title\" content=\"Vitrine murale n\u00e9gative - portes ouvrantes - Dimensions: 200x78x200 cm | Italia Machines\" \/>\n<meta property=\"og:description\" content=\"Armoire r\u00e9frig\u00e9r\u00e9e murale avec portes vitr\u00e9es articul\u00e9es. Dimensions: 2000 x 780 x 2000. Utilise le r\u00e9frig\u00e9rant naturel et \u00e9cologique R-290. Hauteur basse pour une meilleure visibilit\u00e9 des produits expos\u00e9s. Diff\u00e9rents mod\u00e8les pour s&rsquo;adapter aux besoins de conservation des viandes, des produits laitiers, des fruits et l\u00e9gumes, etc. \u00c9tag\u00e8res ajustables avec porte-prix inclus. \u00c9clairage LED pour&hellip;\" \/>\n<meta property=\"og:url\" content=\"https:\/\/italiamachines.com\/fr_fr\/boutique\/boulangerie-et-patisserie\/patisserie\/vitrines\/vitrine-refrigeree-verticale\/vitrine-murale-negative-portes-ouvrantes-dimensions-2000-x-780-x-2000\/\" \/>\n<meta property=\"og:site_name\" content=\"Italia Machines\" \/>\n<meta property=\"article:publisher\" content=\"https:\/\/web.facebook.com\/italiamachines\/\" \/>\n<meta property=\"article:modified_time\" content=\"2024-10-01T20:08:04+00:00\" \/>\n<meta property=\"og:image\" content=\"https:\/\/italiamachines.com\/wp-content\/uploads\/2023\/07\/MN4PBTPL1.jpeg\" \/>\n\t<meta property=\"og:image:width\" content=\"1000\" \/>\n\t<meta property=\"og:image:height\" content=\"1000\" \/>\n\t<meta property=\"og:image:type\" content=\"image\/jpeg\" \/>\n<meta name=\"twitter:card\" content=\"summary_large_image\" \/>\n<meta name=\"twitter:label1\" content=\"Dur\u00e9e de lecture estim\u00e9e\" \/>\n\t<meta name=\"twitter:data1\" content=\"1 minute\" \/>\n<script type=\"application\/ld+json\" class=\"yoast-schema-graph\">{\"@context\":\"https:\/\/schema.org\",\"@graph\":[{\"@type\":\"WebPage\",\"@id\":\"https:\/\/italiamachines.com\/boutique\/boulangerie-et-patisserie\/patisserie\/vitrines\/vitrine-refrigeree-verticale\/vitrine-murale-negative-portes-ouvrantes-dimensions-2000-x-780-x-2000\/\",\"url\":\"https:\/\/italiamachines.com\/boutique\/boulangerie-et-patisserie\/patisserie\/vitrines\/vitrine-refrigeree-verticale\/vitrine-murale-negative-portes-ouvrantes-dimensions-2000-x-780-x-2000\/\",\"name\":\"Vitrine murale n\u00e9gative - portes ouvrantes - Dimensions: 200x78x200 cm | Italia Machines\",\"isPartOf\":{\"@id\":\"https:\/\/italiamachines.com\/#website\"},\"primaryImageOfPage\":{\"@id\":\"https:\/\/italiamachines.com\/boutique\/boulangerie-et-patisserie\/patisserie\/vitrines\/vitrine-refrigeree-verticale\/vitrine-murale-negative-portes-ouvrantes-dimensions-2000-x-780-x-2000\/#primaryimage\"},\"image\":{\"@id\":\"https:\/\/italiamachines.com\/boutique\/boulangerie-et-patisserie\/patisserie\/vitrines\/vitrine-refrigeree-verticale\/vitrine-murale-negative-portes-ouvrantes-dimensions-2000-x-780-x-2000\/#primaryimage\"},\"thumbnailUrl\":\"https:\/\/italiamachines.com\/wp-content\/uploads\/2023\/07\/MN4PBTPL1.jpeg\",\"datePublished\":\"2023-07-30T04:09:19+00:00\",\"dateModified\":\"2024-10-01T20:08:04+00:00\",\"breadcrumb\":{\"@id\":\"https:\/\/italiamachines.com\/boutique\/boulangerie-et-patisserie\/patisserie\/vitrines\/vitrine-refrigeree-verticale\/vitrine-murale-negative-portes-ouvrantes-dimensions-2000-x-780-x-2000\/#breadcrumb\"},\"inLanguage\":\"fr-FR\",\"potentialAction\":[{\"@type\":\"ReadAction\",\"target\":[\"https:\/\/italiamachines.com\/boutique\/boulangerie-et-patisserie\/patisserie\/vitrines\/vitrine-refrigeree-verticale\/vitrine-murale-negative-portes-ouvrantes-dimensions-2000-x-780-x-2000\/\"]}]},{\"@type\":\"ImageObject\",\"inLanguage\":\"fr-FR\",\"@id\":\"https:\/\/italiamachines.com\/boutique\/boulangerie-et-patisserie\/patisserie\/vitrines\/vitrine-refrigeree-verticale\/vitrine-murale-negative-portes-ouvrantes-dimensions-2000-x-780-x-2000\/#primaryimage\",\"url\":\"https:\/\/italiamachines.com\/wp-content\/uploads\/2023\/07\/MN4PBTPL1.jpeg\",\"contentUrl\":\"https:\/\/italiamachines.com\/wp-content\/uploads\/2023\/07\/MN4PBTPL1.jpeg\",\"width\":1000,\"height\":1000},{\"@type\":\"BreadcrumbList\",\"@id\":\"https:\/\/italiamachines.com\/boutique\/boulangerie-et-patisserie\/patisserie\/vitrines\/vitrine-refrigeree-verticale\/vitrine-murale-negative-portes-ouvrantes-dimensions-2000-x-780-x-2000\/#breadcrumb\",\"itemListElement\":[{\"@type\":\"ListItem\",\"position\":1,\"name\":\"Accueil\",\"item\":\"https:\/\/italiamachines.com\/fr_fr\/\"},{\"@type\":\"ListItem\",\"position\":2,\"name\":\"Boutique\",\"item\":\"https:\/\/italiamachines.com\/boutique\/\"},{\"@type\":\"ListItem\",\"position\":3,\"name\":\"Vitrine murale n\u00e9gative &#8211; portes ouvrantes &#8211; Dimensions: 200x78x200 cm\"}]},{\"@type\":\"WebSite\",\"@id\":\"https:\/\/italiamachines.com\/#website\",\"url\":\"https:\/\/italiamachines.com\/\",\"name\":\"Italia Machines\",\"description\":\"L&#039;art de l&#039;\u00e9quipement HORECA\",\"publisher\":{\"@id\":\"https:\/\/italiamachines.com\/#organization\"},\"potentialAction\":[{\"@type\":\"SearchAction\",\"target\":{\"@type\":\"EntryPoint\",\"urlTemplate\":\"https:\/\/italiamachines.com\/?s={search_term_string}\"},\"query-input\":{\"@type\":\"PropertyValueSpecification\",\"valueRequired\":true,\"valueName\":\"search_term_string\"}}],\"inLanguage\":\"fr-FR\"},{\"@type\":\"Organization\",\"@id\":\"https:\/\/italiamachines.com\/#organization\",\"name\":\"italiamachines\",\"url\":\"https:\/\/italiamachines.com\/\",\"logo\":{\"@type\":\"ImageObject\",\"inLanguage\":\"fr-FR\",\"@id\":\"https:\/\/italiamachines.com\/#\/schema\/logo\/image\/\",\"url\":\"https:\/\/italiamachines.com\/wp-content\/uploads\/2023\/08\/logo-web-1.png\",\"contentUrl\":\"https:\/\/italiamachines.com\/wp-content\/uploads\/2023\/08\/logo-web-1.png\",\"width\":977,\"height\":254,\"caption\":\"italiamachines\"},\"image\":{\"@id\":\"https:\/\/italiamachines.com\/#\/schema\/logo\/image\/\"},\"sameAs\":[\"https:\/\/web.facebook.com\/italiamachines\/\",\"https:\/\/www.instagram.com\/italia.machines\/\"]}]}<\/script>\n<!-- \/ Yoast SEO plugin. -->","yoast_head_json":{"title":"Vitrine murale n\u00e9gative - portes ouvrantes - Dimensions: 200x78x200 cm | Italia Machines","robots":{"index":"index","follow":"follow","max-snippet":"max-snippet:-1","max-image-preview":"max-image-preview:large","max-video-preview":"max-video-preview:-1"},"canonical":"https:\/\/italiamachines.com\/fr_fr\/boutique\/boulangerie-et-patisserie\/patisserie\/vitrines\/vitrine-refrigeree-verticale\/vitrine-murale-negative-portes-ouvrantes-dimensions-2000-x-780-x-2000\/","og_locale":"fr_FR","og_type":"article","og_title":"Vitrine murale n\u00e9gative - portes ouvrantes - Dimensions: 200x78x200 cm | Italia Machines","og_description":"Armoire r\u00e9frig\u00e9r\u00e9e murale avec portes vitr\u00e9es articul\u00e9es. Dimensions: 2000 x 780 x 2000. Utilise le r\u00e9frig\u00e9rant naturel et \u00e9cologique R-290. Hauteur basse pour une meilleure visibilit\u00e9 des produits expos\u00e9s. Diff\u00e9rents mod\u00e8les pour s&rsquo;adapter aux besoins de conservation des viandes, des produits laitiers, des fruits et l\u00e9gumes, etc. \u00c9tag\u00e8res ajustables avec porte-prix inclus. \u00c9clairage LED pour&hellip;","og_url":"https:\/\/italiamachines.com\/fr_fr\/boutique\/boulangerie-et-patisserie\/patisserie\/vitrines\/vitrine-refrigeree-verticale\/vitrine-murale-negative-portes-ouvrantes-dimensions-2000-x-780-x-2000\/","og_site_name":"Italia Machines","article_publisher":"https:\/\/web.facebook.com\/italiamachines\/","article_modified_time":"2024-10-01T20:08:04+00:00","og_image":[{"width":1000,"height":1000,"url":"https:\/\/italiamachines.com\/wp-content\/uploads\/2023\/07\/MN4PBTPL1.jpeg","type":"image\/jpeg"}],"twitter_card":"summary_large_image","twitter_misc":{"Dur\u00e9e de lecture estim\u00e9e":"1 minute"},"schema":{"@context":"https:\/\/schema.org","@graph":[{"@type":"WebPage","@id":"https:\/\/italiamachines.com\/boutique\/boulangerie-et-patisserie\/patisserie\/vitrines\/vitrine-refrigeree-verticale\/vitrine-murale-negative-portes-ouvrantes-dimensions-2000-x-780-x-2000\/","url":"https:\/\/italiamachines.com\/boutique\/boulangerie-et-patisserie\/patisserie\/vitrines\/vitrine-refrigeree-verticale\/vitrine-murale-negative-portes-ouvrantes-dimensions-2000-x-780-x-2000\/","name":"Vitrine murale n\u00e9gative - portes ouvrantes - Dimensions: 200x78x200 cm | Italia Machines","isPartOf":{"@id":"https:\/\/italiamachines.com\/#website"},"primaryImageOfPage":{"@id":"https:\/\/italiamachines.com\/boutique\/boulangerie-et-patisserie\/patisserie\/vitrines\/vitrine-refrigeree-verticale\/vitrine-murale-negative-portes-ouvrantes-dimensions-2000-x-780-x-2000\/#primaryimage"},"image":{"@id":"https:\/\/italiamachines.com\/boutique\/boulangerie-et-patisserie\/patisserie\/vitrines\/vitrine-refrigeree-verticale\/vitrine-murale-negative-portes-ouvrantes-dimensions-2000-x-780-x-2000\/#primaryimage"},"thumbnailUrl":"https:\/\/italiamachines.com\/wp-content\/uploads\/2023\/07\/MN4PBTPL1.jpeg","datePublished":"2023-07-30T04:09:19+00:00","dateModified":"2024-10-01T20:08:04+00:00","breadcrumb":{"@id":"https:\/\/italiamachines.com\/boutique\/boulangerie-et-patisserie\/patisserie\/vitrines\/vitrine-refrigeree-verticale\/vitrine-murale-negative-portes-ouvrantes-dimensions-2000-x-780-x-2000\/#breadcrumb"},"inLanguage":"fr-FR","potentialAction":[{"@type":"ReadAction","target":["https:\/\/italiamachines.com\/boutique\/boulangerie-et-patisserie\/patisserie\/vitrines\/vitrine-refrigeree-verticale\/vitrine-murale-negative-portes-ouvrantes-dimensions-2000-x-780-x-2000\/"]}]},{"@type":"ImageObject","inLanguage":"fr-FR","@id":"https:\/\/italiamachines.com\/boutique\/boulangerie-et-patisserie\/patisserie\/vitrines\/vitrine-refrigeree-verticale\/vitrine-murale-negative-portes-ouvrantes-dimensions-2000-x-780-x-2000\/#primaryimage","url":"https:\/\/italiamachines.com\/wp-content\/uploads\/2023\/07\/MN4PBTPL1.jpeg","contentUrl":"https:\/\/italiamachines.com\/wp-content\/uploads\/2023\/07\/MN4PBTPL1.jpeg","width":1000,"height":1000},{"@type":"BreadcrumbList","@id":"https:\/\/italiamachines.com\/boutique\/boulangerie-et-patisserie\/patisserie\/vitrines\/vitrine-refrigeree-verticale\/vitrine-murale-negative-portes-ouvrantes-dimensions-2000-x-780-x-2000\/#breadcrumb","itemListElement":[{"@type":"ListItem","position":1,"name":"Accueil","item":"https:\/\/italiamachines.com\/fr_fr\/"},{"@type":"ListItem","position":2,"name":"Boutique","item":"https:\/\/italiamachines.com\/boutique\/"},{"@type":"ListItem","position":3,"name":"Vitrine murale n\u00e9gative &#8211; portes ouvrantes &#8211; Dimensions: 200x78x200 cm"}]},{"@type":"WebSite","@id":"https:\/\/italiamachines.com\/#website","url":"https:\/\/italiamachines.com\/","name":"Italia Machines","description":"L&#039;art de l&#039;\u00e9quipement HORECA","publisher":{"@id":"https:\/\/italiamachines.com\/#organization"},"potentialAction":[{"@type":"SearchAction","target":{"@type":"EntryPoint","urlTemplate":"https:\/\/italiamachines.com\/?s={search_term_string}"},"query-input":{"@type":"PropertyValueSpecification","valueRequired":true,"valueName":"search_term_string"}}],"inLanguage":"fr-FR"},{"@type":"Organization","@id":"https:\/\/italiamachines.com\/#organization","name":"italiamachines","url":"https:\/\/italiamachines.com\/","logo":{"@type":"ImageObject","inLanguage":"fr-FR","@id":"https:\/\/italiamachines.com\/#\/schema\/logo\/image\/","url":"https:\/\/italiamachines.com\/wp-content\/uploads\/2023\/08\/logo-web-1.png","contentUrl":"https:\/\/italiamachines.com\/wp-content\/uploads\/2023\/08\/logo-web-1.png","width":977,"height":254,"caption":"italiamachines"},"image":{"@id":"https:\/\/italiamachines.com\/#\/schema\/logo\/image\/"},"sameAs":["https:\/\/web.facebook.com\/italiamachines\/","https:\/\/www.instagram.com\/italia.machines\/"]}]}},"_links":{"self":[{"href":"https:\/\/italiamachines.com\/fr_fr\/wp-json\/wp\/v2\/product\/5053","targetHints":{"allow":["GET"]}}],"collection":[{"href":"https:\/\/italiamachines.com\/fr_fr\/wp-json\/wp\/v2\/product"}],"about":[{"href":"https:\/\/italiamachines.com\/fr_fr\/wp-json\/wp\/v2\/types\/product"}],"replies":[{"embeddable":true,"href":"https:\/\/italiamachines.com\/fr_fr\/wp-json\/wp\/v2\/comments?post=5053"}],"wp:featuredmedia":[{"embeddable":true,"href":"https:\/\/italiamachines.com\/fr_fr\/wp-json\/wp\/v2\/media\/5052"}],"wp:attachment":[{"href":"https:\/\/italiamachines.com\/fr_fr\/wp-json\/wp\/v2\/media?parent=5053"}],"wp:term":[{"taxonomy":"product_cat","embeddable":true,"href":"https:\/\/italiamachines.com\/fr_fr\/wp-json\/wp\/v2\/product_cat?post=5053"},{"taxonomy":"product_tag","embeddable":true,"href":"https:\/\/italiamachines.com\/fr_fr\/wp-json\/wp\/v2\/product_tag?post=5053"}],"curies":[{"name":"wp","href":"https:\/\/api.w.org\/{rel}","templated":true}]}}