{"id":5088,"date":"2023-07-30T04:11:30","date_gmt":"2023-07-30T04:11:30","guid":{"rendered":"https:\/\/prod.italiamachines.com\/product\/vitrine-efrigeree-mastercool-nettuno-100-temperature-15-dimensions-1060x1134x1163\/"},"modified":"2024-10-01T00:50:27","modified_gmt":"2024-09-30T22:50:27","slug":"vitrine-efrigeree-mastercool-nettuno-100-temperature-15-dimensions-1060x1134x1163","status":"publish","type":"product","link":"https:\/\/italiamachines.com\/fr_fr\/boutique\/poissonerie\/vitrine-pour-poissonerie\/vitrine-efrigeree-mastercool-nettuno-100-temperature-15-dimensions-1060x1134x1163\/","title":{"rendered":"Vitrine r\u00e9frig\u00e9r\u00e9e Nettuno &#8211; temp\u00e9rature -15\u00b0 &#8211; par Mastercool"},"content":{"rendered":"<p>Temp\u00e9rature : -15\u00b0C<br \/>\nPr\u00e9sente une taille compacte avec une largeur modifiable une profondeur de 1134mm et une hauteur de 1163mm.<br \/>\nAssure une r\u00e9frig\u00e9ration optimale pour maintenir la fra\u00eecheur et la qualit\u00e9 du poisson.<\/p>\n","protected":false},"excerpt":{"rendered":"<p>Temp\u00e9rature : -15\u00b0C Pr\u00e9sente une taille compacte avec une largeur modifiable une profondeur de 1134mm et une hauteur de 1163mm. Assure une r\u00e9frig\u00e9ration optimale pour maintenir la fra\u00eecheur et la qualit\u00e9 du poisson.<\/p>\n","protected":false},"featured_media":6461,"comment_status":"open","ping_status":"closed","template":"","meta":[],"product_cat":[104,143],"product_tag":[],"class_list":{"0":"post-5088","1":"product","2":"type-product","3":"status-publish","4":"has-post-thumbnail","6":"product_cat-poissonerie","7":"product_cat-vitrine-pour-poissonerie","9":"first","10":"instock","11":"shipping-taxable","12":"purchasable","13":"product-type-variable","14":"col-xs-6 col-sm-4","15":"col-md-3 col-lg-3","16":"un-4-cols"},"yoast_head":"<!-- This site is optimized with the Yoast SEO plugin v26.6 - https:\/\/yoast.com\/wordpress\/plugins\/seo\/ -->\n<title>Vitrine r\u00e9frig\u00e9r\u00e9e Nettuno - temp\u00e9rature -15\u00b0 - par Mastercool | Italia Machines<\/title>\n<meta name=\"robots\" content=\"index, follow, max-snippet:-1, max-image-preview:large, max-video-preview:-1\" \/>\n<link rel=\"canonical\" href=\"https:\/\/italiamachines.com\/fr_fr\/boutique\/poissonerie\/vitrine-pour-poissonerie\/vitrine-efrigeree-mastercool-nettuno-100-temperature-15-dimensions-1060x1134x1163\/\" \/>\n<meta property=\"og:locale\" content=\"fr_FR\" \/>\n<meta property=\"og:type\" content=\"article\" \/>\n<meta property=\"og:title\" content=\"Vitrine r\u00e9frig\u00e9r\u00e9e Nettuno - temp\u00e9rature -15\u00b0 - par Mastercool | Italia Machines\" \/>\n<meta property=\"og:description\" content=\"Temp\u00e9rature : -15\u00b0C Pr\u00e9sente une taille compacte avec une largeur modifiable une profondeur de 1134mm et une hauteur de 1163mm. Assure une r\u00e9frig\u00e9ration optimale pour maintenir la fra\u00eecheur et la qualit\u00e9 du poisson.\" \/>\n<meta property=\"og:url\" content=\"https:\/\/italiamachines.com\/fr_fr\/boutique\/poissonerie\/vitrine-pour-poissonerie\/vitrine-efrigeree-mastercool-nettuno-100-temperature-15-dimensions-1060x1134x1163\/\" \/>\n<meta property=\"og:site_name\" content=\"Italia Machines\" \/>\n<meta property=\"article:publisher\" content=\"https:\/\/web.facebook.com\/italiamachines\/\" \/>\n<meta property=\"article:modified_time\" content=\"2024-09-30T22:50:27+00:00\" \/>\n<meta property=\"og:image\" content=\"https:\/\/italiamachines.com\/wp-content\/uploads\/2023\/07\/00ED558E-AF90-4F81-9EA0-F2228D96F4F5-PhotoRoom.png-PhotoRoom.png\" \/>\n\t<meta property=\"og:image:width\" content=\"600\" \/>\n\t<meta property=\"og:image:height\" content=\"600\" \/>\n\t<meta property=\"og:image:type\" content=\"image\/png\" \/>\n<meta name=\"twitter:card\" content=\"summary_large_image\" \/>\n<meta name=\"twitter:label1\" content=\"Dur\u00e9e de lecture estim\u00e9e\" \/>\n\t<meta name=\"twitter:data1\" content=\"1 minute\" \/>\n<script type=\"application\/ld+json\" class=\"yoast-schema-graph\">{\"@context\":\"https:\/\/schema.org\",\"@graph\":[{\"@type\":\"WebPage\",\"@id\":\"https:\/\/italiamachines.com\/boutique\/poissonerie\/vitrine-pour-poissonerie\/vitrine-efrigeree-mastercool-nettuno-100-temperature-15-dimensions-1060x1134x1163\/\",\"url\":\"https:\/\/italiamachines.com\/boutique\/poissonerie\/vitrine-pour-poissonerie\/vitrine-efrigeree-mastercool-nettuno-100-temperature-15-dimensions-1060x1134x1163\/\",\"name\":\"Vitrine r\u00e9frig\u00e9r\u00e9e Nettuno - temp\u00e9rature -15\u00b0 - par Mastercool | Italia Machines\",\"isPartOf\":{\"@id\":\"https:\/\/italiamachines.com\/#website\"},\"primaryImageOfPage\":{\"@id\":\"https:\/\/italiamachines.com\/boutique\/poissonerie\/vitrine-pour-poissonerie\/vitrine-efrigeree-mastercool-nettuno-100-temperature-15-dimensions-1060x1134x1163\/#primaryimage\"},\"image\":{\"@id\":\"https:\/\/italiamachines.com\/boutique\/poissonerie\/vitrine-pour-poissonerie\/vitrine-efrigeree-mastercool-nettuno-100-temperature-15-dimensions-1060x1134x1163\/#primaryimage\"},\"thumbnailUrl\":\"https:\/\/italiamachines.com\/wp-content\/uploads\/2023\/07\/00ED558E-AF90-4F81-9EA0-F2228D96F4F5-PhotoRoom.png-PhotoRoom.png\",\"datePublished\":\"2023-07-30T04:11:30+00:00\",\"dateModified\":\"2024-09-30T22:50:27+00:00\",\"breadcrumb\":{\"@id\":\"https:\/\/italiamachines.com\/boutique\/poissonerie\/vitrine-pour-poissonerie\/vitrine-efrigeree-mastercool-nettuno-100-temperature-15-dimensions-1060x1134x1163\/#breadcrumb\"},\"inLanguage\":\"fr-FR\",\"potentialAction\":[{\"@type\":\"ReadAction\",\"target\":[\"https:\/\/italiamachines.com\/boutique\/poissonerie\/vitrine-pour-poissonerie\/vitrine-efrigeree-mastercool-nettuno-100-temperature-15-dimensions-1060x1134x1163\/\"]}]},{\"@type\":\"ImageObject\",\"inLanguage\":\"fr-FR\",\"@id\":\"https:\/\/italiamachines.com\/boutique\/poissonerie\/vitrine-pour-poissonerie\/vitrine-efrigeree-mastercool-nettuno-100-temperature-15-dimensions-1060x1134x1163\/#primaryimage\",\"url\":\"https:\/\/italiamachines.com\/wp-content\/uploads\/2023\/07\/00ED558E-AF90-4F81-9EA0-F2228D96F4F5-PhotoRoom.png-PhotoRoom.png\",\"contentUrl\":\"https:\/\/italiamachines.com\/wp-content\/uploads\/2023\/07\/00ED558E-AF90-4F81-9EA0-F2228D96F4F5-PhotoRoom.png-PhotoRoom.png\",\"width\":600,\"height\":600},{\"@type\":\"BreadcrumbList\",\"@id\":\"https:\/\/italiamachines.com\/boutique\/poissonerie\/vitrine-pour-poissonerie\/vitrine-efrigeree-mastercool-nettuno-100-temperature-15-dimensions-1060x1134x1163\/#breadcrumb\",\"itemListElement\":[{\"@type\":\"ListItem\",\"position\":1,\"name\":\"Accueil\",\"item\":\"https:\/\/italiamachines.com\/fr_fr\/\"},{\"@type\":\"ListItem\",\"position\":2,\"name\":\"Boutique\",\"item\":\"https:\/\/italiamachines.com\/boutique\/\"},{\"@type\":\"ListItem\",\"position\":3,\"name\":\"Vitrine r\u00e9frig\u00e9r\u00e9e Nettuno &#8211; temp\u00e9rature -15\u00b0 &#8211; par Mastercool\"}]},{\"@type\":\"WebSite\",\"@id\":\"https:\/\/italiamachines.com\/#website\",\"url\":\"https:\/\/italiamachines.com\/\",\"name\":\"Italia Machines\",\"description\":\"L&#039;art de l&#039;\u00e9quipement HORECA\",\"publisher\":{\"@id\":\"https:\/\/italiamachines.com\/#organization\"},\"potentialAction\":[{\"@type\":\"SearchAction\",\"target\":{\"@type\":\"EntryPoint\",\"urlTemplate\":\"https:\/\/italiamachines.com\/?s={search_term_string}\"},\"query-input\":{\"@type\":\"PropertyValueSpecification\",\"valueRequired\":true,\"valueName\":\"search_term_string\"}}],\"inLanguage\":\"fr-FR\"},{\"@type\":\"Organization\",\"@id\":\"https:\/\/italiamachines.com\/#organization\",\"name\":\"italiamachines\",\"url\":\"https:\/\/italiamachines.com\/\",\"logo\":{\"@type\":\"ImageObject\",\"inLanguage\":\"fr-FR\",\"@id\":\"https:\/\/italiamachines.com\/#\/schema\/logo\/image\/\",\"url\":\"https:\/\/italiamachines.com\/wp-content\/uploads\/2023\/08\/logo-web-1.png\",\"contentUrl\":\"https:\/\/italiamachines.com\/wp-content\/uploads\/2023\/08\/logo-web-1.png\",\"width\":977,\"height\":254,\"caption\":\"italiamachines\"},\"image\":{\"@id\":\"https:\/\/italiamachines.com\/#\/schema\/logo\/image\/\"},\"sameAs\":[\"https:\/\/web.facebook.com\/italiamachines\/\",\"https:\/\/www.instagram.com\/italia.machines\/\"]}]}<\/script>\n<!-- \/ Yoast SEO plugin. -->","yoast_head_json":{"title":"Vitrine r\u00e9frig\u00e9r\u00e9e Nettuno - temp\u00e9rature -15\u00b0 - par Mastercool | Italia Machines","robots":{"index":"index","follow":"follow","max-snippet":"max-snippet:-1","max-image-preview":"max-image-preview:large","max-video-preview":"max-video-preview:-1"},"canonical":"https:\/\/italiamachines.com\/fr_fr\/boutique\/poissonerie\/vitrine-pour-poissonerie\/vitrine-efrigeree-mastercool-nettuno-100-temperature-15-dimensions-1060x1134x1163\/","og_locale":"fr_FR","og_type":"article","og_title":"Vitrine r\u00e9frig\u00e9r\u00e9e Nettuno - temp\u00e9rature -15\u00b0 - par Mastercool | Italia Machines","og_description":"Temp\u00e9rature : -15\u00b0C Pr\u00e9sente une taille compacte avec une largeur modifiable une profondeur de 1134mm et une hauteur de 1163mm. Assure une r\u00e9frig\u00e9ration optimale pour maintenir la fra\u00eecheur et la qualit\u00e9 du poisson.","og_url":"https:\/\/italiamachines.com\/fr_fr\/boutique\/poissonerie\/vitrine-pour-poissonerie\/vitrine-efrigeree-mastercool-nettuno-100-temperature-15-dimensions-1060x1134x1163\/","og_site_name":"Italia Machines","article_publisher":"https:\/\/web.facebook.com\/italiamachines\/","article_modified_time":"2024-09-30T22:50:27+00:00","og_image":[{"width":600,"height":600,"url":"https:\/\/italiamachines.com\/wp-content\/uploads\/2023\/07\/00ED558E-AF90-4F81-9EA0-F2228D96F4F5-PhotoRoom.png-PhotoRoom.png","type":"image\/png"}],"twitter_card":"summary_large_image","twitter_misc":{"Dur\u00e9e de lecture estim\u00e9e":"1 minute"},"schema":{"@context":"https:\/\/schema.org","@graph":[{"@type":"WebPage","@id":"https:\/\/italiamachines.com\/boutique\/poissonerie\/vitrine-pour-poissonerie\/vitrine-efrigeree-mastercool-nettuno-100-temperature-15-dimensions-1060x1134x1163\/","url":"https:\/\/italiamachines.com\/boutique\/poissonerie\/vitrine-pour-poissonerie\/vitrine-efrigeree-mastercool-nettuno-100-temperature-15-dimensions-1060x1134x1163\/","name":"Vitrine r\u00e9frig\u00e9r\u00e9e Nettuno - temp\u00e9rature -15\u00b0 - par Mastercool | Italia Machines","isPartOf":{"@id":"https:\/\/italiamachines.com\/#website"},"primaryImageOfPage":{"@id":"https:\/\/italiamachines.com\/boutique\/poissonerie\/vitrine-pour-poissonerie\/vitrine-efrigeree-mastercool-nettuno-100-temperature-15-dimensions-1060x1134x1163\/#primaryimage"},"image":{"@id":"https:\/\/italiamachines.com\/boutique\/poissonerie\/vitrine-pour-poissonerie\/vitrine-efrigeree-mastercool-nettuno-100-temperature-15-dimensions-1060x1134x1163\/#primaryimage"},"thumbnailUrl":"https:\/\/italiamachines.com\/wp-content\/uploads\/2023\/07\/00ED558E-AF90-4F81-9EA0-F2228D96F4F5-PhotoRoom.png-PhotoRoom.png","datePublished":"2023-07-30T04:11:30+00:00","dateModified":"2024-09-30T22:50:27+00:00","breadcrumb":{"@id":"https:\/\/italiamachines.com\/boutique\/poissonerie\/vitrine-pour-poissonerie\/vitrine-efrigeree-mastercool-nettuno-100-temperature-15-dimensions-1060x1134x1163\/#breadcrumb"},"inLanguage":"fr-FR","potentialAction":[{"@type":"ReadAction","target":["https:\/\/italiamachines.com\/boutique\/poissonerie\/vitrine-pour-poissonerie\/vitrine-efrigeree-mastercool-nettuno-100-temperature-15-dimensions-1060x1134x1163\/"]}]},{"@type":"ImageObject","inLanguage":"fr-FR","@id":"https:\/\/italiamachines.com\/boutique\/poissonerie\/vitrine-pour-poissonerie\/vitrine-efrigeree-mastercool-nettuno-100-temperature-15-dimensions-1060x1134x1163\/#primaryimage","url":"https:\/\/italiamachines.com\/wp-content\/uploads\/2023\/07\/00ED558E-AF90-4F81-9EA0-F2228D96F4F5-PhotoRoom.png-PhotoRoom.png","contentUrl":"https:\/\/italiamachines.com\/wp-content\/uploads\/2023\/07\/00ED558E-AF90-4F81-9EA0-F2228D96F4F5-PhotoRoom.png-PhotoRoom.png","width":600,"height":600},{"@type":"BreadcrumbList","@id":"https:\/\/italiamachines.com\/boutique\/poissonerie\/vitrine-pour-poissonerie\/vitrine-efrigeree-mastercool-nettuno-100-temperature-15-dimensions-1060x1134x1163\/#breadcrumb","itemListElement":[{"@type":"ListItem","position":1,"name":"Accueil","item":"https:\/\/italiamachines.com\/fr_fr\/"},{"@type":"ListItem","position":2,"name":"Boutique","item":"https:\/\/italiamachines.com\/boutique\/"},{"@type":"ListItem","position":3,"name":"Vitrine r\u00e9frig\u00e9r\u00e9e Nettuno &#8211; temp\u00e9rature -15\u00b0 &#8211; par Mastercool"}]},{"@type":"WebSite","@id":"https:\/\/italiamachines.com\/#website","url":"https:\/\/italiamachines.com\/","name":"Italia Machines","description":"L&#039;art de l&#039;\u00e9quipement HORECA","publisher":{"@id":"https:\/\/italiamachines.com\/#organization"},"potentialAction":[{"@type":"SearchAction","target":{"@type":"EntryPoint","urlTemplate":"https:\/\/italiamachines.com\/?s={search_term_string}"},"query-input":{"@type":"PropertyValueSpecification","valueRequired":true,"valueName":"search_term_string"}}],"inLanguage":"fr-FR"},{"@type":"Organization","@id":"https:\/\/italiamachines.com\/#organization","name":"italiamachines","url":"https:\/\/italiamachines.com\/","logo":{"@type":"ImageObject","inLanguage":"fr-FR","@id":"https:\/\/italiamachines.com\/#\/schema\/logo\/image\/","url":"https:\/\/italiamachines.com\/wp-content\/uploads\/2023\/08\/logo-web-1.png","contentUrl":"https:\/\/italiamachines.com\/wp-content\/uploads\/2023\/08\/logo-web-1.png","width":977,"height":254,"caption":"italiamachines"},"image":{"@id":"https:\/\/italiamachines.com\/#\/schema\/logo\/image\/"},"sameAs":["https:\/\/web.facebook.com\/italiamachines\/","https:\/\/www.instagram.com\/italia.machines\/"]}]}},"_links":{"self":[{"href":"https:\/\/italiamachines.com\/fr_fr\/wp-json\/wp\/v2\/product\/5088","targetHints":{"allow":["GET"]}}],"collection":[{"href":"https:\/\/italiamachines.com\/fr_fr\/wp-json\/wp\/v2\/product"}],"about":[{"href":"https:\/\/italiamachines.com\/fr_fr\/wp-json\/wp\/v2\/types\/product"}],"replies":[{"embeddable":true,"href":"https:\/\/italiamachines.com\/fr_fr\/wp-json\/wp\/v2\/comments?post=5088"}],"wp:featuredmedia":[{"embeddable":true,"href":"https:\/\/italiamachines.com\/fr_fr\/wp-json\/wp\/v2\/media\/6461"}],"wp:attachment":[{"href":"https:\/\/italiamachines.com\/fr_fr\/wp-json\/wp\/v2\/media?parent=5088"}],"wp:term":[{"taxonomy":"product_cat","embeddable":true,"href":"https:\/\/italiamachines.com\/fr_fr\/wp-json\/wp\/v2\/product_cat?post=5088"},{"taxonomy":"product_tag","embeddable":true,"href":"https:\/\/italiamachines.com\/fr_fr\/wp-json\/wp\/v2\/product_tag?post=5088"}],"curies":[{"name":"wp","href":"https:\/\/api.w.org\/{rel}","templated":true}]}}