{"id":5141,"date":"2023-07-30T04:14:13","date_gmt":"2023-07-30T04:14:13","guid":{"rendered":"https:\/\/prod.italiamachines.com\/product\/trancheur-gam-international-italie-30cm-220v\/"},"modified":"2024-10-01T00:30:25","modified_gmt":"2024-09-30T22:30:25","slug":"trancheur-gam-international-italie-30cm-220v","status":"publish","type":"product","link":"https:\/\/italiamachines.com\/fr_fr\/boutique\/fromagerie-et-epicerie-fine\/trancheur\/trancheur-gam-international-italie-30cm-220v\/","title":{"rendered":"Trancheur 30cm &#8211; 220V &#8211; par Gam International"},"content":{"rendered":"<p>Trancheuse \u00e9lectrique par gravit\u00e9 avec support amovible 300 GLT\/I GAM<br \/>\nStructure en alliage d\u2019aluminium anodis\u00e9<br \/>\nGrand espace entre le moteur et la lame pour un nettoyage facile<br \/>\nMoteur ventil\u00e9, lame forg\u00e9e et tremp\u00e9e<br \/>\nSupport de voile solide et aff\u00fbteur int\u00e9gr\u00e9 en fonte \u00e0 double meule<br \/>\nCapacit\u00e9 de tranchage : GN 1\/2 + GN 1\/4<br \/>\nRobinet de vidange d\u2019eau avant<br \/>\n\u00c9l\u00e9ment chauffant plat isol\u00e9 en silicone<br \/>\nPlage de temp\u00e9rature : 30\u00b0C \u00e0 90\u00b0C<br \/>\nT\u00e9moin lumineux et panneau de contr\u00f4le amovible pour maintenance facile<\/p>\n","protected":false},"excerpt":{"rendered":"<p>Trancheuse \u00e9lectrique par gravit\u00e9 avec support amovible 300 GLT\/I GAM Structure en alliage d\u2019aluminium anodis\u00e9 Grand espace entre le moteur et la lame pour un nettoyage facile Moteur ventil\u00e9, lame forg\u00e9e et tremp\u00e9e Support de voile solide et aff\u00fbteur int\u00e9gr\u00e9 en fonte \u00e0 double meule Capacit\u00e9 de tranchage : GN 1\/2 + GN 1\/4 Robinet&hellip;<\/p>\n","protected":false},"featured_media":5140,"comment_status":"closed","ping_status":"closed","template":"","meta":[],"product_cat":[112,137,138],"product_tag":[],"class_list":{"0":"post-5141","1":"product","2":"type-product","3":"status-publish","4":"has-post-thumbnail","6":"product_cat-restaurant-snack-et-pizzeria","7":"product_cat-trancheur","8":"product_cat-trancheur-pour-boucherie","10":"first","11":"instock","12":"shipping-taxable","13":"purchasable","14":"product-type-simple","15":"col-xs-6 col-sm-4","16":"col-md-3 col-lg-3","17":"un-4-cols"},"yoast_head":"<!-- This site is optimized with the Yoast SEO plugin v26.6 - https:\/\/yoast.com\/wordpress\/plugins\/seo\/ -->\n<title>Trancheur 30cm - 220V - par Gam International | Italia Machines<\/title>\n<meta name=\"robots\" content=\"index, follow, max-snippet:-1, max-image-preview:large, max-video-preview:-1\" \/>\n<link rel=\"canonical\" href=\"https:\/\/italiamachines.com\/fr_fr\/boutique\/fromagerie-et-epicerie-fine\/trancheur\/trancheur-gam-international-italie-30cm-220v\/\" \/>\n<meta property=\"og:locale\" content=\"fr_FR\" \/>\n<meta property=\"og:type\" content=\"article\" \/>\n<meta property=\"og:title\" content=\"Trancheur 30cm - 220V - par Gam International | Italia Machines\" \/>\n<meta property=\"og:description\" content=\"Trancheuse \u00e9lectrique par gravit\u00e9 avec support amovible 300 GLT\/I GAM Structure en alliage d\u2019aluminium anodis\u00e9 Grand espace entre le moteur et la lame pour un nettoyage facile Moteur ventil\u00e9, lame forg\u00e9e et tremp\u00e9e Support de voile solide et aff\u00fbteur int\u00e9gr\u00e9 en fonte \u00e0 double meule Capacit\u00e9 de tranchage : GN 1\/2 + GN 1\/4 Robinet&hellip;\" \/>\n<meta property=\"og:url\" content=\"https:\/\/italiamachines.com\/fr_fr\/boutique\/fromagerie-et-epicerie-fine\/trancheur\/trancheur-gam-international-italie-30cm-220v\/\" \/>\n<meta property=\"og:site_name\" content=\"Italia Machines\" \/>\n<meta property=\"article:publisher\" content=\"https:\/\/web.facebook.com\/italiamachines\/\" \/>\n<meta property=\"article:modified_time\" content=\"2024-09-30T22:30:25+00:00\" \/>\n<meta property=\"og:image\" content=\"https:\/\/italiamachines.com\/wp-content\/uploads\/2023\/07\/PL30GA-1.jpeg\" \/>\n\t<meta property=\"og:image:width\" content=\"400\" \/>\n\t<meta property=\"og:image:height\" content=\"400\" \/>\n\t<meta property=\"og:image:type\" content=\"image\/jpeg\" \/>\n<meta name=\"twitter:card\" content=\"summary_large_image\" \/>\n<meta name=\"twitter:label1\" content=\"Dur\u00e9e de lecture estim\u00e9e\" \/>\n\t<meta name=\"twitter:data1\" content=\"1 minute\" \/>\n<script type=\"application\/ld+json\" class=\"yoast-schema-graph\">{\"@context\":\"https:\/\/schema.org\",\"@graph\":[{\"@type\":\"WebPage\",\"@id\":\"https:\/\/italiamachines.com\/boutique\/fromagerie-et-epicerie-fine\/trancheur\/trancheur-gam-international-italie-30cm-220v\/\",\"url\":\"https:\/\/italiamachines.com\/boutique\/fromagerie-et-epicerie-fine\/trancheur\/trancheur-gam-international-italie-30cm-220v\/\",\"name\":\"Trancheur 30cm - 220V - par Gam International | Italia Machines\",\"isPartOf\":{\"@id\":\"https:\/\/italiamachines.com\/#website\"},\"primaryImageOfPage\":{\"@id\":\"https:\/\/italiamachines.com\/boutique\/fromagerie-et-epicerie-fine\/trancheur\/trancheur-gam-international-italie-30cm-220v\/#primaryimage\"},\"image\":{\"@id\":\"https:\/\/italiamachines.com\/boutique\/fromagerie-et-epicerie-fine\/trancheur\/trancheur-gam-international-italie-30cm-220v\/#primaryimage\"},\"thumbnailUrl\":\"https:\/\/italiamachines.com\/wp-content\/uploads\/2023\/07\/PL30GA-1.jpeg\",\"datePublished\":\"2023-07-30T04:14:13+00:00\",\"dateModified\":\"2024-09-30T22:30:25+00:00\",\"breadcrumb\":{\"@id\":\"https:\/\/italiamachines.com\/boutique\/fromagerie-et-epicerie-fine\/trancheur\/trancheur-gam-international-italie-30cm-220v\/#breadcrumb\"},\"inLanguage\":\"fr-FR\",\"potentialAction\":[{\"@type\":\"ReadAction\",\"target\":[\"https:\/\/italiamachines.com\/boutique\/fromagerie-et-epicerie-fine\/trancheur\/trancheur-gam-international-italie-30cm-220v\/\"]}]},{\"@type\":\"ImageObject\",\"inLanguage\":\"fr-FR\",\"@id\":\"https:\/\/italiamachines.com\/boutique\/fromagerie-et-epicerie-fine\/trancheur\/trancheur-gam-international-italie-30cm-220v\/#primaryimage\",\"url\":\"https:\/\/italiamachines.com\/wp-content\/uploads\/2023\/07\/PL30GA-1.jpeg\",\"contentUrl\":\"https:\/\/italiamachines.com\/wp-content\/uploads\/2023\/07\/PL30GA-1.jpeg\",\"width\":400,\"height\":400},{\"@type\":\"BreadcrumbList\",\"@id\":\"https:\/\/italiamachines.com\/boutique\/fromagerie-et-epicerie-fine\/trancheur\/trancheur-gam-international-italie-30cm-220v\/#breadcrumb\",\"itemListElement\":[{\"@type\":\"ListItem\",\"position\":1,\"name\":\"Accueil\",\"item\":\"https:\/\/italiamachines.com\/fr_fr\/\"},{\"@type\":\"ListItem\",\"position\":2,\"name\":\"Boutique\",\"item\":\"https:\/\/italiamachines.com\/boutique\/\"},{\"@type\":\"ListItem\",\"position\":3,\"name\":\"Trancheur 30cm &#8211; 220V &#8211; par Gam International\"}]},{\"@type\":\"WebSite\",\"@id\":\"https:\/\/italiamachines.com\/#website\",\"url\":\"https:\/\/italiamachines.com\/\",\"name\":\"Italia Machines\",\"description\":\"L&#039;art de l&#039;\u00e9quipement HORECA\",\"publisher\":{\"@id\":\"https:\/\/italiamachines.com\/#organization\"},\"potentialAction\":[{\"@type\":\"SearchAction\",\"target\":{\"@type\":\"EntryPoint\",\"urlTemplate\":\"https:\/\/italiamachines.com\/?s={search_term_string}\"},\"query-input\":{\"@type\":\"PropertyValueSpecification\",\"valueRequired\":true,\"valueName\":\"search_term_string\"}}],\"inLanguage\":\"fr-FR\"},{\"@type\":\"Organization\",\"@id\":\"https:\/\/italiamachines.com\/#organization\",\"name\":\"italiamachines\",\"url\":\"https:\/\/italiamachines.com\/\",\"logo\":{\"@type\":\"ImageObject\",\"inLanguage\":\"fr-FR\",\"@id\":\"https:\/\/italiamachines.com\/#\/schema\/logo\/image\/\",\"url\":\"https:\/\/italiamachines.com\/wp-content\/uploads\/2023\/08\/logo-web-1.png\",\"contentUrl\":\"https:\/\/italiamachines.com\/wp-content\/uploads\/2023\/08\/logo-web-1.png\",\"width\":977,\"height\":254,\"caption\":\"italiamachines\"},\"image\":{\"@id\":\"https:\/\/italiamachines.com\/#\/schema\/logo\/image\/\"},\"sameAs\":[\"https:\/\/web.facebook.com\/italiamachines\/\",\"https:\/\/www.instagram.com\/italia.machines\/\"]}]}<\/script>\n<!-- \/ Yoast SEO plugin. -->","yoast_head_json":{"title":"Trancheur 30cm - 220V - par Gam International | Italia Machines","robots":{"index":"index","follow":"follow","max-snippet":"max-snippet:-1","max-image-preview":"max-image-preview:large","max-video-preview":"max-video-preview:-1"},"canonical":"https:\/\/italiamachines.com\/fr_fr\/boutique\/fromagerie-et-epicerie-fine\/trancheur\/trancheur-gam-international-italie-30cm-220v\/","og_locale":"fr_FR","og_type":"article","og_title":"Trancheur 30cm - 220V - par Gam International | Italia Machines","og_description":"Trancheuse \u00e9lectrique par gravit\u00e9 avec support amovible 300 GLT\/I GAM Structure en alliage d\u2019aluminium anodis\u00e9 Grand espace entre le moteur et la lame pour un nettoyage facile Moteur ventil\u00e9, lame forg\u00e9e et tremp\u00e9e Support de voile solide et aff\u00fbteur int\u00e9gr\u00e9 en fonte \u00e0 double meule Capacit\u00e9 de tranchage : GN 1\/2 + GN 1\/4 Robinet&hellip;","og_url":"https:\/\/italiamachines.com\/fr_fr\/boutique\/fromagerie-et-epicerie-fine\/trancheur\/trancheur-gam-international-italie-30cm-220v\/","og_site_name":"Italia Machines","article_publisher":"https:\/\/web.facebook.com\/italiamachines\/","article_modified_time":"2024-09-30T22:30:25+00:00","og_image":[{"width":400,"height":400,"url":"https:\/\/italiamachines.com\/wp-content\/uploads\/2023\/07\/PL30GA-1.jpeg","type":"image\/jpeg"}],"twitter_card":"summary_large_image","twitter_misc":{"Dur\u00e9e de lecture estim\u00e9e":"1 minute"},"schema":{"@context":"https:\/\/schema.org","@graph":[{"@type":"WebPage","@id":"https:\/\/italiamachines.com\/boutique\/fromagerie-et-epicerie-fine\/trancheur\/trancheur-gam-international-italie-30cm-220v\/","url":"https:\/\/italiamachines.com\/boutique\/fromagerie-et-epicerie-fine\/trancheur\/trancheur-gam-international-italie-30cm-220v\/","name":"Trancheur 30cm - 220V - par Gam International | Italia Machines","isPartOf":{"@id":"https:\/\/italiamachines.com\/#website"},"primaryImageOfPage":{"@id":"https:\/\/italiamachines.com\/boutique\/fromagerie-et-epicerie-fine\/trancheur\/trancheur-gam-international-italie-30cm-220v\/#primaryimage"},"image":{"@id":"https:\/\/italiamachines.com\/boutique\/fromagerie-et-epicerie-fine\/trancheur\/trancheur-gam-international-italie-30cm-220v\/#primaryimage"},"thumbnailUrl":"https:\/\/italiamachines.com\/wp-content\/uploads\/2023\/07\/PL30GA-1.jpeg","datePublished":"2023-07-30T04:14:13+00:00","dateModified":"2024-09-30T22:30:25+00:00","breadcrumb":{"@id":"https:\/\/italiamachines.com\/boutique\/fromagerie-et-epicerie-fine\/trancheur\/trancheur-gam-international-italie-30cm-220v\/#breadcrumb"},"inLanguage":"fr-FR","potentialAction":[{"@type":"ReadAction","target":["https:\/\/italiamachines.com\/boutique\/fromagerie-et-epicerie-fine\/trancheur\/trancheur-gam-international-italie-30cm-220v\/"]}]},{"@type":"ImageObject","inLanguage":"fr-FR","@id":"https:\/\/italiamachines.com\/boutique\/fromagerie-et-epicerie-fine\/trancheur\/trancheur-gam-international-italie-30cm-220v\/#primaryimage","url":"https:\/\/italiamachines.com\/wp-content\/uploads\/2023\/07\/PL30GA-1.jpeg","contentUrl":"https:\/\/italiamachines.com\/wp-content\/uploads\/2023\/07\/PL30GA-1.jpeg","width":400,"height":400},{"@type":"BreadcrumbList","@id":"https:\/\/italiamachines.com\/boutique\/fromagerie-et-epicerie-fine\/trancheur\/trancheur-gam-international-italie-30cm-220v\/#breadcrumb","itemListElement":[{"@type":"ListItem","position":1,"name":"Accueil","item":"https:\/\/italiamachines.com\/fr_fr\/"},{"@type":"ListItem","position":2,"name":"Boutique","item":"https:\/\/italiamachines.com\/boutique\/"},{"@type":"ListItem","position":3,"name":"Trancheur 30cm &#8211; 220V &#8211; par Gam International"}]},{"@type":"WebSite","@id":"https:\/\/italiamachines.com\/#website","url":"https:\/\/italiamachines.com\/","name":"Italia Machines","description":"L&#039;art de l&#039;\u00e9quipement HORECA","publisher":{"@id":"https:\/\/italiamachines.com\/#organization"},"potentialAction":[{"@type":"SearchAction","target":{"@type":"EntryPoint","urlTemplate":"https:\/\/italiamachines.com\/?s={search_term_string}"},"query-input":{"@type":"PropertyValueSpecification","valueRequired":true,"valueName":"search_term_string"}}],"inLanguage":"fr-FR"},{"@type":"Organization","@id":"https:\/\/italiamachines.com\/#organization","name":"italiamachines","url":"https:\/\/italiamachines.com\/","logo":{"@type":"ImageObject","inLanguage":"fr-FR","@id":"https:\/\/italiamachines.com\/#\/schema\/logo\/image\/","url":"https:\/\/italiamachines.com\/wp-content\/uploads\/2023\/08\/logo-web-1.png","contentUrl":"https:\/\/italiamachines.com\/wp-content\/uploads\/2023\/08\/logo-web-1.png","width":977,"height":254,"caption":"italiamachines"},"image":{"@id":"https:\/\/italiamachines.com\/#\/schema\/logo\/image\/"},"sameAs":["https:\/\/web.facebook.com\/italiamachines\/","https:\/\/www.instagram.com\/italia.machines\/"]}]}},"_links":{"self":[{"href":"https:\/\/italiamachines.com\/fr_fr\/wp-json\/wp\/v2\/product\/5141","targetHints":{"allow":["GET"]}}],"collection":[{"href":"https:\/\/italiamachines.com\/fr_fr\/wp-json\/wp\/v2\/product"}],"about":[{"href":"https:\/\/italiamachines.com\/fr_fr\/wp-json\/wp\/v2\/types\/product"}],"replies":[{"embeddable":true,"href":"https:\/\/italiamachines.com\/fr_fr\/wp-json\/wp\/v2\/comments?post=5141"}],"wp:featuredmedia":[{"embeddable":true,"href":"https:\/\/italiamachines.com\/fr_fr\/wp-json\/wp\/v2\/media\/5140"}],"wp:attachment":[{"href":"https:\/\/italiamachines.com\/fr_fr\/wp-json\/wp\/v2\/media?parent=5141"}],"wp:term":[{"taxonomy":"product_cat","embeddable":true,"href":"https:\/\/italiamachines.com\/fr_fr\/wp-json\/wp\/v2\/product_cat?post=5141"},{"taxonomy":"product_tag","embeddable":true,"href":"https:\/\/italiamachines.com\/fr_fr\/wp-json\/wp\/v2\/product_tag?post=5141"}],"curies":[{"name":"wp","href":"https:\/\/api.w.org\/{rel}","templated":true}]}}