{"id":5159,"date":"2023-07-30T04:15:19","date_gmt":"2023-07-30T04:15:19","guid":{"rendered":"https:\/\/prod.italiamachines.com\/product\/poussoire-gam\/"},"modified":"2024-09-29T22:16:51","modified_gmt":"2024-09-29T20:16:51","slug":"poussoire-gam","status":"publish","type":"product","link":"https:\/\/italiamachines.com\/fr_fr\/boutique\/boucherie\/machine-a-saucissons\/poussoire-gam\/","title":{"rendered":"Poussoire &#8211; Capacit\u00e9 de 5L &#8211; par Gam"},"content":{"rendered":"<p>Poign\u00e9e ergonomique pour une utilisation pratique<br \/>\nCorps robuste et durable, r\u00e9sistant \u00e0 la corrosion<br \/>\n5 embouts de remplissage inclus pour diff\u00e9rentes tailles de saucisses<br \/>\nCapacit\u00e9 de 5L, design inclinable pour un remplissage facile<br \/>\nFacile \u00e0 nettoyer et \u00e0 d\u00e9monter<br \/>\nDesign vertical montable sur surfaces, base stable<br \/>\nJoints en silicone pour un bon effet de pression<br \/>\nSupport solide avec \u00e9crou<\/p>\n<p>Mat\u00e9riau : Acier inoxydable<br \/>\nFonctionnement : Manuel<br \/>\nVitesse : Lente \/ Rapide<br \/>\nCapacit\u00e9 : 5L<br \/>\nDiam\u00e8tre int\u00e9rieur du cylindre : 13,8 cm<br \/>\nDimensions de la base : 30,5 x 24,5 cm<br \/>\nDimensions globales : 30,5 x 24,5 x 64 cm<br \/>\nPoids net : 10,4 kg<br \/>\nContenu de l\u2019emballage : 1 x Hachoir \u00e0 saucisses 3 x Joints d\u2019\u00e9tanch\u00e9it\u00e9 5 x Embouts de remplissage<\/p>\n","protected":false},"excerpt":{"rendered":"<p>Poign\u00e9e ergonomique pour une utilisation pratique Corps robuste et durable, r\u00e9sistant \u00e0 la corrosion 5 embouts de remplissage inclus pour diff\u00e9rentes tailles de saucisses Capacit\u00e9 de 5L, design inclinable pour un remplissage facile Facile \u00e0 nettoyer et \u00e0 d\u00e9monter Design vertical montable sur surfaces, base stable Joints en silicone pour un bon effet de pression&hellip;<\/p>\n","protected":false},"featured_media":5158,"comment_status":"open","ping_status":"closed","template":"","meta":[],"product_cat":[63,89],"product_tag":[],"class_list":{"0":"post-5159","1":"product","2":"type-product","3":"status-publish","4":"has-post-thumbnail","6":"product_cat-boucherie","7":"product_cat-machine-a-saucissons","9":"first","10":"instock","11":"shipping-taxable","12":"purchasable","13":"product-type-simple","14":"col-xs-6 col-sm-4","15":"col-md-3 col-lg-3","16":"un-4-cols"},"yoast_head":"<!-- This site is optimized with the Yoast SEO plugin v26.6 - https:\/\/yoast.com\/wordpress\/plugins\/seo\/ -->\n<title>Poussoire - Capacit\u00e9 de 5L - par Gam | Italia Machines<\/title>\n<meta name=\"robots\" content=\"index, follow, max-snippet:-1, max-image-preview:large, max-video-preview:-1\" \/>\n<link rel=\"canonical\" href=\"https:\/\/italiamachines.com\/fr_fr\/boutique\/boucherie\/machine-a-saucissons\/poussoire-gam\/\" \/>\n<meta property=\"og:locale\" content=\"fr_FR\" \/>\n<meta property=\"og:type\" content=\"article\" \/>\n<meta property=\"og:title\" content=\"Poussoire - Capacit\u00e9 de 5L - par Gam | Italia Machines\" \/>\n<meta property=\"og:description\" content=\"Poign\u00e9e ergonomique pour une utilisation pratique Corps robuste et durable, r\u00e9sistant \u00e0 la corrosion 5 embouts de remplissage inclus pour diff\u00e9rentes tailles de saucisses Capacit\u00e9 de 5L, design inclinable pour un remplissage facile Facile \u00e0 nettoyer et \u00e0 d\u00e9monter Design vertical montable sur surfaces, base stable Joints en silicone pour un bon effet de pression&hellip;\" \/>\n<meta property=\"og:url\" content=\"https:\/\/italiamachines.com\/fr_fr\/boutique\/boucherie\/machine-a-saucissons\/poussoire-gam\/\" \/>\n<meta property=\"og:site_name\" content=\"Italia Machines\" \/>\n<meta property=\"article:publisher\" content=\"https:\/\/web.facebook.com\/italiamachines\/\" \/>\n<meta property=\"article:modified_time\" content=\"2024-09-29T20:16:51+00:00\" \/>\n<meta property=\"og:image\" content=\"https:\/\/italiamachines.com\/wp-content\/uploads\/2023\/07\/POG-1.png\" \/>\n\t<meta property=\"og:image:width\" content=\"422\" \/>\n\t<meta property=\"og:image:height\" content=\"426\" \/>\n\t<meta property=\"og:image:type\" content=\"image\/png\" \/>\n<meta name=\"twitter:card\" content=\"summary_large_image\" \/>\n<meta name=\"twitter:label1\" content=\"Dur\u00e9e de lecture estim\u00e9e\" \/>\n\t<meta name=\"twitter:data1\" content=\"1 minute\" \/>\n<script type=\"application\/ld+json\" class=\"yoast-schema-graph\">{\"@context\":\"https:\/\/schema.org\",\"@graph\":[{\"@type\":\"WebPage\",\"@id\":\"https:\/\/italiamachines.com\/boutique\/boucherie\/machine-a-saucissons\/poussoire-gam\/\",\"url\":\"https:\/\/italiamachines.com\/boutique\/boucherie\/machine-a-saucissons\/poussoire-gam\/\",\"name\":\"Poussoire - Capacit\u00e9 de 5L - par Gam | Italia Machines\",\"isPartOf\":{\"@id\":\"https:\/\/italiamachines.com\/#website\"},\"primaryImageOfPage\":{\"@id\":\"https:\/\/italiamachines.com\/boutique\/boucherie\/machine-a-saucissons\/poussoire-gam\/#primaryimage\"},\"image\":{\"@id\":\"https:\/\/italiamachines.com\/boutique\/boucherie\/machine-a-saucissons\/poussoire-gam\/#primaryimage\"},\"thumbnailUrl\":\"https:\/\/italiamachines.com\/wp-content\/uploads\/2023\/07\/POG-1.png\",\"datePublished\":\"2023-07-30T04:15:19+00:00\",\"dateModified\":\"2024-09-29T20:16:51+00:00\",\"breadcrumb\":{\"@id\":\"https:\/\/italiamachines.com\/boutique\/boucherie\/machine-a-saucissons\/poussoire-gam\/#breadcrumb\"},\"inLanguage\":\"fr-FR\",\"potentialAction\":[{\"@type\":\"ReadAction\",\"target\":[\"https:\/\/italiamachines.com\/boutique\/boucherie\/machine-a-saucissons\/poussoire-gam\/\"]}]},{\"@type\":\"ImageObject\",\"inLanguage\":\"fr-FR\",\"@id\":\"https:\/\/italiamachines.com\/boutique\/boucherie\/machine-a-saucissons\/poussoire-gam\/#primaryimage\",\"url\":\"https:\/\/italiamachines.com\/wp-content\/uploads\/2023\/07\/POG-1.png\",\"contentUrl\":\"https:\/\/italiamachines.com\/wp-content\/uploads\/2023\/07\/POG-1.png\",\"width\":422,\"height\":426},{\"@type\":\"BreadcrumbList\",\"@id\":\"https:\/\/italiamachines.com\/boutique\/boucherie\/machine-a-saucissons\/poussoire-gam\/#breadcrumb\",\"itemListElement\":[{\"@type\":\"ListItem\",\"position\":1,\"name\":\"Accueil\",\"item\":\"https:\/\/italiamachines.com\/fr_fr\/\"},{\"@type\":\"ListItem\",\"position\":2,\"name\":\"Boutique\",\"item\":\"https:\/\/italiamachines.com\/boutique\/\"},{\"@type\":\"ListItem\",\"position\":3,\"name\":\"Poussoire &#8211; Capacit\u00e9 de 5L &#8211; par Gam\"}]},{\"@type\":\"WebSite\",\"@id\":\"https:\/\/italiamachines.com\/#website\",\"url\":\"https:\/\/italiamachines.com\/\",\"name\":\"Italia Machines\",\"description\":\"L&#039;art de l&#039;\u00e9quipement HORECA\",\"publisher\":{\"@id\":\"https:\/\/italiamachines.com\/#organization\"},\"potentialAction\":[{\"@type\":\"SearchAction\",\"target\":{\"@type\":\"EntryPoint\",\"urlTemplate\":\"https:\/\/italiamachines.com\/?s={search_term_string}\"},\"query-input\":{\"@type\":\"PropertyValueSpecification\",\"valueRequired\":true,\"valueName\":\"search_term_string\"}}],\"inLanguage\":\"fr-FR\"},{\"@type\":\"Organization\",\"@id\":\"https:\/\/italiamachines.com\/#organization\",\"name\":\"italiamachines\",\"url\":\"https:\/\/italiamachines.com\/\",\"logo\":{\"@type\":\"ImageObject\",\"inLanguage\":\"fr-FR\",\"@id\":\"https:\/\/italiamachines.com\/#\/schema\/logo\/image\/\",\"url\":\"https:\/\/italiamachines.com\/wp-content\/uploads\/2023\/08\/logo-web-1.png\",\"contentUrl\":\"https:\/\/italiamachines.com\/wp-content\/uploads\/2023\/08\/logo-web-1.png\",\"width\":977,\"height\":254,\"caption\":\"italiamachines\"},\"image\":{\"@id\":\"https:\/\/italiamachines.com\/#\/schema\/logo\/image\/\"},\"sameAs\":[\"https:\/\/web.facebook.com\/italiamachines\/\",\"https:\/\/www.instagram.com\/italia.machines\/\"]}]}<\/script>\n<!-- \/ Yoast SEO plugin. -->","yoast_head_json":{"title":"Poussoire - Capacit\u00e9 de 5L - par Gam | Italia Machines","robots":{"index":"index","follow":"follow","max-snippet":"max-snippet:-1","max-image-preview":"max-image-preview:large","max-video-preview":"max-video-preview:-1"},"canonical":"https:\/\/italiamachines.com\/fr_fr\/boutique\/boucherie\/machine-a-saucissons\/poussoire-gam\/","og_locale":"fr_FR","og_type":"article","og_title":"Poussoire - Capacit\u00e9 de 5L - par Gam | Italia Machines","og_description":"Poign\u00e9e ergonomique pour une utilisation pratique Corps robuste et durable, r\u00e9sistant \u00e0 la corrosion 5 embouts de remplissage inclus pour diff\u00e9rentes tailles de saucisses Capacit\u00e9 de 5L, design inclinable pour un remplissage facile Facile \u00e0 nettoyer et \u00e0 d\u00e9monter Design vertical montable sur surfaces, base stable Joints en silicone pour un bon effet de pression&hellip;","og_url":"https:\/\/italiamachines.com\/fr_fr\/boutique\/boucherie\/machine-a-saucissons\/poussoire-gam\/","og_site_name":"Italia Machines","article_publisher":"https:\/\/web.facebook.com\/italiamachines\/","article_modified_time":"2024-09-29T20:16:51+00:00","og_image":[{"width":422,"height":426,"url":"https:\/\/italiamachines.com\/wp-content\/uploads\/2023\/07\/POG-1.png","type":"image\/png"}],"twitter_card":"summary_large_image","twitter_misc":{"Dur\u00e9e de lecture estim\u00e9e":"1 minute"},"schema":{"@context":"https:\/\/schema.org","@graph":[{"@type":"WebPage","@id":"https:\/\/italiamachines.com\/boutique\/boucherie\/machine-a-saucissons\/poussoire-gam\/","url":"https:\/\/italiamachines.com\/boutique\/boucherie\/machine-a-saucissons\/poussoire-gam\/","name":"Poussoire - Capacit\u00e9 de 5L - par Gam | Italia Machines","isPartOf":{"@id":"https:\/\/italiamachines.com\/#website"},"primaryImageOfPage":{"@id":"https:\/\/italiamachines.com\/boutique\/boucherie\/machine-a-saucissons\/poussoire-gam\/#primaryimage"},"image":{"@id":"https:\/\/italiamachines.com\/boutique\/boucherie\/machine-a-saucissons\/poussoire-gam\/#primaryimage"},"thumbnailUrl":"https:\/\/italiamachines.com\/wp-content\/uploads\/2023\/07\/POG-1.png","datePublished":"2023-07-30T04:15:19+00:00","dateModified":"2024-09-29T20:16:51+00:00","breadcrumb":{"@id":"https:\/\/italiamachines.com\/boutique\/boucherie\/machine-a-saucissons\/poussoire-gam\/#breadcrumb"},"inLanguage":"fr-FR","potentialAction":[{"@type":"ReadAction","target":["https:\/\/italiamachines.com\/boutique\/boucherie\/machine-a-saucissons\/poussoire-gam\/"]}]},{"@type":"ImageObject","inLanguage":"fr-FR","@id":"https:\/\/italiamachines.com\/boutique\/boucherie\/machine-a-saucissons\/poussoire-gam\/#primaryimage","url":"https:\/\/italiamachines.com\/wp-content\/uploads\/2023\/07\/POG-1.png","contentUrl":"https:\/\/italiamachines.com\/wp-content\/uploads\/2023\/07\/POG-1.png","width":422,"height":426},{"@type":"BreadcrumbList","@id":"https:\/\/italiamachines.com\/boutique\/boucherie\/machine-a-saucissons\/poussoire-gam\/#breadcrumb","itemListElement":[{"@type":"ListItem","position":1,"name":"Accueil","item":"https:\/\/italiamachines.com\/fr_fr\/"},{"@type":"ListItem","position":2,"name":"Boutique","item":"https:\/\/italiamachines.com\/boutique\/"},{"@type":"ListItem","position":3,"name":"Poussoire &#8211; Capacit\u00e9 de 5L &#8211; par Gam"}]},{"@type":"WebSite","@id":"https:\/\/italiamachines.com\/#website","url":"https:\/\/italiamachines.com\/","name":"Italia Machines","description":"L&#039;art de l&#039;\u00e9quipement HORECA","publisher":{"@id":"https:\/\/italiamachines.com\/#organization"},"potentialAction":[{"@type":"SearchAction","target":{"@type":"EntryPoint","urlTemplate":"https:\/\/italiamachines.com\/?s={search_term_string}"},"query-input":{"@type":"PropertyValueSpecification","valueRequired":true,"valueName":"search_term_string"}}],"inLanguage":"fr-FR"},{"@type":"Organization","@id":"https:\/\/italiamachines.com\/#organization","name":"italiamachines","url":"https:\/\/italiamachines.com\/","logo":{"@type":"ImageObject","inLanguage":"fr-FR","@id":"https:\/\/italiamachines.com\/#\/schema\/logo\/image\/","url":"https:\/\/italiamachines.com\/wp-content\/uploads\/2023\/08\/logo-web-1.png","contentUrl":"https:\/\/italiamachines.com\/wp-content\/uploads\/2023\/08\/logo-web-1.png","width":977,"height":254,"caption":"italiamachines"},"image":{"@id":"https:\/\/italiamachines.com\/#\/schema\/logo\/image\/"},"sameAs":["https:\/\/web.facebook.com\/italiamachines\/","https:\/\/www.instagram.com\/italia.machines\/"]}]}},"_links":{"self":[{"href":"https:\/\/italiamachines.com\/fr_fr\/wp-json\/wp\/v2\/product\/5159","targetHints":{"allow":["GET"]}}],"collection":[{"href":"https:\/\/italiamachines.com\/fr_fr\/wp-json\/wp\/v2\/product"}],"about":[{"href":"https:\/\/italiamachines.com\/fr_fr\/wp-json\/wp\/v2\/types\/product"}],"replies":[{"embeddable":true,"href":"https:\/\/italiamachines.com\/fr_fr\/wp-json\/wp\/v2\/comments?post=5159"}],"wp:featuredmedia":[{"embeddable":true,"href":"https:\/\/italiamachines.com\/fr_fr\/wp-json\/wp\/v2\/media\/5158"}],"wp:attachment":[{"href":"https:\/\/italiamachines.com\/fr_fr\/wp-json\/wp\/v2\/media?parent=5159"}],"wp:term":[{"taxonomy":"product_cat","embeddable":true,"href":"https:\/\/italiamachines.com\/fr_fr\/wp-json\/wp\/v2\/product_cat?post=5159"},{"taxonomy":"product_tag","embeddable":true,"href":"https:\/\/italiamachines.com\/fr_fr\/wp-json\/wp\/v2\/product_tag?post=5159"}],"curies":[{"name":"wp","href":"https:\/\/api.w.org\/{rel}","templated":true}]}}