{"id":5181,"date":"2023-07-30T04:16:43","date_gmt":"2023-07-30T04:16:43","guid":{"rendered":"https:\/\/prod.italiamachines.com\/product\/roue-thermoresistante-pour-chariot-a-four-rotatif-100\/"},"modified":"2025-05-27T01:12:36","modified_gmt":"2025-05-26T23:12:36","slug":"roue-thermoresistante-pour-chariot-a-four-rotatif-100","status":"publish","type":"product","link":"https:\/\/italiamachines.com\/fr_fr\/boutique\/accessoires\/roue-thermoresistante-pour-chariot-a-four-rotatif-100\/","title":{"rendered":"Roue thermor\u00e9sistante pour chariot \u00e0 four rotatif 100"},"content":{"rendered":"<p>Roue de diam\u00e8tre 100 mm monolithique en r\u00e9sine ph\u00e9nolique thermodurcissable, r\u00e9sistante \u00e0 des temp\u00e9ratures entre -20 \u00b0C et +300 \u00b0C<br \/>\nEssieu constitu\u00e9 d&rsquo;une entretoise en acier rectifi\u00e9<br \/>\nVis en acier inoxydable conforme \u00e0 la norme UNI EN 24017<br \/>\n\u00c9crou en acier inoxydable conforme \u00e0 la norme UNI EN 24032<br \/>\nMonture pivotante avec platine, anneau de maintien des billes et chape en acier inoxydable AISI 304<br \/>\nPivotement sur deux couronnes de billes en acier inoxydable, graisse alimentaire haute temp\u00e9rature.<\/p>\n","protected":false},"excerpt":{"rendered":"<p>Roue de diam\u00e8tre 100 mm monolithique en r\u00e9sine ph\u00e9nolique thermodurcissable, r\u00e9sistante \u00e0 des temp\u00e9ratures entre -20 \u00b0C et +300 \u00b0C Essieu constitu\u00e9 d&rsquo;une entretoise en acier rectifi\u00e9 Vis en acier inoxydable conforme \u00e0 la norme UNI EN 24017 \u00c9crou en acier inoxydable conforme \u00e0 la norme UNI EN 24032 Monture pivotante avec platine, anneau de&hellip;<\/p>\n","protected":false},"featured_media":5180,"comment_status":"open","ping_status":"closed","template":"","meta":[],"product_cat":[57],"product_tag":[],"class_list":{"0":"post-5181","1":"product","2":"type-product","3":"status-publish","4":"has-post-thumbnail","6":"product_cat-accessoires","8":"first","9":"instock","10":"shipping-taxable","11":"purchasable","12":"product-type-simple","13":"col-xs-6 col-sm-4","14":"col-md-3 col-lg-3","15":"un-4-cols"},"yoast_head":"<!-- This site is optimized with the Yoast SEO plugin v26.6 - https:\/\/yoast.com\/wordpress\/plugins\/seo\/ -->\n<title>Roue thermor\u00e9sistante pour chariot \u00e0 four rotatif 100 | Italia Machines<\/title>\n<meta name=\"robots\" content=\"index, follow, max-snippet:-1, max-image-preview:large, max-video-preview:-1\" \/>\n<link rel=\"canonical\" href=\"https:\/\/italiamachines.com\/fr_fr\/boutique\/accessoires\/roue-thermoresistante-pour-chariot-a-four-rotatif-100\/\" \/>\n<meta property=\"og:locale\" content=\"fr_FR\" \/>\n<meta property=\"og:type\" content=\"article\" \/>\n<meta property=\"og:title\" content=\"Roue thermor\u00e9sistante pour chariot \u00e0 four rotatif 100 | Italia Machines\" \/>\n<meta property=\"og:description\" content=\"Roue de diam\u00e8tre 100 mm monolithique en r\u00e9sine ph\u00e9nolique thermodurcissable, r\u00e9sistante \u00e0 des temp\u00e9ratures entre -20 \u00b0C et +300 \u00b0C Essieu constitu\u00e9 d&rsquo;une entretoise en acier rectifi\u00e9 Vis en acier inoxydable conforme \u00e0 la norme UNI EN 24017 \u00c9crou en acier inoxydable conforme \u00e0 la norme UNI EN 24032 Monture pivotante avec platine, anneau de&hellip;\" \/>\n<meta property=\"og:url\" content=\"https:\/\/italiamachines.com\/fr_fr\/boutique\/accessoires\/roue-thermoresistante-pour-chariot-a-four-rotatif-100\/\" \/>\n<meta property=\"og:site_name\" content=\"Italia Machines\" \/>\n<meta property=\"article:publisher\" content=\"https:\/\/web.facebook.com\/italiamachines\/\" \/>\n<meta property=\"article:modified_time\" content=\"2025-05-26T23:12:36+00:00\" \/>\n<meta property=\"og:image\" content=\"https:\/\/italiamachines.com\/wp-content\/uploads\/2023\/07\/R_CH_100.jpeg\" \/>\n\t<meta property=\"og:image:width\" content=\"458\" \/>\n\t<meta property=\"og:image:height\" content=\"458\" \/>\n\t<meta property=\"og:image:type\" content=\"image\/jpeg\" \/>\n<meta name=\"twitter:card\" content=\"summary_large_image\" \/>\n<meta name=\"twitter:label1\" content=\"Dur\u00e9e de lecture estim\u00e9e\" \/>\n\t<meta name=\"twitter:data1\" content=\"1 minute\" \/>\n<script type=\"application\/ld+json\" class=\"yoast-schema-graph\">{\"@context\":\"https:\/\/schema.org\",\"@graph\":[{\"@type\":\"WebPage\",\"@id\":\"https:\/\/italiamachines.com\/boutique\/accessoires\/roue-thermoresistante-pour-chariot-a-four-rotatif-100\/\",\"url\":\"https:\/\/italiamachines.com\/boutique\/accessoires\/roue-thermoresistante-pour-chariot-a-four-rotatif-100\/\",\"name\":\"Roue thermor\u00e9sistante pour chariot \u00e0 four rotatif 100 | Italia Machines\",\"isPartOf\":{\"@id\":\"https:\/\/italiamachines.com\/#website\"},\"primaryImageOfPage\":{\"@id\":\"https:\/\/italiamachines.com\/boutique\/accessoires\/roue-thermoresistante-pour-chariot-a-four-rotatif-100\/#primaryimage\"},\"image\":{\"@id\":\"https:\/\/italiamachines.com\/boutique\/accessoires\/roue-thermoresistante-pour-chariot-a-four-rotatif-100\/#primaryimage\"},\"thumbnailUrl\":\"https:\/\/italiamachines.com\/wp-content\/uploads\/2023\/07\/R_CH_100.jpeg\",\"datePublished\":\"2023-07-30T04:16:43+00:00\",\"dateModified\":\"2025-05-26T23:12:36+00:00\",\"breadcrumb\":{\"@id\":\"https:\/\/italiamachines.com\/boutique\/accessoires\/roue-thermoresistante-pour-chariot-a-four-rotatif-100\/#breadcrumb\"},\"inLanguage\":\"fr-FR\",\"potentialAction\":[{\"@type\":\"ReadAction\",\"target\":[\"https:\/\/italiamachines.com\/boutique\/accessoires\/roue-thermoresistante-pour-chariot-a-four-rotatif-100\/\"]}]},{\"@type\":\"ImageObject\",\"inLanguage\":\"fr-FR\",\"@id\":\"https:\/\/italiamachines.com\/boutique\/accessoires\/roue-thermoresistante-pour-chariot-a-four-rotatif-100\/#primaryimage\",\"url\":\"https:\/\/italiamachines.com\/wp-content\/uploads\/2023\/07\/R_CH_100.jpeg\",\"contentUrl\":\"https:\/\/italiamachines.com\/wp-content\/uploads\/2023\/07\/R_CH_100.jpeg\",\"width\":458,\"height\":458},{\"@type\":\"BreadcrumbList\",\"@id\":\"https:\/\/italiamachines.com\/boutique\/accessoires\/roue-thermoresistante-pour-chariot-a-four-rotatif-100\/#breadcrumb\",\"itemListElement\":[{\"@type\":\"ListItem\",\"position\":1,\"name\":\"Accueil\",\"item\":\"https:\/\/italiamachines.com\/fr_fr\/\"},{\"@type\":\"ListItem\",\"position\":2,\"name\":\"Boutique\",\"item\":\"https:\/\/italiamachines.com\/boutique\/\"},{\"@type\":\"ListItem\",\"position\":3,\"name\":\"Roue thermor\u00e9sistante pour chariot \u00e0 four rotatif 100\"}]},{\"@type\":\"WebSite\",\"@id\":\"https:\/\/italiamachines.com\/#website\",\"url\":\"https:\/\/italiamachines.com\/\",\"name\":\"Italia Machines\",\"description\":\"L&#039;art de l&#039;\u00e9quipement HORECA\",\"publisher\":{\"@id\":\"https:\/\/italiamachines.com\/#organization\"},\"potentialAction\":[{\"@type\":\"SearchAction\",\"target\":{\"@type\":\"EntryPoint\",\"urlTemplate\":\"https:\/\/italiamachines.com\/?s={search_term_string}\"},\"query-input\":{\"@type\":\"PropertyValueSpecification\",\"valueRequired\":true,\"valueName\":\"search_term_string\"}}],\"inLanguage\":\"fr-FR\"},{\"@type\":\"Organization\",\"@id\":\"https:\/\/italiamachines.com\/#organization\",\"name\":\"italiamachines\",\"url\":\"https:\/\/italiamachines.com\/\",\"logo\":{\"@type\":\"ImageObject\",\"inLanguage\":\"fr-FR\",\"@id\":\"https:\/\/italiamachines.com\/#\/schema\/logo\/image\/\",\"url\":\"https:\/\/italiamachines.com\/wp-content\/uploads\/2023\/08\/logo-web-1.png\",\"contentUrl\":\"https:\/\/italiamachines.com\/wp-content\/uploads\/2023\/08\/logo-web-1.png\",\"width\":977,\"height\":254,\"caption\":\"italiamachines\"},\"image\":{\"@id\":\"https:\/\/italiamachines.com\/#\/schema\/logo\/image\/\"},\"sameAs\":[\"https:\/\/web.facebook.com\/italiamachines\/\",\"https:\/\/www.instagram.com\/italia.machines\/\"]}]}<\/script>\n<!-- \/ Yoast SEO plugin. -->","yoast_head_json":{"title":"Roue thermor\u00e9sistante pour chariot \u00e0 four rotatif 100 | Italia Machines","robots":{"index":"index","follow":"follow","max-snippet":"max-snippet:-1","max-image-preview":"max-image-preview:large","max-video-preview":"max-video-preview:-1"},"canonical":"https:\/\/italiamachines.com\/fr_fr\/boutique\/accessoires\/roue-thermoresistante-pour-chariot-a-four-rotatif-100\/","og_locale":"fr_FR","og_type":"article","og_title":"Roue thermor\u00e9sistante pour chariot \u00e0 four rotatif 100 | Italia Machines","og_description":"Roue de diam\u00e8tre 100 mm monolithique en r\u00e9sine ph\u00e9nolique thermodurcissable, r\u00e9sistante \u00e0 des temp\u00e9ratures entre -20 \u00b0C et +300 \u00b0C Essieu constitu\u00e9 d&rsquo;une entretoise en acier rectifi\u00e9 Vis en acier inoxydable conforme \u00e0 la norme UNI EN 24017 \u00c9crou en acier inoxydable conforme \u00e0 la norme UNI EN 24032 Monture pivotante avec platine, anneau de&hellip;","og_url":"https:\/\/italiamachines.com\/fr_fr\/boutique\/accessoires\/roue-thermoresistante-pour-chariot-a-four-rotatif-100\/","og_site_name":"Italia Machines","article_publisher":"https:\/\/web.facebook.com\/italiamachines\/","article_modified_time":"2025-05-26T23:12:36+00:00","og_image":[{"width":458,"height":458,"url":"https:\/\/italiamachines.com\/wp-content\/uploads\/2023\/07\/R_CH_100.jpeg","type":"image\/jpeg"}],"twitter_card":"summary_large_image","twitter_misc":{"Dur\u00e9e de lecture estim\u00e9e":"1 minute"},"schema":{"@context":"https:\/\/schema.org","@graph":[{"@type":"WebPage","@id":"https:\/\/italiamachines.com\/boutique\/accessoires\/roue-thermoresistante-pour-chariot-a-four-rotatif-100\/","url":"https:\/\/italiamachines.com\/boutique\/accessoires\/roue-thermoresistante-pour-chariot-a-four-rotatif-100\/","name":"Roue thermor\u00e9sistante pour chariot \u00e0 four rotatif 100 | Italia Machines","isPartOf":{"@id":"https:\/\/italiamachines.com\/#website"},"primaryImageOfPage":{"@id":"https:\/\/italiamachines.com\/boutique\/accessoires\/roue-thermoresistante-pour-chariot-a-four-rotatif-100\/#primaryimage"},"image":{"@id":"https:\/\/italiamachines.com\/boutique\/accessoires\/roue-thermoresistante-pour-chariot-a-four-rotatif-100\/#primaryimage"},"thumbnailUrl":"https:\/\/italiamachines.com\/wp-content\/uploads\/2023\/07\/R_CH_100.jpeg","datePublished":"2023-07-30T04:16:43+00:00","dateModified":"2025-05-26T23:12:36+00:00","breadcrumb":{"@id":"https:\/\/italiamachines.com\/boutique\/accessoires\/roue-thermoresistante-pour-chariot-a-four-rotatif-100\/#breadcrumb"},"inLanguage":"fr-FR","potentialAction":[{"@type":"ReadAction","target":["https:\/\/italiamachines.com\/boutique\/accessoires\/roue-thermoresistante-pour-chariot-a-four-rotatif-100\/"]}]},{"@type":"ImageObject","inLanguage":"fr-FR","@id":"https:\/\/italiamachines.com\/boutique\/accessoires\/roue-thermoresistante-pour-chariot-a-four-rotatif-100\/#primaryimage","url":"https:\/\/italiamachines.com\/wp-content\/uploads\/2023\/07\/R_CH_100.jpeg","contentUrl":"https:\/\/italiamachines.com\/wp-content\/uploads\/2023\/07\/R_CH_100.jpeg","width":458,"height":458},{"@type":"BreadcrumbList","@id":"https:\/\/italiamachines.com\/boutique\/accessoires\/roue-thermoresistante-pour-chariot-a-four-rotatif-100\/#breadcrumb","itemListElement":[{"@type":"ListItem","position":1,"name":"Accueil","item":"https:\/\/italiamachines.com\/fr_fr\/"},{"@type":"ListItem","position":2,"name":"Boutique","item":"https:\/\/italiamachines.com\/boutique\/"},{"@type":"ListItem","position":3,"name":"Roue thermor\u00e9sistante pour chariot \u00e0 four rotatif 100"}]},{"@type":"WebSite","@id":"https:\/\/italiamachines.com\/#website","url":"https:\/\/italiamachines.com\/","name":"Italia Machines","description":"L&#039;art de l&#039;\u00e9quipement HORECA","publisher":{"@id":"https:\/\/italiamachines.com\/#organization"},"potentialAction":[{"@type":"SearchAction","target":{"@type":"EntryPoint","urlTemplate":"https:\/\/italiamachines.com\/?s={search_term_string}"},"query-input":{"@type":"PropertyValueSpecification","valueRequired":true,"valueName":"search_term_string"}}],"inLanguage":"fr-FR"},{"@type":"Organization","@id":"https:\/\/italiamachines.com\/#organization","name":"italiamachines","url":"https:\/\/italiamachines.com\/","logo":{"@type":"ImageObject","inLanguage":"fr-FR","@id":"https:\/\/italiamachines.com\/#\/schema\/logo\/image\/","url":"https:\/\/italiamachines.com\/wp-content\/uploads\/2023\/08\/logo-web-1.png","contentUrl":"https:\/\/italiamachines.com\/wp-content\/uploads\/2023\/08\/logo-web-1.png","width":977,"height":254,"caption":"italiamachines"},"image":{"@id":"https:\/\/italiamachines.com\/#\/schema\/logo\/image\/"},"sameAs":["https:\/\/web.facebook.com\/italiamachines\/","https:\/\/www.instagram.com\/italia.machines\/"]}]}},"_links":{"self":[{"href":"https:\/\/italiamachines.com\/fr_fr\/wp-json\/wp\/v2\/product\/5181","targetHints":{"allow":["GET"]}}],"collection":[{"href":"https:\/\/italiamachines.com\/fr_fr\/wp-json\/wp\/v2\/product"}],"about":[{"href":"https:\/\/italiamachines.com\/fr_fr\/wp-json\/wp\/v2\/types\/product"}],"replies":[{"embeddable":true,"href":"https:\/\/italiamachines.com\/fr_fr\/wp-json\/wp\/v2\/comments?post=5181"}],"wp:featuredmedia":[{"embeddable":true,"href":"https:\/\/italiamachines.com\/fr_fr\/wp-json\/wp\/v2\/media\/5180"}],"wp:attachment":[{"href":"https:\/\/italiamachines.com\/fr_fr\/wp-json\/wp\/v2\/media?parent=5181"}],"wp:term":[{"taxonomy":"product_cat","embeddable":true,"href":"https:\/\/italiamachines.com\/fr_fr\/wp-json\/wp\/v2\/product_cat?post=5181"},{"taxonomy":"product_tag","embeddable":true,"href":"https:\/\/italiamachines.com\/fr_fr\/wp-json\/wp\/v2\/product_tag?post=5181"}],"curies":[{"name":"wp","href":"https:\/\/api.w.org\/{rel}","templated":true}]}}