{"id":5197,"date":"2023-07-30T04:17:42","date_gmt":"2023-07-30T04:17:42","guid":{"rendered":"https:\/\/prod.italiamachines.com\/product\/machine-multifonction-a-glace-dimensions-600-x-80-x-1335-alimentation-380v\/"},"modified":"2024-09-28T22:29:34","modified_gmt":"2024-09-28T20:29:34","slug":"machine-multifonction-a-glace-dimensions-600-x-80-x-1335-alimentation-380v","status":"publish","type":"product","link":"https:\/\/italiamachines.com\/fr_fr\/boutique\/cafe-glacier-lecheria\/glacier\/multi-fonction\/machine-multifonction-a-glace-dimensions-600-x-80-x-1335-alimentation-380v\/","title":{"rendered":"Machine multifonction \u00e0 glace &#8211; Dimensions: 60x80x133 cm &#8211; Alimentation: 380V."},"content":{"rendered":"<p>Vous pouvez faire de la cr\u00e8me glac\u00e9e, pasteuriser des m\u00e9langes, pr\u00e9parer des confiseries et d&rsquo;autres types de cr\u00e8me.<br \/>\navec cylindre vertical<br \/>\nAvec fonction de d\u00e9charge automatique pour les produits finis<br \/>\nLe syst\u00e8me de commande \u00e9lectrom\u00e9canique via onduleur permet de modifier la vitesse du balai \u00e0 tout moment pendant le cycle de production<br \/>\nContr\u00f4le de la temp\u00e9rature par m\u00e9thode PID<br \/>\nArr\u00eat automatique du cycle de production lorsque les param\u00e8tres de produit sp\u00e9cifi\u00e9s sont atteints<br \/>\nUn grand nombre de programmes pour la fabrication de diff\u00e9rents types de produits<br \/>\nPossibilit\u00e9 de modifier le programme selon vos propres besoins<br \/>\ncondensation<br \/>\nConstruction en acier inoxydable dans toute la machine<br \/>\nDouche d&rsquo;eau externe lavable en machine<br \/>\nUtilisation dans l&rsquo;industrie de la restauration et de la confiserie<br \/>\nProduction de cr\u00e8me glac\u00e9e : 2-5L\/cycle, 40L\/h<br \/>\nProduction de cr\u00e8me : 15 l\/cycle (55 minutes)<br \/>\nSt\u00e9rilisation, stockage : 15 litres\/cycle (55 minutes)<br \/>\nSt\u00e9rilisation \u00e0 cong\u00e9lation : 2 \u00e0 5 L (20 \u00e0 30 minutes)<br \/>\nCapacit\u00e9 de refroidissement : 4800W<br \/>\nDimensions : 600 x 850 x 1205 + 130 mm<br \/>\nPoids : 185 kg<br \/>\nAlimentation : 400V\/3f.\/50Hz<\/p>\n","protected":false},"excerpt":{"rendered":"<p>Vous pouvez faire de la cr\u00e8me glac\u00e9e, pasteuriser des m\u00e9langes, pr\u00e9parer des confiseries et d&rsquo;autres types de cr\u00e8me. avec cylindre vertical Avec fonction de d\u00e9charge automatique pour les produits finis Le syst\u00e8me de commande \u00e9lectrom\u00e9canique via onduleur permet de modifier la vitesse du balai \u00e0 tout moment pendant le cycle de production Contr\u00f4le de la&hellip;<\/p>\n","protected":false},"featured_media":5196,"comment_status":"open","ping_status":"closed","template":"","meta":[],"product_cat":[65,79,80,91],"product_tag":[],"class_list":{"0":"post-5197","1":"product","2":"type-product","3":"status-publish","4":"has-post-thumbnail","6":"product_cat-cafe-glacier-lecheria","7":"product_cat-glacier","8":"product_cat-glacier-lecheria","9":"product_cat-multi-fonction","11":"first","12":"instock","13":"shipping-taxable","14":"purchasable","15":"product-type-simple","16":"col-xs-6 col-sm-4","17":"col-md-3 col-lg-3","18":"un-4-cols"},"yoast_head":"<!-- This site is optimized with the Yoast SEO plugin v26.6 - https:\/\/yoast.com\/wordpress\/plugins\/seo\/ -->\n<title>Machine multifonction \u00e0 glace - Dimensions: 60x80x133 cm - Alimentation: 380V. | Italia Machines<\/title>\n<meta name=\"robots\" content=\"index, follow, max-snippet:-1, max-image-preview:large, max-video-preview:-1\" \/>\n<link rel=\"canonical\" href=\"https:\/\/italiamachines.com\/fr_fr\/boutique\/cafe-glacier-lecheria\/glacier\/multi-fonction\/machine-multifonction-a-glace-dimensions-600-x-80-x-1335-alimentation-380v\/\" \/>\n<meta property=\"og:locale\" content=\"fr_FR\" \/>\n<meta property=\"og:type\" content=\"article\" \/>\n<meta property=\"og:title\" content=\"Machine multifonction \u00e0 glace - Dimensions: 60x80x133 cm - Alimentation: 380V. | Italia Machines\" \/>\n<meta property=\"og:description\" content=\"Vous pouvez faire de la cr\u00e8me glac\u00e9e, pasteuriser des m\u00e9langes, pr\u00e9parer des confiseries et d&rsquo;autres types de cr\u00e8me. avec cylindre vertical Avec fonction de d\u00e9charge automatique pour les produits finis Le syst\u00e8me de commande \u00e9lectrom\u00e9canique via onduleur permet de modifier la vitesse du balai \u00e0 tout moment pendant le cycle de production Contr\u00f4le de la&hellip;\" \/>\n<meta property=\"og:url\" content=\"https:\/\/italiamachines.com\/fr_fr\/boutique\/cafe-glacier-lecheria\/glacier\/multi-fonction\/machine-multifonction-a-glace-dimensions-600-x-80-x-1335-alimentation-380v\/\" \/>\n<meta property=\"og:site_name\" content=\"Italia Machines\" \/>\n<meta property=\"article:publisher\" content=\"https:\/\/web.facebook.com\/italiamachines\/\" \/>\n<meta property=\"article:modified_time\" content=\"2024-09-28T20:29:34+00:00\" \/>\n<meta property=\"og:image\" content=\"https:\/\/italiamachines.com\/wp-content\/uploads\/2023\/07\/R151WMED.jpeg\" \/>\n\t<meta property=\"og:image:width\" content=\"1024\" \/>\n\t<meta property=\"og:image:height\" content=\"768\" \/>\n\t<meta property=\"og:image:type\" content=\"image\/jpeg\" \/>\n<meta name=\"twitter:card\" content=\"summary_large_image\" \/>\n<meta name=\"twitter:label1\" content=\"Dur\u00e9e de lecture estim\u00e9e\" \/>\n\t<meta name=\"twitter:data1\" content=\"2 minutes\" \/>\n<script type=\"application\/ld+json\" class=\"yoast-schema-graph\">{\"@context\":\"https:\/\/schema.org\",\"@graph\":[{\"@type\":\"WebPage\",\"@id\":\"https:\/\/italiamachines.com\/boutique\/cafe-glacier-lecheria\/glacier\/multi-fonction\/machine-multifonction-a-glace-dimensions-600-x-80-x-1335-alimentation-380v\/\",\"url\":\"https:\/\/italiamachines.com\/boutique\/cafe-glacier-lecheria\/glacier\/multi-fonction\/machine-multifonction-a-glace-dimensions-600-x-80-x-1335-alimentation-380v\/\",\"name\":\"Machine multifonction \u00e0 glace - Dimensions: 60x80x133 cm - Alimentation: 380V. | Italia Machines\",\"isPartOf\":{\"@id\":\"https:\/\/italiamachines.com\/#website\"},\"primaryImageOfPage\":{\"@id\":\"https:\/\/italiamachines.com\/boutique\/cafe-glacier-lecheria\/glacier\/multi-fonction\/machine-multifonction-a-glace-dimensions-600-x-80-x-1335-alimentation-380v\/#primaryimage\"},\"image\":{\"@id\":\"https:\/\/italiamachines.com\/boutique\/cafe-glacier-lecheria\/glacier\/multi-fonction\/machine-multifonction-a-glace-dimensions-600-x-80-x-1335-alimentation-380v\/#primaryimage\"},\"thumbnailUrl\":\"https:\/\/italiamachines.com\/wp-content\/uploads\/2023\/07\/R151WMED.jpeg\",\"datePublished\":\"2023-07-30T04:17:42+00:00\",\"dateModified\":\"2024-09-28T20:29:34+00:00\",\"breadcrumb\":{\"@id\":\"https:\/\/italiamachines.com\/boutique\/cafe-glacier-lecheria\/glacier\/multi-fonction\/machine-multifonction-a-glace-dimensions-600-x-80-x-1335-alimentation-380v\/#breadcrumb\"},\"inLanguage\":\"fr-FR\",\"potentialAction\":[{\"@type\":\"ReadAction\",\"target\":[\"https:\/\/italiamachines.com\/boutique\/cafe-glacier-lecheria\/glacier\/multi-fonction\/machine-multifonction-a-glace-dimensions-600-x-80-x-1335-alimentation-380v\/\"]}]},{\"@type\":\"ImageObject\",\"inLanguage\":\"fr-FR\",\"@id\":\"https:\/\/italiamachines.com\/boutique\/cafe-glacier-lecheria\/glacier\/multi-fonction\/machine-multifonction-a-glace-dimensions-600-x-80-x-1335-alimentation-380v\/#primaryimage\",\"url\":\"https:\/\/italiamachines.com\/wp-content\/uploads\/2023\/07\/R151WMED.jpeg\",\"contentUrl\":\"https:\/\/italiamachines.com\/wp-content\/uploads\/2023\/07\/R151WMED.jpeg\",\"width\":1024,\"height\":768},{\"@type\":\"BreadcrumbList\",\"@id\":\"https:\/\/italiamachines.com\/boutique\/cafe-glacier-lecheria\/glacier\/multi-fonction\/machine-multifonction-a-glace-dimensions-600-x-80-x-1335-alimentation-380v\/#breadcrumb\",\"itemListElement\":[{\"@type\":\"ListItem\",\"position\":1,\"name\":\"Accueil\",\"item\":\"https:\/\/italiamachines.com\/fr_fr\/\"},{\"@type\":\"ListItem\",\"position\":2,\"name\":\"Boutique\",\"item\":\"https:\/\/italiamachines.com\/boutique\/\"},{\"@type\":\"ListItem\",\"position\":3,\"name\":\"Machine multifonction \u00e0 glace &#8211; Dimensions: 60x80x133 cm &#8211; Alimentation: 380V.\"}]},{\"@type\":\"WebSite\",\"@id\":\"https:\/\/italiamachines.com\/#website\",\"url\":\"https:\/\/italiamachines.com\/\",\"name\":\"Italia Machines\",\"description\":\"L&#039;art de l&#039;\u00e9quipement HORECA\",\"publisher\":{\"@id\":\"https:\/\/italiamachines.com\/#organization\"},\"potentialAction\":[{\"@type\":\"SearchAction\",\"target\":{\"@type\":\"EntryPoint\",\"urlTemplate\":\"https:\/\/italiamachines.com\/?s={search_term_string}\"},\"query-input\":{\"@type\":\"PropertyValueSpecification\",\"valueRequired\":true,\"valueName\":\"search_term_string\"}}],\"inLanguage\":\"fr-FR\"},{\"@type\":\"Organization\",\"@id\":\"https:\/\/italiamachines.com\/#organization\",\"name\":\"italiamachines\",\"url\":\"https:\/\/italiamachines.com\/\",\"logo\":{\"@type\":\"ImageObject\",\"inLanguage\":\"fr-FR\",\"@id\":\"https:\/\/italiamachines.com\/#\/schema\/logo\/image\/\",\"url\":\"https:\/\/italiamachines.com\/wp-content\/uploads\/2023\/08\/logo-web-1.png\",\"contentUrl\":\"https:\/\/italiamachines.com\/wp-content\/uploads\/2023\/08\/logo-web-1.png\",\"width\":977,\"height\":254,\"caption\":\"italiamachines\"},\"image\":{\"@id\":\"https:\/\/italiamachines.com\/#\/schema\/logo\/image\/\"},\"sameAs\":[\"https:\/\/web.facebook.com\/italiamachines\/\",\"https:\/\/www.instagram.com\/italia.machines\/\"]}]}<\/script>\n<!-- \/ Yoast SEO plugin. -->","yoast_head_json":{"title":"Machine multifonction \u00e0 glace - Dimensions: 60x80x133 cm - Alimentation: 380V. | Italia Machines","robots":{"index":"index","follow":"follow","max-snippet":"max-snippet:-1","max-image-preview":"max-image-preview:large","max-video-preview":"max-video-preview:-1"},"canonical":"https:\/\/italiamachines.com\/fr_fr\/boutique\/cafe-glacier-lecheria\/glacier\/multi-fonction\/machine-multifonction-a-glace-dimensions-600-x-80-x-1335-alimentation-380v\/","og_locale":"fr_FR","og_type":"article","og_title":"Machine multifonction \u00e0 glace - Dimensions: 60x80x133 cm - Alimentation: 380V. | Italia Machines","og_description":"Vous pouvez faire de la cr\u00e8me glac\u00e9e, pasteuriser des m\u00e9langes, pr\u00e9parer des confiseries et d&rsquo;autres types de cr\u00e8me. avec cylindre vertical Avec fonction de d\u00e9charge automatique pour les produits finis Le syst\u00e8me de commande \u00e9lectrom\u00e9canique via onduleur permet de modifier la vitesse du balai \u00e0 tout moment pendant le cycle de production Contr\u00f4le de la&hellip;","og_url":"https:\/\/italiamachines.com\/fr_fr\/boutique\/cafe-glacier-lecheria\/glacier\/multi-fonction\/machine-multifonction-a-glace-dimensions-600-x-80-x-1335-alimentation-380v\/","og_site_name":"Italia Machines","article_publisher":"https:\/\/web.facebook.com\/italiamachines\/","article_modified_time":"2024-09-28T20:29:34+00:00","og_image":[{"width":1024,"height":768,"url":"https:\/\/italiamachines.com\/wp-content\/uploads\/2023\/07\/R151WMED.jpeg","type":"image\/jpeg"}],"twitter_card":"summary_large_image","twitter_misc":{"Dur\u00e9e de lecture estim\u00e9e":"2 minutes"},"schema":{"@context":"https:\/\/schema.org","@graph":[{"@type":"WebPage","@id":"https:\/\/italiamachines.com\/boutique\/cafe-glacier-lecheria\/glacier\/multi-fonction\/machine-multifonction-a-glace-dimensions-600-x-80-x-1335-alimentation-380v\/","url":"https:\/\/italiamachines.com\/boutique\/cafe-glacier-lecheria\/glacier\/multi-fonction\/machine-multifonction-a-glace-dimensions-600-x-80-x-1335-alimentation-380v\/","name":"Machine multifonction \u00e0 glace - Dimensions: 60x80x133 cm - Alimentation: 380V. | Italia Machines","isPartOf":{"@id":"https:\/\/italiamachines.com\/#website"},"primaryImageOfPage":{"@id":"https:\/\/italiamachines.com\/boutique\/cafe-glacier-lecheria\/glacier\/multi-fonction\/machine-multifonction-a-glace-dimensions-600-x-80-x-1335-alimentation-380v\/#primaryimage"},"image":{"@id":"https:\/\/italiamachines.com\/boutique\/cafe-glacier-lecheria\/glacier\/multi-fonction\/machine-multifonction-a-glace-dimensions-600-x-80-x-1335-alimentation-380v\/#primaryimage"},"thumbnailUrl":"https:\/\/italiamachines.com\/wp-content\/uploads\/2023\/07\/R151WMED.jpeg","datePublished":"2023-07-30T04:17:42+00:00","dateModified":"2024-09-28T20:29:34+00:00","breadcrumb":{"@id":"https:\/\/italiamachines.com\/boutique\/cafe-glacier-lecheria\/glacier\/multi-fonction\/machine-multifonction-a-glace-dimensions-600-x-80-x-1335-alimentation-380v\/#breadcrumb"},"inLanguage":"fr-FR","potentialAction":[{"@type":"ReadAction","target":["https:\/\/italiamachines.com\/boutique\/cafe-glacier-lecheria\/glacier\/multi-fonction\/machine-multifonction-a-glace-dimensions-600-x-80-x-1335-alimentation-380v\/"]}]},{"@type":"ImageObject","inLanguage":"fr-FR","@id":"https:\/\/italiamachines.com\/boutique\/cafe-glacier-lecheria\/glacier\/multi-fonction\/machine-multifonction-a-glace-dimensions-600-x-80-x-1335-alimentation-380v\/#primaryimage","url":"https:\/\/italiamachines.com\/wp-content\/uploads\/2023\/07\/R151WMED.jpeg","contentUrl":"https:\/\/italiamachines.com\/wp-content\/uploads\/2023\/07\/R151WMED.jpeg","width":1024,"height":768},{"@type":"BreadcrumbList","@id":"https:\/\/italiamachines.com\/boutique\/cafe-glacier-lecheria\/glacier\/multi-fonction\/machine-multifonction-a-glace-dimensions-600-x-80-x-1335-alimentation-380v\/#breadcrumb","itemListElement":[{"@type":"ListItem","position":1,"name":"Accueil","item":"https:\/\/italiamachines.com\/fr_fr\/"},{"@type":"ListItem","position":2,"name":"Boutique","item":"https:\/\/italiamachines.com\/boutique\/"},{"@type":"ListItem","position":3,"name":"Machine multifonction \u00e0 glace &#8211; Dimensions: 60x80x133 cm &#8211; Alimentation: 380V."}]},{"@type":"WebSite","@id":"https:\/\/italiamachines.com\/#website","url":"https:\/\/italiamachines.com\/","name":"Italia Machines","description":"L&#039;art de l&#039;\u00e9quipement HORECA","publisher":{"@id":"https:\/\/italiamachines.com\/#organization"},"potentialAction":[{"@type":"SearchAction","target":{"@type":"EntryPoint","urlTemplate":"https:\/\/italiamachines.com\/?s={search_term_string}"},"query-input":{"@type":"PropertyValueSpecification","valueRequired":true,"valueName":"search_term_string"}}],"inLanguage":"fr-FR"},{"@type":"Organization","@id":"https:\/\/italiamachines.com\/#organization","name":"italiamachines","url":"https:\/\/italiamachines.com\/","logo":{"@type":"ImageObject","inLanguage":"fr-FR","@id":"https:\/\/italiamachines.com\/#\/schema\/logo\/image\/","url":"https:\/\/italiamachines.com\/wp-content\/uploads\/2023\/08\/logo-web-1.png","contentUrl":"https:\/\/italiamachines.com\/wp-content\/uploads\/2023\/08\/logo-web-1.png","width":977,"height":254,"caption":"italiamachines"},"image":{"@id":"https:\/\/italiamachines.com\/#\/schema\/logo\/image\/"},"sameAs":["https:\/\/web.facebook.com\/italiamachines\/","https:\/\/www.instagram.com\/italia.machines\/"]}]}},"_links":{"self":[{"href":"https:\/\/italiamachines.com\/fr_fr\/wp-json\/wp\/v2\/product\/5197","targetHints":{"allow":["GET"]}}],"collection":[{"href":"https:\/\/italiamachines.com\/fr_fr\/wp-json\/wp\/v2\/product"}],"about":[{"href":"https:\/\/italiamachines.com\/fr_fr\/wp-json\/wp\/v2\/types\/product"}],"replies":[{"embeddable":true,"href":"https:\/\/italiamachines.com\/fr_fr\/wp-json\/wp\/v2\/comments?post=5197"}],"wp:featuredmedia":[{"embeddable":true,"href":"https:\/\/italiamachines.com\/fr_fr\/wp-json\/wp\/v2\/media\/5196"}],"wp:attachment":[{"href":"https:\/\/italiamachines.com\/fr_fr\/wp-json\/wp\/v2\/media?parent=5197"}],"wp:term":[{"taxonomy":"product_cat","embeddable":true,"href":"https:\/\/italiamachines.com\/fr_fr\/wp-json\/wp\/v2\/product_cat?post=5197"},{"taxonomy":"product_tag","embeddable":true,"href":"https:\/\/italiamachines.com\/fr_fr\/wp-json\/wp\/v2\/product_tag?post=5197"}],"curies":[{"name":"wp","href":"https:\/\/api.w.org\/{rel}","templated":true}]}}