{"id":5240,"date":"2023-07-30T04:20:32","date_gmt":"2023-07-30T04:20:32","guid":{"rendered":"https:\/\/prod.italiamachines.com\/product\/vitrine-refrigeree-semi-ventilee-avec-vitre-courbe-dimensions-2960-x-1292-x-900\/"},"modified":"2024-10-01T22:46:11","modified_gmt":"2024-10-01T20:46:11","slug":"vitrine-refrigeree-semi-ventilee-avec-vitre-courbe-dimensions-2960-x-1292-x-900","status":"publish","type":"product","link":"https:\/\/italiamachines.com\/fr_fr\/boutique\/boulangerie-et-patisserie\/patisserie\/vitrines\/vitrine-refrigeree-horizontale\/vitrine-refrigeree-semi-ventilee-avec-vitre-courbe-dimensions-2960-x-1292-x-900\/","title":{"rendered":"Vitrine r\u00e9frig\u00e9r\u00e9e semi-ventil\u00e9e &#8211; Disponible en plusieurs dimensions"},"content":{"rendered":"<p>Avec verre tremp\u00e9 incurv\u00e9 et auvent en acier peint<br \/>\nParois lat\u00e9rales thermoform\u00e9es et isol\u00e9es (\u00e9paisseur de 40 mm chacune)<br \/>\nVerre lat\u00e9ral tremp\u00e9 pr\u00e9-\u00e9quip\u00e9 pour une \u00e9tag\u00e8re interm\u00e9diaire<br \/>\nPanneau de contr\u00f4le \u00e9lectronique<br \/>\nStockage r\u00e9frig\u00e9r\u00e9 avec portes<br \/>\n\u00c9clairage LED au plafond<br \/>\nPlan de travail en acier inoxydable<br \/>\nSurface d&rsquo;exposition en t\u00f4le m\u00e9tallique blanche non toxique adapt\u00e9e aux aliments<br \/>\nBac d&rsquo;\u00e9vaporation de condensats manuel et amovible<br \/>\nSyst\u00e8me anti-bu\u00e9e avec r\u00e9sistance \u00e9lectrique<br \/>\nD\u00e9givrage hors cycle<br \/>\nR\u00e9frig\u00e9ration: Semi-ventil\u00e9 (SV)<br \/>\nTemp\u00e9rature de travail : +3\/+5\u00b0C<\/p>\n","protected":false},"excerpt":{"rendered":"<p>Avec verre tremp\u00e9 incurv\u00e9 et auvent en acier peint Parois lat\u00e9rales thermoform\u00e9es et isol\u00e9es (\u00e9paisseur de 40 mm chacune) Verre lat\u00e9ral tremp\u00e9 pr\u00e9-\u00e9quip\u00e9 pour une \u00e9tag\u00e8re interm\u00e9diaire Panneau de contr\u00f4le \u00e9lectronique Stockage r\u00e9frig\u00e9r\u00e9 avec portes \u00c9clairage LED au plafond Plan de travail en acier inoxydable Surface d&rsquo;exposition en t\u00f4le m\u00e9tallique blanche non toxique adapt\u00e9e aux&hellip;<\/p>\n","protected":false},"featured_media":6565,"comment_status":"closed","ping_status":"closed","template":"","meta":[],"product_cat":[97,245,144],"product_tag":[],"class_list":{"0":"post-5240","1":"product","2":"type-product","3":"status-publish","4":"has-post-thumbnail","6":"product_cat-patisserie","7":"product_cat-vitrine-refrigeree-horizontale","8":"product_cat-vitrines","10":"first","11":"instock","12":"shipping-taxable","13":"purchasable","14":"product-type-variable","15":"col-xs-6 col-sm-4","16":"col-md-3 col-lg-3","17":"un-4-cols"},"yoast_head":"<!-- This site is optimized with the Yoast SEO plugin v26.6 - https:\/\/yoast.com\/wordpress\/plugins\/seo\/ -->\n<title>Vitrine r\u00e9frig\u00e9r\u00e9e semi-ventil\u00e9e - Disponible en plusieurs dimensions | Italia Machines<\/title>\n<meta name=\"robots\" content=\"index, follow, max-snippet:-1, max-image-preview:large, max-video-preview:-1\" \/>\n<link rel=\"canonical\" href=\"https:\/\/italiamachines.com\/fr_fr\/boutique\/boulangerie-et-patisserie\/patisserie\/vitrines\/vitrine-refrigeree-horizontale\/vitrine-refrigeree-semi-ventilee-avec-vitre-courbe-dimensions-2960-x-1292-x-900\/\" \/>\n<meta property=\"og:locale\" content=\"fr_FR\" \/>\n<meta property=\"og:type\" content=\"article\" \/>\n<meta property=\"og:title\" content=\"Vitrine r\u00e9frig\u00e9r\u00e9e semi-ventil\u00e9e - Disponible en plusieurs dimensions | Italia Machines\" \/>\n<meta property=\"og:description\" content=\"Avec verre tremp\u00e9 incurv\u00e9 et auvent en acier peint Parois lat\u00e9rales thermoform\u00e9es et isol\u00e9es (\u00e9paisseur de 40 mm chacune) Verre lat\u00e9ral tremp\u00e9 pr\u00e9-\u00e9quip\u00e9 pour une \u00e9tag\u00e8re interm\u00e9diaire Panneau de contr\u00f4le \u00e9lectronique Stockage r\u00e9frig\u00e9r\u00e9 avec portes \u00c9clairage LED au plafond Plan de travail en acier inoxydable Surface d&rsquo;exposition en t\u00f4le m\u00e9tallique blanche non toxique adapt\u00e9e aux&hellip;\" \/>\n<meta property=\"og:url\" content=\"https:\/\/italiamachines.com\/fr_fr\/boutique\/boulangerie-et-patisserie\/patisserie\/vitrines\/vitrine-refrigeree-horizontale\/vitrine-refrigeree-semi-ventilee-avec-vitre-courbe-dimensions-2960-x-1292-x-900\/\" \/>\n<meta property=\"og:site_name\" content=\"Italia Machines\" \/>\n<meta property=\"article:publisher\" content=\"https:\/\/web.facebook.com\/italiamachines\/\" \/>\n<meta property=\"article:modified_time\" content=\"2024-10-01T20:46:11+00:00\" \/>\n<meta property=\"og:image\" content=\"https:\/\/italiamachines.com\/wp-content\/uploads\/2023\/07\/3DF2EDAA-EE58-4A66-AE29-5812B01F8FE7_4_5005_c-PhotoRoom.png-PhotoRoom.png\" \/>\n\t<meta property=\"og:image:width\" content=\"400\" \/>\n\t<meta property=\"og:image:height\" content=\"239\" \/>\n\t<meta property=\"og:image:type\" content=\"image\/png\" \/>\n<meta name=\"twitter:card\" content=\"summary_large_image\" \/>\n<meta name=\"twitter:label1\" content=\"Dur\u00e9e de lecture estim\u00e9e\" \/>\n\t<meta name=\"twitter:data1\" content=\"1 minute\" \/>\n<script type=\"application\/ld+json\" class=\"yoast-schema-graph\">{\"@context\":\"https:\/\/schema.org\",\"@graph\":[{\"@type\":\"WebPage\",\"@id\":\"https:\/\/italiamachines.com\/boutique\/boulangerie-et-patisserie\/patisserie\/vitrines\/vitrine-refrigeree-horizontale\/vitrine-refrigeree-semi-ventilee-avec-vitre-courbe-dimensions-2960-x-1292-x-900\/\",\"url\":\"https:\/\/italiamachines.com\/boutique\/boulangerie-et-patisserie\/patisserie\/vitrines\/vitrine-refrigeree-horizontale\/vitrine-refrigeree-semi-ventilee-avec-vitre-courbe-dimensions-2960-x-1292-x-900\/\",\"name\":\"Vitrine r\u00e9frig\u00e9r\u00e9e semi-ventil\u00e9e - Disponible en plusieurs dimensions | Italia Machines\",\"isPartOf\":{\"@id\":\"https:\/\/italiamachines.com\/#website\"},\"primaryImageOfPage\":{\"@id\":\"https:\/\/italiamachines.com\/boutique\/boulangerie-et-patisserie\/patisserie\/vitrines\/vitrine-refrigeree-horizontale\/vitrine-refrigeree-semi-ventilee-avec-vitre-courbe-dimensions-2960-x-1292-x-900\/#primaryimage\"},\"image\":{\"@id\":\"https:\/\/italiamachines.com\/boutique\/boulangerie-et-patisserie\/patisserie\/vitrines\/vitrine-refrigeree-horizontale\/vitrine-refrigeree-semi-ventilee-avec-vitre-courbe-dimensions-2960-x-1292-x-900\/#primaryimage\"},\"thumbnailUrl\":\"https:\/\/italiamachines.com\/wp-content\/uploads\/2023\/07\/3DF2EDAA-EE58-4A66-AE29-5812B01F8FE7_4_5005_c-PhotoRoom.png-PhotoRoom.png\",\"datePublished\":\"2023-07-30T04:20:32+00:00\",\"dateModified\":\"2024-10-01T20:46:11+00:00\",\"breadcrumb\":{\"@id\":\"https:\/\/italiamachines.com\/boutique\/boulangerie-et-patisserie\/patisserie\/vitrines\/vitrine-refrigeree-horizontale\/vitrine-refrigeree-semi-ventilee-avec-vitre-courbe-dimensions-2960-x-1292-x-900\/#breadcrumb\"},\"inLanguage\":\"fr-FR\",\"potentialAction\":[{\"@type\":\"ReadAction\",\"target\":[\"https:\/\/italiamachines.com\/boutique\/boulangerie-et-patisserie\/patisserie\/vitrines\/vitrine-refrigeree-horizontale\/vitrine-refrigeree-semi-ventilee-avec-vitre-courbe-dimensions-2960-x-1292-x-900\/\"]}]},{\"@type\":\"ImageObject\",\"inLanguage\":\"fr-FR\",\"@id\":\"https:\/\/italiamachines.com\/boutique\/boulangerie-et-patisserie\/patisserie\/vitrines\/vitrine-refrigeree-horizontale\/vitrine-refrigeree-semi-ventilee-avec-vitre-courbe-dimensions-2960-x-1292-x-900\/#primaryimage\",\"url\":\"https:\/\/italiamachines.com\/wp-content\/uploads\/2023\/07\/3DF2EDAA-EE58-4A66-AE29-5812B01F8FE7_4_5005_c-PhotoRoom.png-PhotoRoom.png\",\"contentUrl\":\"https:\/\/italiamachines.com\/wp-content\/uploads\/2023\/07\/3DF2EDAA-EE58-4A66-AE29-5812B01F8FE7_4_5005_c-PhotoRoom.png-PhotoRoom.png\",\"width\":400,\"height\":239},{\"@type\":\"BreadcrumbList\",\"@id\":\"https:\/\/italiamachines.com\/boutique\/boulangerie-et-patisserie\/patisserie\/vitrines\/vitrine-refrigeree-horizontale\/vitrine-refrigeree-semi-ventilee-avec-vitre-courbe-dimensions-2960-x-1292-x-900\/#breadcrumb\",\"itemListElement\":[{\"@type\":\"ListItem\",\"position\":1,\"name\":\"Accueil\",\"item\":\"https:\/\/italiamachines.com\/fr_fr\/\"},{\"@type\":\"ListItem\",\"position\":2,\"name\":\"Boutique\",\"item\":\"https:\/\/italiamachines.com\/boutique\/\"},{\"@type\":\"ListItem\",\"position\":3,\"name\":\"Vitrine r\u00e9frig\u00e9r\u00e9e semi-ventil\u00e9e &#8211; Disponible en plusieurs dimensions\"}]},{\"@type\":\"WebSite\",\"@id\":\"https:\/\/italiamachines.com\/#website\",\"url\":\"https:\/\/italiamachines.com\/\",\"name\":\"Italia Machines\",\"description\":\"L&#039;art de l&#039;\u00e9quipement HORECA\",\"publisher\":{\"@id\":\"https:\/\/italiamachines.com\/#organization\"},\"potentialAction\":[{\"@type\":\"SearchAction\",\"target\":{\"@type\":\"EntryPoint\",\"urlTemplate\":\"https:\/\/italiamachines.com\/?s={search_term_string}\"},\"query-input\":{\"@type\":\"PropertyValueSpecification\",\"valueRequired\":true,\"valueName\":\"search_term_string\"}}],\"inLanguage\":\"fr-FR\"},{\"@type\":\"Organization\",\"@id\":\"https:\/\/italiamachines.com\/#organization\",\"name\":\"italiamachines\",\"url\":\"https:\/\/italiamachines.com\/\",\"logo\":{\"@type\":\"ImageObject\",\"inLanguage\":\"fr-FR\",\"@id\":\"https:\/\/italiamachines.com\/#\/schema\/logo\/image\/\",\"url\":\"https:\/\/italiamachines.com\/wp-content\/uploads\/2023\/08\/logo-web-1.png\",\"contentUrl\":\"https:\/\/italiamachines.com\/wp-content\/uploads\/2023\/08\/logo-web-1.png\",\"width\":977,\"height\":254,\"caption\":\"italiamachines\"},\"image\":{\"@id\":\"https:\/\/italiamachines.com\/#\/schema\/logo\/image\/\"},\"sameAs\":[\"https:\/\/web.facebook.com\/italiamachines\/\",\"https:\/\/www.instagram.com\/italia.machines\/\"]}]}<\/script>\n<!-- \/ Yoast SEO plugin. -->","yoast_head_json":{"title":"Vitrine r\u00e9frig\u00e9r\u00e9e semi-ventil\u00e9e - Disponible en plusieurs dimensions | Italia Machines","robots":{"index":"index","follow":"follow","max-snippet":"max-snippet:-1","max-image-preview":"max-image-preview:large","max-video-preview":"max-video-preview:-1"},"canonical":"https:\/\/italiamachines.com\/fr_fr\/boutique\/boulangerie-et-patisserie\/patisserie\/vitrines\/vitrine-refrigeree-horizontale\/vitrine-refrigeree-semi-ventilee-avec-vitre-courbe-dimensions-2960-x-1292-x-900\/","og_locale":"fr_FR","og_type":"article","og_title":"Vitrine r\u00e9frig\u00e9r\u00e9e semi-ventil\u00e9e - Disponible en plusieurs dimensions | Italia Machines","og_description":"Avec verre tremp\u00e9 incurv\u00e9 et auvent en acier peint Parois lat\u00e9rales thermoform\u00e9es et isol\u00e9es (\u00e9paisseur de 40 mm chacune) Verre lat\u00e9ral tremp\u00e9 pr\u00e9-\u00e9quip\u00e9 pour une \u00e9tag\u00e8re interm\u00e9diaire Panneau de contr\u00f4le \u00e9lectronique Stockage r\u00e9frig\u00e9r\u00e9 avec portes \u00c9clairage LED au plafond Plan de travail en acier inoxydable Surface d&rsquo;exposition en t\u00f4le m\u00e9tallique blanche non toxique adapt\u00e9e aux&hellip;","og_url":"https:\/\/italiamachines.com\/fr_fr\/boutique\/boulangerie-et-patisserie\/patisserie\/vitrines\/vitrine-refrigeree-horizontale\/vitrine-refrigeree-semi-ventilee-avec-vitre-courbe-dimensions-2960-x-1292-x-900\/","og_site_name":"Italia Machines","article_publisher":"https:\/\/web.facebook.com\/italiamachines\/","article_modified_time":"2024-10-01T20:46:11+00:00","og_image":[{"width":400,"height":239,"url":"https:\/\/italiamachines.com\/wp-content\/uploads\/2023\/07\/3DF2EDAA-EE58-4A66-AE29-5812B01F8FE7_4_5005_c-PhotoRoom.png-PhotoRoom.png","type":"image\/png"}],"twitter_card":"summary_large_image","twitter_misc":{"Dur\u00e9e de lecture estim\u00e9e":"1 minute"},"schema":{"@context":"https:\/\/schema.org","@graph":[{"@type":"WebPage","@id":"https:\/\/italiamachines.com\/boutique\/boulangerie-et-patisserie\/patisserie\/vitrines\/vitrine-refrigeree-horizontale\/vitrine-refrigeree-semi-ventilee-avec-vitre-courbe-dimensions-2960-x-1292-x-900\/","url":"https:\/\/italiamachines.com\/boutique\/boulangerie-et-patisserie\/patisserie\/vitrines\/vitrine-refrigeree-horizontale\/vitrine-refrigeree-semi-ventilee-avec-vitre-courbe-dimensions-2960-x-1292-x-900\/","name":"Vitrine r\u00e9frig\u00e9r\u00e9e semi-ventil\u00e9e - Disponible en plusieurs dimensions | Italia Machines","isPartOf":{"@id":"https:\/\/italiamachines.com\/#website"},"primaryImageOfPage":{"@id":"https:\/\/italiamachines.com\/boutique\/boulangerie-et-patisserie\/patisserie\/vitrines\/vitrine-refrigeree-horizontale\/vitrine-refrigeree-semi-ventilee-avec-vitre-courbe-dimensions-2960-x-1292-x-900\/#primaryimage"},"image":{"@id":"https:\/\/italiamachines.com\/boutique\/boulangerie-et-patisserie\/patisserie\/vitrines\/vitrine-refrigeree-horizontale\/vitrine-refrigeree-semi-ventilee-avec-vitre-courbe-dimensions-2960-x-1292-x-900\/#primaryimage"},"thumbnailUrl":"https:\/\/italiamachines.com\/wp-content\/uploads\/2023\/07\/3DF2EDAA-EE58-4A66-AE29-5812B01F8FE7_4_5005_c-PhotoRoom.png-PhotoRoom.png","datePublished":"2023-07-30T04:20:32+00:00","dateModified":"2024-10-01T20:46:11+00:00","breadcrumb":{"@id":"https:\/\/italiamachines.com\/boutique\/boulangerie-et-patisserie\/patisserie\/vitrines\/vitrine-refrigeree-horizontale\/vitrine-refrigeree-semi-ventilee-avec-vitre-courbe-dimensions-2960-x-1292-x-900\/#breadcrumb"},"inLanguage":"fr-FR","potentialAction":[{"@type":"ReadAction","target":["https:\/\/italiamachines.com\/boutique\/boulangerie-et-patisserie\/patisserie\/vitrines\/vitrine-refrigeree-horizontale\/vitrine-refrigeree-semi-ventilee-avec-vitre-courbe-dimensions-2960-x-1292-x-900\/"]}]},{"@type":"ImageObject","inLanguage":"fr-FR","@id":"https:\/\/italiamachines.com\/boutique\/boulangerie-et-patisserie\/patisserie\/vitrines\/vitrine-refrigeree-horizontale\/vitrine-refrigeree-semi-ventilee-avec-vitre-courbe-dimensions-2960-x-1292-x-900\/#primaryimage","url":"https:\/\/italiamachines.com\/wp-content\/uploads\/2023\/07\/3DF2EDAA-EE58-4A66-AE29-5812B01F8FE7_4_5005_c-PhotoRoom.png-PhotoRoom.png","contentUrl":"https:\/\/italiamachines.com\/wp-content\/uploads\/2023\/07\/3DF2EDAA-EE58-4A66-AE29-5812B01F8FE7_4_5005_c-PhotoRoom.png-PhotoRoom.png","width":400,"height":239},{"@type":"BreadcrumbList","@id":"https:\/\/italiamachines.com\/boutique\/boulangerie-et-patisserie\/patisserie\/vitrines\/vitrine-refrigeree-horizontale\/vitrine-refrigeree-semi-ventilee-avec-vitre-courbe-dimensions-2960-x-1292-x-900\/#breadcrumb","itemListElement":[{"@type":"ListItem","position":1,"name":"Accueil","item":"https:\/\/italiamachines.com\/fr_fr\/"},{"@type":"ListItem","position":2,"name":"Boutique","item":"https:\/\/italiamachines.com\/boutique\/"},{"@type":"ListItem","position":3,"name":"Vitrine r\u00e9frig\u00e9r\u00e9e semi-ventil\u00e9e &#8211; Disponible en plusieurs dimensions"}]},{"@type":"WebSite","@id":"https:\/\/italiamachines.com\/#website","url":"https:\/\/italiamachines.com\/","name":"Italia Machines","description":"L&#039;art de l&#039;\u00e9quipement HORECA","publisher":{"@id":"https:\/\/italiamachines.com\/#organization"},"potentialAction":[{"@type":"SearchAction","target":{"@type":"EntryPoint","urlTemplate":"https:\/\/italiamachines.com\/?s={search_term_string}"},"query-input":{"@type":"PropertyValueSpecification","valueRequired":true,"valueName":"search_term_string"}}],"inLanguage":"fr-FR"},{"@type":"Organization","@id":"https:\/\/italiamachines.com\/#organization","name":"italiamachines","url":"https:\/\/italiamachines.com\/","logo":{"@type":"ImageObject","inLanguage":"fr-FR","@id":"https:\/\/italiamachines.com\/#\/schema\/logo\/image\/","url":"https:\/\/italiamachines.com\/wp-content\/uploads\/2023\/08\/logo-web-1.png","contentUrl":"https:\/\/italiamachines.com\/wp-content\/uploads\/2023\/08\/logo-web-1.png","width":977,"height":254,"caption":"italiamachines"},"image":{"@id":"https:\/\/italiamachines.com\/#\/schema\/logo\/image\/"},"sameAs":["https:\/\/web.facebook.com\/italiamachines\/","https:\/\/www.instagram.com\/italia.machines\/"]}]}},"_links":{"self":[{"href":"https:\/\/italiamachines.com\/fr_fr\/wp-json\/wp\/v2\/product\/5240","targetHints":{"allow":["GET"]}}],"collection":[{"href":"https:\/\/italiamachines.com\/fr_fr\/wp-json\/wp\/v2\/product"}],"about":[{"href":"https:\/\/italiamachines.com\/fr_fr\/wp-json\/wp\/v2\/types\/product"}],"replies":[{"embeddable":true,"href":"https:\/\/italiamachines.com\/fr_fr\/wp-json\/wp\/v2\/comments?post=5240"}],"wp:featuredmedia":[{"embeddable":true,"href":"https:\/\/italiamachines.com\/fr_fr\/wp-json\/wp\/v2\/media\/6565"}],"wp:attachment":[{"href":"https:\/\/italiamachines.com\/fr_fr\/wp-json\/wp\/v2\/media?parent=5240"}],"wp:term":[{"taxonomy":"product_cat","embeddable":true,"href":"https:\/\/italiamachines.com\/fr_fr\/wp-json\/wp\/v2\/product_cat?post=5240"},{"taxonomy":"product_tag","embeddable":true,"href":"https:\/\/italiamachines.com\/fr_fr\/wp-json\/wp\/v2\/product_tag?post=5240"}],"curies":[{"name":"wp","href":"https:\/\/api.w.org\/{rel}","templated":true}]}}