{"id":5257,"date":"2023-07-30T04:21:22","date_gmt":"2023-07-30T04:21:22","guid":{"rendered":"https:\/\/prod.italiamachines.com\/product\/laminoire-a-poser-500x1000-par-conti-italie\/"},"modified":"2024-09-28T22:13:32","modified_gmt":"2024-09-28T20:13:32","slug":"laminoire-a-poser-500x1000-par-conti-italie","status":"publish","type":"product","link":"https:\/\/italiamachines.com\/fr_fr\/boutique\/boulangerie-et-patisserie\/patisserie\/laminoir\/laminoire-a-poser-500x1000-par-conti-italie\/","title":{"rendered":"Laminoire \u00e0 poser &#8211; par Conti Italie"},"content":{"rendered":"<p>\u00c9tag\u00e8res pliables et amovibles \u00e0 la main<br \/>\nCommandes manuelles avec joystick<br \/>\n2 cylindres en acier inoxydable (pour la version avec tapis de 700 mm)<br \/>\nSupports de cylindres amovibles<br \/>\nBacs de r\u00e9cup\u00e9ration de produit lat\u00e9raux (pour la version avec tapis de 700 mm)<br \/>\nBac \u00e0 farine<\/p>\n","protected":false},"excerpt":{"rendered":"<p>\u00c9tag\u00e8res pliables et amovibles \u00e0 la main Commandes manuelles avec joystick 2 cylindres en acier inoxydable (pour la version avec tapis de 700 mm) Supports de cylindres amovibles Bacs de r\u00e9cup\u00e9ration de produit lat\u00e9raux (pour la version avec tapis de 700 mm) Bac \u00e0 farine<\/p>\n","protected":false},"featured_media":5256,"comment_status":"open","ping_status":"closed","template":"","meta":[],"product_cat":[206,97],"product_tag":[],"class_list":{"0":"post-5257","1":"product","2":"type-product","3":"status-publish","4":"has-post-thumbnail","6":"product_cat-laminoir","7":"product_cat-patisserie","9":"first","10":"instock","11":"shipping-taxable","12":"purchasable","13":"product-type-variable","14":"col-xs-6 col-sm-4","15":"col-md-3 col-lg-3","16":"un-4-cols"},"yoast_head":"<!-- This site is optimized with the Yoast SEO plugin v26.6 - https:\/\/yoast.com\/wordpress\/plugins\/seo\/ -->\n<title>Laminoire \u00e0 poser - par Conti Italie | Italia Machines<\/title>\n<meta name=\"robots\" content=\"index, follow, max-snippet:-1, max-image-preview:large, max-video-preview:-1\" \/>\n<link rel=\"canonical\" href=\"https:\/\/italiamachines.com\/fr_fr\/boutique\/boulangerie-et-patisserie\/patisserie\/laminoir\/laminoire-a-poser-500x1000-par-conti-italie\/\" \/>\n<meta property=\"og:locale\" content=\"fr_FR\" \/>\n<meta property=\"og:type\" content=\"article\" \/>\n<meta property=\"og:title\" content=\"Laminoire \u00e0 poser - par Conti Italie | Italia Machines\" \/>\n<meta property=\"og:description\" content=\"\u00c9tag\u00e8res pliables et amovibles \u00e0 la main Commandes manuelles avec joystick 2 cylindres en acier inoxydable (pour la version avec tapis de 700 mm) Supports de cylindres amovibles Bacs de r\u00e9cup\u00e9ration de produit lat\u00e9raux (pour la version avec tapis de 700 mm) Bac \u00e0 farine\" \/>\n<meta property=\"og:url\" content=\"https:\/\/italiamachines.com\/fr_fr\/boutique\/boulangerie-et-patisserie\/patisserie\/laminoir\/laminoire-a-poser-500x1000-par-conti-italie\/\" \/>\n<meta property=\"og:site_name\" content=\"Italia Machines\" \/>\n<meta property=\"article:publisher\" content=\"https:\/\/web.facebook.com\/italiamachines\/\" \/>\n<meta property=\"article:modified_time\" content=\"2024-09-28T20:13:32+00:00\" \/>\n<meta property=\"og:image\" content=\"https:\/\/italiamachines.com\/wp-content\/uploads\/2023\/07\/SF500-1000.jpeg\" \/>\n\t<meta property=\"og:image:width\" content=\"1000\" \/>\n\t<meta property=\"og:image:height\" content=\"1254\" \/>\n\t<meta property=\"og:image:type\" content=\"image\/jpeg\" \/>\n<meta name=\"twitter:card\" content=\"summary_large_image\" \/>\n<meta name=\"twitter:label1\" content=\"Dur\u00e9e de lecture estim\u00e9e\" \/>\n\t<meta name=\"twitter:data1\" content=\"1 minute\" \/>\n<script type=\"application\/ld+json\" class=\"yoast-schema-graph\">{\"@context\":\"https:\/\/schema.org\",\"@graph\":[{\"@type\":\"WebPage\",\"@id\":\"https:\/\/italiamachines.com\/boutique\/boulangerie-et-patisserie\/patisserie\/laminoir\/laminoire-a-poser-500x1000-par-conti-italie\/\",\"url\":\"https:\/\/italiamachines.com\/boutique\/boulangerie-et-patisserie\/patisserie\/laminoir\/laminoire-a-poser-500x1000-par-conti-italie\/\",\"name\":\"Laminoire \u00e0 poser - par Conti Italie | Italia Machines\",\"isPartOf\":{\"@id\":\"https:\/\/italiamachines.com\/#website\"},\"primaryImageOfPage\":{\"@id\":\"https:\/\/italiamachines.com\/boutique\/boulangerie-et-patisserie\/patisserie\/laminoir\/laminoire-a-poser-500x1000-par-conti-italie\/#primaryimage\"},\"image\":{\"@id\":\"https:\/\/italiamachines.com\/boutique\/boulangerie-et-patisserie\/patisserie\/laminoir\/laminoire-a-poser-500x1000-par-conti-italie\/#primaryimage\"},\"thumbnailUrl\":\"https:\/\/italiamachines.com\/wp-content\/uploads\/2023\/07\/SF500-1000.jpeg\",\"datePublished\":\"2023-07-30T04:21:22+00:00\",\"dateModified\":\"2024-09-28T20:13:32+00:00\",\"breadcrumb\":{\"@id\":\"https:\/\/italiamachines.com\/boutique\/boulangerie-et-patisserie\/patisserie\/laminoir\/laminoire-a-poser-500x1000-par-conti-italie\/#breadcrumb\"},\"inLanguage\":\"fr-FR\",\"potentialAction\":[{\"@type\":\"ReadAction\",\"target\":[\"https:\/\/italiamachines.com\/boutique\/boulangerie-et-patisserie\/patisserie\/laminoir\/laminoire-a-poser-500x1000-par-conti-italie\/\"]}]},{\"@type\":\"ImageObject\",\"inLanguage\":\"fr-FR\",\"@id\":\"https:\/\/italiamachines.com\/boutique\/boulangerie-et-patisserie\/patisserie\/laminoir\/laminoire-a-poser-500x1000-par-conti-italie\/#primaryimage\",\"url\":\"https:\/\/italiamachines.com\/wp-content\/uploads\/2023\/07\/SF500-1000.jpeg\",\"contentUrl\":\"https:\/\/italiamachines.com\/wp-content\/uploads\/2023\/07\/SF500-1000.jpeg\",\"width\":1000,\"height\":1254},{\"@type\":\"BreadcrumbList\",\"@id\":\"https:\/\/italiamachines.com\/boutique\/boulangerie-et-patisserie\/patisserie\/laminoir\/laminoire-a-poser-500x1000-par-conti-italie\/#breadcrumb\",\"itemListElement\":[{\"@type\":\"ListItem\",\"position\":1,\"name\":\"Accueil\",\"item\":\"https:\/\/italiamachines.com\/fr_fr\/\"},{\"@type\":\"ListItem\",\"position\":2,\"name\":\"Boutique\",\"item\":\"https:\/\/italiamachines.com\/boutique\/\"},{\"@type\":\"ListItem\",\"position\":3,\"name\":\"Laminoire \u00e0 poser &#8211; par Conti Italie\"}]},{\"@type\":\"WebSite\",\"@id\":\"https:\/\/italiamachines.com\/#website\",\"url\":\"https:\/\/italiamachines.com\/\",\"name\":\"Italia Machines\",\"description\":\"L&#039;art de l&#039;\u00e9quipement HORECA\",\"publisher\":{\"@id\":\"https:\/\/italiamachines.com\/#organization\"},\"potentialAction\":[{\"@type\":\"SearchAction\",\"target\":{\"@type\":\"EntryPoint\",\"urlTemplate\":\"https:\/\/italiamachines.com\/?s={search_term_string}\"},\"query-input\":{\"@type\":\"PropertyValueSpecification\",\"valueRequired\":true,\"valueName\":\"search_term_string\"}}],\"inLanguage\":\"fr-FR\"},{\"@type\":\"Organization\",\"@id\":\"https:\/\/italiamachines.com\/#organization\",\"name\":\"italiamachines\",\"url\":\"https:\/\/italiamachines.com\/\",\"logo\":{\"@type\":\"ImageObject\",\"inLanguage\":\"fr-FR\",\"@id\":\"https:\/\/italiamachines.com\/#\/schema\/logo\/image\/\",\"url\":\"https:\/\/italiamachines.com\/wp-content\/uploads\/2023\/08\/logo-web-1.png\",\"contentUrl\":\"https:\/\/italiamachines.com\/wp-content\/uploads\/2023\/08\/logo-web-1.png\",\"width\":977,\"height\":254,\"caption\":\"italiamachines\"},\"image\":{\"@id\":\"https:\/\/italiamachines.com\/#\/schema\/logo\/image\/\"},\"sameAs\":[\"https:\/\/web.facebook.com\/italiamachines\/\",\"https:\/\/www.instagram.com\/italia.machines\/\"]}]}<\/script>\n<!-- \/ Yoast SEO plugin. -->","yoast_head_json":{"title":"Laminoire \u00e0 poser - par Conti Italie | Italia Machines","robots":{"index":"index","follow":"follow","max-snippet":"max-snippet:-1","max-image-preview":"max-image-preview:large","max-video-preview":"max-video-preview:-1"},"canonical":"https:\/\/italiamachines.com\/fr_fr\/boutique\/boulangerie-et-patisserie\/patisserie\/laminoir\/laminoire-a-poser-500x1000-par-conti-italie\/","og_locale":"fr_FR","og_type":"article","og_title":"Laminoire \u00e0 poser - par Conti Italie | Italia Machines","og_description":"\u00c9tag\u00e8res pliables et amovibles \u00e0 la main Commandes manuelles avec joystick 2 cylindres en acier inoxydable (pour la version avec tapis de 700 mm) Supports de cylindres amovibles Bacs de r\u00e9cup\u00e9ration de produit lat\u00e9raux (pour la version avec tapis de 700 mm) Bac \u00e0 farine","og_url":"https:\/\/italiamachines.com\/fr_fr\/boutique\/boulangerie-et-patisserie\/patisserie\/laminoir\/laminoire-a-poser-500x1000-par-conti-italie\/","og_site_name":"Italia Machines","article_publisher":"https:\/\/web.facebook.com\/italiamachines\/","article_modified_time":"2024-09-28T20:13:32+00:00","og_image":[{"width":1000,"height":1254,"url":"https:\/\/italiamachines.com\/wp-content\/uploads\/2023\/07\/SF500-1000.jpeg","type":"image\/jpeg"}],"twitter_card":"summary_large_image","twitter_misc":{"Dur\u00e9e de lecture estim\u00e9e":"1 minute"},"schema":{"@context":"https:\/\/schema.org","@graph":[{"@type":"WebPage","@id":"https:\/\/italiamachines.com\/boutique\/boulangerie-et-patisserie\/patisserie\/laminoir\/laminoire-a-poser-500x1000-par-conti-italie\/","url":"https:\/\/italiamachines.com\/boutique\/boulangerie-et-patisserie\/patisserie\/laminoir\/laminoire-a-poser-500x1000-par-conti-italie\/","name":"Laminoire \u00e0 poser - par Conti Italie | Italia Machines","isPartOf":{"@id":"https:\/\/italiamachines.com\/#website"},"primaryImageOfPage":{"@id":"https:\/\/italiamachines.com\/boutique\/boulangerie-et-patisserie\/patisserie\/laminoir\/laminoire-a-poser-500x1000-par-conti-italie\/#primaryimage"},"image":{"@id":"https:\/\/italiamachines.com\/boutique\/boulangerie-et-patisserie\/patisserie\/laminoir\/laminoire-a-poser-500x1000-par-conti-italie\/#primaryimage"},"thumbnailUrl":"https:\/\/italiamachines.com\/wp-content\/uploads\/2023\/07\/SF500-1000.jpeg","datePublished":"2023-07-30T04:21:22+00:00","dateModified":"2024-09-28T20:13:32+00:00","breadcrumb":{"@id":"https:\/\/italiamachines.com\/boutique\/boulangerie-et-patisserie\/patisserie\/laminoir\/laminoire-a-poser-500x1000-par-conti-italie\/#breadcrumb"},"inLanguage":"fr-FR","potentialAction":[{"@type":"ReadAction","target":["https:\/\/italiamachines.com\/boutique\/boulangerie-et-patisserie\/patisserie\/laminoir\/laminoire-a-poser-500x1000-par-conti-italie\/"]}]},{"@type":"ImageObject","inLanguage":"fr-FR","@id":"https:\/\/italiamachines.com\/boutique\/boulangerie-et-patisserie\/patisserie\/laminoir\/laminoire-a-poser-500x1000-par-conti-italie\/#primaryimage","url":"https:\/\/italiamachines.com\/wp-content\/uploads\/2023\/07\/SF500-1000.jpeg","contentUrl":"https:\/\/italiamachines.com\/wp-content\/uploads\/2023\/07\/SF500-1000.jpeg","width":1000,"height":1254},{"@type":"BreadcrumbList","@id":"https:\/\/italiamachines.com\/boutique\/boulangerie-et-patisserie\/patisserie\/laminoir\/laminoire-a-poser-500x1000-par-conti-italie\/#breadcrumb","itemListElement":[{"@type":"ListItem","position":1,"name":"Accueil","item":"https:\/\/italiamachines.com\/fr_fr\/"},{"@type":"ListItem","position":2,"name":"Boutique","item":"https:\/\/italiamachines.com\/boutique\/"},{"@type":"ListItem","position":3,"name":"Laminoire \u00e0 poser &#8211; par Conti Italie"}]},{"@type":"WebSite","@id":"https:\/\/italiamachines.com\/#website","url":"https:\/\/italiamachines.com\/","name":"Italia Machines","description":"L&#039;art de l&#039;\u00e9quipement HORECA","publisher":{"@id":"https:\/\/italiamachines.com\/#organization"},"potentialAction":[{"@type":"SearchAction","target":{"@type":"EntryPoint","urlTemplate":"https:\/\/italiamachines.com\/?s={search_term_string}"},"query-input":{"@type":"PropertyValueSpecification","valueRequired":true,"valueName":"search_term_string"}}],"inLanguage":"fr-FR"},{"@type":"Organization","@id":"https:\/\/italiamachines.com\/#organization","name":"italiamachines","url":"https:\/\/italiamachines.com\/","logo":{"@type":"ImageObject","inLanguage":"fr-FR","@id":"https:\/\/italiamachines.com\/#\/schema\/logo\/image\/","url":"https:\/\/italiamachines.com\/wp-content\/uploads\/2023\/08\/logo-web-1.png","contentUrl":"https:\/\/italiamachines.com\/wp-content\/uploads\/2023\/08\/logo-web-1.png","width":977,"height":254,"caption":"italiamachines"},"image":{"@id":"https:\/\/italiamachines.com\/#\/schema\/logo\/image\/"},"sameAs":["https:\/\/web.facebook.com\/italiamachines\/","https:\/\/www.instagram.com\/italia.machines\/"]}]}},"_links":{"self":[{"href":"https:\/\/italiamachines.com\/fr_fr\/wp-json\/wp\/v2\/product\/5257","targetHints":{"allow":["GET"]}}],"collection":[{"href":"https:\/\/italiamachines.com\/fr_fr\/wp-json\/wp\/v2\/product"}],"about":[{"href":"https:\/\/italiamachines.com\/fr_fr\/wp-json\/wp\/v2\/types\/product"}],"replies":[{"embeddable":true,"href":"https:\/\/italiamachines.com\/fr_fr\/wp-json\/wp\/v2\/comments?post=5257"}],"wp:featuredmedia":[{"embeddable":true,"href":"https:\/\/italiamachines.com\/fr_fr\/wp-json\/wp\/v2\/media\/5256"}],"wp:attachment":[{"href":"https:\/\/italiamachines.com\/fr_fr\/wp-json\/wp\/v2\/media?parent=5257"}],"wp:term":[{"taxonomy":"product_cat","embeddable":true,"href":"https:\/\/italiamachines.com\/fr_fr\/wp-json\/wp\/v2\/product_cat?post=5257"},{"taxonomy":"product_tag","embeddable":true,"href":"https:\/\/italiamachines.com\/fr_fr\/wp-json\/wp\/v2\/product_tag?post=5257"}],"curies":[{"name":"wp","href":"https:\/\/api.w.org\/{rel}","templated":true}]}}