{"id":5317,"date":"2023-07-30T04:27:35","date_gmt":"2023-07-30T04:27:35","guid":{"rendered":"https:\/\/prod.italiamachines.com\/product\/bain-marie-a-4-plaques-gn1-1\/"},"modified":"2023-12-09T20:13:54","modified_gmt":"2023-12-09T19:13:54","slug":"bain-marie-a-4-plaques-gn1-1","status":"publish","type":"product","link":"https:\/\/italiamachines.com\/fr_fr\/boutique\/restaurant-snack-et-pizzeria\/cuisson\/bain-marie\/bain-marie-a-4-plaques-gn1-1\/","title":{"rendered":"Bain-marie \u00e0 4 plaques GN1\/1 par Infrico"},"content":{"rendered":"<p>-Construction en acier inoxydable AISI 304.<br \/>\n-Les plinthes, les glissi\u00e8res et les bacs GN ne sont pas inclus.<br \/>\n-M\u00e9thode de chauffage indirect utilisant des \u00e9l\u00e9ments cach\u00e9s.<br \/>\n-La temp\u00e9rature du bain-marie est r\u00e9gul\u00e9e et contr\u00f4l\u00e9e par une commande num\u00e9rique, avec une plage de temp\u00e9rature op\u00e9rationnelle de 30\u00b0C \u00e0 90\u00b0C<br \/>\n-La temp\u00e9rature de la r\u00e9serve est contr\u00f4l\u00e9e par un thermostat s\u00e9par\u00e9, avec une plage de temp\u00e9rature de travail de 30\u00b0C \u00e0 70\u00b0C.<br \/>\n-L&rsquo;entrep\u00f4t chaud inf\u00e9rieur est \u00e9quip\u00e9 d&rsquo;un syst\u00e8me de ventilation \u00e0 air puls\u00e9 afin d&rsquo;assurer une r\u00e9partition uniforme de la temp\u00e9rature.<\/p>\n","protected":false},"excerpt":{"rendered":"<p>-Construction en acier inoxydable AISI 304. -Les plinthes, les glissi\u00e8res et les bacs GN ne sont pas inclus. -M\u00e9thode de chauffage indirect utilisant des \u00e9l\u00e9ments cach\u00e9s. -La temp\u00e9rature du bain-marie est r\u00e9gul\u00e9e et contr\u00f4l\u00e9e par une commande num\u00e9rique, avec une plage de temp\u00e9rature op\u00e9rationnelle de 30\u00b0C \u00e0 90\u00b0C -La temp\u00e9rature de la r\u00e9serve est contr\u00f4l\u00e9e&hellip;<\/p>\n","protected":false},"featured_media":8863,"comment_status":"open","ping_status":"closed","template":"","meta":[],"product_cat":[253,171,112],"product_tag":[],"class_list":{"0":"post-5317","1":"product","2":"type-product","3":"status-publish","4":"has-post-thumbnail","6":"product_cat-bain-marie","7":"product_cat-cuisson","8":"product_cat-restaurant-snack-et-pizzeria","10":"first","11":"instock","12":"shipping-taxable","13":"purchasable","14":"product-type-simple","15":"col-xs-6 col-sm-4","16":"col-md-3 col-lg-3","17":"un-4-cols"},"yoast_head":"<!-- This site is optimized with the Yoast SEO plugin v26.6 - https:\/\/yoast.com\/wordpress\/plugins\/seo\/ -->\n<title>Bain-marie \u00e0 4 plaques GN1\/1 par Infrico | Italia Machines<\/title>\n<meta name=\"robots\" content=\"index, follow, max-snippet:-1, max-image-preview:large, max-video-preview:-1\" \/>\n<link rel=\"canonical\" href=\"https:\/\/italiamachines.com\/fr_fr\/boutique\/restaurant-snack-et-pizzeria\/cuisson\/bain-marie\/bain-marie-a-4-plaques-gn1-1\/\" \/>\n<meta property=\"og:locale\" content=\"fr_FR\" \/>\n<meta property=\"og:type\" content=\"article\" \/>\n<meta property=\"og:title\" content=\"Bain-marie \u00e0 4 plaques GN1\/1 par Infrico | Italia Machines\" \/>\n<meta property=\"og:description\" content=\"-Construction en acier inoxydable AISI 304. -Les plinthes, les glissi\u00e8res et les bacs GN ne sont pas inclus. -M\u00e9thode de chauffage indirect utilisant des \u00e9l\u00e9ments cach\u00e9s. -La temp\u00e9rature du bain-marie est r\u00e9gul\u00e9e et contr\u00f4l\u00e9e par une commande num\u00e9rique, avec une plage de temp\u00e9rature op\u00e9rationnelle de 30\u00b0C \u00e0 90\u00b0C -La temp\u00e9rature de la r\u00e9serve est contr\u00f4l\u00e9e&hellip;\" \/>\n<meta property=\"og:url\" content=\"https:\/\/italiamachines.com\/fr_fr\/boutique\/restaurant-snack-et-pizzeria\/cuisson\/bain-marie\/bain-marie-a-4-plaques-gn1-1\/\" \/>\n<meta property=\"og:site_name\" content=\"Italia Machines\" \/>\n<meta property=\"article:publisher\" content=\"https:\/\/web.facebook.com\/italiamachines\/\" \/>\n<meta property=\"article:modified_time\" content=\"2023-12-09T19:13:54+00:00\" \/>\n<meta property=\"og:image\" content=\"https:\/\/italiamachines.com\/wp-content\/uploads\/2023\/07\/SSBMC4.jpg\" \/>\n\t<meta property=\"og:image:width\" content=\"457\" \/>\n\t<meta property=\"og:image:height\" content=\"455\" \/>\n\t<meta property=\"og:image:type\" content=\"image\/jpeg\" \/>\n<meta name=\"twitter:card\" content=\"summary_large_image\" \/>\n<meta name=\"twitter:label1\" content=\"Dur\u00e9e de lecture estim\u00e9e\" \/>\n\t<meta name=\"twitter:data1\" content=\"1 minute\" \/>\n<script type=\"application\/ld+json\" class=\"yoast-schema-graph\">{\"@context\":\"https:\/\/schema.org\",\"@graph\":[{\"@type\":\"WebPage\",\"@id\":\"https:\/\/italiamachines.com\/boutique\/restaurant-snack-et-pizzeria\/cuisson\/bain-marie\/bain-marie-a-4-plaques-gn1-1\/\",\"url\":\"https:\/\/italiamachines.com\/boutique\/restaurant-snack-et-pizzeria\/cuisson\/bain-marie\/bain-marie-a-4-plaques-gn1-1\/\",\"name\":\"Bain-marie \u00e0 4 plaques GN1\/1 par Infrico | Italia Machines\",\"isPartOf\":{\"@id\":\"https:\/\/italiamachines.com\/#website\"},\"primaryImageOfPage\":{\"@id\":\"https:\/\/italiamachines.com\/boutique\/restaurant-snack-et-pizzeria\/cuisson\/bain-marie\/bain-marie-a-4-plaques-gn1-1\/#primaryimage\"},\"image\":{\"@id\":\"https:\/\/italiamachines.com\/boutique\/restaurant-snack-et-pizzeria\/cuisson\/bain-marie\/bain-marie-a-4-plaques-gn1-1\/#primaryimage\"},\"thumbnailUrl\":\"https:\/\/italiamachines.com\/wp-content\/uploads\/2023\/07\/SSBMC4.jpg\",\"datePublished\":\"2023-07-30T04:27:35+00:00\",\"dateModified\":\"2023-12-09T19:13:54+00:00\",\"breadcrumb\":{\"@id\":\"https:\/\/italiamachines.com\/boutique\/restaurant-snack-et-pizzeria\/cuisson\/bain-marie\/bain-marie-a-4-plaques-gn1-1\/#breadcrumb\"},\"inLanguage\":\"fr-FR\",\"potentialAction\":[{\"@type\":\"ReadAction\",\"target\":[\"https:\/\/italiamachines.com\/boutique\/restaurant-snack-et-pizzeria\/cuisson\/bain-marie\/bain-marie-a-4-plaques-gn1-1\/\"]}]},{\"@type\":\"ImageObject\",\"inLanguage\":\"fr-FR\",\"@id\":\"https:\/\/italiamachines.com\/boutique\/restaurant-snack-et-pizzeria\/cuisson\/bain-marie\/bain-marie-a-4-plaques-gn1-1\/#primaryimage\",\"url\":\"https:\/\/italiamachines.com\/wp-content\/uploads\/2023\/07\/SSBMC4.jpg\",\"contentUrl\":\"https:\/\/italiamachines.com\/wp-content\/uploads\/2023\/07\/SSBMC4.jpg\",\"width\":457,\"height\":455},{\"@type\":\"BreadcrumbList\",\"@id\":\"https:\/\/italiamachines.com\/boutique\/restaurant-snack-et-pizzeria\/cuisson\/bain-marie\/bain-marie-a-4-plaques-gn1-1\/#breadcrumb\",\"itemListElement\":[{\"@type\":\"ListItem\",\"position\":1,\"name\":\"Accueil\",\"item\":\"https:\/\/italiamachines.com\/fr_fr\/\"},{\"@type\":\"ListItem\",\"position\":2,\"name\":\"Boutique\",\"item\":\"https:\/\/italiamachines.com\/boutique\/\"},{\"@type\":\"ListItem\",\"position\":3,\"name\":\"Bain-marie \u00e0 4 plaques GN1\/1 par Infrico\"}]},{\"@type\":\"WebSite\",\"@id\":\"https:\/\/italiamachines.com\/#website\",\"url\":\"https:\/\/italiamachines.com\/\",\"name\":\"Italia Machines\",\"description\":\"L&#039;art de l&#039;\u00e9quipement HORECA\",\"publisher\":{\"@id\":\"https:\/\/italiamachines.com\/#organization\"},\"potentialAction\":[{\"@type\":\"SearchAction\",\"target\":{\"@type\":\"EntryPoint\",\"urlTemplate\":\"https:\/\/italiamachines.com\/?s={search_term_string}\"},\"query-input\":{\"@type\":\"PropertyValueSpecification\",\"valueRequired\":true,\"valueName\":\"search_term_string\"}}],\"inLanguage\":\"fr-FR\"},{\"@type\":\"Organization\",\"@id\":\"https:\/\/italiamachines.com\/#organization\",\"name\":\"italiamachines\",\"url\":\"https:\/\/italiamachines.com\/\",\"logo\":{\"@type\":\"ImageObject\",\"inLanguage\":\"fr-FR\",\"@id\":\"https:\/\/italiamachines.com\/#\/schema\/logo\/image\/\",\"url\":\"https:\/\/italiamachines.com\/wp-content\/uploads\/2023\/08\/logo-web-1.png\",\"contentUrl\":\"https:\/\/italiamachines.com\/wp-content\/uploads\/2023\/08\/logo-web-1.png\",\"width\":977,\"height\":254,\"caption\":\"italiamachines\"},\"image\":{\"@id\":\"https:\/\/italiamachines.com\/#\/schema\/logo\/image\/\"},\"sameAs\":[\"https:\/\/web.facebook.com\/italiamachines\/\",\"https:\/\/www.instagram.com\/italia.machines\/\"]}]}<\/script>\n<!-- \/ Yoast SEO plugin. -->","yoast_head_json":{"title":"Bain-marie \u00e0 4 plaques GN1\/1 par Infrico | Italia Machines","robots":{"index":"index","follow":"follow","max-snippet":"max-snippet:-1","max-image-preview":"max-image-preview:large","max-video-preview":"max-video-preview:-1"},"canonical":"https:\/\/italiamachines.com\/fr_fr\/boutique\/restaurant-snack-et-pizzeria\/cuisson\/bain-marie\/bain-marie-a-4-plaques-gn1-1\/","og_locale":"fr_FR","og_type":"article","og_title":"Bain-marie \u00e0 4 plaques GN1\/1 par Infrico | Italia Machines","og_description":"-Construction en acier inoxydable AISI 304. -Les plinthes, les glissi\u00e8res et les bacs GN ne sont pas inclus. -M\u00e9thode de chauffage indirect utilisant des \u00e9l\u00e9ments cach\u00e9s. -La temp\u00e9rature du bain-marie est r\u00e9gul\u00e9e et contr\u00f4l\u00e9e par une commande num\u00e9rique, avec une plage de temp\u00e9rature op\u00e9rationnelle de 30\u00b0C \u00e0 90\u00b0C -La temp\u00e9rature de la r\u00e9serve est contr\u00f4l\u00e9e&hellip;","og_url":"https:\/\/italiamachines.com\/fr_fr\/boutique\/restaurant-snack-et-pizzeria\/cuisson\/bain-marie\/bain-marie-a-4-plaques-gn1-1\/","og_site_name":"Italia Machines","article_publisher":"https:\/\/web.facebook.com\/italiamachines\/","article_modified_time":"2023-12-09T19:13:54+00:00","og_image":[{"width":457,"height":455,"url":"https:\/\/italiamachines.com\/wp-content\/uploads\/2023\/07\/SSBMC4.jpg","type":"image\/jpeg"}],"twitter_card":"summary_large_image","twitter_misc":{"Dur\u00e9e de lecture estim\u00e9e":"1 minute"},"schema":{"@context":"https:\/\/schema.org","@graph":[{"@type":"WebPage","@id":"https:\/\/italiamachines.com\/boutique\/restaurant-snack-et-pizzeria\/cuisson\/bain-marie\/bain-marie-a-4-plaques-gn1-1\/","url":"https:\/\/italiamachines.com\/boutique\/restaurant-snack-et-pizzeria\/cuisson\/bain-marie\/bain-marie-a-4-plaques-gn1-1\/","name":"Bain-marie \u00e0 4 plaques GN1\/1 par Infrico | Italia Machines","isPartOf":{"@id":"https:\/\/italiamachines.com\/#website"},"primaryImageOfPage":{"@id":"https:\/\/italiamachines.com\/boutique\/restaurant-snack-et-pizzeria\/cuisson\/bain-marie\/bain-marie-a-4-plaques-gn1-1\/#primaryimage"},"image":{"@id":"https:\/\/italiamachines.com\/boutique\/restaurant-snack-et-pizzeria\/cuisson\/bain-marie\/bain-marie-a-4-plaques-gn1-1\/#primaryimage"},"thumbnailUrl":"https:\/\/italiamachines.com\/wp-content\/uploads\/2023\/07\/SSBMC4.jpg","datePublished":"2023-07-30T04:27:35+00:00","dateModified":"2023-12-09T19:13:54+00:00","breadcrumb":{"@id":"https:\/\/italiamachines.com\/boutique\/restaurant-snack-et-pizzeria\/cuisson\/bain-marie\/bain-marie-a-4-plaques-gn1-1\/#breadcrumb"},"inLanguage":"fr-FR","potentialAction":[{"@type":"ReadAction","target":["https:\/\/italiamachines.com\/boutique\/restaurant-snack-et-pizzeria\/cuisson\/bain-marie\/bain-marie-a-4-plaques-gn1-1\/"]}]},{"@type":"ImageObject","inLanguage":"fr-FR","@id":"https:\/\/italiamachines.com\/boutique\/restaurant-snack-et-pizzeria\/cuisson\/bain-marie\/bain-marie-a-4-plaques-gn1-1\/#primaryimage","url":"https:\/\/italiamachines.com\/wp-content\/uploads\/2023\/07\/SSBMC4.jpg","contentUrl":"https:\/\/italiamachines.com\/wp-content\/uploads\/2023\/07\/SSBMC4.jpg","width":457,"height":455},{"@type":"BreadcrumbList","@id":"https:\/\/italiamachines.com\/boutique\/restaurant-snack-et-pizzeria\/cuisson\/bain-marie\/bain-marie-a-4-plaques-gn1-1\/#breadcrumb","itemListElement":[{"@type":"ListItem","position":1,"name":"Accueil","item":"https:\/\/italiamachines.com\/fr_fr\/"},{"@type":"ListItem","position":2,"name":"Boutique","item":"https:\/\/italiamachines.com\/boutique\/"},{"@type":"ListItem","position":3,"name":"Bain-marie \u00e0 4 plaques GN1\/1 par Infrico"}]},{"@type":"WebSite","@id":"https:\/\/italiamachines.com\/#website","url":"https:\/\/italiamachines.com\/","name":"Italia Machines","description":"L&#039;art de l&#039;\u00e9quipement HORECA","publisher":{"@id":"https:\/\/italiamachines.com\/#organization"},"potentialAction":[{"@type":"SearchAction","target":{"@type":"EntryPoint","urlTemplate":"https:\/\/italiamachines.com\/?s={search_term_string}"},"query-input":{"@type":"PropertyValueSpecification","valueRequired":true,"valueName":"search_term_string"}}],"inLanguage":"fr-FR"},{"@type":"Organization","@id":"https:\/\/italiamachines.com\/#organization","name":"italiamachines","url":"https:\/\/italiamachines.com\/","logo":{"@type":"ImageObject","inLanguage":"fr-FR","@id":"https:\/\/italiamachines.com\/#\/schema\/logo\/image\/","url":"https:\/\/italiamachines.com\/wp-content\/uploads\/2023\/08\/logo-web-1.png","contentUrl":"https:\/\/italiamachines.com\/wp-content\/uploads\/2023\/08\/logo-web-1.png","width":977,"height":254,"caption":"italiamachines"},"image":{"@id":"https:\/\/italiamachines.com\/#\/schema\/logo\/image\/"},"sameAs":["https:\/\/web.facebook.com\/italiamachines\/","https:\/\/www.instagram.com\/italia.machines\/"]}]}},"_links":{"self":[{"href":"https:\/\/italiamachines.com\/fr_fr\/wp-json\/wp\/v2\/product\/5317","targetHints":{"allow":["GET"]}}],"collection":[{"href":"https:\/\/italiamachines.com\/fr_fr\/wp-json\/wp\/v2\/product"}],"about":[{"href":"https:\/\/italiamachines.com\/fr_fr\/wp-json\/wp\/v2\/types\/product"}],"replies":[{"embeddable":true,"href":"https:\/\/italiamachines.com\/fr_fr\/wp-json\/wp\/v2\/comments?post=5317"}],"wp:featuredmedia":[{"embeddable":true,"href":"https:\/\/italiamachines.com\/fr_fr\/wp-json\/wp\/v2\/media\/8863"}],"wp:attachment":[{"href":"https:\/\/italiamachines.com\/fr_fr\/wp-json\/wp\/v2\/media?parent=5317"}],"wp:term":[{"taxonomy":"product_cat","embeddable":true,"href":"https:\/\/italiamachines.com\/fr_fr\/wp-json\/wp\/v2\/product_cat?post=5317"},{"taxonomy":"product_tag","embeddable":true,"href":"https:\/\/italiamachines.com\/fr_fr\/wp-json\/wp\/v2\/product_tag?post=5317"}],"curies":[{"name":"wp","href":"https:\/\/api.w.org\/{rel}","templated":true}]}}