{"id":5325,"date":"2023-07-30T04:28:16","date_gmt":"2023-07-30T04:28:16","guid":{"rendered":"https:\/\/prod.italiamachines.com\/product\/four-a-sole-12-portes-4-chambres-profondeur-de-la-chambre-179-m-par-aldegheri-forni\/"},"modified":"2024-09-28T20:47:58","modified_gmt":"2024-09-28T18:47:58","slug":"four-a-sole-12-portes-4-chambres-profondeur-de-la-chambre-179-m-par-aldegheri-forni","status":"publish","type":"product","link":"https:\/\/italiamachines.com\/fr_fr\/boutique\/boulangerie-et-patisserie\/boulangerie\/fours-pour-boulangerie\/fours-a-soles-pour-boulangerie\/four-a-sole-12-portes-4-chambres-profondeur-de-la-chambre-179-m-par-aldegheri-forni\/","title":{"rendered":"Four \u00e0 sole par Aldegheri Forni"},"content":{"rendered":"<p>Le four \u00e0 charbon est un four tubulaire annulaire avec trois \u00e0 quatre chambres superpos\u00e9es, sp\u00e9cialement con\u00e7u pour la boulangerie et la confiserie.<br \/>\nElement rayonnant sans soudure en acier (syst\u00e8me Manessman) avec un tube double \u00e9paisseur.<br \/>\nCanals de flux d&rsquo;air chaud fabriqu\u00e9s sur site avec des mat\u00e9riaux r\u00e9fractaires.<br \/>\nLe four \u00e0 inertie thermique \u00e0 haut rendement, \u00e9quip\u00e9 de chambres \u00e0 vapeur ind\u00e9pendantes pour chaque chambre, garantissant un excellent degr\u00e9 d&rsquo;humidit\u00e9 et de luminosit\u00e9 du produit, garantit \u00e0 la fois l&rsquo;homog\u00e9n\u00e9it\u00e9 de la cuisson et la pr\u00e9paration \u00e0 la cuisson ult\u00e9rieure.<\/p>\n<p>Haute efficacit\u00e9 d&rsquo;inertie thermique garantissant l&rsquo;homog\u00e9n\u00e9it\u00e9 du produit.<br \/>\nPermet de proc\u00e9der rapidement aux cuissons successives.<br \/>\n\u00c9quip\u00e9 d&rsquo;appareils \u00e0 bu\u00e9e ind\u00e9pendants pour chaque chambre, assurant un degr\u00e9 d&rsquo;humidit\u00e9 et une brillance optimaux du pain.<br \/>\nPanneau de contr\u00f4le pour g\u00e9rer les lumi\u00e8res, les appareils \u00e0 bu\u00e9e, la temp\u00e9rature et le temps de cuisson.<br \/>\nConstruction enti\u00e8rement en acier inoxydable AISI 304, garantissant durabilit\u00e9 et r\u00e9sistance.<br \/>\nComposants radiants \u00e0 double \u00e9mission fabriqu\u00e9s \u00e0 partir de tubes en acier profil\u00e9s \u00e0 froid UNI 663, extr\u00eamement \u00e9pais et test\u00e9s \u00e0 700 bar.<br \/>\nFoyer et canal d&rsquo;\u00e9coulement du flux d&rsquo;air chaud construits sur place \u00e0 partir de mat\u00e9riaux r\u00e9fractaires.<br \/>\nFonctionne avec du gaz, du fuel et des combustibles solides comme le bois et le charbon.<\/p>\n","protected":false},"excerpt":{"rendered":"<p>Le four \u00e0 charbon est un four tubulaire annulaire avec trois \u00e0 quatre chambres superpos\u00e9es, sp\u00e9cialement con\u00e7u pour la boulangerie et la confiserie. Element rayonnant sans soudure en acier (syst\u00e8me Manessman) avec un tube double \u00e9paisseur. Canals de flux d&rsquo;air chaud fabriqu\u00e9s sur site avec des mat\u00e9riaux r\u00e9fractaires. Le four \u00e0 inertie thermique \u00e0 haut&hellip;<\/p>\n","protected":false},"featured_media":5324,"comment_status":"open","ping_status":"closed","template":"","meta":[],"product_cat":[154,190,193],"product_tag":[],"class_list":{"0":"post-5325","1":"product","2":"type-product","3":"status-publish","4":"has-post-thumbnail","6":"product_cat-boulangerie","7":"product_cat-fours-pour-boulangerie","8":"product_cat-fours-a-soles-pour-boulangerie","10":"first","11":"instock","12":"shipping-taxable","13":"purchasable","14":"product-type-variable","15":"col-xs-6 col-sm-4","16":"col-md-3 col-lg-3","17":"un-4-cols"},"yoast_head":"<!-- This site is optimized with the Yoast SEO plugin v26.6 - https:\/\/yoast.com\/wordpress\/plugins\/seo\/ -->\n<title>Four \u00e0 sole par Aldegheri Forni | Italia Machines<\/title>\n<meta name=\"robots\" content=\"index, follow, max-snippet:-1, max-image-preview:large, max-video-preview:-1\" \/>\n<link rel=\"canonical\" href=\"https:\/\/italiamachines.com\/fr_fr\/boutique\/boulangerie-et-patisserie\/boulangerie\/fours-pour-boulangerie\/fours-a-soles-pour-boulangerie\/four-a-sole-12-portes-4-chambres-profondeur-de-la-chambre-179-m-par-aldegheri-forni\/\" \/>\n<meta property=\"og:locale\" content=\"fr_FR\" \/>\n<meta property=\"og:type\" content=\"article\" \/>\n<meta property=\"og:title\" content=\"Four \u00e0 sole par Aldegheri Forni | Italia Machines\" \/>\n<meta property=\"og:description\" content=\"Le four \u00e0 charbon est un four tubulaire annulaire avec trois \u00e0 quatre chambres superpos\u00e9es, sp\u00e9cialement con\u00e7u pour la boulangerie et la confiserie. Element rayonnant sans soudure en acier (syst\u00e8me Manessman) avec un tube double \u00e9paisseur. Canals de flux d&rsquo;air chaud fabriqu\u00e9s sur site avec des mat\u00e9riaux r\u00e9fractaires. Le four \u00e0 inertie thermique \u00e0 haut&hellip;\" \/>\n<meta property=\"og:url\" content=\"https:\/\/italiamachines.com\/fr_fr\/boutique\/boulangerie-et-patisserie\/boulangerie\/fours-pour-boulangerie\/fours-a-soles-pour-boulangerie\/four-a-sole-12-portes-4-chambres-profondeur-de-la-chambre-179-m-par-aldegheri-forni\/\" \/>\n<meta property=\"og:site_name\" content=\"Italia Machines\" \/>\n<meta property=\"article:publisher\" content=\"https:\/\/web.facebook.com\/italiamachines\/\" \/>\n<meta property=\"article:modified_time\" content=\"2024-09-28T18:47:58+00:00\" \/>\n<meta property=\"og:image\" content=\"https:\/\/italiamachines.com\/wp-content\/uploads\/2023\/07\/ST180_4_2L.jpeg\" \/>\n\t<meta property=\"og:image:width\" content=\"300\" \/>\n\t<meta property=\"og:image:height\" content=\"300\" \/>\n\t<meta property=\"og:image:type\" content=\"image\/jpeg\" \/>\n<meta name=\"twitter:card\" content=\"summary_large_image\" \/>\n<meta name=\"twitter:label1\" content=\"Dur\u00e9e de lecture estim\u00e9e\" \/>\n\t<meta name=\"twitter:data1\" content=\"1 minute\" \/>\n<script type=\"application\/ld+json\" class=\"yoast-schema-graph\">{\"@context\":\"https:\/\/schema.org\",\"@graph\":[{\"@type\":\"WebPage\",\"@id\":\"https:\/\/italiamachines.com\/boutique\/boulangerie-et-patisserie\/boulangerie\/fours-pour-boulangerie\/fours-a-soles-pour-boulangerie\/four-a-sole-12-portes-4-chambres-profondeur-de-la-chambre-179-m-par-aldegheri-forni\/\",\"url\":\"https:\/\/italiamachines.com\/boutique\/boulangerie-et-patisserie\/boulangerie\/fours-pour-boulangerie\/fours-a-soles-pour-boulangerie\/four-a-sole-12-portes-4-chambres-profondeur-de-la-chambre-179-m-par-aldegheri-forni\/\",\"name\":\"Four \u00e0 sole par Aldegheri Forni | Italia Machines\",\"isPartOf\":{\"@id\":\"https:\/\/italiamachines.com\/#website\"},\"primaryImageOfPage\":{\"@id\":\"https:\/\/italiamachines.com\/boutique\/boulangerie-et-patisserie\/boulangerie\/fours-pour-boulangerie\/fours-a-soles-pour-boulangerie\/four-a-sole-12-portes-4-chambres-profondeur-de-la-chambre-179-m-par-aldegheri-forni\/#primaryimage\"},\"image\":{\"@id\":\"https:\/\/italiamachines.com\/boutique\/boulangerie-et-patisserie\/boulangerie\/fours-pour-boulangerie\/fours-a-soles-pour-boulangerie\/four-a-sole-12-portes-4-chambres-profondeur-de-la-chambre-179-m-par-aldegheri-forni\/#primaryimage\"},\"thumbnailUrl\":\"https:\/\/italiamachines.com\/wp-content\/uploads\/2023\/07\/ST180_4_2L.jpeg\",\"datePublished\":\"2023-07-30T04:28:16+00:00\",\"dateModified\":\"2024-09-28T18:47:58+00:00\",\"breadcrumb\":{\"@id\":\"https:\/\/italiamachines.com\/boutique\/boulangerie-et-patisserie\/boulangerie\/fours-pour-boulangerie\/fours-a-soles-pour-boulangerie\/four-a-sole-12-portes-4-chambres-profondeur-de-la-chambre-179-m-par-aldegheri-forni\/#breadcrumb\"},\"inLanguage\":\"fr-FR\",\"potentialAction\":[{\"@type\":\"ReadAction\",\"target\":[\"https:\/\/italiamachines.com\/boutique\/boulangerie-et-patisserie\/boulangerie\/fours-pour-boulangerie\/fours-a-soles-pour-boulangerie\/four-a-sole-12-portes-4-chambres-profondeur-de-la-chambre-179-m-par-aldegheri-forni\/\"]}]},{\"@type\":\"ImageObject\",\"inLanguage\":\"fr-FR\",\"@id\":\"https:\/\/italiamachines.com\/boutique\/boulangerie-et-patisserie\/boulangerie\/fours-pour-boulangerie\/fours-a-soles-pour-boulangerie\/four-a-sole-12-portes-4-chambres-profondeur-de-la-chambre-179-m-par-aldegheri-forni\/#primaryimage\",\"url\":\"https:\/\/italiamachines.com\/wp-content\/uploads\/2023\/07\/ST180_4_2L.jpeg\",\"contentUrl\":\"https:\/\/italiamachines.com\/wp-content\/uploads\/2023\/07\/ST180_4_2L.jpeg\",\"width\":300,\"height\":300},{\"@type\":\"BreadcrumbList\",\"@id\":\"https:\/\/italiamachines.com\/boutique\/boulangerie-et-patisserie\/boulangerie\/fours-pour-boulangerie\/fours-a-soles-pour-boulangerie\/four-a-sole-12-portes-4-chambres-profondeur-de-la-chambre-179-m-par-aldegheri-forni\/#breadcrumb\",\"itemListElement\":[{\"@type\":\"ListItem\",\"position\":1,\"name\":\"Accueil\",\"item\":\"https:\/\/italiamachines.com\/fr_fr\/\"},{\"@type\":\"ListItem\",\"position\":2,\"name\":\"Boutique\",\"item\":\"https:\/\/italiamachines.com\/boutique\/\"},{\"@type\":\"ListItem\",\"position\":3,\"name\":\"Four \u00e0 sole par Aldegheri Forni\"}]},{\"@type\":\"WebSite\",\"@id\":\"https:\/\/italiamachines.com\/#website\",\"url\":\"https:\/\/italiamachines.com\/\",\"name\":\"Italia Machines\",\"description\":\"L&#039;art de l&#039;\u00e9quipement HORECA\",\"publisher\":{\"@id\":\"https:\/\/italiamachines.com\/#organization\"},\"potentialAction\":[{\"@type\":\"SearchAction\",\"target\":{\"@type\":\"EntryPoint\",\"urlTemplate\":\"https:\/\/italiamachines.com\/?s={search_term_string}\"},\"query-input\":{\"@type\":\"PropertyValueSpecification\",\"valueRequired\":true,\"valueName\":\"search_term_string\"}}],\"inLanguage\":\"fr-FR\"},{\"@type\":\"Organization\",\"@id\":\"https:\/\/italiamachines.com\/#organization\",\"name\":\"italiamachines\",\"url\":\"https:\/\/italiamachines.com\/\",\"logo\":{\"@type\":\"ImageObject\",\"inLanguage\":\"fr-FR\",\"@id\":\"https:\/\/italiamachines.com\/#\/schema\/logo\/image\/\",\"url\":\"https:\/\/italiamachines.com\/wp-content\/uploads\/2023\/08\/logo-web-1.png\",\"contentUrl\":\"https:\/\/italiamachines.com\/wp-content\/uploads\/2023\/08\/logo-web-1.png\",\"width\":977,\"height\":254,\"caption\":\"italiamachines\"},\"image\":{\"@id\":\"https:\/\/italiamachines.com\/#\/schema\/logo\/image\/\"},\"sameAs\":[\"https:\/\/web.facebook.com\/italiamachines\/\",\"https:\/\/www.instagram.com\/italia.machines\/\"]}]}<\/script>\n<!-- \/ Yoast SEO plugin. -->","yoast_head_json":{"title":"Four \u00e0 sole par Aldegheri Forni | Italia Machines","robots":{"index":"index","follow":"follow","max-snippet":"max-snippet:-1","max-image-preview":"max-image-preview:large","max-video-preview":"max-video-preview:-1"},"canonical":"https:\/\/italiamachines.com\/fr_fr\/boutique\/boulangerie-et-patisserie\/boulangerie\/fours-pour-boulangerie\/fours-a-soles-pour-boulangerie\/four-a-sole-12-portes-4-chambres-profondeur-de-la-chambre-179-m-par-aldegheri-forni\/","og_locale":"fr_FR","og_type":"article","og_title":"Four \u00e0 sole par Aldegheri Forni | Italia Machines","og_description":"Le four \u00e0 charbon est un four tubulaire annulaire avec trois \u00e0 quatre chambres superpos\u00e9es, sp\u00e9cialement con\u00e7u pour la boulangerie et la confiserie. Element rayonnant sans soudure en acier (syst\u00e8me Manessman) avec un tube double \u00e9paisseur. Canals de flux d&rsquo;air chaud fabriqu\u00e9s sur site avec des mat\u00e9riaux r\u00e9fractaires. Le four \u00e0 inertie thermique \u00e0 haut&hellip;","og_url":"https:\/\/italiamachines.com\/fr_fr\/boutique\/boulangerie-et-patisserie\/boulangerie\/fours-pour-boulangerie\/fours-a-soles-pour-boulangerie\/four-a-sole-12-portes-4-chambres-profondeur-de-la-chambre-179-m-par-aldegheri-forni\/","og_site_name":"Italia Machines","article_publisher":"https:\/\/web.facebook.com\/italiamachines\/","article_modified_time":"2024-09-28T18:47:58+00:00","og_image":[{"width":300,"height":300,"url":"https:\/\/italiamachines.com\/wp-content\/uploads\/2023\/07\/ST180_4_2L.jpeg","type":"image\/jpeg"}],"twitter_card":"summary_large_image","twitter_misc":{"Dur\u00e9e de lecture estim\u00e9e":"1 minute"},"schema":{"@context":"https:\/\/schema.org","@graph":[{"@type":"WebPage","@id":"https:\/\/italiamachines.com\/boutique\/boulangerie-et-patisserie\/boulangerie\/fours-pour-boulangerie\/fours-a-soles-pour-boulangerie\/four-a-sole-12-portes-4-chambres-profondeur-de-la-chambre-179-m-par-aldegheri-forni\/","url":"https:\/\/italiamachines.com\/boutique\/boulangerie-et-patisserie\/boulangerie\/fours-pour-boulangerie\/fours-a-soles-pour-boulangerie\/four-a-sole-12-portes-4-chambres-profondeur-de-la-chambre-179-m-par-aldegheri-forni\/","name":"Four \u00e0 sole par Aldegheri Forni | Italia Machines","isPartOf":{"@id":"https:\/\/italiamachines.com\/#website"},"primaryImageOfPage":{"@id":"https:\/\/italiamachines.com\/boutique\/boulangerie-et-patisserie\/boulangerie\/fours-pour-boulangerie\/fours-a-soles-pour-boulangerie\/four-a-sole-12-portes-4-chambres-profondeur-de-la-chambre-179-m-par-aldegheri-forni\/#primaryimage"},"image":{"@id":"https:\/\/italiamachines.com\/boutique\/boulangerie-et-patisserie\/boulangerie\/fours-pour-boulangerie\/fours-a-soles-pour-boulangerie\/four-a-sole-12-portes-4-chambres-profondeur-de-la-chambre-179-m-par-aldegheri-forni\/#primaryimage"},"thumbnailUrl":"https:\/\/italiamachines.com\/wp-content\/uploads\/2023\/07\/ST180_4_2L.jpeg","datePublished":"2023-07-30T04:28:16+00:00","dateModified":"2024-09-28T18:47:58+00:00","breadcrumb":{"@id":"https:\/\/italiamachines.com\/boutique\/boulangerie-et-patisserie\/boulangerie\/fours-pour-boulangerie\/fours-a-soles-pour-boulangerie\/four-a-sole-12-portes-4-chambres-profondeur-de-la-chambre-179-m-par-aldegheri-forni\/#breadcrumb"},"inLanguage":"fr-FR","potentialAction":[{"@type":"ReadAction","target":["https:\/\/italiamachines.com\/boutique\/boulangerie-et-patisserie\/boulangerie\/fours-pour-boulangerie\/fours-a-soles-pour-boulangerie\/four-a-sole-12-portes-4-chambres-profondeur-de-la-chambre-179-m-par-aldegheri-forni\/"]}]},{"@type":"ImageObject","inLanguage":"fr-FR","@id":"https:\/\/italiamachines.com\/boutique\/boulangerie-et-patisserie\/boulangerie\/fours-pour-boulangerie\/fours-a-soles-pour-boulangerie\/four-a-sole-12-portes-4-chambres-profondeur-de-la-chambre-179-m-par-aldegheri-forni\/#primaryimage","url":"https:\/\/italiamachines.com\/wp-content\/uploads\/2023\/07\/ST180_4_2L.jpeg","contentUrl":"https:\/\/italiamachines.com\/wp-content\/uploads\/2023\/07\/ST180_4_2L.jpeg","width":300,"height":300},{"@type":"BreadcrumbList","@id":"https:\/\/italiamachines.com\/boutique\/boulangerie-et-patisserie\/boulangerie\/fours-pour-boulangerie\/fours-a-soles-pour-boulangerie\/four-a-sole-12-portes-4-chambres-profondeur-de-la-chambre-179-m-par-aldegheri-forni\/#breadcrumb","itemListElement":[{"@type":"ListItem","position":1,"name":"Accueil","item":"https:\/\/italiamachines.com\/fr_fr\/"},{"@type":"ListItem","position":2,"name":"Boutique","item":"https:\/\/italiamachines.com\/boutique\/"},{"@type":"ListItem","position":3,"name":"Four \u00e0 sole par Aldegheri Forni"}]},{"@type":"WebSite","@id":"https:\/\/italiamachines.com\/#website","url":"https:\/\/italiamachines.com\/","name":"Italia Machines","description":"L&#039;art de l&#039;\u00e9quipement HORECA","publisher":{"@id":"https:\/\/italiamachines.com\/#organization"},"potentialAction":[{"@type":"SearchAction","target":{"@type":"EntryPoint","urlTemplate":"https:\/\/italiamachines.com\/?s={search_term_string}"},"query-input":{"@type":"PropertyValueSpecification","valueRequired":true,"valueName":"search_term_string"}}],"inLanguage":"fr-FR"},{"@type":"Organization","@id":"https:\/\/italiamachines.com\/#organization","name":"italiamachines","url":"https:\/\/italiamachines.com\/","logo":{"@type":"ImageObject","inLanguage":"fr-FR","@id":"https:\/\/italiamachines.com\/#\/schema\/logo\/image\/","url":"https:\/\/italiamachines.com\/wp-content\/uploads\/2023\/08\/logo-web-1.png","contentUrl":"https:\/\/italiamachines.com\/wp-content\/uploads\/2023\/08\/logo-web-1.png","width":977,"height":254,"caption":"italiamachines"},"image":{"@id":"https:\/\/italiamachines.com\/#\/schema\/logo\/image\/"},"sameAs":["https:\/\/web.facebook.com\/italiamachines\/","https:\/\/www.instagram.com\/italia.machines\/"]}]}},"_links":{"self":[{"href":"https:\/\/italiamachines.com\/fr_fr\/wp-json\/wp\/v2\/product\/5325","targetHints":{"allow":["GET"]}}],"collection":[{"href":"https:\/\/italiamachines.com\/fr_fr\/wp-json\/wp\/v2\/product"}],"about":[{"href":"https:\/\/italiamachines.com\/fr_fr\/wp-json\/wp\/v2\/types\/product"}],"replies":[{"embeddable":true,"href":"https:\/\/italiamachines.com\/fr_fr\/wp-json\/wp\/v2\/comments?post=5325"}],"wp:featuredmedia":[{"embeddable":true,"href":"https:\/\/italiamachines.com\/fr_fr\/wp-json\/wp\/v2\/media\/5324"}],"wp:attachment":[{"href":"https:\/\/italiamachines.com\/fr_fr\/wp-json\/wp\/v2\/media?parent=5325"}],"wp:term":[{"taxonomy":"product_cat","embeddable":true,"href":"https:\/\/italiamachines.com\/fr_fr\/wp-json\/wp\/v2\/product_cat?post=5325"},{"taxonomy":"product_tag","embeddable":true,"href":"https:\/\/italiamachines.com\/fr_fr\/wp-json\/wp\/v2\/product_tag?post=5325"}],"curies":[{"name":"wp","href":"https:\/\/api.w.org\/{rel}","templated":true}]}}