{"id":5328,"date":"2023-07-30T04:28:33","date_gmt":"2023-07-30T04:28:33","guid":{"rendered":"https:\/\/prod.italiamachines.com\/product\/four-a-pizza-electrique-a-deux-chambres-pour-4-pizzas-chaque-chambre-avec-support-et-hotte-par-resto-italia\/"},"modified":"2025-04-16T00:14:00","modified_gmt":"2025-04-15T22:14:00","slug":"four-a-pizza-electrique-a-deux-chambres-pour-4-pizzas-chaque-chambre-avec-support-et-hotte-par-resto-italia","status":"publish","type":"product","link":"https:\/\/italiamachines.com\/fr_fr\/boutique\/restaurant-snack-et-pizzeria\/four\/four-pour-pizzeria\/four-a-coupole-pour-pizzeria\/four-a-pizza-electrique-a-deux-chambres-pour-4-pizzas-chaque-chambre-avec-support-et-hotte-par-resto-italia\/","title":{"rendered":"Four \u00e0 pizza gaz | \u00e9lectrique &#8211; par Empero | RestoItalia"},"content":{"rendered":"<p>four \u00e0 pizza professionnel con\u00e7u en conformit\u00e9 avec les normes de qualit\u00e9 et de s\u00e9curit\u00e9 italiennes. Ce four garantit fiabilit\u00e9 et style pour les professionnels de la pizzeria, id\u00e9al pour la cuisson de pizzas. Il assure une cuisson homog\u00e8ne et rapide de vos pizzas.<\/p>\n","protected":false},"excerpt":{"rendered":"<p>four \u00e0 pizza professionnel con\u00e7u en conformit\u00e9 avec les normes de qualit\u00e9 et de s\u00e9curit\u00e9 italiennes. Ce four garantit fiabilit\u00e9 et style pour les professionnels de la pizzeria, id\u00e9al pour la cuisson de pizzas. Il assure une cuisson homog\u00e8ne et rapide de vos pizzas.<\/p>\n","protected":false},"featured_media":5327,"comment_status":"open","ping_status":"closed","template":"","meta":[],"product_cat":[188,267,268,192,112],"product_tag":[],"class_list":{"0":"post-5328","1":"product","2":"type-product","3":"status-publish","4":"has-post-thumbnail","6":"product_cat-four","7":"product_cat-four-a-coupole-pour-pizzeria","8":"product_cat-four-modulaire-pour-pizzeria","9":"product_cat-four-pour-pizzeria","10":"product_cat-restaurant-snack-et-pizzeria","12":"first","13":"instock","14":"shipping-taxable","15":"purchasable","16":"product-type-variable","17":"col-xs-6 col-sm-4","18":"col-md-3 col-lg-3","19":"un-4-cols"},"yoast_head":"<!-- This site is optimized with the Yoast SEO plugin v26.6 - https:\/\/yoast.com\/wordpress\/plugins\/seo\/ -->\n<title>Four \u00e0 pizza gaz | \u00e9lectrique - par Empero | RestoItalia | Italia Machines<\/title>\n<meta name=\"description\" content=\"four \u00e0 pizza professionnel con\u00e7u en conformit\u00e9 avec les normes de qualit\u00e9 et de s\u00e9curit\u00e9 italiennes.\" \/>\n<meta name=\"robots\" content=\"index, follow, max-snippet:-1, max-image-preview:large, max-video-preview:-1\" \/>\n<link rel=\"canonical\" href=\"https:\/\/italiamachines.com\/fr_fr\/boutique\/restaurant-snack-et-pizzeria\/four\/four-pour-pizzeria\/four-a-coupole-pour-pizzeria\/four-a-pizza-electrique-a-deux-chambres-pour-4-pizzas-chaque-chambre-avec-support-et-hotte-par-resto-italia\/\" \/>\n<meta property=\"og:locale\" content=\"fr_FR\" \/>\n<meta property=\"og:type\" content=\"article\" \/>\n<meta property=\"og:title\" content=\"Four \u00e0 pizza gaz | \u00e9lectrique - par Empero | RestoItalia | Italia Machines\" \/>\n<meta property=\"og:description\" content=\"four \u00e0 pizza professionnel con\u00e7u en conformit\u00e9 avec les normes de qualit\u00e9 et de s\u00e9curit\u00e9 italiennes.\" \/>\n<meta property=\"og:url\" content=\"https:\/\/italiamachines.com\/fr_fr\/boutique\/restaurant-snack-et-pizzeria\/four\/four-pour-pizzeria\/four-a-coupole-pour-pizzeria\/four-a-pizza-electrique-a-deux-chambres-pour-4-pizzas-chaque-chambre-avec-support-et-hotte-par-resto-italia\/\" \/>\n<meta property=\"og:site_name\" content=\"Italia Machines\" \/>\n<meta property=\"article:publisher\" content=\"https:\/\/web.facebook.com\/italiamachines\/\" \/>\n<meta property=\"article:modified_time\" content=\"2025-04-15T22:14:00+00:00\" \/>\n<meta property=\"og:image\" content=\"https:\/\/italiamachines.com\/wp-content\/uploads\/2023\/07\/START4_44.jpg\" \/>\n\t<meta property=\"og:image:width\" content=\"600\" \/>\n\t<meta property=\"og:image:height\" content=\"427\" \/>\n\t<meta property=\"og:image:type\" content=\"image\/jpeg\" \/>\n<meta name=\"twitter:card\" content=\"summary_large_image\" \/>\n<meta name=\"twitter:label1\" content=\"Dur\u00e9e de lecture estim\u00e9e\" \/>\n\t<meta name=\"twitter:data1\" content=\"1 minute\" \/>\n<script type=\"application\/ld+json\" class=\"yoast-schema-graph\">{\"@context\":\"https:\/\/schema.org\",\"@graph\":[{\"@type\":\"WebPage\",\"@id\":\"https:\/\/italiamachines.com\/boutique\/restaurant-snack-et-pizzeria\/four\/four-pour-pizzeria\/four-a-coupole-pour-pizzeria\/four-a-pizza-electrique-a-deux-chambres-pour-4-pizzas-chaque-chambre-avec-support-et-hotte-par-resto-italia\/\",\"url\":\"https:\/\/italiamachines.com\/boutique\/restaurant-snack-et-pizzeria\/four\/four-pour-pizzeria\/four-a-coupole-pour-pizzeria\/four-a-pizza-electrique-a-deux-chambres-pour-4-pizzas-chaque-chambre-avec-support-et-hotte-par-resto-italia\/\",\"name\":\"Four \u00e0 pizza gaz | \u00e9lectrique - par Empero | RestoItalia | Italia Machines\",\"isPartOf\":{\"@id\":\"https:\/\/italiamachines.com\/#website\"},\"primaryImageOfPage\":{\"@id\":\"https:\/\/italiamachines.com\/boutique\/restaurant-snack-et-pizzeria\/four\/four-pour-pizzeria\/four-a-coupole-pour-pizzeria\/four-a-pizza-electrique-a-deux-chambres-pour-4-pizzas-chaque-chambre-avec-support-et-hotte-par-resto-italia\/#primaryimage\"},\"image\":{\"@id\":\"https:\/\/italiamachines.com\/boutique\/restaurant-snack-et-pizzeria\/four\/four-pour-pizzeria\/four-a-coupole-pour-pizzeria\/four-a-pizza-electrique-a-deux-chambres-pour-4-pizzas-chaque-chambre-avec-support-et-hotte-par-resto-italia\/#primaryimage\"},\"thumbnailUrl\":\"https:\/\/italiamachines.com\/wp-content\/uploads\/2023\/07\/START4_44.jpg\",\"datePublished\":\"2023-07-30T04:28:33+00:00\",\"dateModified\":\"2025-04-15T22:14:00+00:00\",\"description\":\"four \u00e0 pizza professionnel con\u00e7u en conformit\u00e9 avec les normes de qualit\u00e9 et de s\u00e9curit\u00e9 italiennes.\",\"breadcrumb\":{\"@id\":\"https:\/\/italiamachines.com\/boutique\/restaurant-snack-et-pizzeria\/four\/four-pour-pizzeria\/four-a-coupole-pour-pizzeria\/four-a-pizza-electrique-a-deux-chambres-pour-4-pizzas-chaque-chambre-avec-support-et-hotte-par-resto-italia\/#breadcrumb\"},\"inLanguage\":\"fr-FR\",\"potentialAction\":[{\"@type\":\"ReadAction\",\"target\":[\"https:\/\/italiamachines.com\/boutique\/restaurant-snack-et-pizzeria\/four\/four-pour-pizzeria\/four-a-coupole-pour-pizzeria\/four-a-pizza-electrique-a-deux-chambres-pour-4-pizzas-chaque-chambre-avec-support-et-hotte-par-resto-italia\/\"]}]},{\"@type\":\"ImageObject\",\"inLanguage\":\"fr-FR\",\"@id\":\"https:\/\/italiamachines.com\/boutique\/restaurant-snack-et-pizzeria\/four\/four-pour-pizzeria\/four-a-coupole-pour-pizzeria\/four-a-pizza-electrique-a-deux-chambres-pour-4-pizzas-chaque-chambre-avec-support-et-hotte-par-resto-italia\/#primaryimage\",\"url\":\"https:\/\/italiamachines.com\/wp-content\/uploads\/2023\/07\/START4_44.jpg\",\"contentUrl\":\"https:\/\/italiamachines.com\/wp-content\/uploads\/2023\/07\/START4_44.jpg\",\"width\":600,\"height\":427},{\"@type\":\"BreadcrumbList\",\"@id\":\"https:\/\/italiamachines.com\/boutique\/restaurant-snack-et-pizzeria\/four\/four-pour-pizzeria\/four-a-coupole-pour-pizzeria\/four-a-pizza-electrique-a-deux-chambres-pour-4-pizzas-chaque-chambre-avec-support-et-hotte-par-resto-italia\/#breadcrumb\",\"itemListElement\":[{\"@type\":\"ListItem\",\"position\":1,\"name\":\"Accueil\",\"item\":\"https:\/\/italiamachines.com\/fr_fr\/\"},{\"@type\":\"ListItem\",\"position\":2,\"name\":\"Boutique\",\"item\":\"https:\/\/italiamachines.com\/boutique\/\"},{\"@type\":\"ListItem\",\"position\":3,\"name\":\"Four \u00e0 pizza gaz | \u00e9lectrique &#8211; par Empero | RestoItalia\"}]},{\"@type\":\"WebSite\",\"@id\":\"https:\/\/italiamachines.com\/#website\",\"url\":\"https:\/\/italiamachines.com\/\",\"name\":\"Italia Machines\",\"description\":\"L&#039;art de l&#039;\u00e9quipement HORECA\",\"publisher\":{\"@id\":\"https:\/\/italiamachines.com\/#organization\"},\"potentialAction\":[{\"@type\":\"SearchAction\",\"target\":{\"@type\":\"EntryPoint\",\"urlTemplate\":\"https:\/\/italiamachines.com\/?s={search_term_string}\"},\"query-input\":{\"@type\":\"PropertyValueSpecification\",\"valueRequired\":true,\"valueName\":\"search_term_string\"}}],\"inLanguage\":\"fr-FR\"},{\"@type\":\"Organization\",\"@id\":\"https:\/\/italiamachines.com\/#organization\",\"name\":\"italiamachines\",\"url\":\"https:\/\/italiamachines.com\/\",\"logo\":{\"@type\":\"ImageObject\",\"inLanguage\":\"fr-FR\",\"@id\":\"https:\/\/italiamachines.com\/#\/schema\/logo\/image\/\",\"url\":\"https:\/\/italiamachines.com\/wp-content\/uploads\/2023\/08\/logo-web-1.png\",\"contentUrl\":\"https:\/\/italiamachines.com\/wp-content\/uploads\/2023\/08\/logo-web-1.png\",\"width\":977,\"height\":254,\"caption\":\"italiamachines\"},\"image\":{\"@id\":\"https:\/\/italiamachines.com\/#\/schema\/logo\/image\/\"},\"sameAs\":[\"https:\/\/web.facebook.com\/italiamachines\/\",\"https:\/\/www.instagram.com\/italia.machines\/\"]}]}<\/script>\n<!-- \/ Yoast SEO plugin. -->","yoast_head_json":{"title":"Four \u00e0 pizza gaz | \u00e9lectrique - par Empero | RestoItalia | Italia Machines","description":"four \u00e0 pizza professionnel con\u00e7u en conformit\u00e9 avec les normes de qualit\u00e9 et de s\u00e9curit\u00e9 italiennes.","robots":{"index":"index","follow":"follow","max-snippet":"max-snippet:-1","max-image-preview":"max-image-preview:large","max-video-preview":"max-video-preview:-1"},"canonical":"https:\/\/italiamachines.com\/fr_fr\/boutique\/restaurant-snack-et-pizzeria\/four\/four-pour-pizzeria\/four-a-coupole-pour-pizzeria\/four-a-pizza-electrique-a-deux-chambres-pour-4-pizzas-chaque-chambre-avec-support-et-hotte-par-resto-italia\/","og_locale":"fr_FR","og_type":"article","og_title":"Four \u00e0 pizza gaz | \u00e9lectrique - par Empero | RestoItalia | Italia Machines","og_description":"four \u00e0 pizza professionnel con\u00e7u en conformit\u00e9 avec les normes de qualit\u00e9 et de s\u00e9curit\u00e9 italiennes.","og_url":"https:\/\/italiamachines.com\/fr_fr\/boutique\/restaurant-snack-et-pizzeria\/four\/four-pour-pizzeria\/four-a-coupole-pour-pizzeria\/four-a-pizza-electrique-a-deux-chambres-pour-4-pizzas-chaque-chambre-avec-support-et-hotte-par-resto-italia\/","og_site_name":"Italia Machines","article_publisher":"https:\/\/web.facebook.com\/italiamachines\/","article_modified_time":"2025-04-15T22:14:00+00:00","og_image":[{"width":600,"height":427,"url":"https:\/\/italiamachines.com\/wp-content\/uploads\/2023\/07\/START4_44.jpg","type":"image\/jpeg"}],"twitter_card":"summary_large_image","twitter_misc":{"Dur\u00e9e de lecture estim\u00e9e":"1 minute"},"schema":{"@context":"https:\/\/schema.org","@graph":[{"@type":"WebPage","@id":"https:\/\/italiamachines.com\/boutique\/restaurant-snack-et-pizzeria\/four\/four-pour-pizzeria\/four-a-coupole-pour-pizzeria\/four-a-pizza-electrique-a-deux-chambres-pour-4-pizzas-chaque-chambre-avec-support-et-hotte-par-resto-italia\/","url":"https:\/\/italiamachines.com\/boutique\/restaurant-snack-et-pizzeria\/four\/four-pour-pizzeria\/four-a-coupole-pour-pizzeria\/four-a-pizza-electrique-a-deux-chambres-pour-4-pizzas-chaque-chambre-avec-support-et-hotte-par-resto-italia\/","name":"Four \u00e0 pizza gaz | \u00e9lectrique - par Empero | RestoItalia | Italia Machines","isPartOf":{"@id":"https:\/\/italiamachines.com\/#website"},"primaryImageOfPage":{"@id":"https:\/\/italiamachines.com\/boutique\/restaurant-snack-et-pizzeria\/four\/four-pour-pizzeria\/four-a-coupole-pour-pizzeria\/four-a-pizza-electrique-a-deux-chambres-pour-4-pizzas-chaque-chambre-avec-support-et-hotte-par-resto-italia\/#primaryimage"},"image":{"@id":"https:\/\/italiamachines.com\/boutique\/restaurant-snack-et-pizzeria\/four\/four-pour-pizzeria\/four-a-coupole-pour-pizzeria\/four-a-pizza-electrique-a-deux-chambres-pour-4-pizzas-chaque-chambre-avec-support-et-hotte-par-resto-italia\/#primaryimage"},"thumbnailUrl":"https:\/\/italiamachines.com\/wp-content\/uploads\/2023\/07\/START4_44.jpg","datePublished":"2023-07-30T04:28:33+00:00","dateModified":"2025-04-15T22:14:00+00:00","description":"four \u00e0 pizza professionnel con\u00e7u en conformit\u00e9 avec les normes de qualit\u00e9 et de s\u00e9curit\u00e9 italiennes.","breadcrumb":{"@id":"https:\/\/italiamachines.com\/boutique\/restaurant-snack-et-pizzeria\/four\/four-pour-pizzeria\/four-a-coupole-pour-pizzeria\/four-a-pizza-electrique-a-deux-chambres-pour-4-pizzas-chaque-chambre-avec-support-et-hotte-par-resto-italia\/#breadcrumb"},"inLanguage":"fr-FR","potentialAction":[{"@type":"ReadAction","target":["https:\/\/italiamachines.com\/boutique\/restaurant-snack-et-pizzeria\/four\/four-pour-pizzeria\/four-a-coupole-pour-pizzeria\/four-a-pizza-electrique-a-deux-chambres-pour-4-pizzas-chaque-chambre-avec-support-et-hotte-par-resto-italia\/"]}]},{"@type":"ImageObject","inLanguage":"fr-FR","@id":"https:\/\/italiamachines.com\/boutique\/restaurant-snack-et-pizzeria\/four\/four-pour-pizzeria\/four-a-coupole-pour-pizzeria\/four-a-pizza-electrique-a-deux-chambres-pour-4-pizzas-chaque-chambre-avec-support-et-hotte-par-resto-italia\/#primaryimage","url":"https:\/\/italiamachines.com\/wp-content\/uploads\/2023\/07\/START4_44.jpg","contentUrl":"https:\/\/italiamachines.com\/wp-content\/uploads\/2023\/07\/START4_44.jpg","width":600,"height":427},{"@type":"BreadcrumbList","@id":"https:\/\/italiamachines.com\/boutique\/restaurant-snack-et-pizzeria\/four\/four-pour-pizzeria\/four-a-coupole-pour-pizzeria\/four-a-pizza-electrique-a-deux-chambres-pour-4-pizzas-chaque-chambre-avec-support-et-hotte-par-resto-italia\/#breadcrumb","itemListElement":[{"@type":"ListItem","position":1,"name":"Accueil","item":"https:\/\/italiamachines.com\/fr_fr\/"},{"@type":"ListItem","position":2,"name":"Boutique","item":"https:\/\/italiamachines.com\/boutique\/"},{"@type":"ListItem","position":3,"name":"Four \u00e0 pizza gaz | \u00e9lectrique &#8211; par Empero | RestoItalia"}]},{"@type":"WebSite","@id":"https:\/\/italiamachines.com\/#website","url":"https:\/\/italiamachines.com\/","name":"Italia Machines","description":"L&#039;art de l&#039;\u00e9quipement HORECA","publisher":{"@id":"https:\/\/italiamachines.com\/#organization"},"potentialAction":[{"@type":"SearchAction","target":{"@type":"EntryPoint","urlTemplate":"https:\/\/italiamachines.com\/?s={search_term_string}"},"query-input":{"@type":"PropertyValueSpecification","valueRequired":true,"valueName":"search_term_string"}}],"inLanguage":"fr-FR"},{"@type":"Organization","@id":"https:\/\/italiamachines.com\/#organization","name":"italiamachines","url":"https:\/\/italiamachines.com\/","logo":{"@type":"ImageObject","inLanguage":"fr-FR","@id":"https:\/\/italiamachines.com\/#\/schema\/logo\/image\/","url":"https:\/\/italiamachines.com\/wp-content\/uploads\/2023\/08\/logo-web-1.png","contentUrl":"https:\/\/italiamachines.com\/wp-content\/uploads\/2023\/08\/logo-web-1.png","width":977,"height":254,"caption":"italiamachines"},"image":{"@id":"https:\/\/italiamachines.com\/#\/schema\/logo\/image\/"},"sameAs":["https:\/\/web.facebook.com\/italiamachines\/","https:\/\/www.instagram.com\/italia.machines\/"]}]}},"_links":{"self":[{"href":"https:\/\/italiamachines.com\/fr_fr\/wp-json\/wp\/v2\/product\/5328","targetHints":{"allow":["GET"]}}],"collection":[{"href":"https:\/\/italiamachines.com\/fr_fr\/wp-json\/wp\/v2\/product"}],"about":[{"href":"https:\/\/italiamachines.com\/fr_fr\/wp-json\/wp\/v2\/types\/product"}],"replies":[{"embeddable":true,"href":"https:\/\/italiamachines.com\/fr_fr\/wp-json\/wp\/v2\/comments?post=5328"}],"wp:featuredmedia":[{"embeddable":true,"href":"https:\/\/italiamachines.com\/fr_fr\/wp-json\/wp\/v2\/media\/5327"}],"wp:attachment":[{"href":"https:\/\/italiamachines.com\/fr_fr\/wp-json\/wp\/v2\/media?parent=5328"}],"wp:term":[{"taxonomy":"product_cat","embeddable":true,"href":"https:\/\/italiamachines.com\/fr_fr\/wp-json\/wp\/v2\/product_cat?post=5328"},{"taxonomy":"product_tag","embeddable":true,"href":"https:\/\/italiamachines.com\/fr_fr\/wp-json\/wp\/v2\/product_tag?post=5328"}],"curies":[{"name":"wp","href":"https:\/\/api.w.org\/{rel}","templated":true}]}}