{"id":5398,"date":"2023-07-30T04:36:52","date_gmt":"2023-07-30T04:36:52","guid":{"rendered":"https:\/\/prod.italiamachines.com\/product\/comptoir-refrigere-mastercool-acier-3-portes-dimensions-1870-x-600-x-850-920\/"},"modified":"2024-09-27T23:34:22","modified_gmt":"2024-09-27T21:34:22","slug":"comptoir-refrigere-mastercool-acier-3-portes-dimensions-1870-x-600-x-850-920","status":"publish","type":"product","link":"https:\/\/italiamachines.com\/fr_fr\/boutique\/boulangerie-et-patisserie\/patisserie\/froid-et-conservation-pour-patisserie\/comptoires-refrigerees-pour-patisserie\/comptoir-refrigere-mastercool-acier-3-portes-dimensions-1870-x-600-x-850-920\/","title":{"rendered":"Comptoir r\u00e9frig\u00e9r\u00e9 en acier inoxydable par Mastercool"},"content":{"rendered":"<p>\u00c9quipement polyvalent et efficace<br \/>\nId\u00e9al pour les cuisines professionnelles, restaurants, et entreprises de restauration<br \/>\nOption id\u00e9ale pour le stockage de divers produits alimentaires<br \/>\nMod\u00e8le ventil\u00e9<br \/>\nStructure en acier inoxydable AISI 304<br \/>\nPlan de travail en granit avec dosseret et sous-couche isolante<br \/>\nTemp\u00e9rature : 0 \/ + 10 C<br \/>\nTiroir neutre et r\u00e9frig\u00e9r\u00e9 fourni<br \/>\nGaz : R452<br \/>\nGuides en acier inoxydable \u201cL\u201d et \u201cZ\u201d * Dessus en acier inoxydable perfor\u00e9<br \/>\nDessus en acier inoxydable perfor\u00e9<br \/>\nTest \/ Humidit\u00e9 : C \/ RH + 43\/65%<\/p>\n","protected":false},"excerpt":{"rendered":"<p>\u00c9quipement polyvalent et efficace Id\u00e9al pour les cuisines professionnelles, restaurants, et entreprises de restauration Option id\u00e9ale pour le stockage de divers produits alimentaires Mod\u00e8le ventil\u00e9 Structure en acier inoxydable AISI 304 Plan de travail en granit avec dosseret et sous-couche isolante Temp\u00e9rature : 0 \/ + 10 C Tiroir neutre et r\u00e9frig\u00e9r\u00e9 fourni Gaz :&hellip;<\/p>\n","protected":false},"featured_media":5397,"comment_status":"open","ping_status":"closed","template":"","meta":[],"product_cat":[258,201,97],"product_tag":[],"class_list":{"0":"post-5398","1":"product","2":"type-product","3":"status-publish","4":"has-post-thumbnail","6":"product_cat-comptoires-refrigerees-pour-patisserie","7":"product_cat-froid-et-conservation-pour-patisserie","8":"product_cat-patisserie","9":"pa_serie-354","10":"pa_serie-54","11":"pa_serie-355","13":"first","14":"instock","15":"shipping-taxable","16":"purchasable","17":"product-type-variable","18":"col-xs-6 col-sm-4","19":"col-md-3 col-lg-3","20":"un-4-cols"},"yoast_head":"<!-- This site is optimized with the Yoast SEO plugin v26.6 - https:\/\/yoast.com\/wordpress\/plugins\/seo\/ -->\n<title>Comptoir r\u00e9frig\u00e9r\u00e9 en acier inoxydable par Mastercool | Italia Machines<\/title>\n<meta name=\"robots\" content=\"index, follow, max-snippet:-1, max-image-preview:large, max-video-preview:-1\" \/>\n<link rel=\"canonical\" href=\"https:\/\/italiamachines.com\/fr_fr\/boutique\/boulangerie-et-patisserie\/patisserie\/froid-et-conservation-pour-patisserie\/comptoires-refrigerees-pour-patisserie\/comptoir-refrigere-mastercool-acier-3-portes-dimensions-1870-x-600-x-850-920\/\" \/>\n<meta property=\"og:locale\" content=\"fr_FR\" \/>\n<meta property=\"og:type\" content=\"article\" \/>\n<meta property=\"og:title\" content=\"Comptoir r\u00e9frig\u00e9r\u00e9 en acier inoxydable par Mastercool | Italia Machines\" \/>\n<meta property=\"og:description\" content=\"\u00c9quipement polyvalent et efficace Id\u00e9al pour les cuisines professionnelles, restaurants, et entreprises de restauration Option id\u00e9ale pour le stockage de divers produits alimentaires Mod\u00e8le ventil\u00e9 Structure en acier inoxydable AISI 304 Plan de travail en granit avec dosseret et sous-couche isolante Temp\u00e9rature : 0 \/ + 10 C Tiroir neutre et r\u00e9frig\u00e9r\u00e9 fourni Gaz :&hellip;\" \/>\n<meta property=\"og:url\" content=\"https:\/\/italiamachines.com\/fr_fr\/boutique\/boulangerie-et-patisserie\/patisserie\/froid-et-conservation-pour-patisserie\/comptoires-refrigerees-pour-patisserie\/comptoir-refrigere-mastercool-acier-3-portes-dimensions-1870-x-600-x-850-920\/\" \/>\n<meta property=\"og:site_name\" content=\"Italia Machines\" \/>\n<meta property=\"article:publisher\" content=\"https:\/\/web.facebook.com\/italiamachines\/\" \/>\n<meta property=\"article:modified_time\" content=\"2024-09-27T21:34:22+00:00\" \/>\n<meta property=\"og:image\" content=\"https:\/\/italiamachines.com\/wp-content\/uploads\/2023\/07\/TF03MID601.png\" \/>\n\t<meta property=\"og:image:width\" content=\"1088\" \/>\n\t<meta property=\"og:image:height\" content=\"1088\" \/>\n\t<meta property=\"og:image:type\" content=\"image\/png\" \/>\n<meta name=\"twitter:card\" content=\"summary_large_image\" \/>\n<meta name=\"twitter:label1\" content=\"Dur\u00e9e de lecture estim\u00e9e\" \/>\n\t<meta name=\"twitter:data1\" content=\"1 minute\" \/>\n<script type=\"application\/ld+json\" class=\"yoast-schema-graph\">{\"@context\":\"https:\/\/schema.org\",\"@graph\":[{\"@type\":\"WebPage\",\"@id\":\"https:\/\/italiamachines.com\/boutique\/boulangerie-et-patisserie\/patisserie\/froid-et-conservation-pour-patisserie\/comptoires-refrigerees-pour-patisserie\/comptoir-refrigere-mastercool-acier-3-portes-dimensions-1870-x-600-x-850-920\/\",\"url\":\"https:\/\/italiamachines.com\/boutique\/boulangerie-et-patisserie\/patisserie\/froid-et-conservation-pour-patisserie\/comptoires-refrigerees-pour-patisserie\/comptoir-refrigere-mastercool-acier-3-portes-dimensions-1870-x-600-x-850-920\/\",\"name\":\"Comptoir r\u00e9frig\u00e9r\u00e9 en acier inoxydable par Mastercool | Italia Machines\",\"isPartOf\":{\"@id\":\"https:\/\/italiamachines.com\/#website\"},\"primaryImageOfPage\":{\"@id\":\"https:\/\/italiamachines.com\/boutique\/boulangerie-et-patisserie\/patisserie\/froid-et-conservation-pour-patisserie\/comptoires-refrigerees-pour-patisserie\/comptoir-refrigere-mastercool-acier-3-portes-dimensions-1870-x-600-x-850-920\/#primaryimage\"},\"image\":{\"@id\":\"https:\/\/italiamachines.com\/boutique\/boulangerie-et-patisserie\/patisserie\/froid-et-conservation-pour-patisserie\/comptoires-refrigerees-pour-patisserie\/comptoir-refrigere-mastercool-acier-3-portes-dimensions-1870-x-600-x-850-920\/#primaryimage\"},\"thumbnailUrl\":\"https:\/\/italiamachines.com\/wp-content\/uploads\/2023\/07\/TF03MID601.png\",\"datePublished\":\"2023-07-30T04:36:52+00:00\",\"dateModified\":\"2024-09-27T21:34:22+00:00\",\"breadcrumb\":{\"@id\":\"https:\/\/italiamachines.com\/boutique\/boulangerie-et-patisserie\/patisserie\/froid-et-conservation-pour-patisserie\/comptoires-refrigerees-pour-patisserie\/comptoir-refrigere-mastercool-acier-3-portes-dimensions-1870-x-600-x-850-920\/#breadcrumb\"},\"inLanguage\":\"fr-FR\",\"potentialAction\":[{\"@type\":\"ReadAction\",\"target\":[\"https:\/\/italiamachines.com\/boutique\/boulangerie-et-patisserie\/patisserie\/froid-et-conservation-pour-patisserie\/comptoires-refrigerees-pour-patisserie\/comptoir-refrigere-mastercool-acier-3-portes-dimensions-1870-x-600-x-850-920\/\"]}]},{\"@type\":\"ImageObject\",\"inLanguage\":\"fr-FR\",\"@id\":\"https:\/\/italiamachines.com\/boutique\/boulangerie-et-patisserie\/patisserie\/froid-et-conservation-pour-patisserie\/comptoires-refrigerees-pour-patisserie\/comptoir-refrigere-mastercool-acier-3-portes-dimensions-1870-x-600-x-850-920\/#primaryimage\",\"url\":\"https:\/\/italiamachines.com\/wp-content\/uploads\/2023\/07\/TF03MID601.png\",\"contentUrl\":\"https:\/\/italiamachines.com\/wp-content\/uploads\/2023\/07\/TF03MID601.png\",\"width\":1088,\"height\":1088},{\"@type\":\"BreadcrumbList\",\"@id\":\"https:\/\/italiamachines.com\/boutique\/boulangerie-et-patisserie\/patisserie\/froid-et-conservation-pour-patisserie\/comptoires-refrigerees-pour-patisserie\/comptoir-refrigere-mastercool-acier-3-portes-dimensions-1870-x-600-x-850-920\/#breadcrumb\",\"itemListElement\":[{\"@type\":\"ListItem\",\"position\":1,\"name\":\"Accueil\",\"item\":\"https:\/\/italiamachines.com\/fr_fr\/\"},{\"@type\":\"ListItem\",\"position\":2,\"name\":\"Boutique\",\"item\":\"https:\/\/italiamachines.com\/boutique\/\"},{\"@type\":\"ListItem\",\"position\":3,\"name\":\"Comptoir r\u00e9frig\u00e9r\u00e9 en acier inoxydable par Mastercool\"}]},{\"@type\":\"WebSite\",\"@id\":\"https:\/\/italiamachines.com\/#website\",\"url\":\"https:\/\/italiamachines.com\/\",\"name\":\"Italia Machines\",\"description\":\"L&#039;art de l&#039;\u00e9quipement HORECA\",\"publisher\":{\"@id\":\"https:\/\/italiamachines.com\/#organization\"},\"potentialAction\":[{\"@type\":\"SearchAction\",\"target\":{\"@type\":\"EntryPoint\",\"urlTemplate\":\"https:\/\/italiamachines.com\/?s={search_term_string}\"},\"query-input\":{\"@type\":\"PropertyValueSpecification\",\"valueRequired\":true,\"valueName\":\"search_term_string\"}}],\"inLanguage\":\"fr-FR\"},{\"@type\":\"Organization\",\"@id\":\"https:\/\/italiamachines.com\/#organization\",\"name\":\"italiamachines\",\"url\":\"https:\/\/italiamachines.com\/\",\"logo\":{\"@type\":\"ImageObject\",\"inLanguage\":\"fr-FR\",\"@id\":\"https:\/\/italiamachines.com\/#\/schema\/logo\/image\/\",\"url\":\"https:\/\/italiamachines.com\/wp-content\/uploads\/2023\/08\/logo-web-1.png\",\"contentUrl\":\"https:\/\/italiamachines.com\/wp-content\/uploads\/2023\/08\/logo-web-1.png\",\"width\":977,\"height\":254,\"caption\":\"italiamachines\"},\"image\":{\"@id\":\"https:\/\/italiamachines.com\/#\/schema\/logo\/image\/\"},\"sameAs\":[\"https:\/\/web.facebook.com\/italiamachines\/\",\"https:\/\/www.instagram.com\/italia.machines\/\"]}]}<\/script>\n<!-- \/ Yoast SEO plugin. -->","yoast_head_json":{"title":"Comptoir r\u00e9frig\u00e9r\u00e9 en acier inoxydable par Mastercool | Italia Machines","robots":{"index":"index","follow":"follow","max-snippet":"max-snippet:-1","max-image-preview":"max-image-preview:large","max-video-preview":"max-video-preview:-1"},"canonical":"https:\/\/italiamachines.com\/fr_fr\/boutique\/boulangerie-et-patisserie\/patisserie\/froid-et-conservation-pour-patisserie\/comptoires-refrigerees-pour-patisserie\/comptoir-refrigere-mastercool-acier-3-portes-dimensions-1870-x-600-x-850-920\/","og_locale":"fr_FR","og_type":"article","og_title":"Comptoir r\u00e9frig\u00e9r\u00e9 en acier inoxydable par Mastercool | Italia Machines","og_description":"\u00c9quipement polyvalent et efficace Id\u00e9al pour les cuisines professionnelles, restaurants, et entreprises de restauration Option id\u00e9ale pour le stockage de divers produits alimentaires Mod\u00e8le ventil\u00e9 Structure en acier inoxydable AISI 304 Plan de travail en granit avec dosseret et sous-couche isolante Temp\u00e9rature : 0 \/ + 10 C Tiroir neutre et r\u00e9frig\u00e9r\u00e9 fourni Gaz :&hellip;","og_url":"https:\/\/italiamachines.com\/fr_fr\/boutique\/boulangerie-et-patisserie\/patisserie\/froid-et-conservation-pour-patisserie\/comptoires-refrigerees-pour-patisserie\/comptoir-refrigere-mastercool-acier-3-portes-dimensions-1870-x-600-x-850-920\/","og_site_name":"Italia Machines","article_publisher":"https:\/\/web.facebook.com\/italiamachines\/","article_modified_time":"2024-09-27T21:34:22+00:00","og_image":[{"width":1088,"height":1088,"url":"https:\/\/italiamachines.com\/wp-content\/uploads\/2023\/07\/TF03MID601.png","type":"image\/png"}],"twitter_card":"summary_large_image","twitter_misc":{"Dur\u00e9e de lecture estim\u00e9e":"1 minute"},"schema":{"@context":"https:\/\/schema.org","@graph":[{"@type":"WebPage","@id":"https:\/\/italiamachines.com\/boutique\/boulangerie-et-patisserie\/patisserie\/froid-et-conservation-pour-patisserie\/comptoires-refrigerees-pour-patisserie\/comptoir-refrigere-mastercool-acier-3-portes-dimensions-1870-x-600-x-850-920\/","url":"https:\/\/italiamachines.com\/boutique\/boulangerie-et-patisserie\/patisserie\/froid-et-conservation-pour-patisserie\/comptoires-refrigerees-pour-patisserie\/comptoir-refrigere-mastercool-acier-3-portes-dimensions-1870-x-600-x-850-920\/","name":"Comptoir r\u00e9frig\u00e9r\u00e9 en acier inoxydable par Mastercool | Italia Machines","isPartOf":{"@id":"https:\/\/italiamachines.com\/#website"},"primaryImageOfPage":{"@id":"https:\/\/italiamachines.com\/boutique\/boulangerie-et-patisserie\/patisserie\/froid-et-conservation-pour-patisserie\/comptoires-refrigerees-pour-patisserie\/comptoir-refrigere-mastercool-acier-3-portes-dimensions-1870-x-600-x-850-920\/#primaryimage"},"image":{"@id":"https:\/\/italiamachines.com\/boutique\/boulangerie-et-patisserie\/patisserie\/froid-et-conservation-pour-patisserie\/comptoires-refrigerees-pour-patisserie\/comptoir-refrigere-mastercool-acier-3-portes-dimensions-1870-x-600-x-850-920\/#primaryimage"},"thumbnailUrl":"https:\/\/italiamachines.com\/wp-content\/uploads\/2023\/07\/TF03MID601.png","datePublished":"2023-07-30T04:36:52+00:00","dateModified":"2024-09-27T21:34:22+00:00","breadcrumb":{"@id":"https:\/\/italiamachines.com\/boutique\/boulangerie-et-patisserie\/patisserie\/froid-et-conservation-pour-patisserie\/comptoires-refrigerees-pour-patisserie\/comptoir-refrigere-mastercool-acier-3-portes-dimensions-1870-x-600-x-850-920\/#breadcrumb"},"inLanguage":"fr-FR","potentialAction":[{"@type":"ReadAction","target":["https:\/\/italiamachines.com\/boutique\/boulangerie-et-patisserie\/patisserie\/froid-et-conservation-pour-patisserie\/comptoires-refrigerees-pour-patisserie\/comptoir-refrigere-mastercool-acier-3-portes-dimensions-1870-x-600-x-850-920\/"]}]},{"@type":"ImageObject","inLanguage":"fr-FR","@id":"https:\/\/italiamachines.com\/boutique\/boulangerie-et-patisserie\/patisserie\/froid-et-conservation-pour-patisserie\/comptoires-refrigerees-pour-patisserie\/comptoir-refrigere-mastercool-acier-3-portes-dimensions-1870-x-600-x-850-920\/#primaryimage","url":"https:\/\/italiamachines.com\/wp-content\/uploads\/2023\/07\/TF03MID601.png","contentUrl":"https:\/\/italiamachines.com\/wp-content\/uploads\/2023\/07\/TF03MID601.png","width":1088,"height":1088},{"@type":"BreadcrumbList","@id":"https:\/\/italiamachines.com\/boutique\/boulangerie-et-patisserie\/patisserie\/froid-et-conservation-pour-patisserie\/comptoires-refrigerees-pour-patisserie\/comptoir-refrigere-mastercool-acier-3-portes-dimensions-1870-x-600-x-850-920\/#breadcrumb","itemListElement":[{"@type":"ListItem","position":1,"name":"Accueil","item":"https:\/\/italiamachines.com\/fr_fr\/"},{"@type":"ListItem","position":2,"name":"Boutique","item":"https:\/\/italiamachines.com\/boutique\/"},{"@type":"ListItem","position":3,"name":"Comptoir r\u00e9frig\u00e9r\u00e9 en acier inoxydable par Mastercool"}]},{"@type":"WebSite","@id":"https:\/\/italiamachines.com\/#website","url":"https:\/\/italiamachines.com\/","name":"Italia Machines","description":"L&#039;art de l&#039;\u00e9quipement HORECA","publisher":{"@id":"https:\/\/italiamachines.com\/#organization"},"potentialAction":[{"@type":"SearchAction","target":{"@type":"EntryPoint","urlTemplate":"https:\/\/italiamachines.com\/?s={search_term_string}"},"query-input":{"@type":"PropertyValueSpecification","valueRequired":true,"valueName":"search_term_string"}}],"inLanguage":"fr-FR"},{"@type":"Organization","@id":"https:\/\/italiamachines.com\/#organization","name":"italiamachines","url":"https:\/\/italiamachines.com\/","logo":{"@type":"ImageObject","inLanguage":"fr-FR","@id":"https:\/\/italiamachines.com\/#\/schema\/logo\/image\/","url":"https:\/\/italiamachines.com\/wp-content\/uploads\/2023\/08\/logo-web-1.png","contentUrl":"https:\/\/italiamachines.com\/wp-content\/uploads\/2023\/08\/logo-web-1.png","width":977,"height":254,"caption":"italiamachines"},"image":{"@id":"https:\/\/italiamachines.com\/#\/schema\/logo\/image\/"},"sameAs":["https:\/\/web.facebook.com\/italiamachines\/","https:\/\/www.instagram.com\/italia.machines\/"]}]}},"_links":{"self":[{"href":"https:\/\/italiamachines.com\/fr_fr\/wp-json\/wp\/v2\/product\/5398","targetHints":{"allow":["GET"]}}],"collection":[{"href":"https:\/\/italiamachines.com\/fr_fr\/wp-json\/wp\/v2\/product"}],"about":[{"href":"https:\/\/italiamachines.com\/fr_fr\/wp-json\/wp\/v2\/types\/product"}],"replies":[{"embeddable":true,"href":"https:\/\/italiamachines.com\/fr_fr\/wp-json\/wp\/v2\/comments?post=5398"}],"wp:featuredmedia":[{"embeddable":true,"href":"https:\/\/italiamachines.com\/fr_fr\/wp-json\/wp\/v2\/media\/5397"}],"wp:attachment":[{"href":"https:\/\/italiamachines.com\/fr_fr\/wp-json\/wp\/v2\/media?parent=5398"}],"wp:term":[{"taxonomy":"product_cat","embeddable":true,"href":"https:\/\/italiamachines.com\/fr_fr\/wp-json\/wp\/v2\/product_cat?post=5398"},{"taxonomy":"product_tag","embeddable":true,"href":"https:\/\/italiamachines.com\/fr_fr\/wp-json\/wp\/v2\/product_tag?post=5398"}],"curies":[{"name":"wp","href":"https:\/\/api.w.org\/{rel}","templated":true}]}}