{"id":5419,"date":"2023-07-30T04:38:39","date_gmt":"2023-07-30T04:38:39","guid":{"rendered":"https:\/\/prod.italiamachines.com\/product\/comptoir-refrigere-mastercool-gn1-1-en-acier-inoxydable-dimensions-1870-x-700-x-1150-1200-mm-2\/"},"modified":"2024-09-27T23:42:50","modified_gmt":"2024-09-27T21:42:50","slug":"comptoir-refrigere-mastercool-gn1-1-en-acier-inoxydable-dimensions-1870-x-700-x-1150-1200-mm-2","status":"publish","type":"product","link":"https:\/\/italiamachines.com\/fr_fr\/boutique\/boulangerie-et-patisserie\/patisserie\/froid-et-conservation-pour-patisserie\/comptoires-refrigerees-pour-patisserie\/comptoir-refrigere-mastercool-gn1-1-en-acier-inoxydable-dimensions-1870-x-700-x-1150-1200-mm-2\/","title":{"rendered":"Comptoir r\u00e9frig\u00e9r\u00e9 Mastercool GN1\/1 en acier inoxydable &#8211; Dimensions: 187 x 70 x 115\/120 cm"},"content":{"rendered":"<p>Dimensions LxPxH cm : 188x70x115\/102<br \/>\nInt\u00e9rieur et ext\u00e9rieur en acier inoxydable, sauf le fond ext\u00e9rieur en acier galvanis\u00e9.<br \/>\nPanneau de contr\u00f4le \u00e9lectronique frontal avec sonde NTC<br \/>\nGroupe \u00ab\u00a0monobloc\u00a0\u00bb standard extractible et tropicalis\u00e9<br \/>\nPieds en acier inoxydable r\u00e9glables en hauteur (110\/190)<br \/>\nPoids Kg : 142<br \/>\nCapacit\u00e9 lt : 460<br \/>\nPuissance W : 531<br \/>\nAlimentation V\/f\/Hz : 230\/1\/50<br \/>\n1 \u00e9tag\u00e8re en plastique Rilsan GN 1\/1 et 2 glissi\u00e8res en acier inoxydable \u00ab\u00a0L\u00a0\u00bb par porte<\/p>\n","protected":false},"excerpt":{"rendered":"<p>Dimensions LxPxH cm : 188x70x115\/102 Int\u00e9rieur et ext\u00e9rieur en acier inoxydable, sauf le fond ext\u00e9rieur en acier galvanis\u00e9. Panneau de contr\u00f4le \u00e9lectronique frontal avec sonde NTC Groupe \u00ab\u00a0monobloc\u00a0\u00bb standard extractible et tropicalis\u00e9 Pieds en acier inoxydable r\u00e9glables en hauteur (110\/190) Poids Kg : 142 Capacit\u00e9 lt : 460 Puissance W : 531 Alimentation V\/f\/Hz :&hellip;<\/p>\n","protected":false},"featured_media":6567,"comment_status":"closed","ping_status":"closed","template":"","meta":[],"product_cat":[258,201,97],"product_tag":[],"class_list":{"0":"post-5419","1":"product","2":"type-product","3":"status-publish","4":"has-post-thumbnail","6":"product_cat-comptoires-refrigerees-pour-patisserie","7":"product_cat-froid-et-conservation-pour-patisserie","8":"product_cat-patisserie","10":"first","11":"instock","12":"shipping-taxable","13":"purchasable","14":"product-type-simple","15":"col-xs-6 col-sm-4","16":"col-md-3 col-lg-3","17":"un-4-cols"},"yoast_head":"<!-- This site is optimized with the Yoast SEO plugin v26.6 - https:\/\/yoast.com\/wordpress\/plugins\/seo\/ -->\n<title>Comptoir r\u00e9frig\u00e9r\u00e9 Mastercool GN1\/1 en acier inoxydable - Dimensions: 187 x 70 x 115\/120 cm | Italia Machines<\/title>\n<meta name=\"robots\" content=\"index, follow, max-snippet:-1, max-image-preview:large, max-video-preview:-1\" \/>\n<link rel=\"canonical\" href=\"https:\/\/italiamachines.com\/fr_fr\/boutique\/boulangerie-et-patisserie\/patisserie\/froid-et-conservation-pour-patisserie\/comptoires-refrigerees-pour-patisserie\/comptoir-refrigere-mastercool-gn1-1-en-acier-inoxydable-dimensions-1870-x-700-x-1150-1200-mm-2\/\" \/>\n<meta property=\"og:locale\" content=\"fr_FR\" \/>\n<meta property=\"og:type\" content=\"article\" \/>\n<meta property=\"og:title\" content=\"Comptoir r\u00e9frig\u00e9r\u00e9 Mastercool GN1\/1 en acier inoxydable - Dimensions: 187 x 70 x 115\/120 cm | Italia Machines\" \/>\n<meta property=\"og:description\" content=\"Dimensions LxPxH cm : 188x70x115\/102 Int\u00e9rieur et ext\u00e9rieur en acier inoxydable, sauf le fond ext\u00e9rieur en acier galvanis\u00e9. Panneau de contr\u00f4le \u00e9lectronique frontal avec sonde NTC Groupe \u00ab\u00a0monobloc\u00a0\u00bb standard extractible et tropicalis\u00e9 Pieds en acier inoxydable r\u00e9glables en hauteur (110\/190) Poids Kg : 142 Capacit\u00e9 lt : 460 Puissance W : 531 Alimentation V\/f\/Hz :&hellip;\" \/>\n<meta property=\"og:url\" content=\"https:\/\/italiamachines.com\/fr_fr\/boutique\/boulangerie-et-patisserie\/patisserie\/froid-et-conservation-pour-patisserie\/comptoires-refrigerees-pour-patisserie\/comptoir-refrigere-mastercool-gn1-1-en-acier-inoxydable-dimensions-1870-x-700-x-1150-1200-mm-2\/\" \/>\n<meta property=\"og:site_name\" content=\"Italia Machines\" \/>\n<meta property=\"article:publisher\" content=\"https:\/\/web.facebook.com\/italiamachines\/\" \/>\n<meta property=\"article:modified_time\" content=\"2024-09-27T21:42:50+00:00\" \/>\n<meta property=\"og:image\" content=\"https:\/\/italiamachines.com\/wp-content\/uploads\/2023\/07\/048B5C52-1E2D-4834-99EA-A22713DB1BD8_4_5005_c-PhotoRoom.png-PhotoRoom.png\" \/>\n\t<meta property=\"og:image:width\" content=\"400\" \/>\n\t<meta property=\"og:image:height\" content=\"300\" \/>\n\t<meta property=\"og:image:type\" content=\"image\/png\" \/>\n<meta name=\"twitter:card\" content=\"summary_large_image\" \/>\n<meta name=\"twitter:label1\" content=\"Dur\u00e9e de lecture estim\u00e9e\" \/>\n\t<meta name=\"twitter:data1\" content=\"1 minute\" \/>\n<script type=\"application\/ld+json\" class=\"yoast-schema-graph\">{\"@context\":\"https:\/\/schema.org\",\"@graph\":[{\"@type\":\"WebPage\",\"@id\":\"https:\/\/italiamachines.com\/boutique\/boulangerie-et-patisserie\/patisserie\/froid-et-conservation-pour-patisserie\/comptoires-refrigerees-pour-patisserie\/comptoir-refrigere-mastercool-gn1-1-en-acier-inoxydable-dimensions-1870-x-700-x-1150-1200-mm-2\/\",\"url\":\"https:\/\/italiamachines.com\/boutique\/boulangerie-et-patisserie\/patisserie\/froid-et-conservation-pour-patisserie\/comptoires-refrigerees-pour-patisserie\/comptoir-refrigere-mastercool-gn1-1-en-acier-inoxydable-dimensions-1870-x-700-x-1150-1200-mm-2\/\",\"name\":\"Comptoir r\u00e9frig\u00e9r\u00e9 Mastercool GN1\/1 en acier inoxydable - Dimensions: 187 x 70 x 115\/120 cm | Italia Machines\",\"isPartOf\":{\"@id\":\"https:\/\/italiamachines.com\/#website\"},\"primaryImageOfPage\":{\"@id\":\"https:\/\/italiamachines.com\/boutique\/boulangerie-et-patisserie\/patisserie\/froid-et-conservation-pour-patisserie\/comptoires-refrigerees-pour-patisserie\/comptoir-refrigere-mastercool-gn1-1-en-acier-inoxydable-dimensions-1870-x-700-x-1150-1200-mm-2\/#primaryimage\"},\"image\":{\"@id\":\"https:\/\/italiamachines.com\/boutique\/boulangerie-et-patisserie\/patisserie\/froid-et-conservation-pour-patisserie\/comptoires-refrigerees-pour-patisserie\/comptoir-refrigere-mastercool-gn1-1-en-acier-inoxydable-dimensions-1870-x-700-x-1150-1200-mm-2\/#primaryimage\"},\"thumbnailUrl\":\"https:\/\/italiamachines.com\/wp-content\/uploads\/2023\/07\/048B5C52-1E2D-4834-99EA-A22713DB1BD8_4_5005_c-PhotoRoom.png-PhotoRoom.png\",\"datePublished\":\"2023-07-30T04:38:39+00:00\",\"dateModified\":\"2024-09-27T21:42:50+00:00\",\"breadcrumb\":{\"@id\":\"https:\/\/italiamachines.com\/boutique\/boulangerie-et-patisserie\/patisserie\/froid-et-conservation-pour-patisserie\/comptoires-refrigerees-pour-patisserie\/comptoir-refrigere-mastercool-gn1-1-en-acier-inoxydable-dimensions-1870-x-700-x-1150-1200-mm-2\/#breadcrumb\"},\"inLanguage\":\"fr-FR\",\"potentialAction\":[{\"@type\":\"ReadAction\",\"target\":[\"https:\/\/italiamachines.com\/boutique\/boulangerie-et-patisserie\/patisserie\/froid-et-conservation-pour-patisserie\/comptoires-refrigerees-pour-patisserie\/comptoir-refrigere-mastercool-gn1-1-en-acier-inoxydable-dimensions-1870-x-700-x-1150-1200-mm-2\/\"]}]},{\"@type\":\"ImageObject\",\"inLanguage\":\"fr-FR\",\"@id\":\"https:\/\/italiamachines.com\/boutique\/boulangerie-et-patisserie\/patisserie\/froid-et-conservation-pour-patisserie\/comptoires-refrigerees-pour-patisserie\/comptoir-refrigere-mastercool-gn1-1-en-acier-inoxydable-dimensions-1870-x-700-x-1150-1200-mm-2\/#primaryimage\",\"url\":\"https:\/\/italiamachines.com\/wp-content\/uploads\/2023\/07\/048B5C52-1E2D-4834-99EA-A22713DB1BD8_4_5005_c-PhotoRoom.png-PhotoRoom.png\",\"contentUrl\":\"https:\/\/italiamachines.com\/wp-content\/uploads\/2023\/07\/048B5C52-1E2D-4834-99EA-A22713DB1BD8_4_5005_c-PhotoRoom.png-PhotoRoom.png\",\"width\":400,\"height\":300},{\"@type\":\"BreadcrumbList\",\"@id\":\"https:\/\/italiamachines.com\/boutique\/boulangerie-et-patisserie\/patisserie\/froid-et-conservation-pour-patisserie\/comptoires-refrigerees-pour-patisserie\/comptoir-refrigere-mastercool-gn1-1-en-acier-inoxydable-dimensions-1870-x-700-x-1150-1200-mm-2\/#breadcrumb\",\"itemListElement\":[{\"@type\":\"ListItem\",\"position\":1,\"name\":\"Accueil\",\"item\":\"https:\/\/italiamachines.com\/fr_fr\/\"},{\"@type\":\"ListItem\",\"position\":2,\"name\":\"Boutique\",\"item\":\"https:\/\/italiamachines.com\/boutique\/\"},{\"@type\":\"ListItem\",\"position\":3,\"name\":\"Comptoir r\u00e9frig\u00e9r\u00e9 Mastercool GN1\/1 en acier inoxydable &#8211; Dimensions: 187 x 70 x 115\/120 cm\"}]},{\"@type\":\"WebSite\",\"@id\":\"https:\/\/italiamachines.com\/#website\",\"url\":\"https:\/\/italiamachines.com\/\",\"name\":\"Italia Machines\",\"description\":\"L&#039;art de l&#039;\u00e9quipement HORECA\",\"publisher\":{\"@id\":\"https:\/\/italiamachines.com\/#organization\"},\"potentialAction\":[{\"@type\":\"SearchAction\",\"target\":{\"@type\":\"EntryPoint\",\"urlTemplate\":\"https:\/\/italiamachines.com\/?s={search_term_string}\"},\"query-input\":{\"@type\":\"PropertyValueSpecification\",\"valueRequired\":true,\"valueName\":\"search_term_string\"}}],\"inLanguage\":\"fr-FR\"},{\"@type\":\"Organization\",\"@id\":\"https:\/\/italiamachines.com\/#organization\",\"name\":\"italiamachines\",\"url\":\"https:\/\/italiamachines.com\/\",\"logo\":{\"@type\":\"ImageObject\",\"inLanguage\":\"fr-FR\",\"@id\":\"https:\/\/italiamachines.com\/#\/schema\/logo\/image\/\",\"url\":\"https:\/\/italiamachines.com\/wp-content\/uploads\/2023\/08\/logo-web-1.png\",\"contentUrl\":\"https:\/\/italiamachines.com\/wp-content\/uploads\/2023\/08\/logo-web-1.png\",\"width\":977,\"height\":254,\"caption\":\"italiamachines\"},\"image\":{\"@id\":\"https:\/\/italiamachines.com\/#\/schema\/logo\/image\/\"},\"sameAs\":[\"https:\/\/web.facebook.com\/italiamachines\/\",\"https:\/\/www.instagram.com\/italia.machines\/\"]}]}<\/script>\n<!-- \/ Yoast SEO plugin. -->","yoast_head_json":{"title":"Comptoir r\u00e9frig\u00e9r\u00e9 Mastercool GN1\/1 en acier inoxydable - Dimensions: 187 x 70 x 115\/120 cm | Italia Machines","robots":{"index":"index","follow":"follow","max-snippet":"max-snippet:-1","max-image-preview":"max-image-preview:large","max-video-preview":"max-video-preview:-1"},"canonical":"https:\/\/italiamachines.com\/fr_fr\/boutique\/boulangerie-et-patisserie\/patisserie\/froid-et-conservation-pour-patisserie\/comptoires-refrigerees-pour-patisserie\/comptoir-refrigere-mastercool-gn1-1-en-acier-inoxydable-dimensions-1870-x-700-x-1150-1200-mm-2\/","og_locale":"fr_FR","og_type":"article","og_title":"Comptoir r\u00e9frig\u00e9r\u00e9 Mastercool GN1\/1 en acier inoxydable - Dimensions: 187 x 70 x 115\/120 cm | Italia Machines","og_description":"Dimensions LxPxH cm : 188x70x115\/102 Int\u00e9rieur et ext\u00e9rieur en acier inoxydable, sauf le fond ext\u00e9rieur en acier galvanis\u00e9. Panneau de contr\u00f4le \u00e9lectronique frontal avec sonde NTC Groupe \u00ab\u00a0monobloc\u00a0\u00bb standard extractible et tropicalis\u00e9 Pieds en acier inoxydable r\u00e9glables en hauteur (110\/190) Poids Kg : 142 Capacit\u00e9 lt : 460 Puissance W : 531 Alimentation V\/f\/Hz :&hellip;","og_url":"https:\/\/italiamachines.com\/fr_fr\/boutique\/boulangerie-et-patisserie\/patisserie\/froid-et-conservation-pour-patisserie\/comptoires-refrigerees-pour-patisserie\/comptoir-refrigere-mastercool-gn1-1-en-acier-inoxydable-dimensions-1870-x-700-x-1150-1200-mm-2\/","og_site_name":"Italia Machines","article_publisher":"https:\/\/web.facebook.com\/italiamachines\/","article_modified_time":"2024-09-27T21:42:50+00:00","og_image":[{"width":400,"height":300,"url":"https:\/\/italiamachines.com\/wp-content\/uploads\/2023\/07\/048B5C52-1E2D-4834-99EA-A22713DB1BD8_4_5005_c-PhotoRoom.png-PhotoRoom.png","type":"image\/png"}],"twitter_card":"summary_large_image","twitter_misc":{"Dur\u00e9e de lecture estim\u00e9e":"1 minute"},"schema":{"@context":"https:\/\/schema.org","@graph":[{"@type":"WebPage","@id":"https:\/\/italiamachines.com\/boutique\/boulangerie-et-patisserie\/patisserie\/froid-et-conservation-pour-patisserie\/comptoires-refrigerees-pour-patisserie\/comptoir-refrigere-mastercool-gn1-1-en-acier-inoxydable-dimensions-1870-x-700-x-1150-1200-mm-2\/","url":"https:\/\/italiamachines.com\/boutique\/boulangerie-et-patisserie\/patisserie\/froid-et-conservation-pour-patisserie\/comptoires-refrigerees-pour-patisserie\/comptoir-refrigere-mastercool-gn1-1-en-acier-inoxydable-dimensions-1870-x-700-x-1150-1200-mm-2\/","name":"Comptoir r\u00e9frig\u00e9r\u00e9 Mastercool GN1\/1 en acier inoxydable - Dimensions: 187 x 70 x 115\/120 cm | Italia Machines","isPartOf":{"@id":"https:\/\/italiamachines.com\/#website"},"primaryImageOfPage":{"@id":"https:\/\/italiamachines.com\/boutique\/boulangerie-et-patisserie\/patisserie\/froid-et-conservation-pour-patisserie\/comptoires-refrigerees-pour-patisserie\/comptoir-refrigere-mastercool-gn1-1-en-acier-inoxydable-dimensions-1870-x-700-x-1150-1200-mm-2\/#primaryimage"},"image":{"@id":"https:\/\/italiamachines.com\/boutique\/boulangerie-et-patisserie\/patisserie\/froid-et-conservation-pour-patisserie\/comptoires-refrigerees-pour-patisserie\/comptoir-refrigere-mastercool-gn1-1-en-acier-inoxydable-dimensions-1870-x-700-x-1150-1200-mm-2\/#primaryimage"},"thumbnailUrl":"https:\/\/italiamachines.com\/wp-content\/uploads\/2023\/07\/048B5C52-1E2D-4834-99EA-A22713DB1BD8_4_5005_c-PhotoRoom.png-PhotoRoom.png","datePublished":"2023-07-30T04:38:39+00:00","dateModified":"2024-09-27T21:42:50+00:00","breadcrumb":{"@id":"https:\/\/italiamachines.com\/boutique\/boulangerie-et-patisserie\/patisserie\/froid-et-conservation-pour-patisserie\/comptoires-refrigerees-pour-patisserie\/comptoir-refrigere-mastercool-gn1-1-en-acier-inoxydable-dimensions-1870-x-700-x-1150-1200-mm-2\/#breadcrumb"},"inLanguage":"fr-FR","potentialAction":[{"@type":"ReadAction","target":["https:\/\/italiamachines.com\/boutique\/boulangerie-et-patisserie\/patisserie\/froid-et-conservation-pour-patisserie\/comptoires-refrigerees-pour-patisserie\/comptoir-refrigere-mastercool-gn1-1-en-acier-inoxydable-dimensions-1870-x-700-x-1150-1200-mm-2\/"]}]},{"@type":"ImageObject","inLanguage":"fr-FR","@id":"https:\/\/italiamachines.com\/boutique\/boulangerie-et-patisserie\/patisserie\/froid-et-conservation-pour-patisserie\/comptoires-refrigerees-pour-patisserie\/comptoir-refrigere-mastercool-gn1-1-en-acier-inoxydable-dimensions-1870-x-700-x-1150-1200-mm-2\/#primaryimage","url":"https:\/\/italiamachines.com\/wp-content\/uploads\/2023\/07\/048B5C52-1E2D-4834-99EA-A22713DB1BD8_4_5005_c-PhotoRoom.png-PhotoRoom.png","contentUrl":"https:\/\/italiamachines.com\/wp-content\/uploads\/2023\/07\/048B5C52-1E2D-4834-99EA-A22713DB1BD8_4_5005_c-PhotoRoom.png-PhotoRoom.png","width":400,"height":300},{"@type":"BreadcrumbList","@id":"https:\/\/italiamachines.com\/boutique\/boulangerie-et-patisserie\/patisserie\/froid-et-conservation-pour-patisserie\/comptoires-refrigerees-pour-patisserie\/comptoir-refrigere-mastercool-gn1-1-en-acier-inoxydable-dimensions-1870-x-700-x-1150-1200-mm-2\/#breadcrumb","itemListElement":[{"@type":"ListItem","position":1,"name":"Accueil","item":"https:\/\/italiamachines.com\/fr_fr\/"},{"@type":"ListItem","position":2,"name":"Boutique","item":"https:\/\/italiamachines.com\/boutique\/"},{"@type":"ListItem","position":3,"name":"Comptoir r\u00e9frig\u00e9r\u00e9 Mastercool GN1\/1 en acier inoxydable &#8211; Dimensions: 187 x 70 x 115\/120 cm"}]},{"@type":"WebSite","@id":"https:\/\/italiamachines.com\/#website","url":"https:\/\/italiamachines.com\/","name":"Italia Machines","description":"L&#039;art de l&#039;\u00e9quipement HORECA","publisher":{"@id":"https:\/\/italiamachines.com\/#organization"},"potentialAction":[{"@type":"SearchAction","target":{"@type":"EntryPoint","urlTemplate":"https:\/\/italiamachines.com\/?s={search_term_string}"},"query-input":{"@type":"PropertyValueSpecification","valueRequired":true,"valueName":"search_term_string"}}],"inLanguage":"fr-FR"},{"@type":"Organization","@id":"https:\/\/italiamachines.com\/#organization","name":"italiamachines","url":"https:\/\/italiamachines.com\/","logo":{"@type":"ImageObject","inLanguage":"fr-FR","@id":"https:\/\/italiamachines.com\/#\/schema\/logo\/image\/","url":"https:\/\/italiamachines.com\/wp-content\/uploads\/2023\/08\/logo-web-1.png","contentUrl":"https:\/\/italiamachines.com\/wp-content\/uploads\/2023\/08\/logo-web-1.png","width":977,"height":254,"caption":"italiamachines"},"image":{"@id":"https:\/\/italiamachines.com\/#\/schema\/logo\/image\/"},"sameAs":["https:\/\/web.facebook.com\/italiamachines\/","https:\/\/www.instagram.com\/italia.machines\/"]}]}},"_links":{"self":[{"href":"https:\/\/italiamachines.com\/fr_fr\/wp-json\/wp\/v2\/product\/5419","targetHints":{"allow":["GET"]}}],"collection":[{"href":"https:\/\/italiamachines.com\/fr_fr\/wp-json\/wp\/v2\/product"}],"about":[{"href":"https:\/\/italiamachines.com\/fr_fr\/wp-json\/wp\/v2\/types\/product"}],"replies":[{"embeddable":true,"href":"https:\/\/italiamachines.com\/fr_fr\/wp-json\/wp\/v2\/comments?post=5419"}],"wp:featuredmedia":[{"embeddable":true,"href":"https:\/\/italiamachines.com\/fr_fr\/wp-json\/wp\/v2\/media\/6567"}],"wp:attachment":[{"href":"https:\/\/italiamachines.com\/fr_fr\/wp-json\/wp\/v2\/media?parent=5419"}],"wp:term":[{"taxonomy":"product_cat","embeddable":true,"href":"https:\/\/italiamachines.com\/fr_fr\/wp-json\/wp\/v2\/product_cat?post=5419"},{"taxonomy":"product_tag","embeddable":true,"href":"https:\/\/italiamachines.com\/fr_fr\/wp-json\/wp\/v2\/product_tag?post=5419"}],"curies":[{"name":"wp","href":"https:\/\/api.w.org\/{rel}","templated":true}]}}