{"id":5429,"date":"2023-07-30T04:39:47","date_gmt":"2023-07-30T04:39:47","guid":{"rendered":"https:\/\/prod.italiamachines.com\/product\/thermo-a-lait-infrico\/"},"modified":"2024-10-01T00:24:14","modified_gmt":"2024-09-30T22:24:14","slug":"thermo-a-lait-infrico","status":"publish","type":"product","link":"https:\/\/italiamachines.com\/fr_fr\/boutique\/accessoires\/thermo-a-lait-infrico\/","title":{"rendered":"Thermo \u00e0 lait &#8211; par Infrico"},"content":{"rendered":"<p>Seau construit enti\u00e8rement en acier inoxydable, id\u00e9al pour le lait, chocolat, soupe, th\u00e9, caf\u00e9, etc.<br \/>\nLe robinet est r\u00e9glable en deux positions.<br \/>\nChauffage \u00e9lectrique par r\u00e9sistance, avec contr\u00f4le automatique de la temp\u00e9rature.<br \/>\nVissage r\u00e9servoir amovible, ce qui rend le nettoyage de la chaleur est relativement facile.<br \/>\nFacile \u00e0 nettoyer.<\/p>\n<p>Capacit\u00e9: 6 Litre<br \/>\nPoids: 10 kilos<br \/>\nPuissanc:e 1500 W<br \/>\nThermostat fixe<br \/>\nDimensions (largeur x profondeur x hauteur): 260x260x460 mm<br \/>\nDimensions totales (y compris le couvercle et robinet): 260x360x500 mm<\/p>\n","protected":false},"excerpt":{"rendered":"<p>Seau construit enti\u00e8rement en acier inoxydable, id\u00e9al pour le lait, chocolat, soupe, th\u00e9, caf\u00e9, etc. Le robinet est r\u00e9glable en deux positions. Chauffage \u00e9lectrique par r\u00e9sistance, avec contr\u00f4le automatique de la temp\u00e9rature. Vissage r\u00e9servoir amovible, ce qui rend le nettoyage de la chaleur est relativement facile. Facile \u00e0 nettoyer. Capacit\u00e9: 6 Litre Poids: 10 kilos&hellip;<\/p>\n","protected":false},"featured_media":5428,"comment_status":"open","ping_status":"closed","template":"","meta":[],"product_cat":[57],"product_tag":[],"class_list":{"0":"post-5429","1":"product","2":"type-product","3":"status-publish","4":"has-post-thumbnail","6":"product_cat-accessoires","8":"first","9":"instock","10":"shipping-taxable","11":"purchasable","12":"product-type-simple","13":"col-xs-6 col-sm-4","14":"col-md-3 col-lg-3","15":"un-4-cols"},"yoast_head":"<!-- This site is optimized with the Yoast SEO plugin v26.6 - https:\/\/yoast.com\/wordpress\/plugins\/seo\/ -->\n<title>Thermo \u00e0 lait - par Infrico | Italia Machines<\/title>\n<meta name=\"robots\" content=\"index, follow, max-snippet:-1, max-image-preview:large, max-video-preview:-1\" \/>\n<link rel=\"canonical\" href=\"https:\/\/italiamachines.com\/fr_fr\/boutique\/accessoires\/thermo-a-lait-infrico\/\" \/>\n<meta property=\"og:locale\" content=\"fr_FR\" \/>\n<meta property=\"og:type\" content=\"article\" \/>\n<meta property=\"og:title\" content=\"Thermo \u00e0 lait - par Infrico | Italia Machines\" \/>\n<meta property=\"og:description\" content=\"Seau construit enti\u00e8rement en acier inoxydable, id\u00e9al pour le lait, chocolat, soupe, th\u00e9, caf\u00e9, etc. Le robinet est r\u00e9glable en deux positions. Chauffage \u00e9lectrique par r\u00e9sistance, avec contr\u00f4le automatique de la temp\u00e9rature. Vissage r\u00e9servoir amovible, ce qui rend le nettoyage de la chaleur est relativement facile. Facile \u00e0 nettoyer. Capacit\u00e9: 6 Litre Poids: 10 kilos&hellip;\" \/>\n<meta property=\"og:url\" content=\"https:\/\/italiamachines.com\/fr_fr\/boutique\/accessoires\/thermo-a-lait-infrico\/\" \/>\n<meta property=\"og:site_name\" content=\"Italia Machines\" \/>\n<meta property=\"article:publisher\" content=\"https:\/\/web.facebook.com\/italiamachines\/\" \/>\n<meta property=\"article:modified_time\" content=\"2024-09-30T22:24:14+00:00\" \/>\n<meta property=\"og:image\" content=\"https:\/\/italiamachines.com\/wp-content\/uploads\/2023\/07\/TL-1.jpg\" \/>\n\t<meta property=\"og:image:width\" content=\"458\" \/>\n\t<meta property=\"og:image:height\" content=\"458\" \/>\n\t<meta property=\"og:image:type\" content=\"image\/jpeg\" \/>\n<meta name=\"twitter:card\" content=\"summary_large_image\" \/>\n<meta name=\"twitter:label1\" content=\"Dur\u00e9e de lecture estim\u00e9e\" \/>\n\t<meta name=\"twitter:data1\" content=\"1 minute\" \/>\n<script type=\"application\/ld+json\" class=\"yoast-schema-graph\">{\"@context\":\"https:\/\/schema.org\",\"@graph\":[{\"@type\":\"WebPage\",\"@id\":\"https:\/\/italiamachines.com\/boutique\/accessoires\/thermo-a-lait-infrico\/\",\"url\":\"https:\/\/italiamachines.com\/boutique\/accessoires\/thermo-a-lait-infrico\/\",\"name\":\"Thermo \u00e0 lait - par Infrico | Italia Machines\",\"isPartOf\":{\"@id\":\"https:\/\/italiamachines.com\/#website\"},\"primaryImageOfPage\":{\"@id\":\"https:\/\/italiamachines.com\/boutique\/accessoires\/thermo-a-lait-infrico\/#primaryimage\"},\"image\":{\"@id\":\"https:\/\/italiamachines.com\/boutique\/accessoires\/thermo-a-lait-infrico\/#primaryimage\"},\"thumbnailUrl\":\"https:\/\/italiamachines.com\/wp-content\/uploads\/2023\/07\/TL-1.jpg\",\"datePublished\":\"2023-07-30T04:39:47+00:00\",\"dateModified\":\"2024-09-30T22:24:14+00:00\",\"breadcrumb\":{\"@id\":\"https:\/\/italiamachines.com\/boutique\/accessoires\/thermo-a-lait-infrico\/#breadcrumb\"},\"inLanguage\":\"fr-FR\",\"potentialAction\":[{\"@type\":\"ReadAction\",\"target\":[\"https:\/\/italiamachines.com\/boutique\/accessoires\/thermo-a-lait-infrico\/\"]}]},{\"@type\":\"ImageObject\",\"inLanguage\":\"fr-FR\",\"@id\":\"https:\/\/italiamachines.com\/boutique\/accessoires\/thermo-a-lait-infrico\/#primaryimage\",\"url\":\"https:\/\/italiamachines.com\/wp-content\/uploads\/2023\/07\/TL-1.jpg\",\"contentUrl\":\"https:\/\/italiamachines.com\/wp-content\/uploads\/2023\/07\/TL-1.jpg\",\"width\":458,\"height\":458},{\"@type\":\"BreadcrumbList\",\"@id\":\"https:\/\/italiamachines.com\/boutique\/accessoires\/thermo-a-lait-infrico\/#breadcrumb\",\"itemListElement\":[{\"@type\":\"ListItem\",\"position\":1,\"name\":\"Accueil\",\"item\":\"https:\/\/italiamachines.com\/fr_fr\/\"},{\"@type\":\"ListItem\",\"position\":2,\"name\":\"Boutique\",\"item\":\"https:\/\/italiamachines.com\/boutique\/\"},{\"@type\":\"ListItem\",\"position\":3,\"name\":\"Thermo \u00e0 lait &#8211; par Infrico\"}]},{\"@type\":\"WebSite\",\"@id\":\"https:\/\/italiamachines.com\/#website\",\"url\":\"https:\/\/italiamachines.com\/\",\"name\":\"Italia Machines\",\"description\":\"L&#039;art de l&#039;\u00e9quipement HORECA\",\"publisher\":{\"@id\":\"https:\/\/italiamachines.com\/#organization\"},\"potentialAction\":[{\"@type\":\"SearchAction\",\"target\":{\"@type\":\"EntryPoint\",\"urlTemplate\":\"https:\/\/italiamachines.com\/?s={search_term_string}\"},\"query-input\":{\"@type\":\"PropertyValueSpecification\",\"valueRequired\":true,\"valueName\":\"search_term_string\"}}],\"inLanguage\":\"fr-FR\"},{\"@type\":\"Organization\",\"@id\":\"https:\/\/italiamachines.com\/#organization\",\"name\":\"italiamachines\",\"url\":\"https:\/\/italiamachines.com\/\",\"logo\":{\"@type\":\"ImageObject\",\"inLanguage\":\"fr-FR\",\"@id\":\"https:\/\/italiamachines.com\/#\/schema\/logo\/image\/\",\"url\":\"https:\/\/italiamachines.com\/wp-content\/uploads\/2023\/08\/logo-web-1.png\",\"contentUrl\":\"https:\/\/italiamachines.com\/wp-content\/uploads\/2023\/08\/logo-web-1.png\",\"width\":977,\"height\":254,\"caption\":\"italiamachines\"},\"image\":{\"@id\":\"https:\/\/italiamachines.com\/#\/schema\/logo\/image\/\"},\"sameAs\":[\"https:\/\/web.facebook.com\/italiamachines\/\",\"https:\/\/www.instagram.com\/italia.machines\/\"]}]}<\/script>\n<!-- \/ Yoast SEO plugin. -->","yoast_head_json":{"title":"Thermo \u00e0 lait - par Infrico | Italia Machines","robots":{"index":"index","follow":"follow","max-snippet":"max-snippet:-1","max-image-preview":"max-image-preview:large","max-video-preview":"max-video-preview:-1"},"canonical":"https:\/\/italiamachines.com\/fr_fr\/boutique\/accessoires\/thermo-a-lait-infrico\/","og_locale":"fr_FR","og_type":"article","og_title":"Thermo \u00e0 lait - par Infrico | Italia Machines","og_description":"Seau construit enti\u00e8rement en acier inoxydable, id\u00e9al pour le lait, chocolat, soupe, th\u00e9, caf\u00e9, etc. Le robinet est r\u00e9glable en deux positions. Chauffage \u00e9lectrique par r\u00e9sistance, avec contr\u00f4le automatique de la temp\u00e9rature. Vissage r\u00e9servoir amovible, ce qui rend le nettoyage de la chaleur est relativement facile. Facile \u00e0 nettoyer. Capacit\u00e9: 6 Litre Poids: 10 kilos&hellip;","og_url":"https:\/\/italiamachines.com\/fr_fr\/boutique\/accessoires\/thermo-a-lait-infrico\/","og_site_name":"Italia Machines","article_publisher":"https:\/\/web.facebook.com\/italiamachines\/","article_modified_time":"2024-09-30T22:24:14+00:00","og_image":[{"width":458,"height":458,"url":"https:\/\/italiamachines.com\/wp-content\/uploads\/2023\/07\/TL-1.jpg","type":"image\/jpeg"}],"twitter_card":"summary_large_image","twitter_misc":{"Dur\u00e9e de lecture estim\u00e9e":"1 minute"},"schema":{"@context":"https:\/\/schema.org","@graph":[{"@type":"WebPage","@id":"https:\/\/italiamachines.com\/boutique\/accessoires\/thermo-a-lait-infrico\/","url":"https:\/\/italiamachines.com\/boutique\/accessoires\/thermo-a-lait-infrico\/","name":"Thermo \u00e0 lait - par Infrico | Italia Machines","isPartOf":{"@id":"https:\/\/italiamachines.com\/#website"},"primaryImageOfPage":{"@id":"https:\/\/italiamachines.com\/boutique\/accessoires\/thermo-a-lait-infrico\/#primaryimage"},"image":{"@id":"https:\/\/italiamachines.com\/boutique\/accessoires\/thermo-a-lait-infrico\/#primaryimage"},"thumbnailUrl":"https:\/\/italiamachines.com\/wp-content\/uploads\/2023\/07\/TL-1.jpg","datePublished":"2023-07-30T04:39:47+00:00","dateModified":"2024-09-30T22:24:14+00:00","breadcrumb":{"@id":"https:\/\/italiamachines.com\/boutique\/accessoires\/thermo-a-lait-infrico\/#breadcrumb"},"inLanguage":"fr-FR","potentialAction":[{"@type":"ReadAction","target":["https:\/\/italiamachines.com\/boutique\/accessoires\/thermo-a-lait-infrico\/"]}]},{"@type":"ImageObject","inLanguage":"fr-FR","@id":"https:\/\/italiamachines.com\/boutique\/accessoires\/thermo-a-lait-infrico\/#primaryimage","url":"https:\/\/italiamachines.com\/wp-content\/uploads\/2023\/07\/TL-1.jpg","contentUrl":"https:\/\/italiamachines.com\/wp-content\/uploads\/2023\/07\/TL-1.jpg","width":458,"height":458},{"@type":"BreadcrumbList","@id":"https:\/\/italiamachines.com\/boutique\/accessoires\/thermo-a-lait-infrico\/#breadcrumb","itemListElement":[{"@type":"ListItem","position":1,"name":"Accueil","item":"https:\/\/italiamachines.com\/fr_fr\/"},{"@type":"ListItem","position":2,"name":"Boutique","item":"https:\/\/italiamachines.com\/boutique\/"},{"@type":"ListItem","position":3,"name":"Thermo \u00e0 lait &#8211; par Infrico"}]},{"@type":"WebSite","@id":"https:\/\/italiamachines.com\/#website","url":"https:\/\/italiamachines.com\/","name":"Italia Machines","description":"L&#039;art de l&#039;\u00e9quipement HORECA","publisher":{"@id":"https:\/\/italiamachines.com\/#organization"},"potentialAction":[{"@type":"SearchAction","target":{"@type":"EntryPoint","urlTemplate":"https:\/\/italiamachines.com\/?s={search_term_string}"},"query-input":{"@type":"PropertyValueSpecification","valueRequired":true,"valueName":"search_term_string"}}],"inLanguage":"fr-FR"},{"@type":"Organization","@id":"https:\/\/italiamachines.com\/#organization","name":"italiamachines","url":"https:\/\/italiamachines.com\/","logo":{"@type":"ImageObject","inLanguage":"fr-FR","@id":"https:\/\/italiamachines.com\/#\/schema\/logo\/image\/","url":"https:\/\/italiamachines.com\/wp-content\/uploads\/2023\/08\/logo-web-1.png","contentUrl":"https:\/\/italiamachines.com\/wp-content\/uploads\/2023\/08\/logo-web-1.png","width":977,"height":254,"caption":"italiamachines"},"image":{"@id":"https:\/\/italiamachines.com\/#\/schema\/logo\/image\/"},"sameAs":["https:\/\/web.facebook.com\/italiamachines\/","https:\/\/www.instagram.com\/italia.machines\/"]}]}},"_links":{"self":[{"href":"https:\/\/italiamachines.com\/fr_fr\/wp-json\/wp\/v2\/product\/5429","targetHints":{"allow":["GET"]}}],"collection":[{"href":"https:\/\/italiamachines.com\/fr_fr\/wp-json\/wp\/v2\/product"}],"about":[{"href":"https:\/\/italiamachines.com\/fr_fr\/wp-json\/wp\/v2\/types\/product"}],"replies":[{"embeddable":true,"href":"https:\/\/italiamachines.com\/fr_fr\/wp-json\/wp\/v2\/comments?post=5429"}],"wp:featuredmedia":[{"embeddable":true,"href":"https:\/\/italiamachines.com\/fr_fr\/wp-json\/wp\/v2\/media\/5428"}],"wp:attachment":[{"href":"https:\/\/italiamachines.com\/fr_fr\/wp-json\/wp\/v2\/media?parent=5429"}],"wp:term":[{"taxonomy":"product_cat","embeddable":true,"href":"https:\/\/italiamachines.com\/fr_fr\/wp-json\/wp\/v2\/product_cat?post=5429"},{"taxonomy":"product_tag","embeddable":true,"href":"https:\/\/italiamachines.com\/fr_fr\/wp-json\/wp\/v2\/product_tag?post=5429"}],"curies":[{"name":"wp","href":"https:\/\/api.w.org\/{rel}","templated":true}]}}