{"id":5439,"date":"2023-07-30T04:40:42","date_gmt":"2023-07-30T04:40:42","guid":{"rendered":"https:\/\/prod.italiamachines.com\/product\/table-de-travail-en-inox-avec-etagere-dimensions-1800-x-700-x-860-mm-par-tecnodom-italie\/"},"modified":"2024-10-01T00:16:14","modified_gmt":"2024-09-30T22:16:14","slug":"table-de-travail-en-inox-avec-etagere-par-tecnodom-italie","status":"publish","type":"product","link":"https:\/\/italiamachines.com\/fr_fr\/boutique\/restaurant-snack-et-pizzeria\/table-neutre\/table-de-travail-en-inox-avec-etagere-par-tecnodom-italie\/","title":{"rendered":"Table de travail en acier inoxydable avec \u00e9tag\u00e8re &#8211; par Tecnodom"},"content":{"rendered":"<p>Fabriqu\u00e9 enti\u00e8rement en acier inoxydable 18\/10 AISI 304.<br \/>\nPlan de travail d&rsquo;une \u00e9paisseur minimale de 15\/10 et renfort central sous le plateau renforc\u00e9 par des om\u00e9gas.<br \/>\nLe diam\u00e8tre des pieds ronds est d&rsquo;environ 50 mm.<br \/>\nPieds r\u00e9glables avec une amplitude de 5 cm.<br \/>\nReflet semi-brillant.<br \/>\nDimension : L x70x85cm (LxLxH)<\/p>\n","protected":false},"excerpt":{"rendered":"<p>Fabriqu\u00e9 enti\u00e8rement en acier inoxydable 18\/10 AISI 304. Plan de travail d&rsquo;une \u00e9paisseur minimale de 15\/10 et renfort central sous le plateau renforc\u00e9 par des om\u00e9gas. Le diam\u00e8tre des pieds ronds est d&rsquo;environ 50 mm. Pieds r\u00e9glables avec une amplitude de 5 cm. Reflet semi-brillant. Dimension : L x70x85cm (LxLxH)<\/p>\n","protected":false},"featured_media":6301,"comment_status":"open","ping_status":"closed","template":"","meta":[],"product_cat":[112,130],"product_tag":[],"class_list":{"0":"post-5439","1":"product","2":"type-product","3":"status-publish","4":"has-post-thumbnail","6":"product_cat-restaurant-snack-et-pizzeria","7":"product_cat-table-neutre","9":"first","10":"instock","11":"shipping-taxable","12":"purchasable","13":"product-type-variable","14":"col-xs-6 col-sm-4","15":"col-md-3 col-lg-3","16":"un-4-cols"},"yoast_head":"<!-- This site is optimized with the Yoast SEO plugin v26.6 - https:\/\/yoast.com\/wordpress\/plugins\/seo\/ -->\n<title>Table de travail en acier inoxydable avec \u00e9tag\u00e8re - par Tecnodom | Italia Machines<\/title>\n<meta name=\"robots\" content=\"index, follow, max-snippet:-1, max-image-preview:large, max-video-preview:-1\" \/>\n<link rel=\"canonical\" href=\"https:\/\/italiamachines.com\/fr_fr\/boutique\/restaurant-snack-et-pizzeria\/table-neutre\/table-de-travail-en-inox-avec-etagere-par-tecnodom-italie\/\" \/>\n<meta property=\"og:locale\" content=\"fr_FR\" \/>\n<meta property=\"og:type\" content=\"article\" \/>\n<meta property=\"og:title\" content=\"Table de travail en acier inoxydable avec \u00e9tag\u00e8re - par Tecnodom | Italia Machines\" \/>\n<meta property=\"og:description\" content=\"Fabriqu\u00e9 enti\u00e8rement en acier inoxydable 18\/10 AISI 304. Plan de travail d&rsquo;une \u00e9paisseur minimale de 15\/10 et renfort central sous le plateau renforc\u00e9 par des om\u00e9gas. Le diam\u00e8tre des pieds ronds est d&rsquo;environ 50 mm. Pieds r\u00e9glables avec une amplitude de 5 cm. Reflet semi-brillant. Dimension : L x70x85cm (LxLxH)\" \/>\n<meta property=\"og:url\" content=\"https:\/\/italiamachines.com\/fr_fr\/boutique\/restaurant-snack-et-pizzeria\/table-neutre\/table-de-travail-en-inox-avec-etagere-par-tecnodom-italie\/\" \/>\n<meta property=\"og:site_name\" content=\"Italia Machines\" \/>\n<meta property=\"article:publisher\" content=\"https:\/\/web.facebook.com\/italiamachines\/\" \/>\n<meta property=\"article:modified_time\" content=\"2024-09-30T22:16:14+00:00\" \/>\n<meta property=\"og:image\" content=\"https:\/\/italiamachines.com\/wp-content\/uploads\/2023\/07\/C593D3F5-1EFC-4395-B6DA-15A6F153B9F9-removebg-preview.png\" \/>\n\t<meta property=\"og:image:width\" content=\"500\" \/>\n\t<meta property=\"og:image:height\" content=\"500\" \/>\n\t<meta property=\"og:image:type\" content=\"image\/png\" \/>\n<meta name=\"twitter:card\" content=\"summary_large_image\" \/>\n<meta name=\"twitter:label1\" content=\"Dur\u00e9e de lecture estim\u00e9e\" \/>\n\t<meta name=\"twitter:data1\" content=\"1 minute\" \/>\n<script type=\"application\/ld+json\" class=\"yoast-schema-graph\">{\"@context\":\"https:\/\/schema.org\",\"@graph\":[{\"@type\":\"WebPage\",\"@id\":\"https:\/\/italiamachines.com\/boutique\/restaurant-snack-et-pizzeria\/table-neutre\/table-de-travail-en-inox-avec-etagere-par-tecnodom-italie\/\",\"url\":\"https:\/\/italiamachines.com\/boutique\/restaurant-snack-et-pizzeria\/table-neutre\/table-de-travail-en-inox-avec-etagere-par-tecnodom-italie\/\",\"name\":\"Table de travail en acier inoxydable avec \u00e9tag\u00e8re - par Tecnodom | Italia Machines\",\"isPartOf\":{\"@id\":\"https:\/\/italiamachines.com\/#website\"},\"primaryImageOfPage\":{\"@id\":\"https:\/\/italiamachines.com\/boutique\/restaurant-snack-et-pizzeria\/table-neutre\/table-de-travail-en-inox-avec-etagere-par-tecnodom-italie\/#primaryimage\"},\"image\":{\"@id\":\"https:\/\/italiamachines.com\/boutique\/restaurant-snack-et-pizzeria\/table-neutre\/table-de-travail-en-inox-avec-etagere-par-tecnodom-italie\/#primaryimage\"},\"thumbnailUrl\":\"https:\/\/italiamachines.com\/wp-content\/uploads\/2023\/07\/C593D3F5-1EFC-4395-B6DA-15A6F153B9F9-removebg-preview.png\",\"datePublished\":\"2023-07-30T04:40:42+00:00\",\"dateModified\":\"2024-09-30T22:16:14+00:00\",\"breadcrumb\":{\"@id\":\"https:\/\/italiamachines.com\/boutique\/restaurant-snack-et-pizzeria\/table-neutre\/table-de-travail-en-inox-avec-etagere-par-tecnodom-italie\/#breadcrumb\"},\"inLanguage\":\"fr-FR\",\"potentialAction\":[{\"@type\":\"ReadAction\",\"target\":[\"https:\/\/italiamachines.com\/boutique\/restaurant-snack-et-pizzeria\/table-neutre\/table-de-travail-en-inox-avec-etagere-par-tecnodom-italie\/\"]}]},{\"@type\":\"ImageObject\",\"inLanguage\":\"fr-FR\",\"@id\":\"https:\/\/italiamachines.com\/boutique\/restaurant-snack-et-pizzeria\/table-neutre\/table-de-travail-en-inox-avec-etagere-par-tecnodom-italie\/#primaryimage\",\"url\":\"https:\/\/italiamachines.com\/wp-content\/uploads\/2023\/07\/C593D3F5-1EFC-4395-B6DA-15A6F153B9F9-removebg-preview.png\",\"contentUrl\":\"https:\/\/italiamachines.com\/wp-content\/uploads\/2023\/07\/C593D3F5-1EFC-4395-B6DA-15A6F153B9F9-removebg-preview.png\",\"width\":500,\"height\":500},{\"@type\":\"BreadcrumbList\",\"@id\":\"https:\/\/italiamachines.com\/boutique\/restaurant-snack-et-pizzeria\/table-neutre\/table-de-travail-en-inox-avec-etagere-par-tecnodom-italie\/#breadcrumb\",\"itemListElement\":[{\"@type\":\"ListItem\",\"position\":1,\"name\":\"Accueil\",\"item\":\"https:\/\/italiamachines.com\/fr_fr\/\"},{\"@type\":\"ListItem\",\"position\":2,\"name\":\"Boutique\",\"item\":\"https:\/\/italiamachines.com\/boutique\/\"},{\"@type\":\"ListItem\",\"position\":3,\"name\":\"Table de travail en acier inoxydable avec \u00e9tag\u00e8re &#8211; par Tecnodom\"}]},{\"@type\":\"WebSite\",\"@id\":\"https:\/\/italiamachines.com\/#website\",\"url\":\"https:\/\/italiamachines.com\/\",\"name\":\"Italia Machines\",\"description\":\"L&#039;art de l&#039;\u00e9quipement HORECA\",\"publisher\":{\"@id\":\"https:\/\/italiamachines.com\/#organization\"},\"potentialAction\":[{\"@type\":\"SearchAction\",\"target\":{\"@type\":\"EntryPoint\",\"urlTemplate\":\"https:\/\/italiamachines.com\/?s={search_term_string}\"},\"query-input\":{\"@type\":\"PropertyValueSpecification\",\"valueRequired\":true,\"valueName\":\"search_term_string\"}}],\"inLanguage\":\"fr-FR\"},{\"@type\":\"Organization\",\"@id\":\"https:\/\/italiamachines.com\/#organization\",\"name\":\"italiamachines\",\"url\":\"https:\/\/italiamachines.com\/\",\"logo\":{\"@type\":\"ImageObject\",\"inLanguage\":\"fr-FR\",\"@id\":\"https:\/\/italiamachines.com\/#\/schema\/logo\/image\/\",\"url\":\"https:\/\/italiamachines.com\/wp-content\/uploads\/2023\/08\/logo-web-1.png\",\"contentUrl\":\"https:\/\/italiamachines.com\/wp-content\/uploads\/2023\/08\/logo-web-1.png\",\"width\":977,\"height\":254,\"caption\":\"italiamachines\"},\"image\":{\"@id\":\"https:\/\/italiamachines.com\/#\/schema\/logo\/image\/\"},\"sameAs\":[\"https:\/\/web.facebook.com\/italiamachines\/\",\"https:\/\/www.instagram.com\/italia.machines\/\"]}]}<\/script>\n<!-- \/ Yoast SEO plugin. -->","yoast_head_json":{"title":"Table de travail en acier inoxydable avec \u00e9tag\u00e8re - par Tecnodom | Italia Machines","robots":{"index":"index","follow":"follow","max-snippet":"max-snippet:-1","max-image-preview":"max-image-preview:large","max-video-preview":"max-video-preview:-1"},"canonical":"https:\/\/italiamachines.com\/fr_fr\/boutique\/restaurant-snack-et-pizzeria\/table-neutre\/table-de-travail-en-inox-avec-etagere-par-tecnodom-italie\/","og_locale":"fr_FR","og_type":"article","og_title":"Table de travail en acier inoxydable avec \u00e9tag\u00e8re - par Tecnodom | Italia Machines","og_description":"Fabriqu\u00e9 enti\u00e8rement en acier inoxydable 18\/10 AISI 304. Plan de travail d&rsquo;une \u00e9paisseur minimale de 15\/10 et renfort central sous le plateau renforc\u00e9 par des om\u00e9gas. Le diam\u00e8tre des pieds ronds est d&rsquo;environ 50 mm. Pieds r\u00e9glables avec une amplitude de 5 cm. Reflet semi-brillant. Dimension : L x70x85cm (LxLxH)","og_url":"https:\/\/italiamachines.com\/fr_fr\/boutique\/restaurant-snack-et-pizzeria\/table-neutre\/table-de-travail-en-inox-avec-etagere-par-tecnodom-italie\/","og_site_name":"Italia Machines","article_publisher":"https:\/\/web.facebook.com\/italiamachines\/","article_modified_time":"2024-09-30T22:16:14+00:00","og_image":[{"width":500,"height":500,"url":"https:\/\/italiamachines.com\/wp-content\/uploads\/2023\/07\/C593D3F5-1EFC-4395-B6DA-15A6F153B9F9-removebg-preview.png","type":"image\/png"}],"twitter_card":"summary_large_image","twitter_misc":{"Dur\u00e9e de lecture estim\u00e9e":"1 minute"},"schema":{"@context":"https:\/\/schema.org","@graph":[{"@type":"WebPage","@id":"https:\/\/italiamachines.com\/boutique\/restaurant-snack-et-pizzeria\/table-neutre\/table-de-travail-en-inox-avec-etagere-par-tecnodom-italie\/","url":"https:\/\/italiamachines.com\/boutique\/restaurant-snack-et-pizzeria\/table-neutre\/table-de-travail-en-inox-avec-etagere-par-tecnodom-italie\/","name":"Table de travail en acier inoxydable avec \u00e9tag\u00e8re - par Tecnodom | Italia Machines","isPartOf":{"@id":"https:\/\/italiamachines.com\/#website"},"primaryImageOfPage":{"@id":"https:\/\/italiamachines.com\/boutique\/restaurant-snack-et-pizzeria\/table-neutre\/table-de-travail-en-inox-avec-etagere-par-tecnodom-italie\/#primaryimage"},"image":{"@id":"https:\/\/italiamachines.com\/boutique\/restaurant-snack-et-pizzeria\/table-neutre\/table-de-travail-en-inox-avec-etagere-par-tecnodom-italie\/#primaryimage"},"thumbnailUrl":"https:\/\/italiamachines.com\/wp-content\/uploads\/2023\/07\/C593D3F5-1EFC-4395-B6DA-15A6F153B9F9-removebg-preview.png","datePublished":"2023-07-30T04:40:42+00:00","dateModified":"2024-09-30T22:16:14+00:00","breadcrumb":{"@id":"https:\/\/italiamachines.com\/boutique\/restaurant-snack-et-pizzeria\/table-neutre\/table-de-travail-en-inox-avec-etagere-par-tecnodom-italie\/#breadcrumb"},"inLanguage":"fr-FR","potentialAction":[{"@type":"ReadAction","target":["https:\/\/italiamachines.com\/boutique\/restaurant-snack-et-pizzeria\/table-neutre\/table-de-travail-en-inox-avec-etagere-par-tecnodom-italie\/"]}]},{"@type":"ImageObject","inLanguage":"fr-FR","@id":"https:\/\/italiamachines.com\/boutique\/restaurant-snack-et-pizzeria\/table-neutre\/table-de-travail-en-inox-avec-etagere-par-tecnodom-italie\/#primaryimage","url":"https:\/\/italiamachines.com\/wp-content\/uploads\/2023\/07\/C593D3F5-1EFC-4395-B6DA-15A6F153B9F9-removebg-preview.png","contentUrl":"https:\/\/italiamachines.com\/wp-content\/uploads\/2023\/07\/C593D3F5-1EFC-4395-B6DA-15A6F153B9F9-removebg-preview.png","width":500,"height":500},{"@type":"BreadcrumbList","@id":"https:\/\/italiamachines.com\/boutique\/restaurant-snack-et-pizzeria\/table-neutre\/table-de-travail-en-inox-avec-etagere-par-tecnodom-italie\/#breadcrumb","itemListElement":[{"@type":"ListItem","position":1,"name":"Accueil","item":"https:\/\/italiamachines.com\/fr_fr\/"},{"@type":"ListItem","position":2,"name":"Boutique","item":"https:\/\/italiamachines.com\/boutique\/"},{"@type":"ListItem","position":3,"name":"Table de travail en acier inoxydable avec \u00e9tag\u00e8re &#8211; par Tecnodom"}]},{"@type":"WebSite","@id":"https:\/\/italiamachines.com\/#website","url":"https:\/\/italiamachines.com\/","name":"Italia Machines","description":"L&#039;art de l&#039;\u00e9quipement HORECA","publisher":{"@id":"https:\/\/italiamachines.com\/#organization"},"potentialAction":[{"@type":"SearchAction","target":{"@type":"EntryPoint","urlTemplate":"https:\/\/italiamachines.com\/?s={search_term_string}"},"query-input":{"@type":"PropertyValueSpecification","valueRequired":true,"valueName":"search_term_string"}}],"inLanguage":"fr-FR"},{"@type":"Organization","@id":"https:\/\/italiamachines.com\/#organization","name":"italiamachines","url":"https:\/\/italiamachines.com\/","logo":{"@type":"ImageObject","inLanguage":"fr-FR","@id":"https:\/\/italiamachines.com\/#\/schema\/logo\/image\/","url":"https:\/\/italiamachines.com\/wp-content\/uploads\/2023\/08\/logo-web-1.png","contentUrl":"https:\/\/italiamachines.com\/wp-content\/uploads\/2023\/08\/logo-web-1.png","width":977,"height":254,"caption":"italiamachines"},"image":{"@id":"https:\/\/italiamachines.com\/#\/schema\/logo\/image\/"},"sameAs":["https:\/\/web.facebook.com\/italiamachines\/","https:\/\/www.instagram.com\/italia.machines\/"]}]}},"_links":{"self":[{"href":"https:\/\/italiamachines.com\/fr_fr\/wp-json\/wp\/v2\/product\/5439","targetHints":{"allow":["GET"]}}],"collection":[{"href":"https:\/\/italiamachines.com\/fr_fr\/wp-json\/wp\/v2\/product"}],"about":[{"href":"https:\/\/italiamachines.com\/fr_fr\/wp-json\/wp\/v2\/types\/product"}],"replies":[{"embeddable":true,"href":"https:\/\/italiamachines.com\/fr_fr\/wp-json\/wp\/v2\/comments?post=5439"}],"wp:featuredmedia":[{"embeddable":true,"href":"https:\/\/italiamachines.com\/fr_fr\/wp-json\/wp\/v2\/media\/6301"}],"wp:attachment":[{"href":"https:\/\/italiamachines.com\/fr_fr\/wp-json\/wp\/v2\/media?parent=5439"}],"wp:term":[{"taxonomy":"product_cat","embeddable":true,"href":"https:\/\/italiamachines.com\/fr_fr\/wp-json\/wp\/v2\/product_cat?post=5439"},{"taxonomy":"product_tag","embeddable":true,"href":"https:\/\/italiamachines.com\/fr_fr\/wp-json\/wp\/v2\/product_tag?post=5439"}],"curies":[{"name":"wp","href":"https:\/\/api.w.org\/{rel}","templated":true}]}}