{"id":5468,"date":"2023-07-30T04:43:11","date_gmt":"2023-07-30T04:43:11","guid":{"rendered":"https:\/\/prod.italiamachines.com\/product\/hachoir-32-par-gam-minerva-a-220v\/"},"modified":"2024-09-28T22:06:16","modified_gmt":"2024-09-28T20:06:16","slug":"hachoir-32-par-gam-minerva-a-220v","status":"publish","type":"product","link":"https:\/\/italiamachines.com\/fr_fr\/boutique\/boucherie\/hachoir-a-viandes\/hachoir-32-par-gam-minerva-a-220v\/","title":{"rendered":"Hachoir 32 &#8211; 220V &#8211; par GamMinerva"},"content":{"rendered":"<p>Structure en alliage moul\u00e9 avec rev\u00eatement en acier inoxydable<br \/>\nMoteur auto-ventil\u00e9 pour une utilisation intermittente<br \/>\nQuatre engrenages en acier tremp\u00e9 enferm\u00e9s dans un r\u00e9ducteur \u00e0 bain d&rsquo;huile<br \/>\nTr\u00e9mie et bac de r\u00e9cup\u00e9ration de la viande en acier inoxydable<br \/>\nEn option, micron avec gorge d&rsquo;entr\u00e9e plus large et micron de s\u00e9curit\u00e9<br \/>\nUnit\u00e9 de broyage en acier inoxydable d\u00e9brayable par rotation d&rsquo;un levier<br \/>\nDimensions : 470 x 300 x 450 mm : 470 x 300 x 450 mm<br \/>\nPoids : 44 kg<br \/>\nPuissance nominale : 1850 W<br \/>\nAlimentation \u00e9lectrique : 230 V (monophas\u00e9) ou 380 V (triphas\u00e9)<\/p>\n","protected":false},"excerpt":{"rendered":"<p>Structure en alliage moul\u00e9 avec rev\u00eatement en acier inoxydable Moteur auto-ventil\u00e9 pour une utilisation intermittente Quatre engrenages en acier tremp\u00e9 enferm\u00e9s dans un r\u00e9ducteur \u00e0 bain d&rsquo;huile Tr\u00e9mie et bac de r\u00e9cup\u00e9ration de la viande en acier inoxydable En option, micron avec gorge d&rsquo;entr\u00e9e plus large et micron de s\u00e9curit\u00e9 Unit\u00e9 de broyage en acier&hellip;<\/p>\n","protected":false},"featured_media":5467,"comment_status":"open","ping_status":"closed","template":"","meta":[],"product_cat":[63,81],"product_tag":[],"class_list":{"0":"post-5468","1":"product","2":"type-product","3":"status-publish","4":"has-post-thumbnail","6":"product_cat-boucherie","7":"product_cat-hachoir-a-viandes","9":"first","10":"instock","11":"shipping-taxable","12":"purchasable","13":"product-type-simple","14":"col-xs-6 col-sm-4","15":"col-md-3 col-lg-3","16":"un-4-cols"},"yoast_head":"<!-- This site is optimized with the Yoast SEO plugin v26.6 - https:\/\/yoast.com\/wordpress\/plugins\/seo\/ -->\n<title>Hachoir 32 - 220V - par GamMinerva | Italia Machines<\/title>\n<meta name=\"robots\" content=\"index, follow, max-snippet:-1, max-image-preview:large, max-video-preview:-1\" \/>\n<link rel=\"canonical\" href=\"https:\/\/italiamachines.com\/fr_fr\/boutique\/boucherie\/hachoir-a-viandes\/hachoir-32-par-gam-minerva-a-220v\/\" \/>\n<meta property=\"og:locale\" content=\"fr_FR\" \/>\n<meta property=\"og:type\" content=\"article\" \/>\n<meta property=\"og:title\" content=\"Hachoir 32 - 220V - par GamMinerva | Italia Machines\" \/>\n<meta property=\"og:description\" content=\"Structure en alliage moul\u00e9 avec rev\u00eatement en acier inoxydable Moteur auto-ventil\u00e9 pour une utilisation intermittente Quatre engrenages en acier tremp\u00e9 enferm\u00e9s dans un r\u00e9ducteur \u00e0 bain d&rsquo;huile Tr\u00e9mie et bac de r\u00e9cup\u00e9ration de la viande en acier inoxydable En option, micron avec gorge d&rsquo;entr\u00e9e plus large et micron de s\u00e9curit\u00e9 Unit\u00e9 de broyage en acier&hellip;\" \/>\n<meta property=\"og:url\" content=\"https:\/\/italiamachines.com\/fr_fr\/boutique\/boucherie\/hachoir-a-viandes\/hachoir-32-par-gam-minerva-a-220v\/\" \/>\n<meta property=\"og:site_name\" content=\"Italia Machines\" \/>\n<meta property=\"article:publisher\" content=\"https:\/\/web.facebook.com\/italiamachines\/\" \/>\n<meta property=\"article:modified_time\" content=\"2024-09-28T20:06:16+00:00\" \/>\n<meta property=\"og:image\" content=\"https:\/\/italiamachines.com\/wp-content\/uploads\/2023\/07\/TRIEVO32ETR230.jpeg\" \/>\n\t<meta property=\"og:image:width\" content=\"800\" \/>\n\t<meta property=\"og:image:height\" content=\"800\" \/>\n\t<meta property=\"og:image:type\" content=\"image\/jpeg\" \/>\n<meta name=\"twitter:card\" content=\"summary_large_image\" \/>\n<meta name=\"twitter:label1\" content=\"Dur\u00e9e de lecture estim\u00e9e\" \/>\n\t<meta name=\"twitter:data1\" content=\"1 minute\" \/>\n<script type=\"application\/ld+json\" class=\"yoast-schema-graph\">{\"@context\":\"https:\/\/schema.org\",\"@graph\":[{\"@type\":\"WebPage\",\"@id\":\"https:\/\/italiamachines.com\/boutique\/boucherie\/hachoir-a-viandes\/hachoir-32-par-gam-minerva-a-220v\/\",\"url\":\"https:\/\/italiamachines.com\/boutique\/boucherie\/hachoir-a-viandes\/hachoir-32-par-gam-minerva-a-220v\/\",\"name\":\"Hachoir 32 - 220V - par GamMinerva | Italia Machines\",\"isPartOf\":{\"@id\":\"https:\/\/italiamachines.com\/#website\"},\"primaryImageOfPage\":{\"@id\":\"https:\/\/italiamachines.com\/boutique\/boucherie\/hachoir-a-viandes\/hachoir-32-par-gam-minerva-a-220v\/#primaryimage\"},\"image\":{\"@id\":\"https:\/\/italiamachines.com\/boutique\/boucherie\/hachoir-a-viandes\/hachoir-32-par-gam-minerva-a-220v\/#primaryimage\"},\"thumbnailUrl\":\"https:\/\/italiamachines.com\/wp-content\/uploads\/2023\/07\/TRIEVO32ETR230.jpeg\",\"datePublished\":\"2023-07-30T04:43:11+00:00\",\"dateModified\":\"2024-09-28T20:06:16+00:00\",\"breadcrumb\":{\"@id\":\"https:\/\/italiamachines.com\/boutique\/boucherie\/hachoir-a-viandes\/hachoir-32-par-gam-minerva-a-220v\/#breadcrumb\"},\"inLanguage\":\"fr-FR\",\"potentialAction\":[{\"@type\":\"ReadAction\",\"target\":[\"https:\/\/italiamachines.com\/boutique\/boucherie\/hachoir-a-viandes\/hachoir-32-par-gam-minerva-a-220v\/\"]}]},{\"@type\":\"ImageObject\",\"inLanguage\":\"fr-FR\",\"@id\":\"https:\/\/italiamachines.com\/boutique\/boucherie\/hachoir-a-viandes\/hachoir-32-par-gam-minerva-a-220v\/#primaryimage\",\"url\":\"https:\/\/italiamachines.com\/wp-content\/uploads\/2023\/07\/TRIEVO32ETR230.jpeg\",\"contentUrl\":\"https:\/\/italiamachines.com\/wp-content\/uploads\/2023\/07\/TRIEVO32ETR230.jpeg\",\"width\":800,\"height\":800},{\"@type\":\"BreadcrumbList\",\"@id\":\"https:\/\/italiamachines.com\/boutique\/boucherie\/hachoir-a-viandes\/hachoir-32-par-gam-minerva-a-220v\/#breadcrumb\",\"itemListElement\":[{\"@type\":\"ListItem\",\"position\":1,\"name\":\"Accueil\",\"item\":\"https:\/\/italiamachines.com\/fr_fr\/\"},{\"@type\":\"ListItem\",\"position\":2,\"name\":\"Boutique\",\"item\":\"https:\/\/italiamachines.com\/boutique\/\"},{\"@type\":\"ListItem\",\"position\":3,\"name\":\"Hachoir 32 &#8211; 220V &#8211; par GamMinerva\"}]},{\"@type\":\"WebSite\",\"@id\":\"https:\/\/italiamachines.com\/#website\",\"url\":\"https:\/\/italiamachines.com\/\",\"name\":\"Italia Machines\",\"description\":\"L&#039;art de l&#039;\u00e9quipement HORECA\",\"publisher\":{\"@id\":\"https:\/\/italiamachines.com\/#organization\"},\"potentialAction\":[{\"@type\":\"SearchAction\",\"target\":{\"@type\":\"EntryPoint\",\"urlTemplate\":\"https:\/\/italiamachines.com\/?s={search_term_string}\"},\"query-input\":{\"@type\":\"PropertyValueSpecification\",\"valueRequired\":true,\"valueName\":\"search_term_string\"}}],\"inLanguage\":\"fr-FR\"},{\"@type\":\"Organization\",\"@id\":\"https:\/\/italiamachines.com\/#organization\",\"name\":\"italiamachines\",\"url\":\"https:\/\/italiamachines.com\/\",\"logo\":{\"@type\":\"ImageObject\",\"inLanguage\":\"fr-FR\",\"@id\":\"https:\/\/italiamachines.com\/#\/schema\/logo\/image\/\",\"url\":\"https:\/\/italiamachines.com\/wp-content\/uploads\/2023\/08\/logo-web-1.png\",\"contentUrl\":\"https:\/\/italiamachines.com\/wp-content\/uploads\/2023\/08\/logo-web-1.png\",\"width\":977,\"height\":254,\"caption\":\"italiamachines\"},\"image\":{\"@id\":\"https:\/\/italiamachines.com\/#\/schema\/logo\/image\/\"},\"sameAs\":[\"https:\/\/web.facebook.com\/italiamachines\/\",\"https:\/\/www.instagram.com\/italia.machines\/\"]}]}<\/script>\n<!-- \/ Yoast SEO plugin. -->","yoast_head_json":{"title":"Hachoir 32 - 220V - par GamMinerva | Italia Machines","robots":{"index":"index","follow":"follow","max-snippet":"max-snippet:-1","max-image-preview":"max-image-preview:large","max-video-preview":"max-video-preview:-1"},"canonical":"https:\/\/italiamachines.com\/fr_fr\/boutique\/boucherie\/hachoir-a-viandes\/hachoir-32-par-gam-minerva-a-220v\/","og_locale":"fr_FR","og_type":"article","og_title":"Hachoir 32 - 220V - par GamMinerva | Italia Machines","og_description":"Structure en alliage moul\u00e9 avec rev\u00eatement en acier inoxydable Moteur auto-ventil\u00e9 pour une utilisation intermittente Quatre engrenages en acier tremp\u00e9 enferm\u00e9s dans un r\u00e9ducteur \u00e0 bain d&rsquo;huile Tr\u00e9mie et bac de r\u00e9cup\u00e9ration de la viande en acier inoxydable En option, micron avec gorge d&rsquo;entr\u00e9e plus large et micron de s\u00e9curit\u00e9 Unit\u00e9 de broyage en acier&hellip;","og_url":"https:\/\/italiamachines.com\/fr_fr\/boutique\/boucherie\/hachoir-a-viandes\/hachoir-32-par-gam-minerva-a-220v\/","og_site_name":"Italia Machines","article_publisher":"https:\/\/web.facebook.com\/italiamachines\/","article_modified_time":"2024-09-28T20:06:16+00:00","og_image":[{"width":800,"height":800,"url":"https:\/\/italiamachines.com\/wp-content\/uploads\/2023\/07\/TRIEVO32ETR230.jpeg","type":"image\/jpeg"}],"twitter_card":"summary_large_image","twitter_misc":{"Dur\u00e9e de lecture estim\u00e9e":"1 minute"},"schema":{"@context":"https:\/\/schema.org","@graph":[{"@type":"WebPage","@id":"https:\/\/italiamachines.com\/boutique\/boucherie\/hachoir-a-viandes\/hachoir-32-par-gam-minerva-a-220v\/","url":"https:\/\/italiamachines.com\/boutique\/boucherie\/hachoir-a-viandes\/hachoir-32-par-gam-minerva-a-220v\/","name":"Hachoir 32 - 220V - par GamMinerva | Italia Machines","isPartOf":{"@id":"https:\/\/italiamachines.com\/#website"},"primaryImageOfPage":{"@id":"https:\/\/italiamachines.com\/boutique\/boucherie\/hachoir-a-viandes\/hachoir-32-par-gam-minerva-a-220v\/#primaryimage"},"image":{"@id":"https:\/\/italiamachines.com\/boutique\/boucherie\/hachoir-a-viandes\/hachoir-32-par-gam-minerva-a-220v\/#primaryimage"},"thumbnailUrl":"https:\/\/italiamachines.com\/wp-content\/uploads\/2023\/07\/TRIEVO32ETR230.jpeg","datePublished":"2023-07-30T04:43:11+00:00","dateModified":"2024-09-28T20:06:16+00:00","breadcrumb":{"@id":"https:\/\/italiamachines.com\/boutique\/boucherie\/hachoir-a-viandes\/hachoir-32-par-gam-minerva-a-220v\/#breadcrumb"},"inLanguage":"fr-FR","potentialAction":[{"@type":"ReadAction","target":["https:\/\/italiamachines.com\/boutique\/boucherie\/hachoir-a-viandes\/hachoir-32-par-gam-minerva-a-220v\/"]}]},{"@type":"ImageObject","inLanguage":"fr-FR","@id":"https:\/\/italiamachines.com\/boutique\/boucherie\/hachoir-a-viandes\/hachoir-32-par-gam-minerva-a-220v\/#primaryimage","url":"https:\/\/italiamachines.com\/wp-content\/uploads\/2023\/07\/TRIEVO32ETR230.jpeg","contentUrl":"https:\/\/italiamachines.com\/wp-content\/uploads\/2023\/07\/TRIEVO32ETR230.jpeg","width":800,"height":800},{"@type":"BreadcrumbList","@id":"https:\/\/italiamachines.com\/boutique\/boucherie\/hachoir-a-viandes\/hachoir-32-par-gam-minerva-a-220v\/#breadcrumb","itemListElement":[{"@type":"ListItem","position":1,"name":"Accueil","item":"https:\/\/italiamachines.com\/fr_fr\/"},{"@type":"ListItem","position":2,"name":"Boutique","item":"https:\/\/italiamachines.com\/boutique\/"},{"@type":"ListItem","position":3,"name":"Hachoir 32 &#8211; 220V &#8211; par GamMinerva"}]},{"@type":"WebSite","@id":"https:\/\/italiamachines.com\/#website","url":"https:\/\/italiamachines.com\/","name":"Italia Machines","description":"L&#039;art de l&#039;\u00e9quipement HORECA","publisher":{"@id":"https:\/\/italiamachines.com\/#organization"},"potentialAction":[{"@type":"SearchAction","target":{"@type":"EntryPoint","urlTemplate":"https:\/\/italiamachines.com\/?s={search_term_string}"},"query-input":{"@type":"PropertyValueSpecification","valueRequired":true,"valueName":"search_term_string"}}],"inLanguage":"fr-FR"},{"@type":"Organization","@id":"https:\/\/italiamachines.com\/#organization","name":"italiamachines","url":"https:\/\/italiamachines.com\/","logo":{"@type":"ImageObject","inLanguage":"fr-FR","@id":"https:\/\/italiamachines.com\/#\/schema\/logo\/image\/","url":"https:\/\/italiamachines.com\/wp-content\/uploads\/2023\/08\/logo-web-1.png","contentUrl":"https:\/\/italiamachines.com\/wp-content\/uploads\/2023\/08\/logo-web-1.png","width":977,"height":254,"caption":"italiamachines"},"image":{"@id":"https:\/\/italiamachines.com\/#\/schema\/logo\/image\/"},"sameAs":["https:\/\/web.facebook.com\/italiamachines\/","https:\/\/www.instagram.com\/italia.machines\/"]}]}},"_links":{"self":[{"href":"https:\/\/italiamachines.com\/fr_fr\/wp-json\/wp\/v2\/product\/5468","targetHints":{"allow":["GET"]}}],"collection":[{"href":"https:\/\/italiamachines.com\/fr_fr\/wp-json\/wp\/v2\/product"}],"about":[{"href":"https:\/\/italiamachines.com\/fr_fr\/wp-json\/wp\/v2\/types\/product"}],"replies":[{"embeddable":true,"href":"https:\/\/italiamachines.com\/fr_fr\/wp-json\/wp\/v2\/comments?post=5468"}],"wp:featuredmedia":[{"embeddable":true,"href":"https:\/\/italiamachines.com\/fr_fr\/wp-json\/wp\/v2\/media\/5467"}],"wp:attachment":[{"href":"https:\/\/italiamachines.com\/fr_fr\/wp-json\/wp\/v2\/media?parent=5468"}],"wp:term":[{"taxonomy":"product_cat","embeddable":true,"href":"https:\/\/italiamachines.com\/fr_fr\/wp-json\/wp\/v2\/product_cat?post=5468"},{"taxonomy":"product_tag","embeddable":true,"href":"https:\/\/italiamachines.com\/fr_fr\/wp-json\/wp\/v2\/product_tag?post=5468"}],"curies":[{"name":"wp","href":"https:\/\/api.w.org\/{rel}","templated":true}]}}