{"id":5481,"date":"2023-07-30T04:44:03","date_gmt":"2023-07-30T04:44:03","guid":{"rendered":"https:\/\/prod.italiamachines.com\/product\/vitrine-a-glace-statique-a-10-bacs-dimensions-1310x920x1350-mm\/"},"modified":"2024-10-01T00:38:26","modified_gmt":"2024-09-30T22:38:26","slug":"vitrine-a-glace-statique-a-10-bacs-dimensions-1310x920x1350-mm","status":"publish","type":"product","link":"https:\/\/italiamachines.com\/fr_fr\/boutique\/cafe-glacier-lecheria\/froid-conservation-pour-glace\/vitrine-2\/vitrine-a-glace-statique-a-10-bacs-dimensions-1310x920x1350-mm\/","title":{"rendered":"Vitrine \u00e0 glace statique \u00e0 8|10 bacs"},"content":{"rendered":"<p>Plan de travail en acier inoxydable AISI 304<br \/>\nSyst\u00e8me en verre de s\u00e9curit\u00e9 tremp\u00e9 plat<br \/>\nBase en acier \u00e9maill\u00e9 avec d\u00e9coration inf\u00e9rieure en acier inoxydable AISI 304<br \/>\nD\u00e9coration frontale avec \u00e9clairage LED<br \/>\nPlaque en acier \u00e9maill\u00e9 et profil sup\u00e9rieur avec \u00e9clairage LED<br \/>\nContr\u00f4leur de temp\u00e9rature num\u00e9rique<br \/>\nD\u00e9givrage automatique par gaz chaud<br \/>\nSerpentin \u00e9vaporateur rev\u00eatu d&rsquo;un mat\u00e9riau anti-corrosion 100% polyester<br \/>\nGaz r\u00e9frig\u00e9rant : R404A<br \/>\nBo\u00eetier con\u00e7u pour fonctionner \u00e0 75\u00b0F et 55% d&rsquo;humidit\u00e9 relative<br \/>\nCordon et prise NEMA 5-15P<br \/>\nConnexion \u00e9lectrique : 115V\/1ph\/60Hz<br \/>\nTemp\u00e9rature : -16,7\u00baC \u00e0 -14,4\u00baC<br \/>\nPuissance : 0,28 kW<br \/>\nAmp\u00e8res : 4,9<br \/>\nTension : 115V<\/p>\n","protected":false},"excerpt":{"rendered":"<p>Plan de travail en acier inoxydable AISI 304 Syst\u00e8me en verre de s\u00e9curit\u00e9 tremp\u00e9 plat Base en acier \u00e9maill\u00e9 avec d\u00e9coration inf\u00e9rieure en acier inoxydable AISI 304 D\u00e9coration frontale avec \u00e9clairage LED Plaque en acier \u00e9maill\u00e9 et profil sup\u00e9rieur avec \u00e9clairage LED Contr\u00f4leur de temp\u00e9rature num\u00e9rique D\u00e9givrage automatique par gaz chaud Serpentin \u00e9vaporateur rev\u00eatu d&rsquo;un&hellip;<\/p>\n","protected":false},"featured_media":5480,"comment_status":"open","ping_status":"closed","template":"","meta":[],"product_cat":[73,79,141],"product_tag":[],"class_list":{"0":"post-5481","1":"product","2":"type-product","3":"status-publish","4":"has-post-thumbnail","6":"product_cat-froid-conservation-pour-glace","7":"product_cat-glacier","8":"product_cat-vitrine-2","10":"first","11":"instock","12":"shipping-taxable","13":"purchasable","14":"product-type-variable","15":"col-xs-6 col-sm-4","16":"col-md-3 col-lg-3","17":"un-4-cols"},"yoast_head":"<!-- This site is optimized with the Yoast SEO plugin v26.6 - https:\/\/yoast.com\/wordpress\/plugins\/seo\/ -->\n<title>Vitrine \u00e0 glace statique \u00e0 8|10 bacs | Italia Machines<\/title>\n<meta name=\"robots\" content=\"index, follow, max-snippet:-1, max-image-preview:large, max-video-preview:-1\" \/>\n<link rel=\"canonical\" href=\"https:\/\/italiamachines.com\/fr_fr\/boutique\/cafe-glacier-lecheria\/froid-conservation-pour-glace\/vitrine-2\/vitrine-a-glace-statique-a-10-bacs-dimensions-1310x920x1350-mm\/\" \/>\n<meta property=\"og:locale\" content=\"fr_FR\" \/>\n<meta property=\"og:type\" content=\"article\" \/>\n<meta property=\"og:title\" content=\"Vitrine \u00e0 glace statique \u00e0 8|10 bacs | Italia Machines\" \/>\n<meta property=\"og:description\" content=\"Plan de travail en acier inoxydable AISI 304 Syst\u00e8me en verre de s\u00e9curit\u00e9 tremp\u00e9 plat Base en acier \u00e9maill\u00e9 avec d\u00e9coration inf\u00e9rieure en acier inoxydable AISI 304 D\u00e9coration frontale avec \u00e9clairage LED Plaque en acier \u00e9maill\u00e9 et profil sup\u00e9rieur avec \u00e9clairage LED Contr\u00f4leur de temp\u00e9rature num\u00e9rique D\u00e9givrage automatique par gaz chaud Serpentin \u00e9vaporateur rev\u00eatu d&rsquo;un&hellip;\" \/>\n<meta property=\"og:url\" content=\"https:\/\/italiamachines.com\/fr_fr\/boutique\/cafe-glacier-lecheria\/froid-conservation-pour-glace\/vitrine-2\/vitrine-a-glace-statique-a-10-bacs-dimensions-1310x920x1350-mm\/\" \/>\n<meta property=\"og:site_name\" content=\"Italia Machines\" \/>\n<meta property=\"article:publisher\" content=\"https:\/\/web.facebook.com\/italiamachines\/\" \/>\n<meta property=\"article:modified_time\" content=\"2024-09-30T22:38:26+00:00\" \/>\n<meta property=\"og:image\" content=\"https:\/\/italiamachines.com\/wp-content\/uploads\/2023\/07\/VBZ12-1.jpeg\" \/>\n\t<meta property=\"og:image:width\" content=\"1000\" \/>\n\t<meta property=\"og:image:height\" content=\"1000\" \/>\n\t<meta property=\"og:image:type\" content=\"image\/jpeg\" \/>\n<meta name=\"twitter:card\" content=\"summary_large_image\" \/>\n<meta name=\"twitter:label1\" content=\"Dur\u00e9e de lecture estim\u00e9e\" \/>\n\t<meta name=\"twitter:data1\" content=\"1 minute\" \/>\n<script type=\"application\/ld+json\" class=\"yoast-schema-graph\">{\"@context\":\"https:\/\/schema.org\",\"@graph\":[{\"@type\":\"WebPage\",\"@id\":\"https:\/\/italiamachines.com\/boutique\/cafe-glacier-lecheria\/froid-conservation-pour-glace\/vitrine-2\/vitrine-a-glace-statique-a-10-bacs-dimensions-1310x920x1350-mm\/\",\"url\":\"https:\/\/italiamachines.com\/boutique\/cafe-glacier-lecheria\/froid-conservation-pour-glace\/vitrine-2\/vitrine-a-glace-statique-a-10-bacs-dimensions-1310x920x1350-mm\/\",\"name\":\"Vitrine \u00e0 glace statique \u00e0 8|10 bacs | Italia Machines\",\"isPartOf\":{\"@id\":\"https:\/\/italiamachines.com\/#website\"},\"primaryImageOfPage\":{\"@id\":\"https:\/\/italiamachines.com\/boutique\/cafe-glacier-lecheria\/froid-conservation-pour-glace\/vitrine-2\/vitrine-a-glace-statique-a-10-bacs-dimensions-1310x920x1350-mm\/#primaryimage\"},\"image\":{\"@id\":\"https:\/\/italiamachines.com\/boutique\/cafe-glacier-lecheria\/froid-conservation-pour-glace\/vitrine-2\/vitrine-a-glace-statique-a-10-bacs-dimensions-1310x920x1350-mm\/#primaryimage\"},\"thumbnailUrl\":\"https:\/\/italiamachines.com\/wp-content\/uploads\/2023\/07\/VBZ12-1.jpeg\",\"datePublished\":\"2023-07-30T04:44:03+00:00\",\"dateModified\":\"2024-09-30T22:38:26+00:00\",\"breadcrumb\":{\"@id\":\"https:\/\/italiamachines.com\/boutique\/cafe-glacier-lecheria\/froid-conservation-pour-glace\/vitrine-2\/vitrine-a-glace-statique-a-10-bacs-dimensions-1310x920x1350-mm\/#breadcrumb\"},\"inLanguage\":\"fr-FR\",\"potentialAction\":[{\"@type\":\"ReadAction\",\"target\":[\"https:\/\/italiamachines.com\/boutique\/cafe-glacier-lecheria\/froid-conservation-pour-glace\/vitrine-2\/vitrine-a-glace-statique-a-10-bacs-dimensions-1310x920x1350-mm\/\"]}]},{\"@type\":\"ImageObject\",\"inLanguage\":\"fr-FR\",\"@id\":\"https:\/\/italiamachines.com\/boutique\/cafe-glacier-lecheria\/froid-conservation-pour-glace\/vitrine-2\/vitrine-a-glace-statique-a-10-bacs-dimensions-1310x920x1350-mm\/#primaryimage\",\"url\":\"https:\/\/italiamachines.com\/wp-content\/uploads\/2023\/07\/VBZ12-1.jpeg\",\"contentUrl\":\"https:\/\/italiamachines.com\/wp-content\/uploads\/2023\/07\/VBZ12-1.jpeg\",\"width\":1000,\"height\":1000},{\"@type\":\"BreadcrumbList\",\"@id\":\"https:\/\/italiamachines.com\/boutique\/cafe-glacier-lecheria\/froid-conservation-pour-glace\/vitrine-2\/vitrine-a-glace-statique-a-10-bacs-dimensions-1310x920x1350-mm\/#breadcrumb\",\"itemListElement\":[{\"@type\":\"ListItem\",\"position\":1,\"name\":\"Accueil\",\"item\":\"https:\/\/italiamachines.com\/fr_fr\/\"},{\"@type\":\"ListItem\",\"position\":2,\"name\":\"Boutique\",\"item\":\"https:\/\/italiamachines.com\/boutique\/\"},{\"@type\":\"ListItem\",\"position\":3,\"name\":\"Vitrine \u00e0 glace statique \u00e0 8|10 bacs\"}]},{\"@type\":\"WebSite\",\"@id\":\"https:\/\/italiamachines.com\/#website\",\"url\":\"https:\/\/italiamachines.com\/\",\"name\":\"Italia Machines\",\"description\":\"L&#039;art de l&#039;\u00e9quipement HORECA\",\"publisher\":{\"@id\":\"https:\/\/italiamachines.com\/#organization\"},\"potentialAction\":[{\"@type\":\"SearchAction\",\"target\":{\"@type\":\"EntryPoint\",\"urlTemplate\":\"https:\/\/italiamachines.com\/?s={search_term_string}\"},\"query-input\":{\"@type\":\"PropertyValueSpecification\",\"valueRequired\":true,\"valueName\":\"search_term_string\"}}],\"inLanguage\":\"fr-FR\"},{\"@type\":\"Organization\",\"@id\":\"https:\/\/italiamachines.com\/#organization\",\"name\":\"italiamachines\",\"url\":\"https:\/\/italiamachines.com\/\",\"logo\":{\"@type\":\"ImageObject\",\"inLanguage\":\"fr-FR\",\"@id\":\"https:\/\/italiamachines.com\/#\/schema\/logo\/image\/\",\"url\":\"https:\/\/italiamachines.com\/wp-content\/uploads\/2023\/08\/logo-web-1.png\",\"contentUrl\":\"https:\/\/italiamachines.com\/wp-content\/uploads\/2023\/08\/logo-web-1.png\",\"width\":977,\"height\":254,\"caption\":\"italiamachines\"},\"image\":{\"@id\":\"https:\/\/italiamachines.com\/#\/schema\/logo\/image\/\"},\"sameAs\":[\"https:\/\/web.facebook.com\/italiamachines\/\",\"https:\/\/www.instagram.com\/italia.machines\/\"]}]}<\/script>\n<!-- \/ Yoast SEO plugin. -->","yoast_head_json":{"title":"Vitrine \u00e0 glace statique \u00e0 8|10 bacs | Italia Machines","robots":{"index":"index","follow":"follow","max-snippet":"max-snippet:-1","max-image-preview":"max-image-preview:large","max-video-preview":"max-video-preview:-1"},"canonical":"https:\/\/italiamachines.com\/fr_fr\/boutique\/cafe-glacier-lecheria\/froid-conservation-pour-glace\/vitrine-2\/vitrine-a-glace-statique-a-10-bacs-dimensions-1310x920x1350-mm\/","og_locale":"fr_FR","og_type":"article","og_title":"Vitrine \u00e0 glace statique \u00e0 8|10 bacs | Italia Machines","og_description":"Plan de travail en acier inoxydable AISI 304 Syst\u00e8me en verre de s\u00e9curit\u00e9 tremp\u00e9 plat Base en acier \u00e9maill\u00e9 avec d\u00e9coration inf\u00e9rieure en acier inoxydable AISI 304 D\u00e9coration frontale avec \u00e9clairage LED Plaque en acier \u00e9maill\u00e9 et profil sup\u00e9rieur avec \u00e9clairage LED Contr\u00f4leur de temp\u00e9rature num\u00e9rique D\u00e9givrage automatique par gaz chaud Serpentin \u00e9vaporateur rev\u00eatu d&rsquo;un&hellip;","og_url":"https:\/\/italiamachines.com\/fr_fr\/boutique\/cafe-glacier-lecheria\/froid-conservation-pour-glace\/vitrine-2\/vitrine-a-glace-statique-a-10-bacs-dimensions-1310x920x1350-mm\/","og_site_name":"Italia Machines","article_publisher":"https:\/\/web.facebook.com\/italiamachines\/","article_modified_time":"2024-09-30T22:38:26+00:00","og_image":[{"width":1000,"height":1000,"url":"https:\/\/italiamachines.com\/wp-content\/uploads\/2023\/07\/VBZ12-1.jpeg","type":"image\/jpeg"}],"twitter_card":"summary_large_image","twitter_misc":{"Dur\u00e9e de lecture estim\u00e9e":"1 minute"},"schema":{"@context":"https:\/\/schema.org","@graph":[{"@type":"WebPage","@id":"https:\/\/italiamachines.com\/boutique\/cafe-glacier-lecheria\/froid-conservation-pour-glace\/vitrine-2\/vitrine-a-glace-statique-a-10-bacs-dimensions-1310x920x1350-mm\/","url":"https:\/\/italiamachines.com\/boutique\/cafe-glacier-lecheria\/froid-conservation-pour-glace\/vitrine-2\/vitrine-a-glace-statique-a-10-bacs-dimensions-1310x920x1350-mm\/","name":"Vitrine \u00e0 glace statique \u00e0 8|10 bacs | Italia Machines","isPartOf":{"@id":"https:\/\/italiamachines.com\/#website"},"primaryImageOfPage":{"@id":"https:\/\/italiamachines.com\/boutique\/cafe-glacier-lecheria\/froid-conservation-pour-glace\/vitrine-2\/vitrine-a-glace-statique-a-10-bacs-dimensions-1310x920x1350-mm\/#primaryimage"},"image":{"@id":"https:\/\/italiamachines.com\/boutique\/cafe-glacier-lecheria\/froid-conservation-pour-glace\/vitrine-2\/vitrine-a-glace-statique-a-10-bacs-dimensions-1310x920x1350-mm\/#primaryimage"},"thumbnailUrl":"https:\/\/italiamachines.com\/wp-content\/uploads\/2023\/07\/VBZ12-1.jpeg","datePublished":"2023-07-30T04:44:03+00:00","dateModified":"2024-09-30T22:38:26+00:00","breadcrumb":{"@id":"https:\/\/italiamachines.com\/boutique\/cafe-glacier-lecheria\/froid-conservation-pour-glace\/vitrine-2\/vitrine-a-glace-statique-a-10-bacs-dimensions-1310x920x1350-mm\/#breadcrumb"},"inLanguage":"fr-FR","potentialAction":[{"@type":"ReadAction","target":["https:\/\/italiamachines.com\/boutique\/cafe-glacier-lecheria\/froid-conservation-pour-glace\/vitrine-2\/vitrine-a-glace-statique-a-10-bacs-dimensions-1310x920x1350-mm\/"]}]},{"@type":"ImageObject","inLanguage":"fr-FR","@id":"https:\/\/italiamachines.com\/boutique\/cafe-glacier-lecheria\/froid-conservation-pour-glace\/vitrine-2\/vitrine-a-glace-statique-a-10-bacs-dimensions-1310x920x1350-mm\/#primaryimage","url":"https:\/\/italiamachines.com\/wp-content\/uploads\/2023\/07\/VBZ12-1.jpeg","contentUrl":"https:\/\/italiamachines.com\/wp-content\/uploads\/2023\/07\/VBZ12-1.jpeg","width":1000,"height":1000},{"@type":"BreadcrumbList","@id":"https:\/\/italiamachines.com\/boutique\/cafe-glacier-lecheria\/froid-conservation-pour-glace\/vitrine-2\/vitrine-a-glace-statique-a-10-bacs-dimensions-1310x920x1350-mm\/#breadcrumb","itemListElement":[{"@type":"ListItem","position":1,"name":"Accueil","item":"https:\/\/italiamachines.com\/fr_fr\/"},{"@type":"ListItem","position":2,"name":"Boutique","item":"https:\/\/italiamachines.com\/boutique\/"},{"@type":"ListItem","position":3,"name":"Vitrine \u00e0 glace statique \u00e0 8|10 bacs"}]},{"@type":"WebSite","@id":"https:\/\/italiamachines.com\/#website","url":"https:\/\/italiamachines.com\/","name":"Italia Machines","description":"L&#039;art de l&#039;\u00e9quipement HORECA","publisher":{"@id":"https:\/\/italiamachines.com\/#organization"},"potentialAction":[{"@type":"SearchAction","target":{"@type":"EntryPoint","urlTemplate":"https:\/\/italiamachines.com\/?s={search_term_string}"},"query-input":{"@type":"PropertyValueSpecification","valueRequired":true,"valueName":"search_term_string"}}],"inLanguage":"fr-FR"},{"@type":"Organization","@id":"https:\/\/italiamachines.com\/#organization","name":"italiamachines","url":"https:\/\/italiamachines.com\/","logo":{"@type":"ImageObject","inLanguage":"fr-FR","@id":"https:\/\/italiamachines.com\/#\/schema\/logo\/image\/","url":"https:\/\/italiamachines.com\/wp-content\/uploads\/2023\/08\/logo-web-1.png","contentUrl":"https:\/\/italiamachines.com\/wp-content\/uploads\/2023\/08\/logo-web-1.png","width":977,"height":254,"caption":"italiamachines"},"image":{"@id":"https:\/\/italiamachines.com\/#\/schema\/logo\/image\/"},"sameAs":["https:\/\/web.facebook.com\/italiamachines\/","https:\/\/www.instagram.com\/italia.machines\/"]}]}},"_links":{"self":[{"href":"https:\/\/italiamachines.com\/fr_fr\/wp-json\/wp\/v2\/product\/5481","targetHints":{"allow":["GET"]}}],"collection":[{"href":"https:\/\/italiamachines.com\/fr_fr\/wp-json\/wp\/v2\/product"}],"about":[{"href":"https:\/\/italiamachines.com\/fr_fr\/wp-json\/wp\/v2\/types\/product"}],"replies":[{"embeddable":true,"href":"https:\/\/italiamachines.com\/fr_fr\/wp-json\/wp\/v2\/comments?post=5481"}],"wp:featuredmedia":[{"embeddable":true,"href":"https:\/\/italiamachines.com\/fr_fr\/wp-json\/wp\/v2\/media\/5480"}],"wp:attachment":[{"href":"https:\/\/italiamachines.com\/fr_fr\/wp-json\/wp\/v2\/media?parent=5481"}],"wp:term":[{"taxonomy":"product_cat","embeddable":true,"href":"https:\/\/italiamachines.com\/fr_fr\/wp-json\/wp\/v2\/product_cat?post=5481"},{"taxonomy":"product_tag","embeddable":true,"href":"https:\/\/italiamachines.com\/fr_fr\/wp-json\/wp\/v2\/product_tag?post=5481"}],"curies":[{"name":"wp","href":"https:\/\/api.w.org\/{rel}","templated":true}]}}