{"id":5497,"date":"2023-07-30T04:45:11","date_gmt":"2023-07-30T04:45:11","guid":{"rendered":"https:\/\/prod.italiamachines.com\/product\/vitrine-expositorie-infrico-pour-patisserie-dimensions-2560x985x1345-mm\/"},"modified":"2024-10-01T00:48:38","modified_gmt":"2024-09-30T22:48:38","slug":"vitrine-expositorie-infrico-pour-patisserie-dimensions-2560x985x1345-mm","status":"publish","type":"product","link":"https:\/\/italiamachines.com\/fr_fr\/boutique\/cafe-glacier-lecheria\/cafe-lecheria\/vitrine-posable\/vitrine-expositorie-infrico-pour-patisserie-dimensions-2560x985x1345-mm\/","title":{"rendered":"Vitrine expositorie pour p\u00e2tisserie &#8211; Dimensions: 256x98x134 cm &#8211; par Infrico"},"content":{"rendered":"<p>Con\u00e7ue pour la p\u00e2tisserie, la boulangerie et la confiserie.<br \/>\nR\u00e9frig\u00e9ration ventil\u00e9e.<br \/>\n\u00c9clairage LED sur tous les niveaux et \u00e0 l&rsquo;avant pour mettre en valeur les produits.<br \/>\nVitre avant incurv\u00e9e relevable pour un nettoyage facile.<br \/>\nDimensions: Longueur 2500 x Profondeur 985 x Hauteur 1345 (mm)<br \/>\n\u00c9paisseurs lat\u00e9rales (2) (mm) : 30+30<br \/>\nPuissance (W) : 670<br \/>\nTension Fr\u00e9quence (V\/Hz) : 220\/50<br \/>\nVolume de la chambre (L) : 430<br \/>\nNombre de portes : 4<br \/>\nSurface d&rsquo;exposition (m\u00b2) : 2,6<br \/>\n\u00c9tag\u00e8res : 2<br \/>\nCapacit\u00e9 de refroidissement (W \u00e0 -10\u00baC) : 800<br \/>\nConsommation (kWh\/24h) : 10,7<br \/>\nCondensation : Ventil\u00e9e<br \/>\n\u00c9vaporation : Semi-statique<br \/>\nPlage de temp\u00e9rature (25\u00baC) : 4\u00baC\/8\u00baC<br \/>\nD\u00e9cong\u00e9lation : Automatique<br \/>\nContr\u00f4le : Num\u00e9rique<br \/>\nR\u00e9frig\u00e9rant : R404a<br \/>\nClasse climatique : 6 (25\u00baC 55%HR)<\/p>\n","protected":false},"excerpt":{"rendered":"<p>Con\u00e7ue pour la p\u00e2tisserie, la boulangerie et la confiserie. R\u00e9frig\u00e9ration ventil\u00e9e. \u00c9clairage LED sur tous les niveaux et \u00e0 l&rsquo;avant pour mettre en valeur les produits. Vitre avant incurv\u00e9e relevable pour un nettoyage facile. Dimensions: Longueur 2500 x Profondeur 985 x Hauteur 1345 (mm) \u00c9paisseurs lat\u00e9rales (2) (mm) : 30+30 Puissance (W) : 670 Tension&hellip;<\/p>\n","protected":false},"featured_media":8672,"comment_status":"open","ping_status":"closed","template":"","meta":[],"product_cat":[160,65,73,79,80,97,141,244,144],"product_tag":[],"class_list":{"0":"post-5497","1":"product","2":"type-product","3":"status-publish","4":"has-post-thumbnail","6":"product_cat-cafe-lecheria","7":"product_cat-cafe-glacier-lecheria","8":"product_cat-froid-conservation-pour-glace","9":"product_cat-glacier","10":"product_cat-glacier-lecheria","11":"product_cat-patisserie","12":"product_cat-vitrine-2","13":"product_cat-vitrine-posable","14":"product_cat-vitrines","16":"first","17":"instock","18":"shipping-taxable","19":"purchasable","20":"product-type-simple","21":"col-xs-6 col-sm-4","22":"col-md-3 col-lg-3","23":"un-4-cols"},"yoast_head":"<!-- This site is optimized with the Yoast SEO plugin v26.6 - https:\/\/yoast.com\/wordpress\/plugins\/seo\/ -->\n<title>Vitrine expositorie pour p\u00e2tisserie - Dimensions: 256x98x134 cm - par Infrico | Italia Machines<\/title>\n<meta name=\"robots\" content=\"index, follow, max-snippet:-1, max-image-preview:large, max-video-preview:-1\" \/>\n<link rel=\"canonical\" href=\"https:\/\/italiamachines.com\/fr_fr\/boutique\/cafe-glacier-lecheria\/cafe-lecheria\/vitrine-posable\/vitrine-expositorie-infrico-pour-patisserie-dimensions-2560x985x1345-mm\/\" \/>\n<meta property=\"og:locale\" content=\"fr_FR\" \/>\n<meta property=\"og:type\" content=\"article\" \/>\n<meta property=\"og:title\" content=\"Vitrine expositorie pour p\u00e2tisserie - Dimensions: 256x98x134 cm - par Infrico | Italia Machines\" \/>\n<meta property=\"og:description\" content=\"Con\u00e7ue pour la p\u00e2tisserie, la boulangerie et la confiserie. R\u00e9frig\u00e9ration ventil\u00e9e. \u00c9clairage LED sur tous les niveaux et \u00e0 l&rsquo;avant pour mettre en valeur les produits. Vitre avant incurv\u00e9e relevable pour un nettoyage facile. Dimensions: Longueur 2500 x Profondeur 985 x Hauteur 1345 (mm) \u00c9paisseurs lat\u00e9rales (2) (mm) : 30+30 Puissance (W) : 670 Tension&hellip;\" \/>\n<meta property=\"og:url\" content=\"https:\/\/italiamachines.com\/fr_fr\/boutique\/cafe-glacier-lecheria\/cafe-lecheria\/vitrine-posable\/vitrine-expositorie-infrico-pour-patisserie-dimensions-2560x985x1345-mm\/\" \/>\n<meta property=\"og:site_name\" content=\"Italia Machines\" \/>\n<meta property=\"article:publisher\" content=\"https:\/\/web.facebook.com\/italiamachines\/\" \/>\n<meta property=\"article:modified_time\" content=\"2024-09-30T22:48:38+00:00\" \/>\n<meta property=\"og:image\" content=\"https:\/\/italiamachines.com\/wp-content\/uploads\/2023\/07\/VGL25R-1.jpeg\" \/>\n\t<meta property=\"og:image:width\" content=\"400\" \/>\n\t<meta property=\"og:image:height\" content=\"400\" \/>\n\t<meta property=\"og:image:type\" content=\"image\/jpeg\" \/>\n<meta name=\"twitter:card\" content=\"summary_large_image\" \/>\n<meta name=\"twitter:label1\" content=\"Dur\u00e9e de lecture estim\u00e9e\" \/>\n\t<meta name=\"twitter:data1\" content=\"1 minute\" \/>\n<script type=\"application\/ld+json\" class=\"yoast-schema-graph\">{\"@context\":\"https:\/\/schema.org\",\"@graph\":[{\"@type\":\"WebPage\",\"@id\":\"https:\/\/italiamachines.com\/boutique\/cafe-glacier-lecheria\/cafe-lecheria\/vitrine-posable\/vitrine-expositorie-infrico-pour-patisserie-dimensions-2560x985x1345-mm\/\",\"url\":\"https:\/\/italiamachines.com\/boutique\/cafe-glacier-lecheria\/cafe-lecheria\/vitrine-posable\/vitrine-expositorie-infrico-pour-patisserie-dimensions-2560x985x1345-mm\/\",\"name\":\"Vitrine expositorie pour p\u00e2tisserie - Dimensions: 256x98x134 cm - par Infrico | Italia Machines\",\"isPartOf\":{\"@id\":\"https:\/\/italiamachines.com\/#website\"},\"primaryImageOfPage\":{\"@id\":\"https:\/\/italiamachines.com\/boutique\/cafe-glacier-lecheria\/cafe-lecheria\/vitrine-posable\/vitrine-expositorie-infrico-pour-patisserie-dimensions-2560x985x1345-mm\/#primaryimage\"},\"image\":{\"@id\":\"https:\/\/italiamachines.com\/boutique\/cafe-glacier-lecheria\/cafe-lecheria\/vitrine-posable\/vitrine-expositorie-infrico-pour-patisserie-dimensions-2560x985x1345-mm\/#primaryimage\"},\"thumbnailUrl\":\"https:\/\/italiamachines.com\/wp-content\/uploads\/2023\/07\/VGL25R-1.jpeg\",\"datePublished\":\"2023-07-30T04:45:11+00:00\",\"dateModified\":\"2024-09-30T22:48:38+00:00\",\"breadcrumb\":{\"@id\":\"https:\/\/italiamachines.com\/boutique\/cafe-glacier-lecheria\/cafe-lecheria\/vitrine-posable\/vitrine-expositorie-infrico-pour-patisserie-dimensions-2560x985x1345-mm\/#breadcrumb\"},\"inLanguage\":\"fr-FR\",\"potentialAction\":[{\"@type\":\"ReadAction\",\"target\":[\"https:\/\/italiamachines.com\/boutique\/cafe-glacier-lecheria\/cafe-lecheria\/vitrine-posable\/vitrine-expositorie-infrico-pour-patisserie-dimensions-2560x985x1345-mm\/\"]}]},{\"@type\":\"ImageObject\",\"inLanguage\":\"fr-FR\",\"@id\":\"https:\/\/italiamachines.com\/boutique\/cafe-glacier-lecheria\/cafe-lecheria\/vitrine-posable\/vitrine-expositorie-infrico-pour-patisserie-dimensions-2560x985x1345-mm\/#primaryimage\",\"url\":\"https:\/\/italiamachines.com\/wp-content\/uploads\/2023\/07\/VGL25R-1.jpeg\",\"contentUrl\":\"https:\/\/italiamachines.com\/wp-content\/uploads\/2023\/07\/VGL25R-1.jpeg\",\"width\":400,\"height\":400},{\"@type\":\"BreadcrumbList\",\"@id\":\"https:\/\/italiamachines.com\/boutique\/cafe-glacier-lecheria\/cafe-lecheria\/vitrine-posable\/vitrine-expositorie-infrico-pour-patisserie-dimensions-2560x985x1345-mm\/#breadcrumb\",\"itemListElement\":[{\"@type\":\"ListItem\",\"position\":1,\"name\":\"Accueil\",\"item\":\"https:\/\/italiamachines.com\/fr_fr\/\"},{\"@type\":\"ListItem\",\"position\":2,\"name\":\"Boutique\",\"item\":\"https:\/\/italiamachines.com\/boutique\/\"},{\"@type\":\"ListItem\",\"position\":3,\"name\":\"Vitrine expositorie pour p\u00e2tisserie &#8211; Dimensions: 256x98x134 cm &#8211; par Infrico\"}]},{\"@type\":\"WebSite\",\"@id\":\"https:\/\/italiamachines.com\/#website\",\"url\":\"https:\/\/italiamachines.com\/\",\"name\":\"Italia Machines\",\"description\":\"L&#039;art de l&#039;\u00e9quipement HORECA\",\"publisher\":{\"@id\":\"https:\/\/italiamachines.com\/#organization\"},\"potentialAction\":[{\"@type\":\"SearchAction\",\"target\":{\"@type\":\"EntryPoint\",\"urlTemplate\":\"https:\/\/italiamachines.com\/?s={search_term_string}\"},\"query-input\":{\"@type\":\"PropertyValueSpecification\",\"valueRequired\":true,\"valueName\":\"search_term_string\"}}],\"inLanguage\":\"fr-FR\"},{\"@type\":\"Organization\",\"@id\":\"https:\/\/italiamachines.com\/#organization\",\"name\":\"italiamachines\",\"url\":\"https:\/\/italiamachines.com\/\",\"logo\":{\"@type\":\"ImageObject\",\"inLanguage\":\"fr-FR\",\"@id\":\"https:\/\/italiamachines.com\/#\/schema\/logo\/image\/\",\"url\":\"https:\/\/italiamachines.com\/wp-content\/uploads\/2023\/08\/logo-web-1.png\",\"contentUrl\":\"https:\/\/italiamachines.com\/wp-content\/uploads\/2023\/08\/logo-web-1.png\",\"width\":977,\"height\":254,\"caption\":\"italiamachines\"},\"image\":{\"@id\":\"https:\/\/italiamachines.com\/#\/schema\/logo\/image\/\"},\"sameAs\":[\"https:\/\/web.facebook.com\/italiamachines\/\",\"https:\/\/www.instagram.com\/italia.machines\/\"]}]}<\/script>\n<!-- \/ Yoast SEO plugin. -->","yoast_head_json":{"title":"Vitrine expositorie pour p\u00e2tisserie - Dimensions: 256x98x134 cm - par Infrico | Italia Machines","robots":{"index":"index","follow":"follow","max-snippet":"max-snippet:-1","max-image-preview":"max-image-preview:large","max-video-preview":"max-video-preview:-1"},"canonical":"https:\/\/italiamachines.com\/fr_fr\/boutique\/cafe-glacier-lecheria\/cafe-lecheria\/vitrine-posable\/vitrine-expositorie-infrico-pour-patisserie-dimensions-2560x985x1345-mm\/","og_locale":"fr_FR","og_type":"article","og_title":"Vitrine expositorie pour p\u00e2tisserie - Dimensions: 256x98x134 cm - par Infrico | Italia Machines","og_description":"Con\u00e7ue pour la p\u00e2tisserie, la boulangerie et la confiserie. R\u00e9frig\u00e9ration ventil\u00e9e. \u00c9clairage LED sur tous les niveaux et \u00e0 l&rsquo;avant pour mettre en valeur les produits. Vitre avant incurv\u00e9e relevable pour un nettoyage facile. Dimensions: Longueur 2500 x Profondeur 985 x Hauteur 1345 (mm) \u00c9paisseurs lat\u00e9rales (2) (mm) : 30+30 Puissance (W) : 670 Tension&hellip;","og_url":"https:\/\/italiamachines.com\/fr_fr\/boutique\/cafe-glacier-lecheria\/cafe-lecheria\/vitrine-posable\/vitrine-expositorie-infrico-pour-patisserie-dimensions-2560x985x1345-mm\/","og_site_name":"Italia Machines","article_publisher":"https:\/\/web.facebook.com\/italiamachines\/","article_modified_time":"2024-09-30T22:48:38+00:00","og_image":[{"width":400,"height":400,"url":"https:\/\/italiamachines.com\/wp-content\/uploads\/2023\/07\/VGL25R-1.jpeg","type":"image\/jpeg"}],"twitter_card":"summary_large_image","twitter_misc":{"Dur\u00e9e de lecture estim\u00e9e":"1 minute"},"schema":{"@context":"https:\/\/schema.org","@graph":[{"@type":"WebPage","@id":"https:\/\/italiamachines.com\/boutique\/cafe-glacier-lecheria\/cafe-lecheria\/vitrine-posable\/vitrine-expositorie-infrico-pour-patisserie-dimensions-2560x985x1345-mm\/","url":"https:\/\/italiamachines.com\/boutique\/cafe-glacier-lecheria\/cafe-lecheria\/vitrine-posable\/vitrine-expositorie-infrico-pour-patisserie-dimensions-2560x985x1345-mm\/","name":"Vitrine expositorie pour p\u00e2tisserie - Dimensions: 256x98x134 cm - par Infrico | Italia Machines","isPartOf":{"@id":"https:\/\/italiamachines.com\/#website"},"primaryImageOfPage":{"@id":"https:\/\/italiamachines.com\/boutique\/cafe-glacier-lecheria\/cafe-lecheria\/vitrine-posable\/vitrine-expositorie-infrico-pour-patisserie-dimensions-2560x985x1345-mm\/#primaryimage"},"image":{"@id":"https:\/\/italiamachines.com\/boutique\/cafe-glacier-lecheria\/cafe-lecheria\/vitrine-posable\/vitrine-expositorie-infrico-pour-patisserie-dimensions-2560x985x1345-mm\/#primaryimage"},"thumbnailUrl":"https:\/\/italiamachines.com\/wp-content\/uploads\/2023\/07\/VGL25R-1.jpeg","datePublished":"2023-07-30T04:45:11+00:00","dateModified":"2024-09-30T22:48:38+00:00","breadcrumb":{"@id":"https:\/\/italiamachines.com\/boutique\/cafe-glacier-lecheria\/cafe-lecheria\/vitrine-posable\/vitrine-expositorie-infrico-pour-patisserie-dimensions-2560x985x1345-mm\/#breadcrumb"},"inLanguage":"fr-FR","potentialAction":[{"@type":"ReadAction","target":["https:\/\/italiamachines.com\/boutique\/cafe-glacier-lecheria\/cafe-lecheria\/vitrine-posable\/vitrine-expositorie-infrico-pour-patisserie-dimensions-2560x985x1345-mm\/"]}]},{"@type":"ImageObject","inLanguage":"fr-FR","@id":"https:\/\/italiamachines.com\/boutique\/cafe-glacier-lecheria\/cafe-lecheria\/vitrine-posable\/vitrine-expositorie-infrico-pour-patisserie-dimensions-2560x985x1345-mm\/#primaryimage","url":"https:\/\/italiamachines.com\/wp-content\/uploads\/2023\/07\/VGL25R-1.jpeg","contentUrl":"https:\/\/italiamachines.com\/wp-content\/uploads\/2023\/07\/VGL25R-1.jpeg","width":400,"height":400},{"@type":"BreadcrumbList","@id":"https:\/\/italiamachines.com\/boutique\/cafe-glacier-lecheria\/cafe-lecheria\/vitrine-posable\/vitrine-expositorie-infrico-pour-patisserie-dimensions-2560x985x1345-mm\/#breadcrumb","itemListElement":[{"@type":"ListItem","position":1,"name":"Accueil","item":"https:\/\/italiamachines.com\/fr_fr\/"},{"@type":"ListItem","position":2,"name":"Boutique","item":"https:\/\/italiamachines.com\/boutique\/"},{"@type":"ListItem","position":3,"name":"Vitrine expositorie pour p\u00e2tisserie &#8211; Dimensions: 256x98x134 cm &#8211; par Infrico"}]},{"@type":"WebSite","@id":"https:\/\/italiamachines.com\/#website","url":"https:\/\/italiamachines.com\/","name":"Italia Machines","description":"L&#039;art de l&#039;\u00e9quipement HORECA","publisher":{"@id":"https:\/\/italiamachines.com\/#organization"},"potentialAction":[{"@type":"SearchAction","target":{"@type":"EntryPoint","urlTemplate":"https:\/\/italiamachines.com\/?s={search_term_string}"},"query-input":{"@type":"PropertyValueSpecification","valueRequired":true,"valueName":"search_term_string"}}],"inLanguage":"fr-FR"},{"@type":"Organization","@id":"https:\/\/italiamachines.com\/#organization","name":"italiamachines","url":"https:\/\/italiamachines.com\/","logo":{"@type":"ImageObject","inLanguage":"fr-FR","@id":"https:\/\/italiamachines.com\/#\/schema\/logo\/image\/","url":"https:\/\/italiamachines.com\/wp-content\/uploads\/2023\/08\/logo-web-1.png","contentUrl":"https:\/\/italiamachines.com\/wp-content\/uploads\/2023\/08\/logo-web-1.png","width":977,"height":254,"caption":"italiamachines"},"image":{"@id":"https:\/\/italiamachines.com\/#\/schema\/logo\/image\/"},"sameAs":["https:\/\/web.facebook.com\/italiamachines\/","https:\/\/www.instagram.com\/italia.machines\/"]}]}},"_links":{"self":[{"href":"https:\/\/italiamachines.com\/fr_fr\/wp-json\/wp\/v2\/product\/5497","targetHints":{"allow":["GET"]}}],"collection":[{"href":"https:\/\/italiamachines.com\/fr_fr\/wp-json\/wp\/v2\/product"}],"about":[{"href":"https:\/\/italiamachines.com\/fr_fr\/wp-json\/wp\/v2\/types\/product"}],"replies":[{"embeddable":true,"href":"https:\/\/italiamachines.com\/fr_fr\/wp-json\/wp\/v2\/comments?post=5497"}],"wp:featuredmedia":[{"embeddable":true,"href":"https:\/\/italiamachines.com\/fr_fr\/wp-json\/wp\/v2\/media\/8672"}],"wp:attachment":[{"href":"https:\/\/italiamachines.com\/fr_fr\/wp-json\/wp\/v2\/media?parent=5497"}],"wp:term":[{"taxonomy":"product_cat","embeddable":true,"href":"https:\/\/italiamachines.com\/fr_fr\/wp-json\/wp\/v2\/product_cat?post=5497"},{"taxonomy":"product_tag","embeddable":true,"href":"https:\/\/italiamachines.com\/fr_fr\/wp-json\/wp\/v2\/product_tag?post=5497"}],"curies":[{"name":"wp","href":"https:\/\/api.w.org\/{rel}","templated":true}]}}