{"id":5537,"date":"2023-07-30T04:48:39","date_gmt":"2023-07-30T04:48:39","guid":{"rendered":"https:\/\/prod.italiamachines.com\/product\/gaufrier-cornet-90-simple\/"},"modified":"2024-09-28T21:54:37","modified_gmt":"2024-09-28T19:54:37","slug":"gaufrier-cornet-90-simple","status":"publish","type":"product","link":"https:\/\/italiamachines.com\/fr_fr\/boutique\/cafe-glacier-lecheria\/gaufrier\/gaufrier-cornet-90-simple\/","title":{"rendered":"Gaufrier cornet 90\u00b0 simple"},"content":{"rendered":"<p>Le gaufrier Cornet \u00e0 glace vous permet de cr\u00e9er des cornets \u00e0 glace d\u00e9licieux et artisanaux. Il s&rsquo;agit d&rsquo;un \u00e9crin de qualit\u00e9 pour vos glaces qui fera la diff\u00e9rence.<br \/>\nIl permet de cuire des galettes de diff\u00e9rentes tailles pour produire des cornets \u00e0 la fois grands et petits.<br \/>\nLe syst\u00e8me Easy Clean, qui permet le d\u00e9montage rapide des fers pour un nettoyage au lave-vaisselle et le Pack R\u00e9sistance, qui permet une parfaite r\u00e9partition de la chauffe sur les fers en fonte, est un avantage pour le gaufrier professionnel.<\/p>\n<p>Puissance: 1 800 W<br \/>\nPoids: 23 kg<br \/>\nDimensions: 345 x 260 x 220 mm<br \/>\nType d&rsquo;utilisation: Intensive<br \/>\nVersion: Ouverture 90\u00b0C<br \/>\nTemp\u00e9rature: De 50\u00b0C \u00e0 300\u00b0C<br \/>\nPuissance: 1800 W<br \/>\nTension: Monophas\u00e9 230V<br \/>\nPoids: 23 Kg<\/p>\n","protected":false},"excerpt":{"rendered":"<p>Le gaufrier Cornet \u00e0 glace vous permet de cr\u00e9er des cornets \u00e0 glace d\u00e9licieux et artisanaux. Il s&rsquo;agit d&rsquo;un \u00e9crin de qualit\u00e9 pour vos glaces qui fera la diff\u00e9rence. Il permet de cuire des galettes de diff\u00e9rentes tailles pour produire des cornets \u00e0 la fois grands et petits. Le syst\u00e8me Easy Clean, qui permet le&hellip;<\/p>\n","protected":false},"featured_media":8750,"comment_status":"open","ping_status":"closed","template":"","meta":[],"product_cat":[65,77,80],"product_tag":[],"class_list":{"0":"post-5537","1":"product","2":"type-product","3":"status-publish","4":"has-post-thumbnail","6":"product_cat-cafe-glacier-lecheria","7":"product_cat-gaufrier","8":"product_cat-glacier-lecheria","10":"first","11":"instock","12":"shipping-taxable","13":"purchasable","14":"product-type-simple","15":"col-xs-6 col-sm-4","16":"col-md-3 col-lg-3","17":"un-4-cols"},"yoast_head":"<!-- This site is optimized with the Yoast SEO plugin v26.6 - https:\/\/yoast.com\/wordpress\/plugins\/seo\/ -->\n<title>Gaufrier cornet 90\u00b0 simple | Italia Machines<\/title>\n<meta name=\"robots\" content=\"index, follow, max-snippet:-1, max-image-preview:large, max-video-preview:-1\" \/>\n<link rel=\"canonical\" href=\"https:\/\/italiamachines.com\/fr_fr\/boutique\/cafe-glacier-lecheria\/gaufrier\/gaufrier-cornet-90-simple\/\" \/>\n<meta property=\"og:locale\" content=\"fr_FR\" \/>\n<meta property=\"og:type\" content=\"article\" \/>\n<meta property=\"og:title\" content=\"Gaufrier cornet 90\u00b0 simple | Italia Machines\" \/>\n<meta property=\"og:description\" content=\"Le gaufrier Cornet \u00e0 glace vous permet de cr\u00e9er des cornets \u00e0 glace d\u00e9licieux et artisanaux. Il s&rsquo;agit d&rsquo;un \u00e9crin de qualit\u00e9 pour vos glaces qui fera la diff\u00e9rence. Il permet de cuire des galettes de diff\u00e9rentes tailles pour produire des cornets \u00e0 la fois grands et petits. Le syst\u00e8me Easy Clean, qui permet le&hellip;\" \/>\n<meta property=\"og:url\" content=\"https:\/\/italiamachines.com\/fr_fr\/boutique\/cafe-glacier-lecheria\/gaufrier\/gaufrier-cornet-90-simple\/\" \/>\n<meta property=\"og:site_name\" content=\"Italia Machines\" \/>\n<meta property=\"article:publisher\" content=\"https:\/\/web.facebook.com\/italiamachines\/\" \/>\n<meta property=\"article:modified_time\" content=\"2024-09-28T19:54:37+00:00\" \/>\n<meta property=\"og:image\" content=\"https:\/\/italiamachines.com\/wp-content\/uploads\/2023\/07\/WECAPC.jpg\" \/>\n\t<meta property=\"og:image:width\" content=\"400\" \/>\n\t<meta property=\"og:image:height\" content=\"400\" \/>\n\t<meta property=\"og:image:type\" content=\"image\/jpeg\" \/>\n<meta name=\"twitter:card\" content=\"summary_large_image\" \/>\n<meta name=\"twitter:label1\" content=\"Dur\u00e9e de lecture estim\u00e9e\" \/>\n\t<meta name=\"twitter:data1\" content=\"1 minute\" \/>\n<script type=\"application\/ld+json\" class=\"yoast-schema-graph\">{\"@context\":\"https:\/\/schema.org\",\"@graph\":[{\"@type\":\"WebPage\",\"@id\":\"https:\/\/italiamachines.com\/boutique\/cafe-glacier-lecheria\/gaufrier\/gaufrier-cornet-90-simple\/\",\"url\":\"https:\/\/italiamachines.com\/boutique\/cafe-glacier-lecheria\/gaufrier\/gaufrier-cornet-90-simple\/\",\"name\":\"Gaufrier cornet 90\u00b0 simple | Italia Machines\",\"isPartOf\":{\"@id\":\"https:\/\/italiamachines.com\/#website\"},\"primaryImageOfPage\":{\"@id\":\"https:\/\/italiamachines.com\/boutique\/cafe-glacier-lecheria\/gaufrier\/gaufrier-cornet-90-simple\/#primaryimage\"},\"image\":{\"@id\":\"https:\/\/italiamachines.com\/boutique\/cafe-glacier-lecheria\/gaufrier\/gaufrier-cornet-90-simple\/#primaryimage\"},\"thumbnailUrl\":\"https:\/\/italiamachines.com\/wp-content\/uploads\/2023\/07\/WECAPC.jpg\",\"datePublished\":\"2023-07-30T04:48:39+00:00\",\"dateModified\":\"2024-09-28T19:54:37+00:00\",\"breadcrumb\":{\"@id\":\"https:\/\/italiamachines.com\/boutique\/cafe-glacier-lecheria\/gaufrier\/gaufrier-cornet-90-simple\/#breadcrumb\"},\"inLanguage\":\"fr-FR\",\"potentialAction\":[{\"@type\":\"ReadAction\",\"target\":[\"https:\/\/italiamachines.com\/boutique\/cafe-glacier-lecheria\/gaufrier\/gaufrier-cornet-90-simple\/\"]}]},{\"@type\":\"ImageObject\",\"inLanguage\":\"fr-FR\",\"@id\":\"https:\/\/italiamachines.com\/boutique\/cafe-glacier-lecheria\/gaufrier\/gaufrier-cornet-90-simple\/#primaryimage\",\"url\":\"https:\/\/italiamachines.com\/wp-content\/uploads\/2023\/07\/WECAPC.jpg\",\"contentUrl\":\"https:\/\/italiamachines.com\/wp-content\/uploads\/2023\/07\/WECAPC.jpg\",\"width\":400,\"height\":400},{\"@type\":\"BreadcrumbList\",\"@id\":\"https:\/\/italiamachines.com\/boutique\/cafe-glacier-lecheria\/gaufrier\/gaufrier-cornet-90-simple\/#breadcrumb\",\"itemListElement\":[{\"@type\":\"ListItem\",\"position\":1,\"name\":\"Accueil\",\"item\":\"https:\/\/italiamachines.com\/fr_fr\/\"},{\"@type\":\"ListItem\",\"position\":2,\"name\":\"Boutique\",\"item\":\"https:\/\/italiamachines.com\/boutique\/\"},{\"@type\":\"ListItem\",\"position\":3,\"name\":\"Gaufrier cornet 90\u00b0 simple\"}]},{\"@type\":\"WebSite\",\"@id\":\"https:\/\/italiamachines.com\/#website\",\"url\":\"https:\/\/italiamachines.com\/\",\"name\":\"Italia Machines\",\"description\":\"L&#039;art de l&#039;\u00e9quipement HORECA\",\"publisher\":{\"@id\":\"https:\/\/italiamachines.com\/#organization\"},\"potentialAction\":[{\"@type\":\"SearchAction\",\"target\":{\"@type\":\"EntryPoint\",\"urlTemplate\":\"https:\/\/italiamachines.com\/?s={search_term_string}\"},\"query-input\":{\"@type\":\"PropertyValueSpecification\",\"valueRequired\":true,\"valueName\":\"search_term_string\"}}],\"inLanguage\":\"fr-FR\"},{\"@type\":\"Organization\",\"@id\":\"https:\/\/italiamachines.com\/#organization\",\"name\":\"italiamachines\",\"url\":\"https:\/\/italiamachines.com\/\",\"logo\":{\"@type\":\"ImageObject\",\"inLanguage\":\"fr-FR\",\"@id\":\"https:\/\/italiamachines.com\/#\/schema\/logo\/image\/\",\"url\":\"https:\/\/italiamachines.com\/wp-content\/uploads\/2023\/08\/logo-web-1.png\",\"contentUrl\":\"https:\/\/italiamachines.com\/wp-content\/uploads\/2023\/08\/logo-web-1.png\",\"width\":977,\"height\":254,\"caption\":\"italiamachines\"},\"image\":{\"@id\":\"https:\/\/italiamachines.com\/#\/schema\/logo\/image\/\"},\"sameAs\":[\"https:\/\/web.facebook.com\/italiamachines\/\",\"https:\/\/www.instagram.com\/italia.machines\/\"]}]}<\/script>\n<!-- \/ Yoast SEO plugin. -->","yoast_head_json":{"title":"Gaufrier cornet 90\u00b0 simple | Italia Machines","robots":{"index":"index","follow":"follow","max-snippet":"max-snippet:-1","max-image-preview":"max-image-preview:large","max-video-preview":"max-video-preview:-1"},"canonical":"https:\/\/italiamachines.com\/fr_fr\/boutique\/cafe-glacier-lecheria\/gaufrier\/gaufrier-cornet-90-simple\/","og_locale":"fr_FR","og_type":"article","og_title":"Gaufrier cornet 90\u00b0 simple | Italia Machines","og_description":"Le gaufrier Cornet \u00e0 glace vous permet de cr\u00e9er des cornets \u00e0 glace d\u00e9licieux et artisanaux. Il s&rsquo;agit d&rsquo;un \u00e9crin de qualit\u00e9 pour vos glaces qui fera la diff\u00e9rence. Il permet de cuire des galettes de diff\u00e9rentes tailles pour produire des cornets \u00e0 la fois grands et petits. Le syst\u00e8me Easy Clean, qui permet le&hellip;","og_url":"https:\/\/italiamachines.com\/fr_fr\/boutique\/cafe-glacier-lecheria\/gaufrier\/gaufrier-cornet-90-simple\/","og_site_name":"Italia Machines","article_publisher":"https:\/\/web.facebook.com\/italiamachines\/","article_modified_time":"2024-09-28T19:54:37+00:00","og_image":[{"width":400,"height":400,"url":"https:\/\/italiamachines.com\/wp-content\/uploads\/2023\/07\/WECAPC.jpg","type":"image\/jpeg"}],"twitter_card":"summary_large_image","twitter_misc":{"Dur\u00e9e de lecture estim\u00e9e":"1 minute"},"schema":{"@context":"https:\/\/schema.org","@graph":[{"@type":"WebPage","@id":"https:\/\/italiamachines.com\/boutique\/cafe-glacier-lecheria\/gaufrier\/gaufrier-cornet-90-simple\/","url":"https:\/\/italiamachines.com\/boutique\/cafe-glacier-lecheria\/gaufrier\/gaufrier-cornet-90-simple\/","name":"Gaufrier cornet 90\u00b0 simple | Italia Machines","isPartOf":{"@id":"https:\/\/italiamachines.com\/#website"},"primaryImageOfPage":{"@id":"https:\/\/italiamachines.com\/boutique\/cafe-glacier-lecheria\/gaufrier\/gaufrier-cornet-90-simple\/#primaryimage"},"image":{"@id":"https:\/\/italiamachines.com\/boutique\/cafe-glacier-lecheria\/gaufrier\/gaufrier-cornet-90-simple\/#primaryimage"},"thumbnailUrl":"https:\/\/italiamachines.com\/wp-content\/uploads\/2023\/07\/WECAPC.jpg","datePublished":"2023-07-30T04:48:39+00:00","dateModified":"2024-09-28T19:54:37+00:00","breadcrumb":{"@id":"https:\/\/italiamachines.com\/boutique\/cafe-glacier-lecheria\/gaufrier\/gaufrier-cornet-90-simple\/#breadcrumb"},"inLanguage":"fr-FR","potentialAction":[{"@type":"ReadAction","target":["https:\/\/italiamachines.com\/boutique\/cafe-glacier-lecheria\/gaufrier\/gaufrier-cornet-90-simple\/"]}]},{"@type":"ImageObject","inLanguage":"fr-FR","@id":"https:\/\/italiamachines.com\/boutique\/cafe-glacier-lecheria\/gaufrier\/gaufrier-cornet-90-simple\/#primaryimage","url":"https:\/\/italiamachines.com\/wp-content\/uploads\/2023\/07\/WECAPC.jpg","contentUrl":"https:\/\/italiamachines.com\/wp-content\/uploads\/2023\/07\/WECAPC.jpg","width":400,"height":400},{"@type":"BreadcrumbList","@id":"https:\/\/italiamachines.com\/boutique\/cafe-glacier-lecheria\/gaufrier\/gaufrier-cornet-90-simple\/#breadcrumb","itemListElement":[{"@type":"ListItem","position":1,"name":"Accueil","item":"https:\/\/italiamachines.com\/fr_fr\/"},{"@type":"ListItem","position":2,"name":"Boutique","item":"https:\/\/italiamachines.com\/boutique\/"},{"@type":"ListItem","position":3,"name":"Gaufrier cornet 90\u00b0 simple"}]},{"@type":"WebSite","@id":"https:\/\/italiamachines.com\/#website","url":"https:\/\/italiamachines.com\/","name":"Italia Machines","description":"L&#039;art de l&#039;\u00e9quipement HORECA","publisher":{"@id":"https:\/\/italiamachines.com\/#organization"},"potentialAction":[{"@type":"SearchAction","target":{"@type":"EntryPoint","urlTemplate":"https:\/\/italiamachines.com\/?s={search_term_string}"},"query-input":{"@type":"PropertyValueSpecification","valueRequired":true,"valueName":"search_term_string"}}],"inLanguage":"fr-FR"},{"@type":"Organization","@id":"https:\/\/italiamachines.com\/#organization","name":"italiamachines","url":"https:\/\/italiamachines.com\/","logo":{"@type":"ImageObject","inLanguage":"fr-FR","@id":"https:\/\/italiamachines.com\/#\/schema\/logo\/image\/","url":"https:\/\/italiamachines.com\/wp-content\/uploads\/2023\/08\/logo-web-1.png","contentUrl":"https:\/\/italiamachines.com\/wp-content\/uploads\/2023\/08\/logo-web-1.png","width":977,"height":254,"caption":"italiamachines"},"image":{"@id":"https:\/\/italiamachines.com\/#\/schema\/logo\/image\/"},"sameAs":["https:\/\/web.facebook.com\/italiamachines\/","https:\/\/www.instagram.com\/italia.machines\/"]}]}},"_links":{"self":[{"href":"https:\/\/italiamachines.com\/fr_fr\/wp-json\/wp\/v2\/product\/5537","targetHints":{"allow":["GET"]}}],"collection":[{"href":"https:\/\/italiamachines.com\/fr_fr\/wp-json\/wp\/v2\/product"}],"about":[{"href":"https:\/\/italiamachines.com\/fr_fr\/wp-json\/wp\/v2\/types\/product"}],"replies":[{"embeddable":true,"href":"https:\/\/italiamachines.com\/fr_fr\/wp-json\/wp\/v2\/comments?post=5537"}],"wp:featuredmedia":[{"embeddable":true,"href":"https:\/\/italiamachines.com\/fr_fr\/wp-json\/wp\/v2\/media\/8750"}],"wp:attachment":[{"href":"https:\/\/italiamachines.com\/fr_fr\/wp-json\/wp\/v2\/media?parent=5537"}],"wp:term":[{"taxonomy":"product_cat","embeddable":true,"href":"https:\/\/italiamachines.com\/fr_fr\/wp-json\/wp\/v2\/product_cat?post=5537"},{"taxonomy":"product_tag","embeddable":true,"href":"https:\/\/italiamachines.com\/fr_fr\/wp-json\/wp\/v2\/product_tag?post=5537"}],"curies":[{"name":"wp","href":"https:\/\/api.w.org\/{rel}","templated":true}]}}