{"id":5625,"date":"2023-07-31T15:40:10","date_gmt":"2023-07-31T15:40:10","guid":{"rendered":"https:\/\/prod.italiamachines.com\/product\/surgelateur-en-acier-inox-avec-regulation-tactile-sur-porte-5-niveaux-gn1-1-par-mastercool-dimentions-600x400mm\/"},"modified":"2024-10-01T00:00:25","modified_gmt":"2024-09-30T22:00:25","slug":"surgelateur-en-acier-inox-avec-regulation-tactile-sur-porte-5-niveaux-gn1-1-par-mastercool-dimentions-600x400mm","status":"publish","type":"product","link":"https:\/\/italiamachines.com\/fr_fr\/boutique\/boulangerie-et-patisserie\/patisserie\/froid-et-conservation-pour-patisserie\/surgelateurs-pour-conservation-pour-patisserie\/surgelateur-en-acier-inox-avec-regulation-tactile-sur-porte-5-niveaux-gn1-1-par-mastercool-dimentions-600x400mm\/","title":{"rendered":"Surg\u00e9lateur Avec R\u00e9gulation Tactile \u00e0 5|10|15|20 Niveaux GN1\/1 &#8211; par Mastercool"},"content":{"rendered":"<p>R\u00e9frig\u00e9rateur commercial avec plage de temp\u00e9rature de +3\u00b0C \u00e0 -18\u00b0C<br \/>\nPanneau de commande tactile avec affichage num\u00e9rique<br \/>\nFonctions programmables pour le contr\u00f4le de la temp\u00e9rature<br \/>\n\u00c9quip\u00e9 d&rsquo;une sonde de chambre, d&rsquo;une sonde \u00e0 aiguille et de 20 guides universels en acier<\/p>\n<p>Plage de temp\u00e9rature : +3\u00b0C \u00e0 -18\u00b0C<br \/>\nDimensions ext\u00e9rieures : 75 cm (L) x 74 cm (P) x 130\/132 cm (H)<br \/>\nDimensions de la chambre : 61 cm (L) x 41 cm (P) x 76 cm (H)<br \/>\nEspacement des plateaux : 70 mm<br \/>\nPuissance nominale : 1490 W<br \/>\nAlimentation : 230V\/50Hz\/1<br \/>\nGaz r\u00e9frig\u00e9rant : R404A\/R507<br \/>\nUnit\u00e9 r\u00e9frig\u00e9rante int\u00e9gr\u00e9e<br \/>\nPanneau de contr\u00f4le : \u00c9cran tactile capacitif<\/p>\n","protected":false},"excerpt":{"rendered":"<p>R\u00e9frig\u00e9rateur commercial avec plage de temp\u00e9rature de +3\u00b0C \u00e0 -18\u00b0C Panneau de commande tactile avec affichage num\u00e9rique Fonctions programmables pour le contr\u00f4le de la temp\u00e9rature \u00c9quip\u00e9 d&rsquo;une sonde de chambre, d&rsquo;une sonde \u00e0 aiguille et de 20 guides universels en acier Plage de temp\u00e9rature : +3\u00b0C \u00e0 -18\u00b0C Dimensions ext\u00e9rieures : 75 cm (L) x&hellip;<\/p>\n","protected":false},"featured_media":6365,"comment_status":"closed","ping_status":"closed","template":"","meta":[],"product_cat":[65,73,201,79,80,98,125,237],"product_tag":[],"class_list":{"0":"post-5625","1":"product","2":"type-product","3":"status-publish","4":"has-post-thumbnail","6":"product_cat-cafe-glacier-lecheria","7":"product_cat-froid-conservation-pour-glace","8":"product_cat-froid-et-conservation-pour-patisserie","9":"product_cat-glacier","10":"product_cat-glacier-lecheria","11":"product_cat-patisserie-2","12":"product_cat-surgelateur-pour-glace","13":"product_cat-surgelateurs-pour-conservation-pour-patisserie","15":"first","16":"instock","17":"shipping-taxable","18":"purchasable","19":"product-type-variable","20":"col-xs-6 col-sm-4","21":"col-md-3 col-lg-3","22":"un-4-cols"},"yoast_head":"<!-- This site is optimized with the Yoast SEO plugin v26.6 - https:\/\/yoast.com\/wordpress\/plugins\/seo\/ -->\n<title>Surg\u00e9lateur Avec R\u00e9gulation Tactile \u00e0 5|10|15|20 Niveaux GN1\/1 - par Mastercool | Italia Machines<\/title>\n<meta name=\"robots\" content=\"index, follow, max-snippet:-1, max-image-preview:large, max-video-preview:-1\" \/>\n<link rel=\"canonical\" href=\"https:\/\/italiamachines.com\/fr_fr\/boutique\/boulangerie-et-patisserie\/patisserie\/froid-et-conservation-pour-patisserie\/surgelateurs-pour-conservation-pour-patisserie\/surgelateur-en-acier-inox-avec-regulation-tactile-sur-porte-5-niveaux-gn1-1-par-mastercool-dimentions-600x400mm\/\" \/>\n<meta property=\"og:locale\" content=\"fr_FR\" \/>\n<meta property=\"og:type\" content=\"article\" \/>\n<meta property=\"og:title\" content=\"Surg\u00e9lateur Avec R\u00e9gulation Tactile \u00e0 5|10|15|20 Niveaux GN1\/1 - par Mastercool | Italia Machines\" \/>\n<meta property=\"og:description\" content=\"R\u00e9frig\u00e9rateur commercial avec plage de temp\u00e9rature de +3\u00b0C \u00e0 -18\u00b0C Panneau de commande tactile avec affichage num\u00e9rique Fonctions programmables pour le contr\u00f4le de la temp\u00e9rature \u00c9quip\u00e9 d&rsquo;une sonde de chambre, d&rsquo;une sonde \u00e0 aiguille et de 20 guides universels en acier Plage de temp\u00e9rature : +3\u00b0C \u00e0 -18\u00b0C Dimensions ext\u00e9rieures : 75 cm (L) x&hellip;\" \/>\n<meta property=\"og:url\" content=\"https:\/\/italiamachines.com\/fr_fr\/boutique\/boulangerie-et-patisserie\/patisserie\/froid-et-conservation-pour-patisserie\/surgelateurs-pour-conservation-pour-patisserie\/surgelateur-en-acier-inox-avec-regulation-tactile-sur-porte-5-niveaux-gn1-1-par-mastercool-dimentions-600x400mm\/\" \/>\n<meta property=\"og:site_name\" content=\"Italia Machines\" \/>\n<meta property=\"article:publisher\" content=\"https:\/\/web.facebook.com\/italiamachines\/\" \/>\n<meta property=\"article:modified_time\" content=\"2024-09-30T22:00:25+00:00\" \/>\n<meta property=\"og:image\" content=\"https:\/\/italiamachines.com\/wp-content\/uploads\/2023\/07\/8477C1BA-73BB-429E-AC92-CC539EF32C4E_4_5005_c-removebg-preview.png\" \/>\n\t<meta property=\"og:image:width\" content=\"300\" \/>\n\t<meta property=\"og:image:height\" content=\"300\" \/>\n\t<meta property=\"og:image:type\" content=\"image\/png\" \/>\n<meta name=\"twitter:card\" content=\"summary_large_image\" \/>\n<meta name=\"twitter:label1\" content=\"Dur\u00e9e de lecture estim\u00e9e\" \/>\n\t<meta name=\"twitter:data1\" content=\"1 minute\" \/>\n<script type=\"application\/ld+json\" class=\"yoast-schema-graph\">{\"@context\":\"https:\/\/schema.org\",\"@graph\":[{\"@type\":\"WebPage\",\"@id\":\"https:\/\/italiamachines.com\/boutique\/boulangerie-et-patisserie\/patisserie\/froid-et-conservation-pour-patisserie\/surgelateurs-pour-conservation-pour-patisserie\/surgelateur-en-acier-inox-avec-regulation-tactile-sur-porte-5-niveaux-gn1-1-par-mastercool-dimentions-600x400mm\/\",\"url\":\"https:\/\/italiamachines.com\/boutique\/boulangerie-et-patisserie\/patisserie\/froid-et-conservation-pour-patisserie\/surgelateurs-pour-conservation-pour-patisserie\/surgelateur-en-acier-inox-avec-regulation-tactile-sur-porte-5-niveaux-gn1-1-par-mastercool-dimentions-600x400mm\/\",\"name\":\"Surg\u00e9lateur Avec R\u00e9gulation Tactile \u00e0 5|10|15|20 Niveaux GN1\/1 - par Mastercool | Italia Machines\",\"isPartOf\":{\"@id\":\"https:\/\/italiamachines.com\/#website\"},\"primaryImageOfPage\":{\"@id\":\"https:\/\/italiamachines.com\/boutique\/boulangerie-et-patisserie\/patisserie\/froid-et-conservation-pour-patisserie\/surgelateurs-pour-conservation-pour-patisserie\/surgelateur-en-acier-inox-avec-regulation-tactile-sur-porte-5-niveaux-gn1-1-par-mastercool-dimentions-600x400mm\/#primaryimage\"},\"image\":{\"@id\":\"https:\/\/italiamachines.com\/boutique\/boulangerie-et-patisserie\/patisserie\/froid-et-conservation-pour-patisserie\/surgelateurs-pour-conservation-pour-patisserie\/surgelateur-en-acier-inox-avec-regulation-tactile-sur-porte-5-niveaux-gn1-1-par-mastercool-dimentions-600x400mm\/#primaryimage\"},\"thumbnailUrl\":\"https:\/\/italiamachines.com\/wp-content\/uploads\/2023\/07\/8477C1BA-73BB-429E-AC92-CC539EF32C4E_4_5005_c-removebg-preview.png\",\"datePublished\":\"2023-07-31T15:40:10+00:00\",\"dateModified\":\"2024-09-30T22:00:25+00:00\",\"breadcrumb\":{\"@id\":\"https:\/\/italiamachines.com\/boutique\/boulangerie-et-patisserie\/patisserie\/froid-et-conservation-pour-patisserie\/surgelateurs-pour-conservation-pour-patisserie\/surgelateur-en-acier-inox-avec-regulation-tactile-sur-porte-5-niveaux-gn1-1-par-mastercool-dimentions-600x400mm\/#breadcrumb\"},\"inLanguage\":\"fr-FR\",\"potentialAction\":[{\"@type\":\"ReadAction\",\"target\":[\"https:\/\/italiamachines.com\/boutique\/boulangerie-et-patisserie\/patisserie\/froid-et-conservation-pour-patisserie\/surgelateurs-pour-conservation-pour-patisserie\/surgelateur-en-acier-inox-avec-regulation-tactile-sur-porte-5-niveaux-gn1-1-par-mastercool-dimentions-600x400mm\/\"]}]},{\"@type\":\"ImageObject\",\"inLanguage\":\"fr-FR\",\"@id\":\"https:\/\/italiamachines.com\/boutique\/boulangerie-et-patisserie\/patisserie\/froid-et-conservation-pour-patisserie\/surgelateurs-pour-conservation-pour-patisserie\/surgelateur-en-acier-inox-avec-regulation-tactile-sur-porte-5-niveaux-gn1-1-par-mastercool-dimentions-600x400mm\/#primaryimage\",\"url\":\"https:\/\/italiamachines.com\/wp-content\/uploads\/2023\/07\/8477C1BA-73BB-429E-AC92-CC539EF32C4E_4_5005_c-removebg-preview.png\",\"contentUrl\":\"https:\/\/italiamachines.com\/wp-content\/uploads\/2023\/07\/8477C1BA-73BB-429E-AC92-CC539EF32C4E_4_5005_c-removebg-preview.png\",\"width\":300,\"height\":300},{\"@type\":\"BreadcrumbList\",\"@id\":\"https:\/\/italiamachines.com\/boutique\/boulangerie-et-patisserie\/patisserie\/froid-et-conservation-pour-patisserie\/surgelateurs-pour-conservation-pour-patisserie\/surgelateur-en-acier-inox-avec-regulation-tactile-sur-porte-5-niveaux-gn1-1-par-mastercool-dimentions-600x400mm\/#breadcrumb\",\"itemListElement\":[{\"@type\":\"ListItem\",\"position\":1,\"name\":\"Accueil\",\"item\":\"https:\/\/italiamachines.com\/fr_fr\/\"},{\"@type\":\"ListItem\",\"position\":2,\"name\":\"Boutique\",\"item\":\"https:\/\/italiamachines.com\/boutique\/\"},{\"@type\":\"ListItem\",\"position\":3,\"name\":\"Surg\u00e9lateur Avec R\u00e9gulation Tactile \u00e0 5|10|15|20 Niveaux GN1\/1 &#8211; par Mastercool\"}]},{\"@type\":\"WebSite\",\"@id\":\"https:\/\/italiamachines.com\/#website\",\"url\":\"https:\/\/italiamachines.com\/\",\"name\":\"Italia Machines\",\"description\":\"L&#039;art de l&#039;\u00e9quipement HORECA\",\"publisher\":{\"@id\":\"https:\/\/italiamachines.com\/#organization\"},\"potentialAction\":[{\"@type\":\"SearchAction\",\"target\":{\"@type\":\"EntryPoint\",\"urlTemplate\":\"https:\/\/italiamachines.com\/?s={search_term_string}\"},\"query-input\":{\"@type\":\"PropertyValueSpecification\",\"valueRequired\":true,\"valueName\":\"search_term_string\"}}],\"inLanguage\":\"fr-FR\"},{\"@type\":\"Organization\",\"@id\":\"https:\/\/italiamachines.com\/#organization\",\"name\":\"italiamachines\",\"url\":\"https:\/\/italiamachines.com\/\",\"logo\":{\"@type\":\"ImageObject\",\"inLanguage\":\"fr-FR\",\"@id\":\"https:\/\/italiamachines.com\/#\/schema\/logo\/image\/\",\"url\":\"https:\/\/italiamachines.com\/wp-content\/uploads\/2023\/08\/logo-web-1.png\",\"contentUrl\":\"https:\/\/italiamachines.com\/wp-content\/uploads\/2023\/08\/logo-web-1.png\",\"width\":977,\"height\":254,\"caption\":\"italiamachines\"},\"image\":{\"@id\":\"https:\/\/italiamachines.com\/#\/schema\/logo\/image\/\"},\"sameAs\":[\"https:\/\/web.facebook.com\/italiamachines\/\",\"https:\/\/www.instagram.com\/italia.machines\/\"]}]}<\/script>\n<!-- \/ Yoast SEO plugin. -->","yoast_head_json":{"title":"Surg\u00e9lateur Avec R\u00e9gulation Tactile \u00e0 5|10|15|20 Niveaux GN1\/1 - par Mastercool | Italia Machines","robots":{"index":"index","follow":"follow","max-snippet":"max-snippet:-1","max-image-preview":"max-image-preview:large","max-video-preview":"max-video-preview:-1"},"canonical":"https:\/\/italiamachines.com\/fr_fr\/boutique\/boulangerie-et-patisserie\/patisserie\/froid-et-conservation-pour-patisserie\/surgelateurs-pour-conservation-pour-patisserie\/surgelateur-en-acier-inox-avec-regulation-tactile-sur-porte-5-niveaux-gn1-1-par-mastercool-dimentions-600x400mm\/","og_locale":"fr_FR","og_type":"article","og_title":"Surg\u00e9lateur Avec R\u00e9gulation Tactile \u00e0 5|10|15|20 Niveaux GN1\/1 - par Mastercool | Italia Machines","og_description":"R\u00e9frig\u00e9rateur commercial avec plage de temp\u00e9rature de +3\u00b0C \u00e0 -18\u00b0C Panneau de commande tactile avec affichage num\u00e9rique Fonctions programmables pour le contr\u00f4le de la temp\u00e9rature \u00c9quip\u00e9 d&rsquo;une sonde de chambre, d&rsquo;une sonde \u00e0 aiguille et de 20 guides universels en acier Plage de temp\u00e9rature : +3\u00b0C \u00e0 -18\u00b0C Dimensions ext\u00e9rieures : 75 cm (L) x&hellip;","og_url":"https:\/\/italiamachines.com\/fr_fr\/boutique\/boulangerie-et-patisserie\/patisserie\/froid-et-conservation-pour-patisserie\/surgelateurs-pour-conservation-pour-patisserie\/surgelateur-en-acier-inox-avec-regulation-tactile-sur-porte-5-niveaux-gn1-1-par-mastercool-dimentions-600x400mm\/","og_site_name":"Italia Machines","article_publisher":"https:\/\/web.facebook.com\/italiamachines\/","article_modified_time":"2024-09-30T22:00:25+00:00","og_image":[{"width":300,"height":300,"url":"https:\/\/italiamachines.com\/wp-content\/uploads\/2023\/07\/8477C1BA-73BB-429E-AC92-CC539EF32C4E_4_5005_c-removebg-preview.png","type":"image\/png"}],"twitter_card":"summary_large_image","twitter_misc":{"Dur\u00e9e de lecture estim\u00e9e":"1 minute"},"schema":{"@context":"https:\/\/schema.org","@graph":[{"@type":"WebPage","@id":"https:\/\/italiamachines.com\/boutique\/boulangerie-et-patisserie\/patisserie\/froid-et-conservation-pour-patisserie\/surgelateurs-pour-conservation-pour-patisserie\/surgelateur-en-acier-inox-avec-regulation-tactile-sur-porte-5-niveaux-gn1-1-par-mastercool-dimentions-600x400mm\/","url":"https:\/\/italiamachines.com\/boutique\/boulangerie-et-patisserie\/patisserie\/froid-et-conservation-pour-patisserie\/surgelateurs-pour-conservation-pour-patisserie\/surgelateur-en-acier-inox-avec-regulation-tactile-sur-porte-5-niveaux-gn1-1-par-mastercool-dimentions-600x400mm\/","name":"Surg\u00e9lateur Avec R\u00e9gulation Tactile \u00e0 5|10|15|20 Niveaux GN1\/1 - par Mastercool | Italia Machines","isPartOf":{"@id":"https:\/\/italiamachines.com\/#website"},"primaryImageOfPage":{"@id":"https:\/\/italiamachines.com\/boutique\/boulangerie-et-patisserie\/patisserie\/froid-et-conservation-pour-patisserie\/surgelateurs-pour-conservation-pour-patisserie\/surgelateur-en-acier-inox-avec-regulation-tactile-sur-porte-5-niveaux-gn1-1-par-mastercool-dimentions-600x400mm\/#primaryimage"},"image":{"@id":"https:\/\/italiamachines.com\/boutique\/boulangerie-et-patisserie\/patisserie\/froid-et-conservation-pour-patisserie\/surgelateurs-pour-conservation-pour-patisserie\/surgelateur-en-acier-inox-avec-regulation-tactile-sur-porte-5-niveaux-gn1-1-par-mastercool-dimentions-600x400mm\/#primaryimage"},"thumbnailUrl":"https:\/\/italiamachines.com\/wp-content\/uploads\/2023\/07\/8477C1BA-73BB-429E-AC92-CC539EF32C4E_4_5005_c-removebg-preview.png","datePublished":"2023-07-31T15:40:10+00:00","dateModified":"2024-09-30T22:00:25+00:00","breadcrumb":{"@id":"https:\/\/italiamachines.com\/boutique\/boulangerie-et-patisserie\/patisserie\/froid-et-conservation-pour-patisserie\/surgelateurs-pour-conservation-pour-patisserie\/surgelateur-en-acier-inox-avec-regulation-tactile-sur-porte-5-niveaux-gn1-1-par-mastercool-dimentions-600x400mm\/#breadcrumb"},"inLanguage":"fr-FR","potentialAction":[{"@type":"ReadAction","target":["https:\/\/italiamachines.com\/boutique\/boulangerie-et-patisserie\/patisserie\/froid-et-conservation-pour-patisserie\/surgelateurs-pour-conservation-pour-patisserie\/surgelateur-en-acier-inox-avec-regulation-tactile-sur-porte-5-niveaux-gn1-1-par-mastercool-dimentions-600x400mm\/"]}]},{"@type":"ImageObject","inLanguage":"fr-FR","@id":"https:\/\/italiamachines.com\/boutique\/boulangerie-et-patisserie\/patisserie\/froid-et-conservation-pour-patisserie\/surgelateurs-pour-conservation-pour-patisserie\/surgelateur-en-acier-inox-avec-regulation-tactile-sur-porte-5-niveaux-gn1-1-par-mastercool-dimentions-600x400mm\/#primaryimage","url":"https:\/\/italiamachines.com\/wp-content\/uploads\/2023\/07\/8477C1BA-73BB-429E-AC92-CC539EF32C4E_4_5005_c-removebg-preview.png","contentUrl":"https:\/\/italiamachines.com\/wp-content\/uploads\/2023\/07\/8477C1BA-73BB-429E-AC92-CC539EF32C4E_4_5005_c-removebg-preview.png","width":300,"height":300},{"@type":"BreadcrumbList","@id":"https:\/\/italiamachines.com\/boutique\/boulangerie-et-patisserie\/patisserie\/froid-et-conservation-pour-patisserie\/surgelateurs-pour-conservation-pour-patisserie\/surgelateur-en-acier-inox-avec-regulation-tactile-sur-porte-5-niveaux-gn1-1-par-mastercool-dimentions-600x400mm\/#breadcrumb","itemListElement":[{"@type":"ListItem","position":1,"name":"Accueil","item":"https:\/\/italiamachines.com\/fr_fr\/"},{"@type":"ListItem","position":2,"name":"Boutique","item":"https:\/\/italiamachines.com\/boutique\/"},{"@type":"ListItem","position":3,"name":"Surg\u00e9lateur Avec R\u00e9gulation Tactile \u00e0 5|10|15|20 Niveaux GN1\/1 &#8211; par Mastercool"}]},{"@type":"WebSite","@id":"https:\/\/italiamachines.com\/#website","url":"https:\/\/italiamachines.com\/","name":"Italia Machines","description":"L&#039;art de l&#039;\u00e9quipement HORECA","publisher":{"@id":"https:\/\/italiamachines.com\/#organization"},"potentialAction":[{"@type":"SearchAction","target":{"@type":"EntryPoint","urlTemplate":"https:\/\/italiamachines.com\/?s={search_term_string}"},"query-input":{"@type":"PropertyValueSpecification","valueRequired":true,"valueName":"search_term_string"}}],"inLanguage":"fr-FR"},{"@type":"Organization","@id":"https:\/\/italiamachines.com\/#organization","name":"italiamachines","url":"https:\/\/italiamachines.com\/","logo":{"@type":"ImageObject","inLanguage":"fr-FR","@id":"https:\/\/italiamachines.com\/#\/schema\/logo\/image\/","url":"https:\/\/italiamachines.com\/wp-content\/uploads\/2023\/08\/logo-web-1.png","contentUrl":"https:\/\/italiamachines.com\/wp-content\/uploads\/2023\/08\/logo-web-1.png","width":977,"height":254,"caption":"italiamachines"},"image":{"@id":"https:\/\/italiamachines.com\/#\/schema\/logo\/image\/"},"sameAs":["https:\/\/web.facebook.com\/italiamachines\/","https:\/\/www.instagram.com\/italia.machines\/"]}]}},"_links":{"self":[{"href":"https:\/\/italiamachines.com\/fr_fr\/wp-json\/wp\/v2\/product\/5625","targetHints":{"allow":["GET"]}}],"collection":[{"href":"https:\/\/italiamachines.com\/fr_fr\/wp-json\/wp\/v2\/product"}],"about":[{"href":"https:\/\/italiamachines.com\/fr_fr\/wp-json\/wp\/v2\/types\/product"}],"replies":[{"embeddable":true,"href":"https:\/\/italiamachines.com\/fr_fr\/wp-json\/wp\/v2\/comments?post=5625"}],"wp:featuredmedia":[{"embeddable":true,"href":"https:\/\/italiamachines.com\/fr_fr\/wp-json\/wp\/v2\/media\/6365"}],"wp:attachment":[{"href":"https:\/\/italiamachines.com\/fr_fr\/wp-json\/wp\/v2\/media?parent=5625"}],"wp:term":[{"taxonomy":"product_cat","embeddable":true,"href":"https:\/\/italiamachines.com\/fr_fr\/wp-json\/wp\/v2\/product_cat?post=5625"},{"taxonomy":"product_tag","embeddable":true,"href":"https:\/\/italiamachines.com\/fr_fr\/wp-json\/wp\/v2\/product_tag?post=5625"}],"curies":[{"name":"wp","href":"https:\/\/api.w.org\/{rel}","templated":true}]}}