{"id":5629,"date":"2023-07-31T15:40:25","date_gmt":"2023-07-31T15:40:25","guid":{"rendered":"https:\/\/prod.italiamachines.com\/product\/machine-pour-mini-tartelette-5-moules\/"},"modified":"2024-09-28T22:32:59","modified_gmt":"2024-09-28T20:32:59","slug":"machine-pour-mini-tartelette-5-moules","status":"publish","type":"product","link":"https:\/\/italiamachines.com\/fr_fr\/boutique\/boulangerie-et-patisserie\/patisserie\/machine-pour-tartelettes\/machine-pour-mini-tartelette-5-moules\/","title":{"rendered":"Machine pour Mini Tartelette (5 moules)"},"content":{"rendered":"<p>Machine professionnelle pour les tartelettes.<br \/>\nPermet de r\u00e9aliser et cuire des tartelettes avec de la p\u00e2te feuillet\u00e9e, sabl\u00e9e et bris\u00e9e. En utilisant le couplage de deux plaques.<br \/>\nPossibilit\u00e9 de r\u00e9gler deux temp\u00e9ratures diff\u00e9rentes entre la plaque sup\u00e9rieure et la plaque inf\u00e9rieure pour obtenir une cuisson parfaite du produit.<br \/>\nSignal acoustique indique la fin de la cuisson.<\/p>\n","protected":false},"excerpt":{"rendered":"<p>Machine professionnelle pour les tartelettes. Permet de r\u00e9aliser et cuire des tartelettes avec de la p\u00e2te feuillet\u00e9e, sabl\u00e9e et bris\u00e9e. En utilisant le couplage de deux plaques. Possibilit\u00e9 de r\u00e9gler deux temp\u00e9ratures diff\u00e9rentes entre la plaque sup\u00e9rieure et la plaque inf\u00e9rieure pour obtenir une cuisson parfaite du produit. Signal acoustique indique la fin de la&hellip;<\/p>\n","protected":false},"featured_media":5628,"comment_status":"open","ping_status":"closed","template":"","meta":[],"product_cat":[213,98],"product_tag":[],"class_list":{"0":"post-5629","1":"product","2":"type-product","3":"status-publish","4":"has-post-thumbnail","6":"product_cat-machine-pour-tartelettes","7":"product_cat-patisserie-2","9":"first","10":"instock","11":"shipping-taxable","12":"purchasable","13":"product-type-simple","14":"col-xs-6 col-sm-4","15":"col-md-3 col-lg-3","16":"un-4-cols"},"yoast_head":"<!-- This site is optimized with the Yoast SEO plugin v26.6 - https:\/\/yoast.com\/wordpress\/plugins\/seo\/ -->\n<title>Machine pour Mini Tartelette (5 moules) | Italia Machines<\/title>\n<meta name=\"robots\" content=\"index, follow, max-snippet:-1, max-image-preview:large, max-video-preview:-1\" \/>\n<link rel=\"canonical\" href=\"https:\/\/italiamachines.com\/fr_fr\/boutique\/boulangerie-et-patisserie\/patisserie\/machine-pour-tartelettes\/machine-pour-mini-tartelette-5-moules\/\" \/>\n<meta property=\"og:locale\" content=\"fr_FR\" \/>\n<meta property=\"og:type\" content=\"article\" \/>\n<meta property=\"og:title\" content=\"Machine pour Mini Tartelette (5 moules) | Italia Machines\" \/>\n<meta property=\"og:description\" content=\"Machine professionnelle pour les tartelettes. Permet de r\u00e9aliser et cuire des tartelettes avec de la p\u00e2te feuillet\u00e9e, sabl\u00e9e et bris\u00e9e. En utilisant le couplage de deux plaques. Possibilit\u00e9 de r\u00e9gler deux temp\u00e9ratures diff\u00e9rentes entre la plaque sup\u00e9rieure et la plaque inf\u00e9rieure pour obtenir une cuisson parfaite du produit. Signal acoustique indique la fin de la&hellip;\" \/>\n<meta property=\"og:url\" content=\"https:\/\/italiamachines.com\/fr_fr\/boutique\/boulangerie-et-patisserie\/patisserie\/machine-pour-tartelettes\/machine-pour-mini-tartelette-5-moules\/\" \/>\n<meta property=\"og:site_name\" content=\"Italia Machines\" \/>\n<meta property=\"article:publisher\" content=\"https:\/\/web.facebook.com\/italiamachines\/\" \/>\n<meta property=\"article:modified_time\" content=\"2024-09-28T20:32:59+00:00\" \/>\n<meta property=\"og:image\" content=\"https:\/\/italiamachines.com\/wp-content\/uploads\/2023\/07\/CBCMAC16-1.jpg\" \/>\n\t<meta property=\"og:image:width\" content=\"592\" \/>\n\t<meta property=\"og:image:height\" content=\"400\" \/>\n\t<meta property=\"og:image:type\" content=\"image\/jpeg\" \/>\n<meta name=\"twitter:card\" content=\"summary_large_image\" \/>\n<meta name=\"twitter:label1\" content=\"Dur\u00e9e de lecture estim\u00e9e\" \/>\n\t<meta name=\"twitter:data1\" content=\"1 minute\" \/>\n<script type=\"application\/ld+json\" class=\"yoast-schema-graph\">{\"@context\":\"https:\/\/schema.org\",\"@graph\":[{\"@type\":\"WebPage\",\"@id\":\"https:\/\/italiamachines.com\/boutique\/boulangerie-et-patisserie\/patisserie\/machine-pour-tartelettes\/machine-pour-mini-tartelette-5-moules\/\",\"url\":\"https:\/\/italiamachines.com\/boutique\/boulangerie-et-patisserie\/patisserie\/machine-pour-tartelettes\/machine-pour-mini-tartelette-5-moules\/\",\"name\":\"Machine pour Mini Tartelette (5 moules) | Italia Machines\",\"isPartOf\":{\"@id\":\"https:\/\/italiamachines.com\/#website\"},\"primaryImageOfPage\":{\"@id\":\"https:\/\/italiamachines.com\/boutique\/boulangerie-et-patisserie\/patisserie\/machine-pour-tartelettes\/machine-pour-mini-tartelette-5-moules\/#primaryimage\"},\"image\":{\"@id\":\"https:\/\/italiamachines.com\/boutique\/boulangerie-et-patisserie\/patisserie\/machine-pour-tartelettes\/machine-pour-mini-tartelette-5-moules\/#primaryimage\"},\"thumbnailUrl\":\"https:\/\/italiamachines.com\/wp-content\/uploads\/2023\/07\/CBCMAC16-1.jpg\",\"datePublished\":\"2023-07-31T15:40:25+00:00\",\"dateModified\":\"2024-09-28T20:32:59+00:00\",\"breadcrumb\":{\"@id\":\"https:\/\/italiamachines.com\/boutique\/boulangerie-et-patisserie\/patisserie\/machine-pour-tartelettes\/machine-pour-mini-tartelette-5-moules\/#breadcrumb\"},\"inLanguage\":\"fr-FR\",\"potentialAction\":[{\"@type\":\"ReadAction\",\"target\":[\"https:\/\/italiamachines.com\/boutique\/boulangerie-et-patisserie\/patisserie\/machine-pour-tartelettes\/machine-pour-mini-tartelette-5-moules\/\"]}]},{\"@type\":\"ImageObject\",\"inLanguage\":\"fr-FR\",\"@id\":\"https:\/\/italiamachines.com\/boutique\/boulangerie-et-patisserie\/patisserie\/machine-pour-tartelettes\/machine-pour-mini-tartelette-5-moules\/#primaryimage\",\"url\":\"https:\/\/italiamachines.com\/wp-content\/uploads\/2023\/07\/CBCMAC16-1.jpg\",\"contentUrl\":\"https:\/\/italiamachines.com\/wp-content\/uploads\/2023\/07\/CBCMAC16-1.jpg\",\"width\":592,\"height\":400},{\"@type\":\"BreadcrumbList\",\"@id\":\"https:\/\/italiamachines.com\/boutique\/boulangerie-et-patisserie\/patisserie\/machine-pour-tartelettes\/machine-pour-mini-tartelette-5-moules\/#breadcrumb\",\"itemListElement\":[{\"@type\":\"ListItem\",\"position\":1,\"name\":\"Accueil\",\"item\":\"https:\/\/italiamachines.com\/fr_fr\/\"},{\"@type\":\"ListItem\",\"position\":2,\"name\":\"Boutique\",\"item\":\"https:\/\/italiamachines.com\/boutique\/\"},{\"@type\":\"ListItem\",\"position\":3,\"name\":\"Machine pour Mini Tartelette (5 moules)\"}]},{\"@type\":\"WebSite\",\"@id\":\"https:\/\/italiamachines.com\/#website\",\"url\":\"https:\/\/italiamachines.com\/\",\"name\":\"Italia Machines\",\"description\":\"L&#039;art de l&#039;\u00e9quipement HORECA\",\"publisher\":{\"@id\":\"https:\/\/italiamachines.com\/#organization\"},\"potentialAction\":[{\"@type\":\"SearchAction\",\"target\":{\"@type\":\"EntryPoint\",\"urlTemplate\":\"https:\/\/italiamachines.com\/?s={search_term_string}\"},\"query-input\":{\"@type\":\"PropertyValueSpecification\",\"valueRequired\":true,\"valueName\":\"search_term_string\"}}],\"inLanguage\":\"fr-FR\"},{\"@type\":\"Organization\",\"@id\":\"https:\/\/italiamachines.com\/#organization\",\"name\":\"italiamachines\",\"url\":\"https:\/\/italiamachines.com\/\",\"logo\":{\"@type\":\"ImageObject\",\"inLanguage\":\"fr-FR\",\"@id\":\"https:\/\/italiamachines.com\/#\/schema\/logo\/image\/\",\"url\":\"https:\/\/italiamachines.com\/wp-content\/uploads\/2023\/08\/logo-web-1.png\",\"contentUrl\":\"https:\/\/italiamachines.com\/wp-content\/uploads\/2023\/08\/logo-web-1.png\",\"width\":977,\"height\":254,\"caption\":\"italiamachines\"},\"image\":{\"@id\":\"https:\/\/italiamachines.com\/#\/schema\/logo\/image\/\"},\"sameAs\":[\"https:\/\/web.facebook.com\/italiamachines\/\",\"https:\/\/www.instagram.com\/italia.machines\/\"]}]}<\/script>\n<!-- \/ Yoast SEO plugin. -->","yoast_head_json":{"title":"Machine pour Mini Tartelette (5 moules) | Italia Machines","robots":{"index":"index","follow":"follow","max-snippet":"max-snippet:-1","max-image-preview":"max-image-preview:large","max-video-preview":"max-video-preview:-1"},"canonical":"https:\/\/italiamachines.com\/fr_fr\/boutique\/boulangerie-et-patisserie\/patisserie\/machine-pour-tartelettes\/machine-pour-mini-tartelette-5-moules\/","og_locale":"fr_FR","og_type":"article","og_title":"Machine pour Mini Tartelette (5 moules) | Italia Machines","og_description":"Machine professionnelle pour les tartelettes. Permet de r\u00e9aliser et cuire des tartelettes avec de la p\u00e2te feuillet\u00e9e, sabl\u00e9e et bris\u00e9e. En utilisant le couplage de deux plaques. Possibilit\u00e9 de r\u00e9gler deux temp\u00e9ratures diff\u00e9rentes entre la plaque sup\u00e9rieure et la plaque inf\u00e9rieure pour obtenir une cuisson parfaite du produit. Signal acoustique indique la fin de la&hellip;","og_url":"https:\/\/italiamachines.com\/fr_fr\/boutique\/boulangerie-et-patisserie\/patisserie\/machine-pour-tartelettes\/machine-pour-mini-tartelette-5-moules\/","og_site_name":"Italia Machines","article_publisher":"https:\/\/web.facebook.com\/italiamachines\/","article_modified_time":"2024-09-28T20:32:59+00:00","og_image":[{"width":592,"height":400,"url":"https:\/\/italiamachines.com\/wp-content\/uploads\/2023\/07\/CBCMAC16-1.jpg","type":"image\/jpeg"}],"twitter_card":"summary_large_image","twitter_misc":{"Dur\u00e9e de lecture estim\u00e9e":"1 minute"},"schema":{"@context":"https:\/\/schema.org","@graph":[{"@type":"WebPage","@id":"https:\/\/italiamachines.com\/boutique\/boulangerie-et-patisserie\/patisserie\/machine-pour-tartelettes\/machine-pour-mini-tartelette-5-moules\/","url":"https:\/\/italiamachines.com\/boutique\/boulangerie-et-patisserie\/patisserie\/machine-pour-tartelettes\/machine-pour-mini-tartelette-5-moules\/","name":"Machine pour Mini Tartelette (5 moules) | Italia Machines","isPartOf":{"@id":"https:\/\/italiamachines.com\/#website"},"primaryImageOfPage":{"@id":"https:\/\/italiamachines.com\/boutique\/boulangerie-et-patisserie\/patisserie\/machine-pour-tartelettes\/machine-pour-mini-tartelette-5-moules\/#primaryimage"},"image":{"@id":"https:\/\/italiamachines.com\/boutique\/boulangerie-et-patisserie\/patisserie\/machine-pour-tartelettes\/machine-pour-mini-tartelette-5-moules\/#primaryimage"},"thumbnailUrl":"https:\/\/italiamachines.com\/wp-content\/uploads\/2023\/07\/CBCMAC16-1.jpg","datePublished":"2023-07-31T15:40:25+00:00","dateModified":"2024-09-28T20:32:59+00:00","breadcrumb":{"@id":"https:\/\/italiamachines.com\/boutique\/boulangerie-et-patisserie\/patisserie\/machine-pour-tartelettes\/machine-pour-mini-tartelette-5-moules\/#breadcrumb"},"inLanguage":"fr-FR","potentialAction":[{"@type":"ReadAction","target":["https:\/\/italiamachines.com\/boutique\/boulangerie-et-patisserie\/patisserie\/machine-pour-tartelettes\/machine-pour-mini-tartelette-5-moules\/"]}]},{"@type":"ImageObject","inLanguage":"fr-FR","@id":"https:\/\/italiamachines.com\/boutique\/boulangerie-et-patisserie\/patisserie\/machine-pour-tartelettes\/machine-pour-mini-tartelette-5-moules\/#primaryimage","url":"https:\/\/italiamachines.com\/wp-content\/uploads\/2023\/07\/CBCMAC16-1.jpg","contentUrl":"https:\/\/italiamachines.com\/wp-content\/uploads\/2023\/07\/CBCMAC16-1.jpg","width":592,"height":400},{"@type":"BreadcrumbList","@id":"https:\/\/italiamachines.com\/boutique\/boulangerie-et-patisserie\/patisserie\/machine-pour-tartelettes\/machine-pour-mini-tartelette-5-moules\/#breadcrumb","itemListElement":[{"@type":"ListItem","position":1,"name":"Accueil","item":"https:\/\/italiamachines.com\/fr_fr\/"},{"@type":"ListItem","position":2,"name":"Boutique","item":"https:\/\/italiamachines.com\/boutique\/"},{"@type":"ListItem","position":3,"name":"Machine pour Mini Tartelette (5 moules)"}]},{"@type":"WebSite","@id":"https:\/\/italiamachines.com\/#website","url":"https:\/\/italiamachines.com\/","name":"Italia Machines","description":"L&#039;art de l&#039;\u00e9quipement HORECA","publisher":{"@id":"https:\/\/italiamachines.com\/#organization"},"potentialAction":[{"@type":"SearchAction","target":{"@type":"EntryPoint","urlTemplate":"https:\/\/italiamachines.com\/?s={search_term_string}"},"query-input":{"@type":"PropertyValueSpecification","valueRequired":true,"valueName":"search_term_string"}}],"inLanguage":"fr-FR"},{"@type":"Organization","@id":"https:\/\/italiamachines.com\/#organization","name":"italiamachines","url":"https:\/\/italiamachines.com\/","logo":{"@type":"ImageObject","inLanguage":"fr-FR","@id":"https:\/\/italiamachines.com\/#\/schema\/logo\/image\/","url":"https:\/\/italiamachines.com\/wp-content\/uploads\/2023\/08\/logo-web-1.png","contentUrl":"https:\/\/italiamachines.com\/wp-content\/uploads\/2023\/08\/logo-web-1.png","width":977,"height":254,"caption":"italiamachines"},"image":{"@id":"https:\/\/italiamachines.com\/#\/schema\/logo\/image\/"},"sameAs":["https:\/\/web.facebook.com\/italiamachines\/","https:\/\/www.instagram.com\/italia.machines\/"]}]}},"_links":{"self":[{"href":"https:\/\/italiamachines.com\/fr_fr\/wp-json\/wp\/v2\/product\/5629","targetHints":{"allow":["GET"]}}],"collection":[{"href":"https:\/\/italiamachines.com\/fr_fr\/wp-json\/wp\/v2\/product"}],"about":[{"href":"https:\/\/italiamachines.com\/fr_fr\/wp-json\/wp\/v2\/types\/product"}],"replies":[{"embeddable":true,"href":"https:\/\/italiamachines.com\/fr_fr\/wp-json\/wp\/v2\/comments?post=5629"}],"wp:featuredmedia":[{"embeddable":true,"href":"https:\/\/italiamachines.com\/fr_fr\/wp-json\/wp\/v2\/media\/5628"}],"wp:attachment":[{"href":"https:\/\/italiamachines.com\/fr_fr\/wp-json\/wp\/v2\/media?parent=5629"}],"wp:term":[{"taxonomy":"product_cat","embeddable":true,"href":"https:\/\/italiamachines.com\/fr_fr\/wp-json\/wp\/v2\/product_cat?post=5629"},{"taxonomy":"product_tag","embeddable":true,"href":"https:\/\/italiamachines.com\/fr_fr\/wp-json\/wp\/v2\/product_tag?post=5629"}],"curies":[{"name":"wp","href":"https:\/\/api.w.org\/{rel}","templated":true}]}}