{"id":5751,"date":"2023-08-02T15:40:55","date_gmt":"2023-08-02T15:40:55","guid":{"rendered":"https:\/\/prod.italiamachines.com\/product\/chauffe-chocolat-volume-10-lt-puissance-1-kw-temperature-de-0-85\/"},"modified":"2024-09-24T00:16:08","modified_gmt":"2024-09-23T22:16:08","slug":"chauffe-chocolat-volume-10-lt-puissance-1-kw-temperature-de-0-85","status":"publish","type":"product","link":"https:\/\/italiamachines.com\/fr_fr\/boutique\/cafe-glacier-lecheria\/cafe-lecheria\/chocolatiere-et-lait-chaud\/chauffe-chocolat-volume-10-lt-puissance-1-kw-temperature-de-0-85\/","title":{"rendered":"Chauffe chocolat &#8211; Volume 10 L"},"content":{"rendered":"<p>Caract\u00e9ristiques :<br \/>\n-\u00c9nergie de 220 V, 50 Hz.<br \/>\n-Unit\u00e9 de contr\u00f4le du thermostat de 0\u00b0 \u00e0 85\u00b0 C.<br \/>\n-Dimensions : 410x280x580.<br \/>\n-Poids : 3 kg.<br \/>\n-Puissance de 1 kW.<br \/>\n-Volume net : 0,06 m\u00b3.<br \/>\n-Capacit\u00e9 de 10 litres.<\/p>\n","protected":false},"excerpt":{"rendered":"<p>Caract\u00e9ristiques : -\u00c9nergie de 220 V, 50 Hz. -Unit\u00e9 de contr\u00f4le du thermostat de 0\u00b0 \u00e0 85\u00b0 C. -Dimensions : 410x280x580. -Poids : 3 kg. -Puissance de 1 kW. -Volume net : 0,06 m\u00b3. -Capacit\u00e9 de 10 litres.<\/p>\n","protected":false},"featured_media":5750,"comment_status":"open","ping_status":"closed","template":"","meta":[],"product_cat":[160,65,168],"product_tag":[],"class_list":{"0":"post-5751","1":"product","2":"type-product","3":"status-publish","4":"has-post-thumbnail","6":"product_cat-cafe-lecheria","7":"product_cat-cafe-glacier-lecheria","8":"product_cat-chocolatiere-et-lait-chaud","10":"first","11":"instock","12":"shipping-taxable","13":"purchasable","14":"product-type-simple","15":"col-xs-6 col-sm-4","16":"col-md-3 col-lg-3","17":"un-4-cols"},"yoast_head":"<!-- This site is optimized with the Yoast SEO plugin v26.6 - https:\/\/yoast.com\/wordpress\/plugins\/seo\/ -->\n<title>Chauffe chocolat - Volume 10 L | Italia Machines<\/title>\n<meta name=\"robots\" content=\"index, follow, max-snippet:-1, max-image-preview:large, max-video-preview:-1\" \/>\n<link rel=\"canonical\" href=\"https:\/\/italiamachines.com\/fr_fr\/boutique\/cafe-glacier-lecheria\/cafe-lecheria\/chocolatiere-et-lait-chaud\/chauffe-chocolat-volume-10-lt-puissance-1-kw-temperature-de-0-85\/\" \/>\n<meta property=\"og:locale\" content=\"fr_FR\" \/>\n<meta property=\"og:type\" content=\"article\" \/>\n<meta property=\"og:title\" content=\"Chauffe chocolat - Volume 10 L | Italia Machines\" \/>\n<meta property=\"og:description\" content=\"Caract\u00e9ristiques : -\u00c9nergie de 220 V, 50 Hz. -Unit\u00e9 de contr\u00f4le du thermostat de 0\u00b0 \u00e0 85\u00b0 C. -Dimensions : 410x280x580. -Poids : 3 kg. -Puissance de 1 kW. -Volume net : 0,06 m\u00b3. -Capacit\u00e9 de 10 litres.\" \/>\n<meta property=\"og:url\" content=\"https:\/\/italiamachines.com\/fr_fr\/boutique\/cafe-glacier-lecheria\/cafe-lecheria\/chocolatiere-et-lait-chaud\/chauffe-chocolat-volume-10-lt-puissance-1-kw-temperature-de-0-85\/\" \/>\n<meta property=\"og:site_name\" content=\"Italia Machines\" \/>\n<meta property=\"article:publisher\" content=\"https:\/\/web.facebook.com\/italiamachines\/\" \/>\n<meta property=\"article:modified_time\" content=\"2024-09-23T22:16:08+00:00\" \/>\n<meta property=\"og:image\" content=\"https:\/\/italiamachines.com\/wp-content\/uploads\/2023\/08\/JP.SC_.01.jpg\" \/>\n\t<meta property=\"og:image:width\" content=\"400\" \/>\n\t<meta property=\"og:image:height\" content=\"400\" \/>\n\t<meta property=\"og:image:type\" content=\"image\/jpeg\" \/>\n<meta name=\"twitter:card\" content=\"summary_large_image\" \/>\n<meta name=\"twitter:label1\" content=\"Dur\u00e9e de lecture estim\u00e9e\" \/>\n\t<meta name=\"twitter:data1\" content=\"1 minute\" \/>\n<script type=\"application\/ld+json\" class=\"yoast-schema-graph\">{\"@context\":\"https:\/\/schema.org\",\"@graph\":[{\"@type\":\"WebPage\",\"@id\":\"https:\/\/italiamachines.com\/boutique\/cafe-glacier-lecheria\/cafe-lecheria\/chocolatiere-et-lait-chaud\/chauffe-chocolat-volume-10-lt-puissance-1-kw-temperature-de-0-85\/\",\"url\":\"https:\/\/italiamachines.com\/boutique\/cafe-glacier-lecheria\/cafe-lecheria\/chocolatiere-et-lait-chaud\/chauffe-chocolat-volume-10-lt-puissance-1-kw-temperature-de-0-85\/\",\"name\":\"Chauffe chocolat - Volume 10 L | Italia Machines\",\"isPartOf\":{\"@id\":\"https:\/\/italiamachines.com\/#website\"},\"primaryImageOfPage\":{\"@id\":\"https:\/\/italiamachines.com\/boutique\/cafe-glacier-lecheria\/cafe-lecheria\/chocolatiere-et-lait-chaud\/chauffe-chocolat-volume-10-lt-puissance-1-kw-temperature-de-0-85\/#primaryimage\"},\"image\":{\"@id\":\"https:\/\/italiamachines.com\/boutique\/cafe-glacier-lecheria\/cafe-lecheria\/chocolatiere-et-lait-chaud\/chauffe-chocolat-volume-10-lt-puissance-1-kw-temperature-de-0-85\/#primaryimage\"},\"thumbnailUrl\":\"https:\/\/italiamachines.com\/wp-content\/uploads\/2023\/08\/JP.SC_.01.jpg\",\"datePublished\":\"2023-08-02T15:40:55+00:00\",\"dateModified\":\"2024-09-23T22:16:08+00:00\",\"breadcrumb\":{\"@id\":\"https:\/\/italiamachines.com\/boutique\/cafe-glacier-lecheria\/cafe-lecheria\/chocolatiere-et-lait-chaud\/chauffe-chocolat-volume-10-lt-puissance-1-kw-temperature-de-0-85\/#breadcrumb\"},\"inLanguage\":\"fr-FR\",\"potentialAction\":[{\"@type\":\"ReadAction\",\"target\":[\"https:\/\/italiamachines.com\/boutique\/cafe-glacier-lecheria\/cafe-lecheria\/chocolatiere-et-lait-chaud\/chauffe-chocolat-volume-10-lt-puissance-1-kw-temperature-de-0-85\/\"]}]},{\"@type\":\"ImageObject\",\"inLanguage\":\"fr-FR\",\"@id\":\"https:\/\/italiamachines.com\/boutique\/cafe-glacier-lecheria\/cafe-lecheria\/chocolatiere-et-lait-chaud\/chauffe-chocolat-volume-10-lt-puissance-1-kw-temperature-de-0-85\/#primaryimage\",\"url\":\"https:\/\/italiamachines.com\/wp-content\/uploads\/2023\/08\/JP.SC_.01.jpg\",\"contentUrl\":\"https:\/\/italiamachines.com\/wp-content\/uploads\/2023\/08\/JP.SC_.01.jpg\",\"width\":400,\"height\":400},{\"@type\":\"BreadcrumbList\",\"@id\":\"https:\/\/italiamachines.com\/boutique\/cafe-glacier-lecheria\/cafe-lecheria\/chocolatiere-et-lait-chaud\/chauffe-chocolat-volume-10-lt-puissance-1-kw-temperature-de-0-85\/#breadcrumb\",\"itemListElement\":[{\"@type\":\"ListItem\",\"position\":1,\"name\":\"Accueil\",\"item\":\"https:\/\/italiamachines.com\/fr_fr\/\"},{\"@type\":\"ListItem\",\"position\":2,\"name\":\"Boutique\",\"item\":\"https:\/\/italiamachines.com\/boutique\/\"},{\"@type\":\"ListItem\",\"position\":3,\"name\":\"Chauffe chocolat &#8211; Volume 10 L\"}]},{\"@type\":\"WebSite\",\"@id\":\"https:\/\/italiamachines.com\/#website\",\"url\":\"https:\/\/italiamachines.com\/\",\"name\":\"Italia Machines\",\"description\":\"L&#039;art de l&#039;\u00e9quipement HORECA\",\"publisher\":{\"@id\":\"https:\/\/italiamachines.com\/#organization\"},\"potentialAction\":[{\"@type\":\"SearchAction\",\"target\":{\"@type\":\"EntryPoint\",\"urlTemplate\":\"https:\/\/italiamachines.com\/?s={search_term_string}\"},\"query-input\":{\"@type\":\"PropertyValueSpecification\",\"valueRequired\":true,\"valueName\":\"search_term_string\"}}],\"inLanguage\":\"fr-FR\"},{\"@type\":\"Organization\",\"@id\":\"https:\/\/italiamachines.com\/#organization\",\"name\":\"italiamachines\",\"url\":\"https:\/\/italiamachines.com\/\",\"logo\":{\"@type\":\"ImageObject\",\"inLanguage\":\"fr-FR\",\"@id\":\"https:\/\/italiamachines.com\/#\/schema\/logo\/image\/\",\"url\":\"https:\/\/italiamachines.com\/wp-content\/uploads\/2023\/08\/logo-web-1.png\",\"contentUrl\":\"https:\/\/italiamachines.com\/wp-content\/uploads\/2023\/08\/logo-web-1.png\",\"width\":977,\"height\":254,\"caption\":\"italiamachines\"},\"image\":{\"@id\":\"https:\/\/italiamachines.com\/#\/schema\/logo\/image\/\"},\"sameAs\":[\"https:\/\/web.facebook.com\/italiamachines\/\",\"https:\/\/www.instagram.com\/italia.machines\/\"]}]}<\/script>\n<!-- \/ Yoast SEO plugin. -->","yoast_head_json":{"title":"Chauffe chocolat - Volume 10 L | Italia Machines","robots":{"index":"index","follow":"follow","max-snippet":"max-snippet:-1","max-image-preview":"max-image-preview:large","max-video-preview":"max-video-preview:-1"},"canonical":"https:\/\/italiamachines.com\/fr_fr\/boutique\/cafe-glacier-lecheria\/cafe-lecheria\/chocolatiere-et-lait-chaud\/chauffe-chocolat-volume-10-lt-puissance-1-kw-temperature-de-0-85\/","og_locale":"fr_FR","og_type":"article","og_title":"Chauffe chocolat - Volume 10 L | Italia Machines","og_description":"Caract\u00e9ristiques : -\u00c9nergie de 220 V, 50 Hz. -Unit\u00e9 de contr\u00f4le du thermostat de 0\u00b0 \u00e0 85\u00b0 C. -Dimensions : 410x280x580. -Poids : 3 kg. -Puissance de 1 kW. -Volume net : 0,06 m\u00b3. -Capacit\u00e9 de 10 litres.","og_url":"https:\/\/italiamachines.com\/fr_fr\/boutique\/cafe-glacier-lecheria\/cafe-lecheria\/chocolatiere-et-lait-chaud\/chauffe-chocolat-volume-10-lt-puissance-1-kw-temperature-de-0-85\/","og_site_name":"Italia Machines","article_publisher":"https:\/\/web.facebook.com\/italiamachines\/","article_modified_time":"2024-09-23T22:16:08+00:00","og_image":[{"width":400,"height":400,"url":"https:\/\/italiamachines.com\/wp-content\/uploads\/2023\/08\/JP.SC_.01.jpg","type":"image\/jpeg"}],"twitter_card":"summary_large_image","twitter_misc":{"Dur\u00e9e de lecture estim\u00e9e":"1 minute"},"schema":{"@context":"https:\/\/schema.org","@graph":[{"@type":"WebPage","@id":"https:\/\/italiamachines.com\/boutique\/cafe-glacier-lecheria\/cafe-lecheria\/chocolatiere-et-lait-chaud\/chauffe-chocolat-volume-10-lt-puissance-1-kw-temperature-de-0-85\/","url":"https:\/\/italiamachines.com\/boutique\/cafe-glacier-lecheria\/cafe-lecheria\/chocolatiere-et-lait-chaud\/chauffe-chocolat-volume-10-lt-puissance-1-kw-temperature-de-0-85\/","name":"Chauffe chocolat - Volume 10 L | Italia Machines","isPartOf":{"@id":"https:\/\/italiamachines.com\/#website"},"primaryImageOfPage":{"@id":"https:\/\/italiamachines.com\/boutique\/cafe-glacier-lecheria\/cafe-lecheria\/chocolatiere-et-lait-chaud\/chauffe-chocolat-volume-10-lt-puissance-1-kw-temperature-de-0-85\/#primaryimage"},"image":{"@id":"https:\/\/italiamachines.com\/boutique\/cafe-glacier-lecheria\/cafe-lecheria\/chocolatiere-et-lait-chaud\/chauffe-chocolat-volume-10-lt-puissance-1-kw-temperature-de-0-85\/#primaryimage"},"thumbnailUrl":"https:\/\/italiamachines.com\/wp-content\/uploads\/2023\/08\/JP.SC_.01.jpg","datePublished":"2023-08-02T15:40:55+00:00","dateModified":"2024-09-23T22:16:08+00:00","breadcrumb":{"@id":"https:\/\/italiamachines.com\/boutique\/cafe-glacier-lecheria\/cafe-lecheria\/chocolatiere-et-lait-chaud\/chauffe-chocolat-volume-10-lt-puissance-1-kw-temperature-de-0-85\/#breadcrumb"},"inLanguage":"fr-FR","potentialAction":[{"@type":"ReadAction","target":["https:\/\/italiamachines.com\/boutique\/cafe-glacier-lecheria\/cafe-lecheria\/chocolatiere-et-lait-chaud\/chauffe-chocolat-volume-10-lt-puissance-1-kw-temperature-de-0-85\/"]}]},{"@type":"ImageObject","inLanguage":"fr-FR","@id":"https:\/\/italiamachines.com\/boutique\/cafe-glacier-lecheria\/cafe-lecheria\/chocolatiere-et-lait-chaud\/chauffe-chocolat-volume-10-lt-puissance-1-kw-temperature-de-0-85\/#primaryimage","url":"https:\/\/italiamachines.com\/wp-content\/uploads\/2023\/08\/JP.SC_.01.jpg","contentUrl":"https:\/\/italiamachines.com\/wp-content\/uploads\/2023\/08\/JP.SC_.01.jpg","width":400,"height":400},{"@type":"BreadcrumbList","@id":"https:\/\/italiamachines.com\/boutique\/cafe-glacier-lecheria\/cafe-lecheria\/chocolatiere-et-lait-chaud\/chauffe-chocolat-volume-10-lt-puissance-1-kw-temperature-de-0-85\/#breadcrumb","itemListElement":[{"@type":"ListItem","position":1,"name":"Accueil","item":"https:\/\/italiamachines.com\/fr_fr\/"},{"@type":"ListItem","position":2,"name":"Boutique","item":"https:\/\/italiamachines.com\/boutique\/"},{"@type":"ListItem","position":3,"name":"Chauffe chocolat &#8211; Volume 10 L"}]},{"@type":"WebSite","@id":"https:\/\/italiamachines.com\/#website","url":"https:\/\/italiamachines.com\/","name":"Italia Machines","description":"L&#039;art de l&#039;\u00e9quipement HORECA","publisher":{"@id":"https:\/\/italiamachines.com\/#organization"},"potentialAction":[{"@type":"SearchAction","target":{"@type":"EntryPoint","urlTemplate":"https:\/\/italiamachines.com\/?s={search_term_string}"},"query-input":{"@type":"PropertyValueSpecification","valueRequired":true,"valueName":"search_term_string"}}],"inLanguage":"fr-FR"},{"@type":"Organization","@id":"https:\/\/italiamachines.com\/#organization","name":"italiamachines","url":"https:\/\/italiamachines.com\/","logo":{"@type":"ImageObject","inLanguage":"fr-FR","@id":"https:\/\/italiamachines.com\/#\/schema\/logo\/image\/","url":"https:\/\/italiamachines.com\/wp-content\/uploads\/2023\/08\/logo-web-1.png","contentUrl":"https:\/\/italiamachines.com\/wp-content\/uploads\/2023\/08\/logo-web-1.png","width":977,"height":254,"caption":"italiamachines"},"image":{"@id":"https:\/\/italiamachines.com\/#\/schema\/logo\/image\/"},"sameAs":["https:\/\/web.facebook.com\/italiamachines\/","https:\/\/www.instagram.com\/italia.machines\/"]}]}},"_links":{"self":[{"href":"https:\/\/italiamachines.com\/fr_fr\/wp-json\/wp\/v2\/product\/5751","targetHints":{"allow":["GET"]}}],"collection":[{"href":"https:\/\/italiamachines.com\/fr_fr\/wp-json\/wp\/v2\/product"}],"about":[{"href":"https:\/\/italiamachines.com\/fr_fr\/wp-json\/wp\/v2\/types\/product"}],"replies":[{"embeddable":true,"href":"https:\/\/italiamachines.com\/fr_fr\/wp-json\/wp\/v2\/comments?post=5751"}],"wp:featuredmedia":[{"embeddable":true,"href":"https:\/\/italiamachines.com\/fr_fr\/wp-json\/wp\/v2\/media\/5750"}],"wp:attachment":[{"href":"https:\/\/italiamachines.com\/fr_fr\/wp-json\/wp\/v2\/media?parent=5751"}],"wp:term":[{"taxonomy":"product_cat","embeddable":true,"href":"https:\/\/italiamachines.com\/fr_fr\/wp-json\/wp\/v2\/product_cat?post=5751"},{"taxonomy":"product_tag","embeddable":true,"href":"https:\/\/italiamachines.com\/fr_fr\/wp-json\/wp\/v2\/product_tag?post=5751"}],"curies":[{"name":"wp","href":"https:\/\/api.w.org\/{rel}","templated":true}]}}