{"id":5776,"date":"2023-08-02T15:42:31","date_gmt":"2023-08-02T15:42:31","guid":{"rendered":"https:\/\/prod.italiamachines.com\/product\/chauffe-frite-lotus-italie-electrique-dimensions-400-x-730-x-860\/"},"modified":"2024-09-24T00:20:13","modified_gmt":"2024-09-23T22:20:13","slug":"chauffe-frite-lotus-italie-electrique-dimensions-400-x-730-x-860","status":"publish","type":"product","link":"https:\/\/italiamachines.com\/fr_fr\/boutique\/restaurant-snack-et-pizzeria\/cuisson\/chauffe-frite\/chauffe-frite-lotus-italie-electrique-dimensions-400-x-730-x-860\/","title":{"rendered":"Chauffe-frite \u00e9lectrique &#8211; dimensions : 40x73x86 &#8211; par Lotus Italie"},"content":{"rendered":"<p>Chauffe-frite avec infrarouge sur meuble ouvert.<br \/>\nFabriqu\u00e9 en acier inoxydable 18\/10 AISI 304.<br \/>\nPlan de travail de 2 mm d&rsquo;\u00e9paisseur.<br \/>\nCuve \u00e0 fond perfor\u00e9.<br \/>\nPoign\u00e9e \u00e9tanche.<br \/>\nEntretien facile gr\u00e2ce au panneau frontal amovible.<br \/>\nPieds r\u00e9glables en hauteur.<br \/>\nPorte en option.<br \/>\nDimensions : L400xP700xH900mm.<br \/>\nPuissance : 1,5Kw.<br \/>\nAlimentation : 230V.<\/p>\n","protected":false},"excerpt":{"rendered":"<p>Chauffe-frite avec infrarouge sur meuble ouvert. Fabriqu\u00e9 en acier inoxydable 18\/10 AISI 304. Plan de travail de 2 mm d&rsquo;\u00e9paisseur. Cuve \u00e0 fond perfor\u00e9. Poign\u00e9e \u00e9tanche. Entretien facile gr\u00e2ce au panneau frontal amovible. Pieds r\u00e9glables en hauteur. Porte en option. Dimensions : L400xP700xH900mm. Puissance : 1,5Kw. Alimentation : 230V.<\/p>\n","protected":false},"featured_media":5775,"comment_status":"open","ping_status":"closed","template":"","meta":[],"product_cat":[257,171,112],"product_tag":[],"class_list":{"0":"post-5776","1":"product","2":"type-product","3":"status-publish","4":"has-post-thumbnail","6":"product_cat-chauffe-frite","7":"product_cat-cuisson","8":"product_cat-restaurant-snack-et-pizzeria","10":"first","11":"instock","12":"shipping-taxable","13":"purchasable","14":"product-type-simple","15":"col-xs-6 col-sm-4","16":"col-md-3 col-lg-3","17":"un-4-cols"},"yoast_head":"<!-- This site is optimized with the Yoast SEO plugin v26.6 - https:\/\/yoast.com\/wordpress\/plugins\/seo\/ -->\n<title>Chauffe-frite \u00e9lectrique - dimensions : 40x73x86 - par Lotus Italie | Italia Machines<\/title>\n<meta name=\"robots\" content=\"index, follow, max-snippet:-1, max-image-preview:large, max-video-preview:-1\" \/>\n<link rel=\"canonical\" href=\"https:\/\/italiamachines.com\/fr_fr\/boutique\/restaurant-snack-et-pizzeria\/cuisson\/chauffe-frite\/chauffe-frite-lotus-italie-electrique-dimensions-400-x-730-x-860\/\" \/>\n<meta property=\"og:locale\" content=\"fr_FR\" \/>\n<meta property=\"og:type\" content=\"article\" \/>\n<meta property=\"og:title\" content=\"Chauffe-frite \u00e9lectrique - dimensions : 40x73x86 - par Lotus Italie | Italia Machines\" \/>\n<meta property=\"og:description\" content=\"Chauffe-frite avec infrarouge sur meuble ouvert. Fabriqu\u00e9 en acier inoxydable 18\/10 AISI 304. Plan de travail de 2 mm d&rsquo;\u00e9paisseur. Cuve \u00e0 fond perfor\u00e9. Poign\u00e9e \u00e9tanche. Entretien facile gr\u00e2ce au panneau frontal amovible. Pieds r\u00e9glables en hauteur. Porte en option. Dimensions : L400xP700xH900mm. Puissance : 1,5Kw. Alimentation : 230V.\" \/>\n<meta property=\"og:url\" content=\"https:\/\/italiamachines.com\/fr_fr\/boutique\/restaurant-snack-et-pizzeria\/cuisson\/chauffe-frite\/chauffe-frite-lotus-italie-electrique-dimensions-400-x-730-x-860\/\" \/>\n<meta property=\"og:site_name\" content=\"Italia Machines\" \/>\n<meta property=\"article:publisher\" content=\"https:\/\/web.facebook.com\/italiamachines\/\" \/>\n<meta property=\"article:modified_time\" content=\"2024-09-23T22:20:13+00:00\" \/>\n<meta property=\"og:image\" content=\"https:\/\/italiamachines.com\/wp-content\/uploads\/2023\/08\/SPE-1.jpg\" \/>\n\t<meta property=\"og:image:width\" content=\"1000\" \/>\n\t<meta property=\"og:image:height\" content=\"1375\" \/>\n\t<meta property=\"og:image:type\" content=\"image\/jpeg\" \/>\n<meta name=\"twitter:card\" content=\"summary_large_image\" \/>\n<meta name=\"twitter:label1\" content=\"Dur\u00e9e de lecture estim\u00e9e\" \/>\n\t<meta name=\"twitter:data1\" content=\"1 minute\" \/>\n<script type=\"application\/ld+json\" class=\"yoast-schema-graph\">{\"@context\":\"https:\/\/schema.org\",\"@graph\":[{\"@type\":\"WebPage\",\"@id\":\"https:\/\/italiamachines.com\/boutique\/restaurant-snack-et-pizzeria\/cuisson\/chauffe-frite\/chauffe-frite-lotus-italie-electrique-dimensions-400-x-730-x-860\/\",\"url\":\"https:\/\/italiamachines.com\/boutique\/restaurant-snack-et-pizzeria\/cuisson\/chauffe-frite\/chauffe-frite-lotus-italie-electrique-dimensions-400-x-730-x-860\/\",\"name\":\"Chauffe-frite \u00e9lectrique - dimensions : 40x73x86 - par Lotus Italie | Italia Machines\",\"isPartOf\":{\"@id\":\"https:\/\/italiamachines.com\/#website\"},\"primaryImageOfPage\":{\"@id\":\"https:\/\/italiamachines.com\/boutique\/restaurant-snack-et-pizzeria\/cuisson\/chauffe-frite\/chauffe-frite-lotus-italie-electrique-dimensions-400-x-730-x-860\/#primaryimage\"},\"image\":{\"@id\":\"https:\/\/italiamachines.com\/boutique\/restaurant-snack-et-pizzeria\/cuisson\/chauffe-frite\/chauffe-frite-lotus-italie-electrique-dimensions-400-x-730-x-860\/#primaryimage\"},\"thumbnailUrl\":\"https:\/\/italiamachines.com\/wp-content\/uploads\/2023\/08\/SPE-1.jpg\",\"datePublished\":\"2023-08-02T15:42:31+00:00\",\"dateModified\":\"2024-09-23T22:20:13+00:00\",\"breadcrumb\":{\"@id\":\"https:\/\/italiamachines.com\/boutique\/restaurant-snack-et-pizzeria\/cuisson\/chauffe-frite\/chauffe-frite-lotus-italie-electrique-dimensions-400-x-730-x-860\/#breadcrumb\"},\"inLanguage\":\"fr-FR\",\"potentialAction\":[{\"@type\":\"ReadAction\",\"target\":[\"https:\/\/italiamachines.com\/boutique\/restaurant-snack-et-pizzeria\/cuisson\/chauffe-frite\/chauffe-frite-lotus-italie-electrique-dimensions-400-x-730-x-860\/\"]}]},{\"@type\":\"ImageObject\",\"inLanguage\":\"fr-FR\",\"@id\":\"https:\/\/italiamachines.com\/boutique\/restaurant-snack-et-pizzeria\/cuisson\/chauffe-frite\/chauffe-frite-lotus-italie-electrique-dimensions-400-x-730-x-860\/#primaryimage\",\"url\":\"https:\/\/italiamachines.com\/wp-content\/uploads\/2023\/08\/SPE-1.jpg\",\"contentUrl\":\"https:\/\/italiamachines.com\/wp-content\/uploads\/2023\/08\/SPE-1.jpg\",\"width\":1000,\"height\":1375},{\"@type\":\"BreadcrumbList\",\"@id\":\"https:\/\/italiamachines.com\/boutique\/restaurant-snack-et-pizzeria\/cuisson\/chauffe-frite\/chauffe-frite-lotus-italie-electrique-dimensions-400-x-730-x-860\/#breadcrumb\",\"itemListElement\":[{\"@type\":\"ListItem\",\"position\":1,\"name\":\"Accueil\",\"item\":\"https:\/\/italiamachines.com\/fr_fr\/\"},{\"@type\":\"ListItem\",\"position\":2,\"name\":\"Boutique\",\"item\":\"https:\/\/italiamachines.com\/boutique\/\"},{\"@type\":\"ListItem\",\"position\":3,\"name\":\"Chauffe-frite \u00e9lectrique &#8211; dimensions : 40x73x86 &#8211; par Lotus Italie\"}]},{\"@type\":\"WebSite\",\"@id\":\"https:\/\/italiamachines.com\/#website\",\"url\":\"https:\/\/italiamachines.com\/\",\"name\":\"Italia Machines\",\"description\":\"L&#039;art de l&#039;\u00e9quipement HORECA\",\"publisher\":{\"@id\":\"https:\/\/italiamachines.com\/#organization\"},\"potentialAction\":[{\"@type\":\"SearchAction\",\"target\":{\"@type\":\"EntryPoint\",\"urlTemplate\":\"https:\/\/italiamachines.com\/?s={search_term_string}\"},\"query-input\":{\"@type\":\"PropertyValueSpecification\",\"valueRequired\":true,\"valueName\":\"search_term_string\"}}],\"inLanguage\":\"fr-FR\"},{\"@type\":\"Organization\",\"@id\":\"https:\/\/italiamachines.com\/#organization\",\"name\":\"italiamachines\",\"url\":\"https:\/\/italiamachines.com\/\",\"logo\":{\"@type\":\"ImageObject\",\"inLanguage\":\"fr-FR\",\"@id\":\"https:\/\/italiamachines.com\/#\/schema\/logo\/image\/\",\"url\":\"https:\/\/italiamachines.com\/wp-content\/uploads\/2023\/08\/logo-web-1.png\",\"contentUrl\":\"https:\/\/italiamachines.com\/wp-content\/uploads\/2023\/08\/logo-web-1.png\",\"width\":977,\"height\":254,\"caption\":\"italiamachines\"},\"image\":{\"@id\":\"https:\/\/italiamachines.com\/#\/schema\/logo\/image\/\"},\"sameAs\":[\"https:\/\/web.facebook.com\/italiamachines\/\",\"https:\/\/www.instagram.com\/italia.machines\/\"]}]}<\/script>\n<!-- \/ Yoast SEO plugin. -->","yoast_head_json":{"title":"Chauffe-frite \u00e9lectrique - dimensions : 40x73x86 - par Lotus Italie | Italia Machines","robots":{"index":"index","follow":"follow","max-snippet":"max-snippet:-1","max-image-preview":"max-image-preview:large","max-video-preview":"max-video-preview:-1"},"canonical":"https:\/\/italiamachines.com\/fr_fr\/boutique\/restaurant-snack-et-pizzeria\/cuisson\/chauffe-frite\/chauffe-frite-lotus-italie-electrique-dimensions-400-x-730-x-860\/","og_locale":"fr_FR","og_type":"article","og_title":"Chauffe-frite \u00e9lectrique - dimensions : 40x73x86 - par Lotus Italie | Italia Machines","og_description":"Chauffe-frite avec infrarouge sur meuble ouvert. Fabriqu\u00e9 en acier inoxydable 18\/10 AISI 304. Plan de travail de 2 mm d&rsquo;\u00e9paisseur. Cuve \u00e0 fond perfor\u00e9. Poign\u00e9e \u00e9tanche. Entretien facile gr\u00e2ce au panneau frontal amovible. Pieds r\u00e9glables en hauteur. Porte en option. Dimensions : L400xP700xH900mm. Puissance : 1,5Kw. Alimentation : 230V.","og_url":"https:\/\/italiamachines.com\/fr_fr\/boutique\/restaurant-snack-et-pizzeria\/cuisson\/chauffe-frite\/chauffe-frite-lotus-italie-electrique-dimensions-400-x-730-x-860\/","og_site_name":"Italia Machines","article_publisher":"https:\/\/web.facebook.com\/italiamachines\/","article_modified_time":"2024-09-23T22:20:13+00:00","og_image":[{"width":1000,"height":1375,"url":"https:\/\/italiamachines.com\/wp-content\/uploads\/2023\/08\/SPE-1.jpg","type":"image\/jpeg"}],"twitter_card":"summary_large_image","twitter_misc":{"Dur\u00e9e de lecture estim\u00e9e":"1 minute"},"schema":{"@context":"https:\/\/schema.org","@graph":[{"@type":"WebPage","@id":"https:\/\/italiamachines.com\/boutique\/restaurant-snack-et-pizzeria\/cuisson\/chauffe-frite\/chauffe-frite-lotus-italie-electrique-dimensions-400-x-730-x-860\/","url":"https:\/\/italiamachines.com\/boutique\/restaurant-snack-et-pizzeria\/cuisson\/chauffe-frite\/chauffe-frite-lotus-italie-electrique-dimensions-400-x-730-x-860\/","name":"Chauffe-frite \u00e9lectrique - dimensions : 40x73x86 - par Lotus Italie | Italia Machines","isPartOf":{"@id":"https:\/\/italiamachines.com\/#website"},"primaryImageOfPage":{"@id":"https:\/\/italiamachines.com\/boutique\/restaurant-snack-et-pizzeria\/cuisson\/chauffe-frite\/chauffe-frite-lotus-italie-electrique-dimensions-400-x-730-x-860\/#primaryimage"},"image":{"@id":"https:\/\/italiamachines.com\/boutique\/restaurant-snack-et-pizzeria\/cuisson\/chauffe-frite\/chauffe-frite-lotus-italie-electrique-dimensions-400-x-730-x-860\/#primaryimage"},"thumbnailUrl":"https:\/\/italiamachines.com\/wp-content\/uploads\/2023\/08\/SPE-1.jpg","datePublished":"2023-08-02T15:42:31+00:00","dateModified":"2024-09-23T22:20:13+00:00","breadcrumb":{"@id":"https:\/\/italiamachines.com\/boutique\/restaurant-snack-et-pizzeria\/cuisson\/chauffe-frite\/chauffe-frite-lotus-italie-electrique-dimensions-400-x-730-x-860\/#breadcrumb"},"inLanguage":"fr-FR","potentialAction":[{"@type":"ReadAction","target":["https:\/\/italiamachines.com\/boutique\/restaurant-snack-et-pizzeria\/cuisson\/chauffe-frite\/chauffe-frite-lotus-italie-electrique-dimensions-400-x-730-x-860\/"]}]},{"@type":"ImageObject","inLanguage":"fr-FR","@id":"https:\/\/italiamachines.com\/boutique\/restaurant-snack-et-pizzeria\/cuisson\/chauffe-frite\/chauffe-frite-lotus-italie-electrique-dimensions-400-x-730-x-860\/#primaryimage","url":"https:\/\/italiamachines.com\/wp-content\/uploads\/2023\/08\/SPE-1.jpg","contentUrl":"https:\/\/italiamachines.com\/wp-content\/uploads\/2023\/08\/SPE-1.jpg","width":1000,"height":1375},{"@type":"BreadcrumbList","@id":"https:\/\/italiamachines.com\/boutique\/restaurant-snack-et-pizzeria\/cuisson\/chauffe-frite\/chauffe-frite-lotus-italie-electrique-dimensions-400-x-730-x-860\/#breadcrumb","itemListElement":[{"@type":"ListItem","position":1,"name":"Accueil","item":"https:\/\/italiamachines.com\/fr_fr\/"},{"@type":"ListItem","position":2,"name":"Boutique","item":"https:\/\/italiamachines.com\/boutique\/"},{"@type":"ListItem","position":3,"name":"Chauffe-frite \u00e9lectrique &#8211; dimensions : 40x73x86 &#8211; par Lotus Italie"}]},{"@type":"WebSite","@id":"https:\/\/italiamachines.com\/#website","url":"https:\/\/italiamachines.com\/","name":"Italia Machines","description":"L&#039;art de l&#039;\u00e9quipement HORECA","publisher":{"@id":"https:\/\/italiamachines.com\/#organization"},"potentialAction":[{"@type":"SearchAction","target":{"@type":"EntryPoint","urlTemplate":"https:\/\/italiamachines.com\/?s={search_term_string}"},"query-input":{"@type":"PropertyValueSpecification","valueRequired":true,"valueName":"search_term_string"}}],"inLanguage":"fr-FR"},{"@type":"Organization","@id":"https:\/\/italiamachines.com\/#organization","name":"italiamachines","url":"https:\/\/italiamachines.com\/","logo":{"@type":"ImageObject","inLanguage":"fr-FR","@id":"https:\/\/italiamachines.com\/#\/schema\/logo\/image\/","url":"https:\/\/italiamachines.com\/wp-content\/uploads\/2023\/08\/logo-web-1.png","contentUrl":"https:\/\/italiamachines.com\/wp-content\/uploads\/2023\/08\/logo-web-1.png","width":977,"height":254,"caption":"italiamachines"},"image":{"@id":"https:\/\/italiamachines.com\/#\/schema\/logo\/image\/"},"sameAs":["https:\/\/web.facebook.com\/italiamachines\/","https:\/\/www.instagram.com\/italia.machines\/"]}]}},"_links":{"self":[{"href":"https:\/\/italiamachines.com\/fr_fr\/wp-json\/wp\/v2\/product\/5776","targetHints":{"allow":["GET"]}}],"collection":[{"href":"https:\/\/italiamachines.com\/fr_fr\/wp-json\/wp\/v2\/product"}],"about":[{"href":"https:\/\/italiamachines.com\/fr_fr\/wp-json\/wp\/v2\/types\/product"}],"replies":[{"embeddable":true,"href":"https:\/\/italiamachines.com\/fr_fr\/wp-json\/wp\/v2\/comments?post=5776"}],"wp:featuredmedia":[{"embeddable":true,"href":"https:\/\/italiamachines.com\/fr_fr\/wp-json\/wp\/v2\/media\/5775"}],"wp:attachment":[{"href":"https:\/\/italiamachines.com\/fr_fr\/wp-json\/wp\/v2\/media?parent=5776"}],"wp:term":[{"taxonomy":"product_cat","embeddable":true,"href":"https:\/\/italiamachines.com\/fr_fr\/wp-json\/wp\/v2\/product_cat?post=5776"},{"taxonomy":"product_tag","embeddable":true,"href":"https:\/\/italiamachines.com\/fr_fr\/wp-json\/wp\/v2\/product_tag?post=5776"}],"curies":[{"name":"wp","href":"https:\/\/api.w.org\/{rel}","templated":true}]}}