{"id":5791,"date":"2023-08-02T15:43:02","date_gmt":"2023-08-02T15:43:02","guid":{"rendered":"https:\/\/prod.italiamachines.com\/product\/surgelateur-a-5-plaques-380v-marque-isa-italie\/"},"modified":"2024-09-30T23:51:55","modified_gmt":"2024-09-30T21:51:55","slug":"surgelateur-a-5-plaques-380v-marque-isa-italie","status":"publish","type":"product","link":"https:\/\/italiamachines.com\/fr_fr\/boutique\/boulangerie-et-patisserie\/patisserie\/froid-et-conservation-pour-patisserie\/surgelateurs-pour-conservation-pour-patisserie\/surgelateur-a-5-plaques-380v-marque-isa-italie\/","title":{"rendered":"Surg\u00e9lateur \u00e0 5|8|12|16 plaques &#8211; 380V &#8211; par ISA Italie"},"content":{"rendered":"<p>Abatteur de temp\u00e9rature multifonctions \u00e0 r\u00e9frig\u00e9ration ventil\u00e9e pour restaurants et p\u00e2tisseries<br \/>\nStructure en acier inoxydable avec coins arrondis \u00e0 l&rsquo;int\u00e9rieur et \u00e0 l&rsquo;ext\u00e9rieur<br \/>\nTableau de commande \u00e9lectronique avec \u00e9cran LCD multifonctions et zoom<br \/>\nGroupe de condensation am\u00e9lior\u00e9<br \/>\nPieds r\u00e9glables en hauteur en acier inoxydable<br \/>\nSonde de temp\u00e9rature au c\u0153ur g\u00e9r\u00e9e par le panneau de commande<br \/>\nCon\u00e7u pour plateaux de gastronomie et p\u00e2tisserie<br \/>\nKit de glacier en acier inoxydable disponible pour bacs \u00e0 glace<br \/>\nKit de roues et lampe antiparasites disponibles sur demande<\/p>\n<p>Alimentation : 400V\/3PH\/50HZ<br \/>\nRefroidissement : 25 kg\/90 min _ +90\/+3\u00b0C<br \/>\nCong\u00e9lation : 16 kg\/240 min _ +90\/-18\u00b0C<\/p>\n","protected":false},"excerpt":{"rendered":"<p>Abatteur de temp\u00e9rature multifonctions \u00e0 r\u00e9frig\u00e9ration ventil\u00e9e pour restaurants et p\u00e2tisseries Structure en acier inoxydable avec coins arrondis \u00e0 l&rsquo;int\u00e9rieur et \u00e0 l&rsquo;ext\u00e9rieur Tableau de commande \u00e9lectronique avec \u00e9cran LCD multifonctions et zoom Groupe de condensation am\u00e9lior\u00e9 Pieds r\u00e9glables en hauteur en acier inoxydable Sonde de temp\u00e9rature au c\u0153ur g\u00e9r\u00e9e par le panneau de commande&hellip;<\/p>\n","protected":false},"featured_media":5790,"comment_status":"open","ping_status":"closed","template":"","meta":[],"product_cat":[64,65,71,73,201,97,125,237],"product_tag":[],"class_list":{"0":"post-5791","1":"product","2":"type-product","3":"status-publish","4":"has-post-thumbnail","6":"product_cat-boulangerie-et-patisserie","7":"product_cat-cafe-glacier-lecheria","8":"product_cat-froid-conservation","9":"product_cat-froid-conservation-pour-glace","10":"product_cat-froid-et-conservation-pour-patisserie","11":"product_cat-patisserie","12":"product_cat-surgelateur-pour-glace","13":"product_cat-surgelateurs-pour-conservation-pour-patisserie","15":"first","16":"instock","17":"shipping-taxable","18":"purchasable","19":"product-type-variable","20":"col-xs-6 col-sm-4","21":"col-md-3 col-lg-3","22":"un-4-cols"},"yoast_head":"<!-- This site is optimized with the Yoast SEO plugin v26.6 - https:\/\/yoast.com\/wordpress\/plugins\/seo\/ -->\n<title>Surg\u00e9lateur \u00e0 5|8|12|16 plaques - 380V - par ISA Italie | Italia Machines<\/title>\n<meta name=\"robots\" content=\"index, follow, max-snippet:-1, max-image-preview:large, max-video-preview:-1\" \/>\n<link rel=\"canonical\" href=\"https:\/\/italiamachines.com\/fr_fr\/boutique\/boulangerie-et-patisserie\/patisserie\/froid-et-conservation-pour-patisserie\/surgelateurs-pour-conservation-pour-patisserie\/surgelateur-a-5-plaques-380v-marque-isa-italie\/\" \/>\n<meta property=\"og:locale\" content=\"fr_FR\" \/>\n<meta property=\"og:type\" content=\"article\" \/>\n<meta property=\"og:title\" content=\"Surg\u00e9lateur \u00e0 5|8|12|16 plaques - 380V - par ISA Italie | Italia Machines\" \/>\n<meta property=\"og:description\" content=\"Abatteur de temp\u00e9rature multifonctions \u00e0 r\u00e9frig\u00e9ration ventil\u00e9e pour restaurants et p\u00e2tisseries Structure en acier inoxydable avec coins arrondis \u00e0 l&rsquo;int\u00e9rieur et \u00e0 l&rsquo;ext\u00e9rieur Tableau de commande \u00e9lectronique avec \u00e9cran LCD multifonctions et zoom Groupe de condensation am\u00e9lior\u00e9 Pieds r\u00e9glables en hauteur en acier inoxydable Sonde de temp\u00e9rature au c\u0153ur g\u00e9r\u00e9e par le panneau de commande&hellip;\" \/>\n<meta property=\"og:url\" content=\"https:\/\/italiamachines.com\/fr_fr\/boutique\/boulangerie-et-patisserie\/patisserie\/froid-et-conservation-pour-patisserie\/surgelateurs-pour-conservation-pour-patisserie\/surgelateur-a-5-plaques-380v-marque-isa-italie\/\" \/>\n<meta property=\"og:site_name\" content=\"Italia Machines\" \/>\n<meta property=\"article:publisher\" content=\"https:\/\/web.facebook.com\/italiamachines\/\" \/>\n<meta property=\"article:modified_time\" content=\"2024-09-30T21:51:55+00:00\" \/>\n<meta property=\"og:image\" content=\"https:\/\/italiamachines.com\/wp-content\/uploads\/2023\/08\/ZEROTOUCH12.png\" \/>\n\t<meta property=\"og:image:width\" content=\"1486\" \/>\n\t<meta property=\"og:image:height\" content=\"1258\" \/>\n\t<meta property=\"og:image:type\" content=\"image\/png\" \/>\n<meta name=\"twitter:card\" content=\"summary_large_image\" \/>\n<meta name=\"twitter:label1\" content=\"Dur\u00e9e de lecture estim\u00e9e\" \/>\n\t<meta name=\"twitter:data1\" content=\"1 minute\" \/>\n<script type=\"application\/ld+json\" class=\"yoast-schema-graph\">{\"@context\":\"https:\/\/schema.org\",\"@graph\":[{\"@type\":\"WebPage\",\"@id\":\"https:\/\/italiamachines.com\/boutique\/boulangerie-et-patisserie\/patisserie\/froid-et-conservation-pour-patisserie\/surgelateurs-pour-conservation-pour-patisserie\/surgelateur-a-5-plaques-380v-marque-isa-italie\/\",\"url\":\"https:\/\/italiamachines.com\/boutique\/boulangerie-et-patisserie\/patisserie\/froid-et-conservation-pour-patisserie\/surgelateurs-pour-conservation-pour-patisserie\/surgelateur-a-5-plaques-380v-marque-isa-italie\/\",\"name\":\"Surg\u00e9lateur \u00e0 5|8|12|16 plaques - 380V - par ISA Italie | Italia Machines\",\"isPartOf\":{\"@id\":\"https:\/\/italiamachines.com\/#website\"},\"primaryImageOfPage\":{\"@id\":\"https:\/\/italiamachines.com\/boutique\/boulangerie-et-patisserie\/patisserie\/froid-et-conservation-pour-patisserie\/surgelateurs-pour-conservation-pour-patisserie\/surgelateur-a-5-plaques-380v-marque-isa-italie\/#primaryimage\"},\"image\":{\"@id\":\"https:\/\/italiamachines.com\/boutique\/boulangerie-et-patisserie\/patisserie\/froid-et-conservation-pour-patisserie\/surgelateurs-pour-conservation-pour-patisserie\/surgelateur-a-5-plaques-380v-marque-isa-italie\/#primaryimage\"},\"thumbnailUrl\":\"https:\/\/italiamachines.com\/wp-content\/uploads\/2023\/08\/ZEROTOUCH12.png\",\"datePublished\":\"2023-08-02T15:43:02+00:00\",\"dateModified\":\"2024-09-30T21:51:55+00:00\",\"breadcrumb\":{\"@id\":\"https:\/\/italiamachines.com\/boutique\/boulangerie-et-patisserie\/patisserie\/froid-et-conservation-pour-patisserie\/surgelateurs-pour-conservation-pour-patisserie\/surgelateur-a-5-plaques-380v-marque-isa-italie\/#breadcrumb\"},\"inLanguage\":\"fr-FR\",\"potentialAction\":[{\"@type\":\"ReadAction\",\"target\":[\"https:\/\/italiamachines.com\/boutique\/boulangerie-et-patisserie\/patisserie\/froid-et-conservation-pour-patisserie\/surgelateurs-pour-conservation-pour-patisserie\/surgelateur-a-5-plaques-380v-marque-isa-italie\/\"]}]},{\"@type\":\"ImageObject\",\"inLanguage\":\"fr-FR\",\"@id\":\"https:\/\/italiamachines.com\/boutique\/boulangerie-et-patisserie\/patisserie\/froid-et-conservation-pour-patisserie\/surgelateurs-pour-conservation-pour-patisserie\/surgelateur-a-5-plaques-380v-marque-isa-italie\/#primaryimage\",\"url\":\"https:\/\/italiamachines.com\/wp-content\/uploads\/2023\/08\/ZEROTOUCH12.png\",\"contentUrl\":\"https:\/\/italiamachines.com\/wp-content\/uploads\/2023\/08\/ZEROTOUCH12.png\",\"width\":1486,\"height\":1258},{\"@type\":\"BreadcrumbList\",\"@id\":\"https:\/\/italiamachines.com\/boutique\/boulangerie-et-patisserie\/patisserie\/froid-et-conservation-pour-patisserie\/surgelateurs-pour-conservation-pour-patisserie\/surgelateur-a-5-plaques-380v-marque-isa-italie\/#breadcrumb\",\"itemListElement\":[{\"@type\":\"ListItem\",\"position\":1,\"name\":\"Accueil\",\"item\":\"https:\/\/italiamachines.com\/fr_fr\/\"},{\"@type\":\"ListItem\",\"position\":2,\"name\":\"Boutique\",\"item\":\"https:\/\/italiamachines.com\/boutique\/\"},{\"@type\":\"ListItem\",\"position\":3,\"name\":\"Surg\u00e9lateur \u00e0 5|8|12|16 plaques &#8211; 380V &#8211; par ISA Italie\"}]},{\"@type\":\"WebSite\",\"@id\":\"https:\/\/italiamachines.com\/#website\",\"url\":\"https:\/\/italiamachines.com\/\",\"name\":\"Italia Machines\",\"description\":\"L&#039;art de l&#039;\u00e9quipement HORECA\",\"publisher\":{\"@id\":\"https:\/\/italiamachines.com\/#organization\"},\"potentialAction\":[{\"@type\":\"SearchAction\",\"target\":{\"@type\":\"EntryPoint\",\"urlTemplate\":\"https:\/\/italiamachines.com\/?s={search_term_string}\"},\"query-input\":{\"@type\":\"PropertyValueSpecification\",\"valueRequired\":true,\"valueName\":\"search_term_string\"}}],\"inLanguage\":\"fr-FR\"},{\"@type\":\"Organization\",\"@id\":\"https:\/\/italiamachines.com\/#organization\",\"name\":\"italiamachines\",\"url\":\"https:\/\/italiamachines.com\/\",\"logo\":{\"@type\":\"ImageObject\",\"inLanguage\":\"fr-FR\",\"@id\":\"https:\/\/italiamachines.com\/#\/schema\/logo\/image\/\",\"url\":\"https:\/\/italiamachines.com\/wp-content\/uploads\/2023\/08\/logo-web-1.png\",\"contentUrl\":\"https:\/\/italiamachines.com\/wp-content\/uploads\/2023\/08\/logo-web-1.png\",\"width\":977,\"height\":254,\"caption\":\"italiamachines\"},\"image\":{\"@id\":\"https:\/\/italiamachines.com\/#\/schema\/logo\/image\/\"},\"sameAs\":[\"https:\/\/web.facebook.com\/italiamachines\/\",\"https:\/\/www.instagram.com\/italia.machines\/\"]}]}<\/script>\n<!-- \/ Yoast SEO plugin. -->","yoast_head_json":{"title":"Surg\u00e9lateur \u00e0 5|8|12|16 plaques - 380V - par ISA Italie | Italia Machines","robots":{"index":"index","follow":"follow","max-snippet":"max-snippet:-1","max-image-preview":"max-image-preview:large","max-video-preview":"max-video-preview:-1"},"canonical":"https:\/\/italiamachines.com\/fr_fr\/boutique\/boulangerie-et-patisserie\/patisserie\/froid-et-conservation-pour-patisserie\/surgelateurs-pour-conservation-pour-patisserie\/surgelateur-a-5-plaques-380v-marque-isa-italie\/","og_locale":"fr_FR","og_type":"article","og_title":"Surg\u00e9lateur \u00e0 5|8|12|16 plaques - 380V - par ISA Italie | Italia Machines","og_description":"Abatteur de temp\u00e9rature multifonctions \u00e0 r\u00e9frig\u00e9ration ventil\u00e9e pour restaurants et p\u00e2tisseries Structure en acier inoxydable avec coins arrondis \u00e0 l&rsquo;int\u00e9rieur et \u00e0 l&rsquo;ext\u00e9rieur Tableau de commande \u00e9lectronique avec \u00e9cran LCD multifonctions et zoom Groupe de condensation am\u00e9lior\u00e9 Pieds r\u00e9glables en hauteur en acier inoxydable Sonde de temp\u00e9rature au c\u0153ur g\u00e9r\u00e9e par le panneau de commande&hellip;","og_url":"https:\/\/italiamachines.com\/fr_fr\/boutique\/boulangerie-et-patisserie\/patisserie\/froid-et-conservation-pour-patisserie\/surgelateurs-pour-conservation-pour-patisserie\/surgelateur-a-5-plaques-380v-marque-isa-italie\/","og_site_name":"Italia Machines","article_publisher":"https:\/\/web.facebook.com\/italiamachines\/","article_modified_time":"2024-09-30T21:51:55+00:00","og_image":[{"width":1486,"height":1258,"url":"https:\/\/italiamachines.com\/wp-content\/uploads\/2023\/08\/ZEROTOUCH12.png","type":"image\/png"}],"twitter_card":"summary_large_image","twitter_misc":{"Dur\u00e9e de lecture estim\u00e9e":"1 minute"},"schema":{"@context":"https:\/\/schema.org","@graph":[{"@type":"WebPage","@id":"https:\/\/italiamachines.com\/boutique\/boulangerie-et-patisserie\/patisserie\/froid-et-conservation-pour-patisserie\/surgelateurs-pour-conservation-pour-patisserie\/surgelateur-a-5-plaques-380v-marque-isa-italie\/","url":"https:\/\/italiamachines.com\/boutique\/boulangerie-et-patisserie\/patisserie\/froid-et-conservation-pour-patisserie\/surgelateurs-pour-conservation-pour-patisserie\/surgelateur-a-5-plaques-380v-marque-isa-italie\/","name":"Surg\u00e9lateur \u00e0 5|8|12|16 plaques - 380V - par ISA Italie | Italia Machines","isPartOf":{"@id":"https:\/\/italiamachines.com\/#website"},"primaryImageOfPage":{"@id":"https:\/\/italiamachines.com\/boutique\/boulangerie-et-patisserie\/patisserie\/froid-et-conservation-pour-patisserie\/surgelateurs-pour-conservation-pour-patisserie\/surgelateur-a-5-plaques-380v-marque-isa-italie\/#primaryimage"},"image":{"@id":"https:\/\/italiamachines.com\/boutique\/boulangerie-et-patisserie\/patisserie\/froid-et-conservation-pour-patisserie\/surgelateurs-pour-conservation-pour-patisserie\/surgelateur-a-5-plaques-380v-marque-isa-italie\/#primaryimage"},"thumbnailUrl":"https:\/\/italiamachines.com\/wp-content\/uploads\/2023\/08\/ZEROTOUCH12.png","datePublished":"2023-08-02T15:43:02+00:00","dateModified":"2024-09-30T21:51:55+00:00","breadcrumb":{"@id":"https:\/\/italiamachines.com\/boutique\/boulangerie-et-patisserie\/patisserie\/froid-et-conservation-pour-patisserie\/surgelateurs-pour-conservation-pour-patisserie\/surgelateur-a-5-plaques-380v-marque-isa-italie\/#breadcrumb"},"inLanguage":"fr-FR","potentialAction":[{"@type":"ReadAction","target":["https:\/\/italiamachines.com\/boutique\/boulangerie-et-patisserie\/patisserie\/froid-et-conservation-pour-patisserie\/surgelateurs-pour-conservation-pour-patisserie\/surgelateur-a-5-plaques-380v-marque-isa-italie\/"]}]},{"@type":"ImageObject","inLanguage":"fr-FR","@id":"https:\/\/italiamachines.com\/boutique\/boulangerie-et-patisserie\/patisserie\/froid-et-conservation-pour-patisserie\/surgelateurs-pour-conservation-pour-patisserie\/surgelateur-a-5-plaques-380v-marque-isa-italie\/#primaryimage","url":"https:\/\/italiamachines.com\/wp-content\/uploads\/2023\/08\/ZEROTOUCH12.png","contentUrl":"https:\/\/italiamachines.com\/wp-content\/uploads\/2023\/08\/ZEROTOUCH12.png","width":1486,"height":1258},{"@type":"BreadcrumbList","@id":"https:\/\/italiamachines.com\/boutique\/boulangerie-et-patisserie\/patisserie\/froid-et-conservation-pour-patisserie\/surgelateurs-pour-conservation-pour-patisserie\/surgelateur-a-5-plaques-380v-marque-isa-italie\/#breadcrumb","itemListElement":[{"@type":"ListItem","position":1,"name":"Accueil","item":"https:\/\/italiamachines.com\/fr_fr\/"},{"@type":"ListItem","position":2,"name":"Boutique","item":"https:\/\/italiamachines.com\/boutique\/"},{"@type":"ListItem","position":3,"name":"Surg\u00e9lateur \u00e0 5|8|12|16 plaques &#8211; 380V &#8211; par ISA Italie"}]},{"@type":"WebSite","@id":"https:\/\/italiamachines.com\/#website","url":"https:\/\/italiamachines.com\/","name":"Italia Machines","description":"L&#039;art de l&#039;\u00e9quipement HORECA","publisher":{"@id":"https:\/\/italiamachines.com\/#organization"},"potentialAction":[{"@type":"SearchAction","target":{"@type":"EntryPoint","urlTemplate":"https:\/\/italiamachines.com\/?s={search_term_string}"},"query-input":{"@type":"PropertyValueSpecification","valueRequired":true,"valueName":"search_term_string"}}],"inLanguage":"fr-FR"},{"@type":"Organization","@id":"https:\/\/italiamachines.com\/#organization","name":"italiamachines","url":"https:\/\/italiamachines.com\/","logo":{"@type":"ImageObject","inLanguage":"fr-FR","@id":"https:\/\/italiamachines.com\/#\/schema\/logo\/image\/","url":"https:\/\/italiamachines.com\/wp-content\/uploads\/2023\/08\/logo-web-1.png","contentUrl":"https:\/\/italiamachines.com\/wp-content\/uploads\/2023\/08\/logo-web-1.png","width":977,"height":254,"caption":"italiamachines"},"image":{"@id":"https:\/\/italiamachines.com\/#\/schema\/logo\/image\/"},"sameAs":["https:\/\/web.facebook.com\/italiamachines\/","https:\/\/www.instagram.com\/italia.machines\/"]}]}},"_links":{"self":[{"href":"https:\/\/italiamachines.com\/fr_fr\/wp-json\/wp\/v2\/product\/5791","targetHints":{"allow":["GET"]}}],"collection":[{"href":"https:\/\/italiamachines.com\/fr_fr\/wp-json\/wp\/v2\/product"}],"about":[{"href":"https:\/\/italiamachines.com\/fr_fr\/wp-json\/wp\/v2\/types\/product"}],"replies":[{"embeddable":true,"href":"https:\/\/italiamachines.com\/fr_fr\/wp-json\/wp\/v2\/comments?post=5791"}],"wp:featuredmedia":[{"embeddable":true,"href":"https:\/\/italiamachines.com\/fr_fr\/wp-json\/wp\/v2\/media\/5790"}],"wp:attachment":[{"href":"https:\/\/italiamachines.com\/fr_fr\/wp-json\/wp\/v2\/media?parent=5791"}],"wp:term":[{"taxonomy":"product_cat","embeddable":true,"href":"https:\/\/italiamachines.com\/fr_fr\/wp-json\/wp\/v2\/product_cat?post=5791"},{"taxonomy":"product_tag","embeddable":true,"href":"https:\/\/italiamachines.com\/fr_fr\/wp-json\/wp\/v2\/product_tag?post=5791"}],"curies":[{"name":"wp","href":"https:\/\/api.w.org\/{rel}","templated":true}]}}