{"id":6660,"date":"2023-07-30T03:09:18","date_gmt":"2023-07-30T03:09:18","guid":{"rendered":"https:\/\/prod.italiamachines.com\/product\/diviseuse-peseuse-volumetrique-de-50-200-g-en-inox-par-altinoluk\/"},"modified":"2024-09-28T19:18:35","modified_gmt":"2024-09-28T17:18:35","slug":"diviseuse-peseuse-volumetrique-de-50-200-g-en-inox-par-altinoluk","status":"publish","type":"product","link":"https:\/\/italiamachines.com\/fr_fr\/boutique\/boulangerie-et-patisserie\/boulangerie\/diviseuse-pour-boulangerie\/diviseuse-volumetrique\/diviseuse-peseuse-volumetrique-de-50-200-g-en-inox-par-altinoluk\/","title":{"rendered":"Diviseuse peseuse volum\u00e9trique de 50-200 g en inox par Altinoluk"},"content":{"rendered":"<p>Capacit\u00e9 de coupe : 1600-1800 pi\u00e8ces par heure<br \/>\nGamme de grammage : 50-200 grammes<br \/>\nCapacit\u00e9 de la tr\u00e9mie : 60-150 kilogrammes<br \/>\nLargeur : 650 millim\u00e8tres<br \/>\nProfondeur\/longueur : 1440 millim\u00e8tres<br \/>\nHauteur : 1520 millim\u00e8tres<br \/>\nPuissance \u00e9lectrique : 1,5 kilowatts<br \/>\nPoids de la machine : 380 kilogrammes<br \/>\nDimensions du grand bunker : Exf (mm)<br \/>\nDiam\u00e8tre du fond du bunker : G (mm)<\/p>\n","protected":false},"excerpt":{"rendered":"<p>Capacit\u00e9 de coupe : 1600-1800 pi\u00e8ces par heure Gamme de grammage : 50-200 grammes Capacit\u00e9 de la tr\u00e9mie : 60-150 kilogrammes Largeur : 650 millim\u00e8tres Profondeur\/longueur : 1440 millim\u00e8tres Hauteur : 1520 millim\u00e8tres Puissance \u00e9lectrique : 1,5 kilowatts Poids de la machine : 380 kilogrammes Dimensions du grand bunker : Exf (mm) Diam\u00e8tre du fond&hellip;<\/p>\n","protected":false},"featured_media":4484,"comment_status":"open","ping_status":"closed","template":"","meta":[],"product_cat":[174,176],"product_tag":[],"class_list":{"0":"post-6660","1":"product","2":"type-product","3":"status-publish","4":"has-post-thumbnail","6":"product_cat-diviseuse-pour-boulangerie","7":"product_cat-diviseuse-volumetrique","9":"first","10":"instock","11":"shipping-taxable","12":"purchasable","13":"product-type-simple","14":"col-xs-6 col-sm-4","15":"col-md-3 col-lg-3","16":"un-4-cols"},"yoast_head":"<!-- This site is optimized with the Yoast SEO plugin v26.6 - https:\/\/yoast.com\/wordpress\/plugins\/seo\/ -->\n<title>Diviseuse peseuse volum\u00e9trique de 50-200 g en inox par Altinoluk | Italia Machines<\/title>\n<meta name=\"description\" content=\"Diviseuse peseuse volum\u00e9trique de 50-200 g en inox par Altinoluk\" \/>\n<meta name=\"robots\" content=\"index, follow, max-snippet:-1, max-image-preview:large, max-video-preview:-1\" \/>\n<link rel=\"canonical\" href=\"https:\/\/italiamachines.com\/fr_fr\/boutique\/boulangerie-et-patisserie\/boulangerie\/diviseuse-pour-boulangerie\/diviseuse-volumetrique\/diviseuse-peseuse-volumetrique-de-50-200-g-en-inox-par-altinoluk\/\" \/>\n<meta property=\"og:locale\" content=\"fr_FR\" \/>\n<meta property=\"og:type\" content=\"article\" \/>\n<meta property=\"og:title\" content=\"Diviseuse peseuse volum\u00e9trique de 50-200 g en inox par Altinoluk | Italia Machines\" \/>\n<meta property=\"og:description\" content=\"Diviseuse peseuse volum\u00e9trique de 50-200 g en inox par Altinoluk\" \/>\n<meta property=\"og:url\" content=\"https:\/\/italiamachines.com\/fr_fr\/boutique\/boulangerie-et-patisserie\/boulangerie\/diviseuse-pour-boulangerie\/diviseuse-volumetrique\/diviseuse-peseuse-volumetrique-de-50-200-g-en-inox-par-altinoluk\/\" \/>\n<meta property=\"og:site_name\" content=\"Italia Machines\" \/>\n<meta property=\"article:publisher\" content=\"https:\/\/web.facebook.com\/italiamachines\/\" \/>\n<meta property=\"article:modified_time\" content=\"2024-09-28T17:18:35+00:00\" \/>\n<meta property=\"og:image\" content=\"https:\/\/italiamachines.com\/wp-content\/uploads\/2023\/07\/DV60_200-1-1024x683.png\" \/>\n\t<meta property=\"og:image:width\" content=\"1024\" \/>\n\t<meta property=\"og:image:height\" content=\"683\" \/>\n\t<meta property=\"og:image:type\" content=\"image\/png\" \/>\n<meta name=\"twitter:card\" content=\"summary_large_image\" \/>\n<meta name=\"twitter:label1\" content=\"Dur\u00e9e de lecture estim\u00e9e\" \/>\n\t<meta name=\"twitter:data1\" content=\"1 minute\" \/>\n<script type=\"application\/ld+json\" class=\"yoast-schema-graph\">{\"@context\":\"https:\/\/schema.org\",\"@graph\":[{\"@type\":\"WebPage\",\"@id\":\"https:\/\/italiamachines.com\/boutique\/boulangerie-et-patisserie\/boulangerie\/diviseuse-pour-boulangerie\/diviseuse-volumetrique\/diviseuse-peseuse-volumetrique-de-50-200-g-en-inox-par-altinoluk\/\",\"url\":\"https:\/\/italiamachines.com\/boutique\/boulangerie-et-patisserie\/boulangerie\/diviseuse-pour-boulangerie\/diviseuse-volumetrique\/diviseuse-peseuse-volumetrique-de-50-200-g-en-inox-par-altinoluk\/\",\"name\":\"Diviseuse peseuse volum\u00e9trique de 50-200 g en inox par Altinoluk | Italia Machines\",\"isPartOf\":{\"@id\":\"https:\/\/italiamachines.com\/#website\"},\"primaryImageOfPage\":{\"@id\":\"https:\/\/italiamachines.com\/boutique\/boulangerie-et-patisserie\/boulangerie\/diviseuse-pour-boulangerie\/diviseuse-volumetrique\/diviseuse-peseuse-volumetrique-de-50-200-g-en-inox-par-altinoluk\/#primaryimage\"},\"image\":{\"@id\":\"https:\/\/italiamachines.com\/boutique\/boulangerie-et-patisserie\/boulangerie\/diviseuse-pour-boulangerie\/diviseuse-volumetrique\/diviseuse-peseuse-volumetrique-de-50-200-g-en-inox-par-altinoluk\/#primaryimage\"},\"thumbnailUrl\":\"https:\/\/italiamachines.com\/wp-content\/uploads\/2023\/07\/DV60_200-1.png\",\"datePublished\":\"2023-07-30T03:09:18+00:00\",\"dateModified\":\"2024-09-28T17:18:35+00:00\",\"description\":\"Diviseuse peseuse volum\u00e9trique de 50-200 g en inox par Altinoluk\",\"breadcrumb\":{\"@id\":\"https:\/\/italiamachines.com\/boutique\/boulangerie-et-patisserie\/boulangerie\/diviseuse-pour-boulangerie\/diviseuse-volumetrique\/diviseuse-peseuse-volumetrique-de-50-200-g-en-inox-par-altinoluk\/#breadcrumb\"},\"inLanguage\":\"fr-FR\",\"potentialAction\":[{\"@type\":\"ReadAction\",\"target\":[\"https:\/\/italiamachines.com\/boutique\/boulangerie-et-patisserie\/boulangerie\/diviseuse-pour-boulangerie\/diviseuse-volumetrique\/diviseuse-peseuse-volumetrique-de-50-200-g-en-inox-par-altinoluk\/\"]}]},{\"@type\":\"ImageObject\",\"inLanguage\":\"fr-FR\",\"@id\":\"https:\/\/italiamachines.com\/boutique\/boulangerie-et-patisserie\/boulangerie\/diviseuse-pour-boulangerie\/diviseuse-volumetrique\/diviseuse-peseuse-volumetrique-de-50-200-g-en-inox-par-altinoluk\/#primaryimage\",\"url\":\"https:\/\/italiamachines.com\/wp-content\/uploads\/2023\/07\/DV60_200-1.png\",\"contentUrl\":\"https:\/\/italiamachines.com\/wp-content\/uploads\/2023\/07\/DV60_200-1.png\",\"width\":3840,\"height\":2560},{\"@type\":\"BreadcrumbList\",\"@id\":\"https:\/\/italiamachines.com\/boutique\/boulangerie-et-patisserie\/boulangerie\/diviseuse-pour-boulangerie\/diviseuse-volumetrique\/diviseuse-peseuse-volumetrique-de-50-200-g-en-inox-par-altinoluk\/#breadcrumb\",\"itemListElement\":[{\"@type\":\"ListItem\",\"position\":1,\"name\":\"Accueil\",\"item\":\"https:\/\/italiamachines.com\/fr_fr\/\"},{\"@type\":\"ListItem\",\"position\":2,\"name\":\"Boutique\",\"item\":\"https:\/\/italiamachines.com\/boutique\/\"},{\"@type\":\"ListItem\",\"position\":3,\"name\":\"Diviseuse peseuse volum\u00e9trique de 50-200 g en inox par Altinoluk\"}]},{\"@type\":\"WebSite\",\"@id\":\"https:\/\/italiamachines.com\/#website\",\"url\":\"https:\/\/italiamachines.com\/\",\"name\":\"Italia Machines\",\"description\":\"L&#039;art de l&#039;\u00e9quipement HORECA\",\"publisher\":{\"@id\":\"https:\/\/italiamachines.com\/#organization\"},\"potentialAction\":[{\"@type\":\"SearchAction\",\"target\":{\"@type\":\"EntryPoint\",\"urlTemplate\":\"https:\/\/italiamachines.com\/?s={search_term_string}\"},\"query-input\":{\"@type\":\"PropertyValueSpecification\",\"valueRequired\":true,\"valueName\":\"search_term_string\"}}],\"inLanguage\":\"fr-FR\"},{\"@type\":\"Organization\",\"@id\":\"https:\/\/italiamachines.com\/#organization\",\"name\":\"italiamachines\",\"url\":\"https:\/\/italiamachines.com\/\",\"logo\":{\"@type\":\"ImageObject\",\"inLanguage\":\"fr-FR\",\"@id\":\"https:\/\/italiamachines.com\/#\/schema\/logo\/image\/\",\"url\":\"https:\/\/italiamachines.com\/wp-content\/uploads\/2023\/08\/logo-web-1.png\",\"contentUrl\":\"https:\/\/italiamachines.com\/wp-content\/uploads\/2023\/08\/logo-web-1.png\",\"width\":977,\"height\":254,\"caption\":\"italiamachines\"},\"image\":{\"@id\":\"https:\/\/italiamachines.com\/#\/schema\/logo\/image\/\"},\"sameAs\":[\"https:\/\/web.facebook.com\/italiamachines\/\",\"https:\/\/www.instagram.com\/italia.machines\/\"]}]}<\/script>\n<!-- \/ Yoast SEO plugin. -->","yoast_head_json":{"title":"Diviseuse peseuse volum\u00e9trique de 50-200 g en inox par Altinoluk | Italia Machines","description":"Diviseuse peseuse volum\u00e9trique de 50-200 g en inox par Altinoluk","robots":{"index":"index","follow":"follow","max-snippet":"max-snippet:-1","max-image-preview":"max-image-preview:large","max-video-preview":"max-video-preview:-1"},"canonical":"https:\/\/italiamachines.com\/fr_fr\/boutique\/boulangerie-et-patisserie\/boulangerie\/diviseuse-pour-boulangerie\/diviseuse-volumetrique\/diviseuse-peseuse-volumetrique-de-50-200-g-en-inox-par-altinoluk\/","og_locale":"fr_FR","og_type":"article","og_title":"Diviseuse peseuse volum\u00e9trique de 50-200 g en inox par Altinoluk | Italia Machines","og_description":"Diviseuse peseuse volum\u00e9trique de 50-200 g en inox par Altinoluk","og_url":"https:\/\/italiamachines.com\/fr_fr\/boutique\/boulangerie-et-patisserie\/boulangerie\/diviseuse-pour-boulangerie\/diviseuse-volumetrique\/diviseuse-peseuse-volumetrique-de-50-200-g-en-inox-par-altinoluk\/","og_site_name":"Italia Machines","article_publisher":"https:\/\/web.facebook.com\/italiamachines\/","article_modified_time":"2024-09-28T17:18:35+00:00","og_image":[{"width":1024,"height":683,"url":"https:\/\/italiamachines.com\/wp-content\/uploads\/2023\/07\/DV60_200-1-1024x683.png","type":"image\/png"}],"twitter_card":"summary_large_image","twitter_misc":{"Dur\u00e9e de lecture estim\u00e9e":"1 minute"},"schema":{"@context":"https:\/\/schema.org","@graph":[{"@type":"WebPage","@id":"https:\/\/italiamachines.com\/boutique\/boulangerie-et-patisserie\/boulangerie\/diviseuse-pour-boulangerie\/diviseuse-volumetrique\/diviseuse-peseuse-volumetrique-de-50-200-g-en-inox-par-altinoluk\/","url":"https:\/\/italiamachines.com\/boutique\/boulangerie-et-patisserie\/boulangerie\/diviseuse-pour-boulangerie\/diviseuse-volumetrique\/diviseuse-peseuse-volumetrique-de-50-200-g-en-inox-par-altinoluk\/","name":"Diviseuse peseuse volum\u00e9trique de 50-200 g en inox par Altinoluk | Italia Machines","isPartOf":{"@id":"https:\/\/italiamachines.com\/#website"},"primaryImageOfPage":{"@id":"https:\/\/italiamachines.com\/boutique\/boulangerie-et-patisserie\/boulangerie\/diviseuse-pour-boulangerie\/diviseuse-volumetrique\/diviseuse-peseuse-volumetrique-de-50-200-g-en-inox-par-altinoluk\/#primaryimage"},"image":{"@id":"https:\/\/italiamachines.com\/boutique\/boulangerie-et-patisserie\/boulangerie\/diviseuse-pour-boulangerie\/diviseuse-volumetrique\/diviseuse-peseuse-volumetrique-de-50-200-g-en-inox-par-altinoluk\/#primaryimage"},"thumbnailUrl":"https:\/\/italiamachines.com\/wp-content\/uploads\/2023\/07\/DV60_200-1.png","datePublished":"2023-07-30T03:09:18+00:00","dateModified":"2024-09-28T17:18:35+00:00","description":"Diviseuse peseuse volum\u00e9trique de 50-200 g en inox par Altinoluk","breadcrumb":{"@id":"https:\/\/italiamachines.com\/boutique\/boulangerie-et-patisserie\/boulangerie\/diviseuse-pour-boulangerie\/diviseuse-volumetrique\/diviseuse-peseuse-volumetrique-de-50-200-g-en-inox-par-altinoluk\/#breadcrumb"},"inLanguage":"fr-FR","potentialAction":[{"@type":"ReadAction","target":["https:\/\/italiamachines.com\/boutique\/boulangerie-et-patisserie\/boulangerie\/diviseuse-pour-boulangerie\/diviseuse-volumetrique\/diviseuse-peseuse-volumetrique-de-50-200-g-en-inox-par-altinoluk\/"]}]},{"@type":"ImageObject","inLanguage":"fr-FR","@id":"https:\/\/italiamachines.com\/boutique\/boulangerie-et-patisserie\/boulangerie\/diviseuse-pour-boulangerie\/diviseuse-volumetrique\/diviseuse-peseuse-volumetrique-de-50-200-g-en-inox-par-altinoluk\/#primaryimage","url":"https:\/\/italiamachines.com\/wp-content\/uploads\/2023\/07\/DV60_200-1.png","contentUrl":"https:\/\/italiamachines.com\/wp-content\/uploads\/2023\/07\/DV60_200-1.png","width":3840,"height":2560},{"@type":"BreadcrumbList","@id":"https:\/\/italiamachines.com\/boutique\/boulangerie-et-patisserie\/boulangerie\/diviseuse-pour-boulangerie\/diviseuse-volumetrique\/diviseuse-peseuse-volumetrique-de-50-200-g-en-inox-par-altinoluk\/#breadcrumb","itemListElement":[{"@type":"ListItem","position":1,"name":"Accueil","item":"https:\/\/italiamachines.com\/fr_fr\/"},{"@type":"ListItem","position":2,"name":"Boutique","item":"https:\/\/italiamachines.com\/boutique\/"},{"@type":"ListItem","position":3,"name":"Diviseuse peseuse volum\u00e9trique de 50-200 g en inox par Altinoluk"}]},{"@type":"WebSite","@id":"https:\/\/italiamachines.com\/#website","url":"https:\/\/italiamachines.com\/","name":"Italia Machines","description":"L&#039;art de l&#039;\u00e9quipement HORECA","publisher":{"@id":"https:\/\/italiamachines.com\/#organization"},"potentialAction":[{"@type":"SearchAction","target":{"@type":"EntryPoint","urlTemplate":"https:\/\/italiamachines.com\/?s={search_term_string}"},"query-input":{"@type":"PropertyValueSpecification","valueRequired":true,"valueName":"search_term_string"}}],"inLanguage":"fr-FR"},{"@type":"Organization","@id":"https:\/\/italiamachines.com\/#organization","name":"italiamachines","url":"https:\/\/italiamachines.com\/","logo":{"@type":"ImageObject","inLanguage":"fr-FR","@id":"https:\/\/italiamachines.com\/#\/schema\/logo\/image\/","url":"https:\/\/italiamachines.com\/wp-content\/uploads\/2023\/08\/logo-web-1.png","contentUrl":"https:\/\/italiamachines.com\/wp-content\/uploads\/2023\/08\/logo-web-1.png","width":977,"height":254,"caption":"italiamachines"},"image":{"@id":"https:\/\/italiamachines.com\/#\/schema\/logo\/image\/"},"sameAs":["https:\/\/web.facebook.com\/italiamachines\/","https:\/\/www.instagram.com\/italia.machines\/"]}]}},"_links":{"self":[{"href":"https:\/\/italiamachines.com\/fr_fr\/wp-json\/wp\/v2\/product\/6660","targetHints":{"allow":["GET"]}}],"collection":[{"href":"https:\/\/italiamachines.com\/fr_fr\/wp-json\/wp\/v2\/product"}],"about":[{"href":"https:\/\/italiamachines.com\/fr_fr\/wp-json\/wp\/v2\/types\/product"}],"replies":[{"embeddable":true,"href":"https:\/\/italiamachines.com\/fr_fr\/wp-json\/wp\/v2\/comments?post=6660"}],"wp:featuredmedia":[{"embeddable":true,"href":"https:\/\/italiamachines.com\/fr_fr\/wp-json\/wp\/v2\/media\/4484"}],"wp:attachment":[{"href":"https:\/\/italiamachines.com\/fr_fr\/wp-json\/wp\/v2\/media?parent=6660"}],"wp:term":[{"taxonomy":"product_cat","embeddable":true,"href":"https:\/\/italiamachines.com\/fr_fr\/wp-json\/wp\/v2\/product_cat?post=6660"},{"taxonomy":"product_tag","embeddable":true,"href":"https:\/\/italiamachines.com\/fr_fr\/wp-json\/wp\/v2\/product_tag?post=6660"}],"curies":[{"name":"wp","href":"https:\/\/api.w.org\/{rel}","templated":true}]}}