{"id":6664,"date":"2023-07-30T04:13:04","date_gmt":"2023-07-30T04:13:04","guid":{"rendered":"https:\/\/prod.italiamachines.com\/product\/vitrine-patisserie-refrigeree-avec-plan-dexposition-et-une-etagere-portes-coulissantes-dimensions-1400mm-marque-puntok-tecnodom-italie\/"},"modified":"2025-05-10T18:48:22","modified_gmt":"2025-05-10T16:48:22","slug":"vitrine-patisserie-refrigeree-avec-plan-dexposition-et-une-etagere-portes-coulissantes-dimensions-1400mm-marque-puntok-tecnodom-italie","status":"publish","type":"product","link":"https:\/\/italiamachines.com\/fr_fr\/boutique\/boulangerie-et-patisserie\/patisserie\/vitrines\/vitrine-refrigeree-horizontale\/vitrine-patisserie-refrigeree-avec-plan-dexposition-et-une-etagere-portes-coulissantes-dimensions-1400mm-marque-puntok-tecnodom-italie\/","title":{"rendered":"Vitrine p\u00e2tisserie r\u00e9frig\u00e9r\u00e9e portes coulissantes &#8211; par Puntok Tecnodom"},"content":{"rendered":"<p>Consommation : Faible consommation \u00e9nerg\u00e9tique et faible impact environnemental<br \/>\nPlan de travail et surface d\u2019exposition en acier inox<br \/>\nCuve en t\u00f4le pr\u00e9laqu\u00e9e blanche (contact alimentaire)<br \/>\nIsolation en polyur\u00e9thane inject\u00e9 haute pression sans CFC (densit\u00e9 40 kg\/m\u00b3)<br \/>\nParois lat\u00e9rales en t\u00f4le avec panneaux lat\u00e9raux en verre tremp\u00e9<\/p>\n<p>Entretien :<br \/>\nBacs d\u2019exposition inox amovibles<br \/>\nFinitions frontales et lat\u00e9rales d\u00e9montables et personnalisables<br \/>\nBac de r\u00e9cup\u00e9ration des condensats avec r\u00e9sistance PTC<\/p>\n<p>Technologie :<br \/>\nSyst\u00e8me anti-bu\u00e9e par air chaud<br \/>\n\u00c9clairage LED au plafond<br \/>\nTableau de commande \u00e9lectronique<br \/>\nCompartiments ouverts : 2 avec \u00e9tag\u00e8re interm\u00e9diaire<br \/>\n\u00c9tag\u00e8res en verre tremp\u00e9 avec \u00e9clairage LED (selon version)<\/p>\n<p>Versions disponibles :<br \/>\nVD : vitrine avec verre tremp\u00e9 plat<br \/>\nVD-1M : + 1 \u00e9tag\u00e8re en verre tremp\u00e9<br \/>\nVD-2M : + 2 \u00e9tag\u00e8res en verre tremp\u00e9<br \/>\nCG : groupe log\u00e9 int\u00e9gr\u00e9<br \/>\nSG : sans groupe<br \/>\nN : version neutre<br \/>\nHot Plate : version chauffante<\/p>\n","protected":false},"excerpt":{"rendered":"<p>Consommation : Faible consommation \u00e9nerg\u00e9tique et faible impact environnemental Plan de travail et surface d\u2019exposition en acier inox Cuve en t\u00f4le pr\u00e9laqu\u00e9e blanche (contact alimentaire) Isolation en polyur\u00e9thane inject\u00e9 haute pression sans CFC (densit\u00e9 40 kg\/m\u00b3) Parois lat\u00e9rales en t\u00f4le avec panneaux lat\u00e9raux en verre tremp\u00e9 Entretien : Bacs d\u2019exposition inox amovibles Finitions frontales et&hellip;<\/p>\n","protected":false},"featured_media":5105,"comment_status":"open","ping_status":"closed","template":"","meta":[],"product_cat":[97,245,144],"product_tag":[],"class_list":{"0":"post-6664","1":"product","2":"type-product","3":"status-publish","4":"has-post-thumbnail","6":"product_cat-patisserie","7":"product_cat-vitrine-refrigeree-horizontale","8":"product_cat-vitrines","10":"first","11":"instock","12":"shipping-taxable","13":"purchasable","14":"product-type-variable","15":"col-xs-6 col-sm-4","16":"col-md-3 col-lg-3","17":"un-4-cols"},"yoast_head":"<!-- This site is optimized with the Yoast SEO plugin v26.6 - https:\/\/yoast.com\/wordpress\/plugins\/seo\/ -->\n<title>Vitrine p\u00e2tisserie r\u00e9frig\u00e9r\u00e9e portes coulissantes - par Puntok Tecnodom | Italia Machines<\/title>\n<meta name=\"robots\" content=\"index, follow, max-snippet:-1, max-image-preview:large, max-video-preview:-1\" \/>\n<link rel=\"canonical\" href=\"https:\/\/italiamachines.com\/fr_fr\/boutique\/boulangerie-et-patisserie\/patisserie\/vitrines\/vitrine-refrigeree-horizontale\/vitrine-patisserie-refrigeree-avec-plan-dexposition-et-une-etagere-portes-coulissantes-dimensions-1400mm-marque-puntok-tecnodom-italie\/\" \/>\n<meta property=\"og:locale\" content=\"fr_FR\" \/>\n<meta property=\"og:type\" content=\"article\" \/>\n<meta property=\"og:title\" content=\"Vitrine p\u00e2tisserie r\u00e9frig\u00e9r\u00e9e portes coulissantes - par Puntok Tecnodom | Italia Machines\" \/>\n<meta property=\"og:description\" content=\"Consommation : Faible consommation \u00e9nerg\u00e9tique et faible impact environnemental Plan de travail et surface d\u2019exposition en acier inox Cuve en t\u00f4le pr\u00e9laqu\u00e9e blanche (contact alimentaire) Isolation en polyur\u00e9thane inject\u00e9 haute pression sans CFC (densit\u00e9 40 kg\/m\u00b3) Parois lat\u00e9rales en t\u00f4le avec panneaux lat\u00e9raux en verre tremp\u00e9 Entretien : Bacs d\u2019exposition inox amovibles Finitions frontales et&hellip;\" \/>\n<meta property=\"og:url\" content=\"https:\/\/italiamachines.com\/fr_fr\/boutique\/boulangerie-et-patisserie\/patisserie\/vitrines\/vitrine-refrigeree-horizontale\/vitrine-patisserie-refrigeree-avec-plan-dexposition-et-une-etagere-portes-coulissantes-dimensions-1400mm-marque-puntok-tecnodom-italie\/\" \/>\n<meta property=\"og:site_name\" content=\"Italia Machines\" \/>\n<meta property=\"article:publisher\" content=\"https:\/\/web.facebook.com\/italiamachines\/\" \/>\n<meta property=\"article:modified_time\" content=\"2025-05-10T16:48:22+00:00\" \/>\n<meta property=\"og:image\" content=\"https:\/\/italiamachines.com\/wp-content\/uploads\/2023\/07\/PK3VVCG1M1.jpeg\" \/>\n\t<meta property=\"og:image:width\" content=\"381\" \/>\n\t<meta property=\"og:image:height\" content=\"492\" \/>\n\t<meta property=\"og:image:type\" content=\"image\/jpeg\" \/>\n<meta name=\"twitter:card\" content=\"summary_large_image\" \/>\n<meta name=\"twitter:label1\" content=\"Dur\u00e9e de lecture estim\u00e9e\" \/>\n\t<meta name=\"twitter:data1\" content=\"1 minute\" \/>\n<script type=\"application\/ld+json\" class=\"yoast-schema-graph\">{\"@context\":\"https:\/\/schema.org\",\"@graph\":[{\"@type\":\"WebPage\",\"@id\":\"https:\/\/italiamachines.com\/boutique\/boulangerie-et-patisserie\/patisserie\/vitrines\/vitrine-refrigeree-horizontale\/vitrine-patisserie-refrigeree-avec-plan-dexposition-et-une-etagere-portes-coulissantes-dimensions-1400mm-marque-puntok-tecnodom-italie\/\",\"url\":\"https:\/\/italiamachines.com\/boutique\/boulangerie-et-patisserie\/patisserie\/vitrines\/vitrine-refrigeree-horizontale\/vitrine-patisserie-refrigeree-avec-plan-dexposition-et-une-etagere-portes-coulissantes-dimensions-1400mm-marque-puntok-tecnodom-italie\/\",\"name\":\"Vitrine p\u00e2tisserie r\u00e9frig\u00e9r\u00e9e portes coulissantes - par Puntok Tecnodom | Italia Machines\",\"isPartOf\":{\"@id\":\"https:\/\/italiamachines.com\/#website\"},\"primaryImageOfPage\":{\"@id\":\"https:\/\/italiamachines.com\/boutique\/boulangerie-et-patisserie\/patisserie\/vitrines\/vitrine-refrigeree-horizontale\/vitrine-patisserie-refrigeree-avec-plan-dexposition-et-une-etagere-portes-coulissantes-dimensions-1400mm-marque-puntok-tecnodom-italie\/#primaryimage\"},\"image\":{\"@id\":\"https:\/\/italiamachines.com\/boutique\/boulangerie-et-patisserie\/patisserie\/vitrines\/vitrine-refrigeree-horizontale\/vitrine-patisserie-refrigeree-avec-plan-dexposition-et-une-etagere-portes-coulissantes-dimensions-1400mm-marque-puntok-tecnodom-italie\/#primaryimage\"},\"thumbnailUrl\":\"https:\/\/italiamachines.com\/wp-content\/uploads\/2023\/07\/PK3VVCG1M1.jpeg\",\"datePublished\":\"2023-07-30T04:13:04+00:00\",\"dateModified\":\"2025-05-10T16:48:22+00:00\",\"breadcrumb\":{\"@id\":\"https:\/\/italiamachines.com\/boutique\/boulangerie-et-patisserie\/patisserie\/vitrines\/vitrine-refrigeree-horizontale\/vitrine-patisserie-refrigeree-avec-plan-dexposition-et-une-etagere-portes-coulissantes-dimensions-1400mm-marque-puntok-tecnodom-italie\/#breadcrumb\"},\"inLanguage\":\"fr-FR\",\"potentialAction\":[{\"@type\":\"ReadAction\",\"target\":[\"https:\/\/italiamachines.com\/boutique\/boulangerie-et-patisserie\/patisserie\/vitrines\/vitrine-refrigeree-horizontale\/vitrine-patisserie-refrigeree-avec-plan-dexposition-et-une-etagere-portes-coulissantes-dimensions-1400mm-marque-puntok-tecnodom-italie\/\"]}]},{\"@type\":\"ImageObject\",\"inLanguage\":\"fr-FR\",\"@id\":\"https:\/\/italiamachines.com\/boutique\/boulangerie-et-patisserie\/patisserie\/vitrines\/vitrine-refrigeree-horizontale\/vitrine-patisserie-refrigeree-avec-plan-dexposition-et-une-etagere-portes-coulissantes-dimensions-1400mm-marque-puntok-tecnodom-italie\/#primaryimage\",\"url\":\"https:\/\/italiamachines.com\/wp-content\/uploads\/2023\/07\/PK3VVCG1M1.jpeg\",\"contentUrl\":\"https:\/\/italiamachines.com\/wp-content\/uploads\/2023\/07\/PK3VVCG1M1.jpeg\",\"width\":381,\"height\":492},{\"@type\":\"BreadcrumbList\",\"@id\":\"https:\/\/italiamachines.com\/boutique\/boulangerie-et-patisserie\/patisserie\/vitrines\/vitrine-refrigeree-horizontale\/vitrine-patisserie-refrigeree-avec-plan-dexposition-et-une-etagere-portes-coulissantes-dimensions-1400mm-marque-puntok-tecnodom-italie\/#breadcrumb\",\"itemListElement\":[{\"@type\":\"ListItem\",\"position\":1,\"name\":\"Accueil\",\"item\":\"https:\/\/italiamachines.com\/fr_fr\/\"},{\"@type\":\"ListItem\",\"position\":2,\"name\":\"Boutique\",\"item\":\"https:\/\/italiamachines.com\/boutique\/\"},{\"@type\":\"ListItem\",\"position\":3,\"name\":\"Vitrine p\u00e2tisserie r\u00e9frig\u00e9r\u00e9e portes coulissantes &#8211; par Puntok Tecnodom\"}]},{\"@type\":\"WebSite\",\"@id\":\"https:\/\/italiamachines.com\/#website\",\"url\":\"https:\/\/italiamachines.com\/\",\"name\":\"Italia Machines\",\"description\":\"L&#039;art de l&#039;\u00e9quipement HORECA\",\"publisher\":{\"@id\":\"https:\/\/italiamachines.com\/#organization\"},\"potentialAction\":[{\"@type\":\"SearchAction\",\"target\":{\"@type\":\"EntryPoint\",\"urlTemplate\":\"https:\/\/italiamachines.com\/?s={search_term_string}\"},\"query-input\":{\"@type\":\"PropertyValueSpecification\",\"valueRequired\":true,\"valueName\":\"search_term_string\"}}],\"inLanguage\":\"fr-FR\"},{\"@type\":\"Organization\",\"@id\":\"https:\/\/italiamachines.com\/#organization\",\"name\":\"italiamachines\",\"url\":\"https:\/\/italiamachines.com\/\",\"logo\":{\"@type\":\"ImageObject\",\"inLanguage\":\"fr-FR\",\"@id\":\"https:\/\/italiamachines.com\/#\/schema\/logo\/image\/\",\"url\":\"https:\/\/italiamachines.com\/wp-content\/uploads\/2023\/08\/logo-web-1.png\",\"contentUrl\":\"https:\/\/italiamachines.com\/wp-content\/uploads\/2023\/08\/logo-web-1.png\",\"width\":977,\"height\":254,\"caption\":\"italiamachines\"},\"image\":{\"@id\":\"https:\/\/italiamachines.com\/#\/schema\/logo\/image\/\"},\"sameAs\":[\"https:\/\/web.facebook.com\/italiamachines\/\",\"https:\/\/www.instagram.com\/italia.machines\/\"]}]}<\/script>\n<!-- \/ Yoast SEO plugin. -->","yoast_head_json":{"title":"Vitrine p\u00e2tisserie r\u00e9frig\u00e9r\u00e9e portes coulissantes - par Puntok Tecnodom | Italia Machines","robots":{"index":"index","follow":"follow","max-snippet":"max-snippet:-1","max-image-preview":"max-image-preview:large","max-video-preview":"max-video-preview:-1"},"canonical":"https:\/\/italiamachines.com\/fr_fr\/boutique\/boulangerie-et-patisserie\/patisserie\/vitrines\/vitrine-refrigeree-horizontale\/vitrine-patisserie-refrigeree-avec-plan-dexposition-et-une-etagere-portes-coulissantes-dimensions-1400mm-marque-puntok-tecnodom-italie\/","og_locale":"fr_FR","og_type":"article","og_title":"Vitrine p\u00e2tisserie r\u00e9frig\u00e9r\u00e9e portes coulissantes - par Puntok Tecnodom | Italia Machines","og_description":"Consommation : Faible consommation \u00e9nerg\u00e9tique et faible impact environnemental Plan de travail et surface d\u2019exposition en acier inox Cuve en t\u00f4le pr\u00e9laqu\u00e9e blanche (contact alimentaire) Isolation en polyur\u00e9thane inject\u00e9 haute pression sans CFC (densit\u00e9 40 kg\/m\u00b3) Parois lat\u00e9rales en t\u00f4le avec panneaux lat\u00e9raux en verre tremp\u00e9 Entretien : Bacs d\u2019exposition inox amovibles Finitions frontales et&hellip;","og_url":"https:\/\/italiamachines.com\/fr_fr\/boutique\/boulangerie-et-patisserie\/patisserie\/vitrines\/vitrine-refrigeree-horizontale\/vitrine-patisserie-refrigeree-avec-plan-dexposition-et-une-etagere-portes-coulissantes-dimensions-1400mm-marque-puntok-tecnodom-italie\/","og_site_name":"Italia Machines","article_publisher":"https:\/\/web.facebook.com\/italiamachines\/","article_modified_time":"2025-05-10T16:48:22+00:00","og_image":[{"width":381,"height":492,"url":"https:\/\/italiamachines.com\/wp-content\/uploads\/2023\/07\/PK3VVCG1M1.jpeg","type":"image\/jpeg"}],"twitter_card":"summary_large_image","twitter_misc":{"Dur\u00e9e de lecture estim\u00e9e":"1 minute"},"schema":{"@context":"https:\/\/schema.org","@graph":[{"@type":"WebPage","@id":"https:\/\/italiamachines.com\/boutique\/boulangerie-et-patisserie\/patisserie\/vitrines\/vitrine-refrigeree-horizontale\/vitrine-patisserie-refrigeree-avec-plan-dexposition-et-une-etagere-portes-coulissantes-dimensions-1400mm-marque-puntok-tecnodom-italie\/","url":"https:\/\/italiamachines.com\/boutique\/boulangerie-et-patisserie\/patisserie\/vitrines\/vitrine-refrigeree-horizontale\/vitrine-patisserie-refrigeree-avec-plan-dexposition-et-une-etagere-portes-coulissantes-dimensions-1400mm-marque-puntok-tecnodom-italie\/","name":"Vitrine p\u00e2tisserie r\u00e9frig\u00e9r\u00e9e portes coulissantes - par Puntok Tecnodom | Italia Machines","isPartOf":{"@id":"https:\/\/italiamachines.com\/#website"},"primaryImageOfPage":{"@id":"https:\/\/italiamachines.com\/boutique\/boulangerie-et-patisserie\/patisserie\/vitrines\/vitrine-refrigeree-horizontale\/vitrine-patisserie-refrigeree-avec-plan-dexposition-et-une-etagere-portes-coulissantes-dimensions-1400mm-marque-puntok-tecnodom-italie\/#primaryimage"},"image":{"@id":"https:\/\/italiamachines.com\/boutique\/boulangerie-et-patisserie\/patisserie\/vitrines\/vitrine-refrigeree-horizontale\/vitrine-patisserie-refrigeree-avec-plan-dexposition-et-une-etagere-portes-coulissantes-dimensions-1400mm-marque-puntok-tecnodom-italie\/#primaryimage"},"thumbnailUrl":"https:\/\/italiamachines.com\/wp-content\/uploads\/2023\/07\/PK3VVCG1M1.jpeg","datePublished":"2023-07-30T04:13:04+00:00","dateModified":"2025-05-10T16:48:22+00:00","breadcrumb":{"@id":"https:\/\/italiamachines.com\/boutique\/boulangerie-et-patisserie\/patisserie\/vitrines\/vitrine-refrigeree-horizontale\/vitrine-patisserie-refrigeree-avec-plan-dexposition-et-une-etagere-portes-coulissantes-dimensions-1400mm-marque-puntok-tecnodom-italie\/#breadcrumb"},"inLanguage":"fr-FR","potentialAction":[{"@type":"ReadAction","target":["https:\/\/italiamachines.com\/boutique\/boulangerie-et-patisserie\/patisserie\/vitrines\/vitrine-refrigeree-horizontale\/vitrine-patisserie-refrigeree-avec-plan-dexposition-et-une-etagere-portes-coulissantes-dimensions-1400mm-marque-puntok-tecnodom-italie\/"]}]},{"@type":"ImageObject","inLanguage":"fr-FR","@id":"https:\/\/italiamachines.com\/boutique\/boulangerie-et-patisserie\/patisserie\/vitrines\/vitrine-refrigeree-horizontale\/vitrine-patisserie-refrigeree-avec-plan-dexposition-et-une-etagere-portes-coulissantes-dimensions-1400mm-marque-puntok-tecnodom-italie\/#primaryimage","url":"https:\/\/italiamachines.com\/wp-content\/uploads\/2023\/07\/PK3VVCG1M1.jpeg","contentUrl":"https:\/\/italiamachines.com\/wp-content\/uploads\/2023\/07\/PK3VVCG1M1.jpeg","width":381,"height":492},{"@type":"BreadcrumbList","@id":"https:\/\/italiamachines.com\/boutique\/boulangerie-et-patisserie\/patisserie\/vitrines\/vitrine-refrigeree-horizontale\/vitrine-patisserie-refrigeree-avec-plan-dexposition-et-une-etagere-portes-coulissantes-dimensions-1400mm-marque-puntok-tecnodom-italie\/#breadcrumb","itemListElement":[{"@type":"ListItem","position":1,"name":"Accueil","item":"https:\/\/italiamachines.com\/fr_fr\/"},{"@type":"ListItem","position":2,"name":"Boutique","item":"https:\/\/italiamachines.com\/boutique\/"},{"@type":"ListItem","position":3,"name":"Vitrine p\u00e2tisserie r\u00e9frig\u00e9r\u00e9e portes coulissantes &#8211; par Puntok Tecnodom"}]},{"@type":"WebSite","@id":"https:\/\/italiamachines.com\/#website","url":"https:\/\/italiamachines.com\/","name":"Italia Machines","description":"L&#039;art de l&#039;\u00e9quipement HORECA","publisher":{"@id":"https:\/\/italiamachines.com\/#organization"},"potentialAction":[{"@type":"SearchAction","target":{"@type":"EntryPoint","urlTemplate":"https:\/\/italiamachines.com\/?s={search_term_string}"},"query-input":{"@type":"PropertyValueSpecification","valueRequired":true,"valueName":"search_term_string"}}],"inLanguage":"fr-FR"},{"@type":"Organization","@id":"https:\/\/italiamachines.com\/#organization","name":"italiamachines","url":"https:\/\/italiamachines.com\/","logo":{"@type":"ImageObject","inLanguage":"fr-FR","@id":"https:\/\/italiamachines.com\/#\/schema\/logo\/image\/","url":"https:\/\/italiamachines.com\/wp-content\/uploads\/2023\/08\/logo-web-1.png","contentUrl":"https:\/\/italiamachines.com\/wp-content\/uploads\/2023\/08\/logo-web-1.png","width":977,"height":254,"caption":"italiamachines"},"image":{"@id":"https:\/\/italiamachines.com\/#\/schema\/logo\/image\/"},"sameAs":["https:\/\/web.facebook.com\/italiamachines\/","https:\/\/www.instagram.com\/italia.machines\/"]}]}},"_links":{"self":[{"href":"https:\/\/italiamachines.com\/fr_fr\/wp-json\/wp\/v2\/product\/6664","targetHints":{"allow":["GET"]}}],"collection":[{"href":"https:\/\/italiamachines.com\/fr_fr\/wp-json\/wp\/v2\/product"}],"about":[{"href":"https:\/\/italiamachines.com\/fr_fr\/wp-json\/wp\/v2\/types\/product"}],"replies":[{"embeddable":true,"href":"https:\/\/italiamachines.com\/fr_fr\/wp-json\/wp\/v2\/comments?post=6664"}],"wp:featuredmedia":[{"embeddable":true,"href":"https:\/\/italiamachines.com\/fr_fr\/wp-json\/wp\/v2\/media\/5105"}],"wp:attachment":[{"href":"https:\/\/italiamachines.com\/fr_fr\/wp-json\/wp\/v2\/media?parent=6664"}],"wp:term":[{"taxonomy":"product_cat","embeddable":true,"href":"https:\/\/italiamachines.com\/fr_fr\/wp-json\/wp\/v2\/product_cat?post=6664"},{"taxonomy":"product_tag","embeddable":true,"href":"https:\/\/italiamachines.com\/fr_fr\/wp-json\/wp\/v2\/product_tag?post=6664"}],"curies":[{"name":"wp","href":"https:\/\/api.w.org\/{rel}","templated":true}]}}